{"id":12,"date":"2020-04-14T07:54:31","date_gmt":"2020-04-14T07:54:31","guid":{"rendered":"https:\/\/test.italpackalbania.com\/?page_id=12"},"modified":"2026-02-06T13:54:36","modified_gmt":"2026-02-06T13:54:36","slug":"home","status":"publish","type":"page","link":"https:\/\/italpackalbania.com\/","title":{"rendered":"Aksesor\u00eb p\u00ebr hoteleri"},"content":{"rendered":"<div class=\"wpb-content-wrapper\"><div class=\"vc_row wpb_row vc_row-fluid\"><div class=\"wpb_column vc_column_container vc_col-sm-2\"><div class=\"vc_column-inner \"><div class=\"wpb_wrapper\"><\/div><\/div><\/div><div class=\"wpb_column vc_column_container vc_col-sm-8\"><div class=\"vc_column-inner \"><div class=\"wpb_wrapper\"><div class=\"vc_empty_space\"   style=\"height: 42px\"><span class=\"vc_empty_space_inner\"><\/span><\/div><\/div><\/div><\/div><div class=\"wpb_column vc_column_container vc_col-sm-2\"><div class=\"vc_column-inner \"><div class=\"wpb_wrapper\"><\/div><\/div><\/div><\/div><div class=\"vc_row wpb_row vc_row-fluid\"><div class=\"wpb_column vc_column_container vc_col-sm-2\"><div class=\"vc_column-inner \"><div class=\"wpb_wrapper\"><\/div><\/div><\/div><div class=\"wpb_column vc_column_container vc_col-sm-8\"><div class=\"vc_column-inner \"><div class=\"wpb_wrapper\"><h2 style=\"font-size: 25px;color: #05ab58;text-align: center;font-family:Adamina;font-weight:400;font-style:normal\" class=\"vc_custom_heading vc_do_custom_heading vc_custom_1768832148484\" >Pajisje dhe produkte p\u00ebr HORECA - ITALPACK ALBANIA<\/h2><\/div><\/div><\/div><div class=\"wpb_column vc_column_container vc_col-sm-2\"><div class=\"vc_column-inner \"><div class=\"wpb_wrapper\"><\/div><\/div><\/div><\/div><div class=\"vc_row wpb_row vc_row-fluid\"><div class=\"wpb_column vc_column_container vc_col-sm-12\"><div class=\"vc_column-inner \"><div class=\"wpb_wrapper\">\n\t<div class=\"wpb_text_column wpb_content_element \" >\n\t\t<div class=\"wpb_wrapper\">\n\t\t\t<p style=\"text-align: center;\"><strong>Kompania \u201cItalPack Albania\u201d<\/strong> tashm\u00eb e afirmuar <strong>n\u00eb tregun Shqiptar<\/strong> mbi tregtimin e <strong>produkteve profesionale<\/strong> sipas<strong> standarteve europiane<\/strong>,n\u00eb gam\u00ebn e <strong>produkteve t\u00eb pastrimit<\/strong> dhe <strong>aksesor\u00ebve t\u00eb hoteleris\u00eb.<\/strong> Angazhimi yn\u00eb \u00ebsht\u00eb cil\u00ebsia m\u00eb e lart\u00eb dhe garantimi i cmimit m\u00eb t\u00eb mir\u00eb.Misioni yn\u00eb \u00ebsht\u00eb gjithashtu p\u00ebr t\u00eb sjell\u00eb trendet m\u00eb t\u00eb fundit n\u00eb <strong>produktet e hoteleris\u00eb<\/strong>\u00a0si<strong>:shampo hoteli<\/strong>,n\u00eb t\u00eb gjitha llojet dhe dimesionet e ndryshme,<strong>sapun hoteli,dental kit,shaving kit,shapka nj\u00ebp\u00ebrdorimshe,dispensera<\/strong> sipas modeleve m\u00eb n\u00eb z\u00eb t\u00eb momentit dhe cdo <strong>aksesori<\/strong> t\u00eb mundsh\u00ebm p\u00ebr arredimin e <strong>hotelit<\/strong>. Pa anashkaluar as <strong>gam\u00ebn e produkteve t\u00eb pastrimit<\/strong> n\u00eb markat m\u00eb t\u00eb njohura <strong>Italiane<\/strong> dhe <strong>austriake<\/strong>,p\u00ebr nj\u00eb ritual <strong>pastrimi<\/strong> efikas.<\/p>\n\n\t\t<\/div>\n\t<\/div>\n<\/div><\/div><\/div><\/div><div class=\"vc_row wpb_row vc_row-fluid\"><div class=\"wpb_column vc_column_container vc_col-sm-4\"><div class=\"vc_column-inner \"><div class=\"wpb_wrapper\"><div class=\"shortcode-banner shortcode-banner-link\" style=\"min-height: 250px;background-image: url(https:\/\/italpackalbania.com\/wp-content\/uploads\/2026\/01\/PRODUKTE-HOTELERIE.png)\" onclick=\"window.location.href='https:\/\/italpackalbania.com\/index.php\/detergjenca\/';\"><div class=\"shortcode-banner-bg wf-table\" style=\"padding: 10px;min-height: 250px\"><div class=\"shortcode-banner-inside wf-table text-big\" style=\"background-color: rgb(255,255,255);background-color: rgba(255,255,255,0.01);border: solid 10px transparent;outline: solid 0px;outline-color: rgba(255,255,255,0.01);height: 240px\"><div><\/div><\/div><\/div><\/div><\/div><\/div><\/div><div class=\"wpb_column vc_column_container vc_col-sm-4\"><div class=\"vc_column-inner \"><div class=\"wpb_wrapper\"><div class=\"shortcode-banner shortcode-banner-link\" style=\"min-height: 250px;background-image: url(https:\/\/italpackalbania.com\/wp-content\/uploads\/2026\/01\/DETERGJENTE-PASTRIMI.png)\" onclick=\"window.location.href='https:\/\/italpackalbania.com\/index.php\/produkte-pastrimi\/';\"><div class=\"shortcode-banner-bg wf-table\" style=\"padding: 10px;min-height: 250px\"><div class=\"shortcode-banner-inside wf-table text-big\" style=\"background-color: rgb(255,255,255);background-color: rgba(255,255,255,0.01);border: solid 10px transparent;outline: solid 0px;outline-color: rgba(255,255,255,0.01);height: 240px\"><div><\/div><\/div><\/div><\/div><\/div><\/div><\/div><div class=\"wpb_column vc_column_container vc_col-sm-4\"><div class=\"vc_column-inner \"><div class=\"wpb_wrapper\"><div class=\"shortcode-banner shortcode-banner-link\" style=\"min-height: 250px;background-image: url(https:\/\/italpackalbania.com\/wp-content\/uploads\/2026\/01\/PAKETIME.png)\" onclick=\"window.location.href='https:\/\/italpackalbania.com\/index.php\/paketime\/';\"><div class=\"shortcode-banner-bg wf-table\" style=\"padding: 10px;min-height: 250px\"><div class=\"shortcode-banner-inside wf-table text-big\" style=\"background-color: rgb(255,0,0);background-color: rgba(255,0,0,0.01);border: solid 10px transparent;outline: solid 0px;outline-color: rgba(255,255,255,0.01);height: 240px\"><div><\/div><\/div><\/div><\/div><\/div><\/div><\/div><\/div><div class=\"vc_row wpb_row vc_row-fluid\"><div class=\"wpb_column vc_column_container vc_col-sm-12\"><div class=\"vc_column-inner \"><div class=\"wpb_wrapper\"><div class=\"vc_empty_space\"   style=\"height: 50px\"><span class=\"vc_empty_space_inner\"><\/span><\/div><\/div><\/div><\/div><\/div><div data-vc-full-width=\"true\" data-vc-full-width-init=\"false\" class=\"vc_row wpb_row vc_row-fluid\"><div class=\"wpb_column vc_column_container vc_col-sm-12\"><div class=\"vc_column-inner \"><div class=\"wpb_wrapper\"><div class=\"vc_empty_space\"   style=\"height: 90px\"><span class=\"vc_empty_space_inner\"><\/span><\/div>\n\t<div class=\"wpb_text_column wpb_content_element \" >\n\t\t<div class=\"wpb_wrapper\">\n\t\t\t<p style=\"text-align: center; color: #ffffff;\">Ne sjellim n\u00eb tregun shqiptar produkte cil\u00ebsore p\u00ebr linj\u00ebn HORECA dhe ambalazhe nj\u00ebp\u00ebrdorimshe. N\u00ebse d\u00ebshironi t\u00eb bashk\u00ebpunoni me ne, ju lutemi t\u00eb na kontaktoni dhe ne do t\u2019ju p\u00ebrgjigjemi n\u00eb nj\u00eb koh\u00eb shum\u00eb t\u00eb shpejt.<\/p>\n\n\t\t<\/div>\n\t<\/div>\n<div class=\"vc_btn3-container vc_btn3-center\" ><a class=\"vc_general vc_btn3 vc_btn3-size-md vc_btn3-shape-square vc_btn3-style-modern vc_btn3-color-grey\" href=\"https:\/\/italpackalbania.com\/index.php\/kontakt\/\" title=\"\">KONTAKTO<\/a><\/div><div class=\"vc_empty_space\"   style=\"height: 60px\"><span class=\"vc_empty_space_inner\"><\/span><\/div><\/div><\/div><\/div><\/div><div class=\"vc_row-full-width vc_clearfix\"><\/div><!-- Row Backgrounds --><div class=\"upb_bg_img\" data-ultimate-bg=\"url(https:\/\/italpackalbania.com\/wp-content\/uploads\/2022\/05\/Sostenibilita\u0300_home_shutterstock_233760652.jpg)\" data-image-id=\"id^272|url^https:\/\/italpackalbania.com\/wp-content\/uploads\/2022\/05\/Sostenibilita\u0300_home_shutterstock_233760652.jpg|caption^Making a circle; Shutterstock ID 233760652; Purchase Order: SSTK-0FD16-96DE; Job: Sito web Lucart Group; Client\/Licensee: Lucart Group; Other: Foto per home &quot;sostenibile&quot; Lucart Group|alt^null|title^Sostenibilita\u0300_home_shutterstock_233760652|description^null\" data-ultimate-bg-style=\"vcpb-default\" data-bg-img-repeat=\"no-repeat\" data-bg-img-size=\"cover\" data-bg-img-position=\"\" data-parallx_sense=\"30\" data-bg-override=\"ex-full\" data-bg_img_attach=\"fixed\" data-upb-overlay-color=\"\" data-upb-bg-animation=\"\" data-fadeout=\"\" data-bg-animation=\"left-animation\" data-bg-animation-type=\"h\" data-animation-repeat=\"repeat\" data-fadeout-percentage=\"30\" data-parallax-content=\"\" data-parallax-content-sense=\"30\" data-row-effect-mobile-disable=\"true\" data-img-parallax-mobile-disable=\"true\" data-rtl=\"false\"  data-custom-vc-row=\"\"  data-vc=\"8.4.1\"  data-is_old_vc=\"\"  data-theme-support=\"\"   data-overlay=\"false\" data-overlay-color=\"\" data-overlay-pattern=\"\" data-overlay-pattern-opacity=\"\" data-overlay-pattern-size=\"\"    ><\/div><div class=\"vc_row wpb_row vc_row-fluid vc_custom_1586873555874\"><div class=\"wpb_column vc_column_container vc_col-sm-9\"><div class=\"vc_column-inner \"><div class=\"wpb_wrapper\"><h3 style=\"font-size: 25px;color: #05ab58;text-align: left;font-family:Adamina;font-weight:400;font-style:normal\" class=\"vc_custom_heading vc_do_custom_heading vc_custom_1586873546430\" >NJIHUNI ME PARTNER\u00cbT TAN\u00cb<\/h3>\n\t<div class=\"wpb_text_column wpb_content_element \" >\n\t\t<div class=\"wpb_wrapper\">\n\t\t\t<p style=\"text-align: justify;\"><strong>Misioni Italpack Albania<\/strong> \u00ebsht\u00eb t\u00eb sjellim n\u00eb <strong>tregun Shqiptar<\/strong> trendet m\u00eb t\u00eb fundit dhe <strong>brandet<\/strong> m\u00eb t\u00eb njohura <strong>n\u00eb fush\u00ebn e aksesor\u00ebve t\u00eb hoteleris\u00eb<\/strong>,si dhe<strong> fush\u00ebn e produkteve profesionale t\u00eb pastrimit. <\/strong>Fokusi yn\u00eb ngelet gjithmon\u00eb n\u00eb plan t\u00eb par\u00eb tek <strong>struktura e hoteleris\u00eb.<\/strong><\/p>\n<p>Nj\u00eb tjet\u00ebr risi e jona \u00ebsht\u00eb t\u00eb sjellim n\u00eb treg nj\u00eb <strong>gam\u00eb t\u00eb gjer\u00eb produktesh pastrimi profesionale<\/strong>, t\u00eb markave m\u00eb t\u00eb njohura dhe me cil\u00ebsore me origjin\u00eb Italiane si:<strong>Sydex,Hagleitner,Lucart Profesional,dhe Allegrini Amenties<\/strong>.<strong>Gama e produkteve<\/strong> tona \u00ebsht\u00eb e bazuar n\u00eb raportin<strong> cil\u00ebsi-cmim.<\/strong><\/p>\n\n\t\t<\/div>\n\t<\/div>\n<\/div><\/div><\/div><\/div><div class=\"vc_row wpb_row vc_row-fluid\"><div class=\"wpb_column vc_column_container vc_col-sm-3\"><div class=\"vc_column-inner \"><div class=\"wpb_wrapper\"><div class=\"ult-animation  ult-animate-viewport  ult-no-mobile \" data-animate=\"pulse\" data-animation-delay=\"0\" data-animation-duration=\"3\" data-animation-iteration=\"2\" style=\"opacity:0;\" data-opacity_start_effect=\"\">\n\t<div  class=\"wpb_single_image wpb_content_element vc_align_left\">\n\t\t\n\t\t<figure class=\"wpb_wrapper vc_figure\">\n\t\t\t<div class=\"vc_single_image-wrapper   vc_box_border_grey\"><img loading=\"lazy\" decoding=\"async\" width=\"150\" height=\"150\" src=\"https:\/\/italpackalbania.com\/wp-content\/uploads\/2025\/12\/lucart-professionnal-150x150.png\" class=\"vc_single_image-img attachment-thumbnail\" alt=\"\" title=\"lucart professionnal\" srcset=\"https:\/\/italpackalbania.com\/wp-content\/uploads\/2025\/12\/lucart-professionnal-150x150.png 150w, https:\/\/italpackalbania.com\/wp-content\/uploads\/2025\/12\/lucart-professionnal-300x300.png 300w, https:\/\/italpackalbania.com\/wp-content\/uploads\/2025\/12\/lucart-professionnal-200x200.png 200w\" sizes=\"auto, (max-width: 150px) 100vw, 150px\"  data-dt-location=\"https:\/\/italpackalbania.com\/index.php\/home\/lucart-professionnal\/\" \/><\/div>\n\t\t<\/figure>\n\t<\/div>\n<\/div><\/div><\/div><\/div><div class=\"wpb_column vc_column_container vc_col-sm-3\"><div class=\"vc_column-inner \"><div class=\"wpb_wrapper\"><div class=\"ult-animation  ult-animate-viewport  ult-no-mobile \" data-animate=\"pulse\" data-animation-delay=\"0\" data-animation-duration=\"3\" data-animation-iteration=\"2\" style=\"opacity:0;\" data-opacity_start_effect=\"\">\n\t<div  class=\"wpb_single_image wpb_content_element vc_align_left\">\n\t\t\n\t\t<figure class=\"wpb_wrapper vc_figure\">\n\t\t\t<div class=\"vc_single_image-wrapper   vc_box_border_grey\"><img loading=\"lazy\" decoding=\"async\" width=\"150\" height=\"150\" src=\"https:\/\/italpackalbania.com\/wp-content\/uploads\/2025\/12\/sydex-professional-line-logo-white-bg-150x150.png\" class=\"vc_single_image-img attachment-thumbnail\" alt=\"\" title=\"sydex-professional-line-logo-white-bg\" srcset=\"https:\/\/italpackalbania.com\/wp-content\/uploads\/2025\/12\/sydex-professional-line-logo-white-bg-150x150.png 150w, https:\/\/italpackalbania.com\/wp-content\/uploads\/2025\/12\/sydex-professional-line-logo-white-bg-300x300.png 300w, https:\/\/italpackalbania.com\/wp-content\/uploads\/2025\/12\/sydex-professional-line-logo-white-bg-12x12.png 12w, https:\/\/italpackalbania.com\/wp-content\/uploads\/2025\/12\/sydex-professional-line-logo-white-bg-200x200.png 200w, https:\/\/italpackalbania.com\/wp-content\/uploads\/2025\/12\/sydex-professional-line-logo-white-bg.png 500w\" sizes=\"auto, (max-width: 150px) 100vw, 150px\"  data-dt-location=\"https:\/\/italpackalbania.com\/index.php\/home\/sydex-professional-line-logo-white-bg\/\" \/><\/div>\n\t\t<\/figure>\n\t<\/div>\n<\/div><\/div><\/div><\/div><div class=\"wpb_column vc_column_container vc_col-sm-3\"><div class=\"vc_column-inner \"><div class=\"wpb_wrapper\"><div class=\"ult-animation  ult-animate-viewport  ult-no-mobile \" data-animate=\"pulse\" data-animation-delay=\"0\" data-animation-duration=\"3\" data-animation-iteration=\"2\" style=\"opacity:0;\" data-opacity_start_effect=\"\">\n\t<div  class=\"wpb_single_image wpb_content_element vc_align_left\">\n\t\t\n\t\t<figure class=\"wpb_wrapper vc_figure\">\n\t\t\t<div class=\"vc_single_image-wrapper   vc_box_border_grey\"><img loading=\"lazy\" decoding=\"async\" width=\"150\" height=\"150\" src=\"https:\/\/italpackalbania.com\/wp-content\/uploads\/2025\/12\/hagleitner-150x150.png\" class=\"vc_single_image-img attachment-thumbnail\" alt=\"\" title=\"hagleitner\" srcset=\"https:\/\/italpackalbania.com\/wp-content\/uploads\/2025\/12\/hagleitner-150x150.png 150w, https:\/\/italpackalbania.com\/wp-content\/uploads\/2025\/12\/hagleitner-300x300.png 300w, https:\/\/italpackalbania.com\/wp-content\/uploads\/2025\/12\/hagleitner-200x200.png 200w\" sizes=\"auto, (max-width: 150px) 100vw, 150px\"  data-dt-location=\"https:\/\/italpackalbania.com\/index.php\/home\/hagleitner-2\/\" \/><\/div>\n\t\t<\/figure>\n\t<\/div>\n<\/div><\/div><\/div><\/div><div class=\"wpb_column vc_column_container vc_col-sm-3\"><div class=\"vc_column-inner \"><div class=\"wpb_wrapper\"><div class=\"ult-animation  ult-animate-viewport  ult-no-mobile \" data-animate=\"pulse\" data-animation-delay=\"0\" data-animation-duration=\"3\" data-animation-iteration=\"2\" style=\"opacity:0;\" data-opacity_start_effect=\"\">\n\t<div  class=\"wpb_single_image wpb_content_element vc_align_left\">\n\t\t\n\t\t<figure class=\"wpb_wrapper vc_figure\">\n\t\t\t<div class=\"vc_single_image-wrapper   vc_box_border_grey\"><img loading=\"lazy\" decoding=\"async\" width=\"150\" height=\"150\" src=\"https:\/\/italpackalbania.com\/wp-content\/uploads\/2025\/12\/allegrini-1-150x150.png\" class=\"vc_single_image-img attachment-thumbnail\" alt=\"\" title=\"allegrini\" srcset=\"https:\/\/italpackalbania.com\/wp-content\/uploads\/2025\/12\/allegrini-1-150x150.png 150w, https:\/\/italpackalbania.com\/wp-content\/uploads\/2025\/12\/allegrini-1-300x300.png 300w, https:\/\/italpackalbania.com\/wp-content\/uploads\/2025\/12\/allegrini-1-200x200.png 200w\" sizes=\"auto, (max-width: 150px) 100vw, 150px\"  data-dt-location=\"https:\/\/italpackalbania.com\/index.php\/home\/allegrini-2\/\" \/><\/div>\n\t\t<\/figure>\n\t<\/div>\n<\/div><\/div><\/div><\/div><\/div>\n<\/div>","protected":false},"excerpt":{"rendered":"<p>Pajisje dhe produkte p\u00ebr HORECA &#8211; ITALPACK ALBANIA Kompania \u201cItalPack Albania\u201d tashm\u00eb e afirmuar n\u00eb tregun Shqiptar mbi tregtimin e produkteve profesionale sipas standarteve europiane,n\u00eb gam\u00ebn e produkteve t\u00eb pastrimit dhe aksesor\u00ebve t\u00eb hoteleris\u00eb. Angazhimi yn\u00eb \u00ebsht\u00eb cil\u00ebsia m\u00eb e lart\u00eb dhe garantimi i cmimit m\u00eb t\u00eb mir\u00eb.Misioni yn\u00eb \u00ebsht\u00eb gjithashtu p\u00ebr t\u00eb sjell\u00eb trendet&hellip;<\/p>\n","protected":false},"author":1,"featured_media":0,"parent":0,"menu_order":0,"comment_status":"closed","ping_status":"closed","template":"","meta":{"footnotes":""},"class_list":["post-12","page","type-page","status-publish","hentry","description-off"],"yoast_head":"<!-- This site is optimized with the Yoast SEO plugin v26.7 - https:\/\/yoast.com\/wordpress\/plugins\/seo\/ -->\n<title>Aksesor\u00eb p\u00ebr hoteleri - Italpack Albania<\/title>\n<meta name=\"description\" content=\"Mir\u00eb se vini n\u00eb ItalPack Albania \u2013 destinacioni juaj p\u00ebr produkte cil\u00ebsore p\u00ebr hotele, biznese dhe ambiente profesionale.\" \/>\n<meta name=\"robots\" content=\"index, follow, max-snippet:-1, max-image-preview:large, max-video-preview:-1\" \/>\n<link rel=\"canonical\" href=\"https:\/\/italpackalbania.com\/\" \/>\n<meta property=\"og:locale\" content=\"en_US\" \/>\n<meta property=\"og:type\" content=\"article\" \/>\n<meta property=\"og:title\" content=\"Aksesor\u00eb p\u00ebr hoteleri - Italpack Albania\" \/>\n<meta property=\"og:description\" content=\"Mir\u00eb se vini n\u00eb ItalPack Albania \u2013 destinacioni juaj p\u00ebr produkte cil\u00ebsore p\u00ebr hotele, biznese dhe ambiente profesionale.\" \/>\n<meta property=\"og:url\" content=\"https:\/\/italpackalbania.com\/\" \/>\n<meta property=\"og:site_name\" content=\"Italpack Albania\" \/>\n<meta property=\"article:publisher\" content=\"https:\/\/www.facebook.com\/italpack.albania.37\/\" \/>\n<meta property=\"article:modified_time\" content=\"2026-02-06T13:54:36+00:00\" \/>\n<meta property=\"og:image\" content=\"https:\/\/italpackalbania.com\/wp-content\/uploads\/2025\/12\/cropped-italpack-logo.png\" \/>\n\t<meta property=\"og:image:width\" content=\"512\" \/>\n\t<meta property=\"og:image:height\" content=\"512\" \/>\n\t<meta property=\"og:image:type\" content=\"image\/png\" \/>\n<meta name=\"twitter:card\" content=\"summary_large_image\" \/>\n<meta name=\"twitter:label1\" content=\"Est. reading time\" \/>\n\t<meta name=\"twitter:data1\" content=\"2 minutes\" \/>\n<script type=\"application\/ld+json\" class=\"yoast-schema-graph\">{\"@context\":\"https:\/\/schema.org\",\"@graph\":[{\"@type\":\"WebPage\",\"@id\":\"https:\/\/italpackalbania.com\/\",\"url\":\"https:\/\/italpackalbania.com\/\",\"name\":\"Aksesor\u00eb p\u00ebr hoteleri - Italpack Albania\",\"isPartOf\":{\"@id\":\"https:\/\/italpackalbania.com\/#website\"},\"datePublished\":\"2020-04-14T07:54:31+00:00\",\"dateModified\":\"2026-02-06T13:54:36+00:00\",\"description\":\"Mir\u00eb se vini n\u00eb ItalPack Albania \u2013 destinacioni juaj p\u00ebr produkte cil\u00ebsore p\u00ebr hotele, biznese dhe ambiente profesionale.\",\"breadcrumb\":{\"@id\":\"https:\/\/italpackalbania.com\/#breadcrumb\"},\"inLanguage\":\"en-US\",\"potentialAction\":[{\"@type\":\"ReadAction\",\"target\":[\"https:\/\/italpackalbania.com\/\"]}]},{\"@type\":\"BreadcrumbList\",\"@id\":\"https:\/\/italpackalbania.com\/#breadcrumb\",\"itemListElement\":[{\"@type\":\"ListItem\",\"position\":1,\"name\":\"Home\",\"item\":\"https:\/\/italpackalbania.com\/\"},{\"@type\":\"ListItem\",\"position\":2,\"name\":\"Aksesor\u00eb p\u00ebr hoteleri\"}]},{\"@type\":\"WebSite\",\"@id\":\"https:\/\/italpackalbania.com\/#website\",\"url\":\"https:\/\/italpackalbania.com\/\",\"name\":\"Italpack Albania\",\"description\":\"Aksesor\u00eb p\u00ebr hoteleri, detergjent\u00eb p\u00ebr sht\u00ebpi, hoteleri, restorante, paketime p\u00ebr delivery, ambalazhime p\u00ebr biznese\",\"publisher\":{\"@id\":\"https:\/\/italpackalbania.com\/#organization\"},\"potentialAction\":[{\"@type\":\"SearchAction\",\"target\":{\"@type\":\"EntryPoint\",\"urlTemplate\":\"https:\/\/italpackalbania.com\/?s={search_term_string}\"},\"query-input\":{\"@type\":\"PropertyValueSpecification\",\"valueRequired\":true,\"valueName\":\"search_term_string\"}}],\"inLanguage\":\"en-US\"},{\"@type\":\"Organization\",\"@id\":\"https:\/\/italpackalbania.com\/#organization\",\"name\":\"ItalPack Albania\",\"url\":\"https:\/\/italpackalbania.com\/\",\"logo\":{\"@type\":\"ImageObject\",\"inLanguage\":\"en-US\",\"@id\":\"https:\/\/italpackalbania.com\/#\/schema\/logo\/image\/\",\"url\":\"https:\/\/italpackalbania.com\/wp-content\/uploads\/2025\/12\/cropped-italpack-logo.png\",\"contentUrl\":\"https:\/\/italpackalbania.com\/wp-content\/uploads\/2025\/12\/cropped-italpack-logo.png\",\"width\":512,\"height\":512,\"caption\":\"ItalPack Albania\"},\"image\":{\"@id\":\"https:\/\/italpackalbania.com\/#\/schema\/logo\/image\/\"},\"sameAs\":[\"https:\/\/www.facebook.com\/italpack.albania.37\/\",\"https:\/\/www.instagram.com\/italpackalbania\/\"]}]}<\/script>\n<!-- \/ Yoast SEO plugin. -->","yoast_head_json":{"title":"Aksesor\u00eb p\u00ebr hoteleri - Italpack Albania","description":"Mir\u00eb se vini n\u00eb ItalPack Albania \u2013 destinacioni juaj p\u00ebr produkte cil\u00ebsore p\u00ebr hotele, biznese dhe ambiente profesionale.","robots":{"index":"index","follow":"follow","max-snippet":"max-snippet:-1","max-image-preview":"max-image-preview:large","max-video-preview":"max-video-preview:-1"},"canonical":"https:\/\/italpackalbania.com\/","og_locale":"en_US","og_type":"article","og_title":"Aksesor\u00eb p\u00ebr hoteleri - Italpack Albania","og_description":"Mir\u00eb se vini n\u00eb ItalPack Albania \u2013 destinacioni juaj p\u00ebr produkte cil\u00ebsore p\u00ebr hotele, biznese dhe ambiente profesionale.","og_url":"https:\/\/italpackalbania.com\/","og_site_name":"Italpack Albania","article_publisher":"https:\/\/www.facebook.com\/italpack.albania.37\/","article_modified_time":"2026-02-06T13:54:36+00:00","og_image":[{"width":512,"height":512,"url":"https:\/\/italpackalbania.com\/wp-content\/uploads\/2025\/12\/cropped-italpack-logo.png","type":"image\/png"}],"twitter_card":"summary_large_image","twitter_misc":{"Est. reading time":"2 minutes"},"schema":{"@context":"https:\/\/schema.org","@graph":[{"@type":"WebPage","@id":"https:\/\/italpackalbania.com\/","url":"https:\/\/italpackalbania.com\/","name":"Aksesor\u00eb p\u00ebr hoteleri - Italpack Albania","isPartOf":{"@id":"https:\/\/italpackalbania.com\/#website"},"datePublished":"2020-04-14T07:54:31+00:00","dateModified":"2026-02-06T13:54:36+00:00","description":"Mir\u00eb se vini n\u00eb ItalPack Albania \u2013 destinacioni juaj p\u00ebr produkte cil\u00ebsore p\u00ebr hotele, biznese dhe ambiente profesionale.","breadcrumb":{"@id":"https:\/\/italpackalbania.com\/#breadcrumb"},"inLanguage":"en-US","potentialAction":[{"@type":"ReadAction","target":["https:\/\/italpackalbania.com\/"]}]},{"@type":"BreadcrumbList","@id":"https:\/\/italpackalbania.com\/#breadcrumb","itemListElement":[{"@type":"ListItem","position":1,"name":"Home","item":"https:\/\/italpackalbania.com\/"},{"@type":"ListItem","position":2,"name":"Aksesor\u00eb p\u00ebr hoteleri"}]},{"@type":"WebSite","@id":"https:\/\/italpackalbania.com\/#website","url":"https:\/\/italpackalbania.com\/","name":"Italpack Albania","description":"Aksesor\u00eb p\u00ebr hoteleri, detergjent\u00eb p\u00ebr sht\u00ebpi, hoteleri, restorante, paketime p\u00ebr delivery, ambalazhime p\u00ebr biznese","publisher":{"@id":"https:\/\/italpackalbania.com\/#organization"},"potentialAction":[{"@type":"SearchAction","target":{"@type":"EntryPoint","urlTemplate":"https:\/\/italpackalbania.com\/?s={search_term_string}"},"query-input":{"@type":"PropertyValueSpecification","valueRequired":true,"valueName":"search_term_string"}}],"inLanguage":"en-US"},{"@type":"Organization","@id":"https:\/\/italpackalbania.com\/#organization","name":"ItalPack Albania","url":"https:\/\/italpackalbania.com\/","logo":{"@type":"ImageObject","inLanguage":"en-US","@id":"https:\/\/italpackalbania.com\/#\/schema\/logo\/image\/","url":"https:\/\/italpackalbania.com\/wp-content\/uploads\/2025\/12\/cropped-italpack-logo.png","contentUrl":"https:\/\/italpackalbania.com\/wp-content\/uploads\/2025\/12\/cropped-italpack-logo.png","width":512,"height":512,"caption":"ItalPack Albania"},"image":{"@id":"https:\/\/italpackalbania.com\/#\/schema\/logo\/image\/"},"sameAs":["https:\/\/www.facebook.com\/italpack.albania.37\/","https:\/\/www.instagram.com\/italpackalbania\/"]}]}},"_links":{"self":[{"href":"https:\/\/italpackalbania.com\/index.php\/wp-json\/wp\/v2\/pages\/12","targetHints":{"allow":["GET"]}}],"collection":[{"href":"https:\/\/italpackalbania.com\/index.php\/wp-json\/wp\/v2\/pages"}],"about":[{"href":"https:\/\/italpackalbania.com\/index.php\/wp-json\/wp\/v2\/types\/page"}],"author":[{"embeddable":true,"href":"https:\/\/italpackalbania.com\/index.php\/wp-json\/wp\/v2\/users\/1"}],"replies":[{"embeddable":true,"href":"https:\/\/italpackalbania.com\/index.php\/wp-json\/wp\/v2\/comments?post=12"}],"version-history":[{"count":133,"href":"https:\/\/italpackalbania.com\/index.php\/wp-json\/wp\/v2\/pages\/12\/revisions"}],"predecessor-version":[{"id":1262,"href":"https:\/\/italpackalbania.com\/index.php\/wp-json\/wp\/v2\/pages\/12\/revisions\/1262"}],"wp:attachment":[{"href":"https:\/\/italpackalbania.com\/index.php\/wp-json\/wp\/v2\/media?parent=12"}],"curies":[{"name":"wp","href":"https:\/\/api.w.org\/{rel}","templated":true}]}}