{"id":1253,"date":"2026-01-15T12:41:53","date_gmt":"2026-01-15T12:41:53","guid":{"rendered":"https:\/\/italpackalbania.com\/?page_id=1253"},"modified":"2026-03-13T14:59:16","modified_gmt":"2026-03-13T14:59:16","slug":"produkte-cilesore-per-horeca","status":"publish","type":"page","link":"https:\/\/italpackalbania.com\/index.php\/produkte-cilesore-per-horeca\/","title":{"rendered":"Produkte cil\u00ebsore per HORECA"},"content":{"rendered":"<div class=\"wpb-content-wrapper\"><div class=\"vc_row wpb_row vc_row-fluid\"><div class=\"wpb_column vc_column_container vc_col-sm-4\"><div class=\"vc_column-inner \"><div class=\"wpb_wrapper\">\n\t<div  class=\"wpb_single_image wpb_content_element vc_align_center\">\n\t\t\n\t\t<figure class=\"wpb_wrapper vc_figure\">\n\t\t\t<div class=\"vc_single_image-wrapper   vc_box_border_grey\"><img loading=\"lazy\" decoding=\"async\" width=\"450\" height=\"450\" src=\"https:\/\/italpackalbania.com\/wp-content\/uploads\/2026\/01\/aparat.jpg\" class=\"vc_single_image-img attachment-full\" alt=\"\" title=\"aparat\" srcset=\"https:\/\/italpackalbania.com\/wp-content\/uploads\/2026\/01\/aparat.jpg 450w, https:\/\/italpackalbania.com\/wp-content\/uploads\/2026\/01\/aparat-300x300.jpg 300w, https:\/\/italpackalbania.com\/wp-content\/uploads\/2026\/01\/aparat-150x150.jpg 150w, https:\/\/italpackalbania.com\/wp-content\/uploads\/2026\/01\/aparat-12x12.jpg 12w, https:\/\/italpackalbania.com\/wp-content\/uploads\/2026\/01\/aparat-200x200.jpg 200w\" sizes=\"auto, (max-width: 450px) 100vw, 450px\"  data-dt-location=\"https:\/\/italpackalbania.com\/index.php\/produkte-cilesore-per-horeca\/aparat-3\/\" \/><\/div>\n\t\t<\/figure>\n\t<\/div>\n<\/div><\/div><\/div><div class=\"wpb_column vc_column_container vc_col-sm-4\"><div class=\"vc_column-inner \"><div class=\"wpb_wrapper\">\n\t<div  class=\"wpb_single_image wpb_content_element vc_align_center\">\n\t\t\n\t\t<figure class=\"wpb_wrapper vc_figure\">\n\t\t\t<div class=\"vc_single_image-wrapper   vc_box_border_grey\"><img loading=\"lazy\" decoding=\"async\" width=\"450\" height=\"450\" src=\"https:\/\/italpackalbania.com\/wp-content\/uploads\/2026\/01\/aparat-per-tualet.jpg\" class=\"vc_single_image-img attachment-full\" alt=\"\" title=\"aparat per tualet\" srcset=\"https:\/\/italpackalbania.com\/wp-content\/uploads\/2026\/01\/aparat-per-tualet.jpg 450w, https:\/\/italpackalbania.com\/wp-content\/uploads\/2026\/01\/aparat-per-tualet-300x300.jpg 300w, https:\/\/italpackalbania.com\/wp-content\/uploads\/2026\/01\/aparat-per-tualet-150x150.jpg 150w, https:\/\/italpackalbania.com\/wp-content\/uploads\/2026\/01\/aparat-per-tualet-12x12.jpg 12w, https:\/\/italpackalbania.com\/wp-content\/uploads\/2026\/01\/aparat-per-tualet-200x200.jpg 200w\" sizes=\"auto, (max-width: 450px) 100vw, 450px\"  data-dt-location=\"https:\/\/italpackalbania.com\/index.php\/produkte-cilesore-per-horeca\/aparat-per-tualet\/\" \/><\/div>\n\t\t<\/figure>\n\t<\/div>\n<\/div><\/div><\/div><div class=\"wpb_column vc_column_container vc_col-sm-4\"><div class=\"vc_column-inner \"><div class=\"wpb_wrapper\">\n\t<div  class=\"wpb_single_image wpb_content_element vc_align_center\">\n\t\t\n\t\t<figure class=\"wpb_wrapper vc_figure\">\n\t\t\t<div class=\"vc_single_image-wrapper   vc_box_border_grey\"><img loading=\"lazy\" decoding=\"async\" width=\"450\" height=\"450\" src=\"https:\/\/italpackalbania.com\/wp-content\/uploads\/2026\/01\/identity-soap-1000.jpg\" class=\"vc_single_image-img attachment-full\" alt=\"\" title=\"identity-soap-1000\" srcset=\"https:\/\/italpackalbania.com\/wp-content\/uploads\/2026\/01\/identity-soap-1000.jpg 450w, https:\/\/italpackalbania.com\/wp-content\/uploads\/2026\/01\/identity-soap-1000-300x300.jpg 300w, https:\/\/italpackalbania.com\/wp-content\/uploads\/2026\/01\/identity-soap-1000-150x150.jpg 150w, https:\/\/italpackalbania.com\/wp-content\/uploads\/2026\/01\/identity-soap-1000-12x12.jpg 12w, https:\/\/italpackalbania.com\/wp-content\/uploads\/2026\/01\/identity-soap-1000-200x200.jpg 200w\" sizes=\"auto, (max-width: 450px) 100vw, 450px\"  data-dt-location=\"https:\/\/italpackalbania.com\/index.php\/produkte-cilesore-per-horeca\/identity-soap-1000\/\" \/><\/div>\n\t\t<\/figure>\n\t<\/div>\n<\/div><\/div><\/div><\/div><div class=\"vc_row wpb_row vc_row-fluid\"><div class=\"wpb_column vc_column_container vc_col-sm-4\"><div class=\"vc_column-inner \"><div class=\"wpb_wrapper\">\n\t<div  class=\"wpb_single_image wpb_content_element vc_align_center\">\n\t\t\n\t\t<figure class=\"wpb_wrapper vc_figure\">\n\t\t\t<div class=\"vc_single_image-wrapper   vc_box_border_grey\"><img loading=\"lazy\" decoding=\"async\" width=\"600\" height=\"600\" src=\"https:\/\/italpackalbania.com\/wp-content\/uploads\/2026\/03\/napkins-dispenser.png\" class=\"vc_single_image-img attachment-full\" alt=\"\" title=\"napkins dispenser\" srcset=\"https:\/\/italpackalbania.com\/wp-content\/uploads\/2026\/03\/napkins-dispenser.png 600w, https:\/\/italpackalbania.com\/wp-content\/uploads\/2026\/03\/napkins-dispenser-300x300.png 300w, https:\/\/italpackalbania.com\/wp-content\/uploads\/2026\/03\/napkins-dispenser-150x150.png 150w, https:\/\/italpackalbania.com\/wp-content\/uploads\/2026\/03\/napkins-dispenser-12x12.png 12w, https:\/\/italpackalbania.com\/wp-content\/uploads\/2026\/03\/napkins-dispenser-200x200.png 200w\" sizes=\"auto, (max-width: 600px) 100vw, 600px\"  data-dt-location=\"https:\/\/italpackalbania.com\/index.php\/produkte-cilesore-per-horeca\/napkins-dispenser\/\" \/><\/div>\n\t\t<\/figure>\n\t<\/div>\n<\/div><\/div><\/div><div class=\"wpb_column vc_column_container vc_col-sm-4\"><div class=\"vc_column-inner \"><div class=\"wpb_wrapper\">\n\t<div  class=\"wpb_single_image wpb_content_element vc_align_center\">\n\t\t\n\t\t<figure class=\"wpb_wrapper vc_figure\">\n\t\t\t<div class=\"vc_single_image-wrapper   vc_box_border_grey\"><img loading=\"lazy\" decoding=\"async\" width=\"600\" height=\"600\" src=\"https:\/\/italpackalbania.com\/wp-content\/uploads\/2026\/03\/napkins-dispenser-2.png\" class=\"vc_single_image-img attachment-full\" alt=\"\" title=\"napkins dispenser (2)\" srcset=\"https:\/\/italpackalbania.com\/wp-content\/uploads\/2026\/03\/napkins-dispenser-2.png 600w, https:\/\/italpackalbania.com\/wp-content\/uploads\/2026\/03\/napkins-dispenser-2-300x300.png 300w, https:\/\/italpackalbania.com\/wp-content\/uploads\/2026\/03\/napkins-dispenser-2-150x150.png 150w, https:\/\/italpackalbania.com\/wp-content\/uploads\/2026\/03\/napkins-dispenser-2-12x12.png 12w, https:\/\/italpackalbania.com\/wp-content\/uploads\/2026\/03\/napkins-dispenser-2-200x200.png 200w\" sizes=\"auto, (max-width: 600px) 100vw, 600px\"  data-dt-location=\"https:\/\/italpackalbania.com\/index.php\/produkte-cilesore-per-horeca\/napkins-dispenser-2\/\" \/><\/div>\n\t\t<\/figure>\n\t<\/div>\n<\/div><\/div><\/div><div class=\"wpb_column vc_column_container vc_col-sm-4\"><div class=\"vc_column-inner \"><div class=\"wpb_wrapper\">\n\t<div  class=\"wpb_single_image wpb_content_element vc_align_center\">\n\t\t\n\t\t<figure class=\"wpb_wrapper vc_figure\">\n\t\t\t<div class=\"vc_single_image-wrapper   vc_box_border_grey\"><img loading=\"lazy\" decoding=\"async\" width=\"600\" height=\"600\" src=\"https:\/\/italpackalbania.com\/wp-content\/uploads\/2026\/03\/napkins-dispenser-3.png\" class=\"vc_single_image-img attachment-full\" alt=\"\" title=\"napkins dispenser 3\" srcset=\"https:\/\/italpackalbania.com\/wp-content\/uploads\/2026\/03\/napkins-dispenser-3.png 600w, https:\/\/italpackalbania.com\/wp-content\/uploads\/2026\/03\/napkins-dispenser-3-300x300.png 300w, https:\/\/italpackalbania.com\/wp-content\/uploads\/2026\/03\/napkins-dispenser-3-150x150.png 150w, https:\/\/italpackalbania.com\/wp-content\/uploads\/2026\/03\/napkins-dispenser-3-12x12.png 12w, https:\/\/italpackalbania.com\/wp-content\/uploads\/2026\/03\/napkins-dispenser-3-200x200.png 200w\" sizes=\"auto, (max-width: 600px) 100vw, 600px\"  data-dt-location=\"https:\/\/italpackalbania.com\/index.php\/produkte-cilesore-per-horeca\/napkins-dispenser-3\/\" \/><\/div>\n\t\t<\/figure>\n\t<\/div>\n<\/div><\/div><\/div><\/div><div class=\"vc_row wpb_row vc_row-fluid\"><div class=\"wpb_column vc_column_container vc_col-sm-4\"><div class=\"vc_column-inner \"><div class=\"wpb_wrapper\">\n\t<div  class=\"wpb_single_image wpb_content_element vc_align_center\">\n\t\t\n\t\t<figure class=\"wpb_wrapper vc_figure\">\n\t\t\t<div class=\"vc_single_image-wrapper   vc_box_border_grey\"><img loading=\"lazy\" decoding=\"async\" width=\"960\" height=\"474\" src=\"https:\/\/italpackalbania.com\/wp-content\/uploads\/2026\/01\/letra-per-tualet.png\" class=\"vc_single_image-img attachment-full\" alt=\"\" title=\"letra per tualet\" srcset=\"https:\/\/italpackalbania.com\/wp-content\/uploads\/2026\/01\/letra-per-tualet.png 960w, https:\/\/italpackalbania.com\/wp-content\/uploads\/2026\/01\/letra-per-tualet-300x148.png 300w, https:\/\/italpackalbania.com\/wp-content\/uploads\/2026\/01\/letra-per-tualet-768x379.png 768w, https:\/\/italpackalbania.com\/wp-content\/uploads\/2026\/01\/letra-per-tualet-18x9.png 18w, https:\/\/italpackalbania.com\/wp-content\/uploads\/2026\/01\/letra-per-tualet-600x296.png 600w\" sizes=\"auto, (max-width: 960px) 100vw, 960px\"  data-dt-location=\"https:\/\/italpackalbania.com\/index.php\/produkte-cilesore-per-horeca\/letra-per-tualet\/\" \/><\/div>\n\t\t<\/figure>\n\t<\/div>\n<\/div><\/div><\/div><div class=\"wpb_column vc_column_container vc_col-sm-4\"><div class=\"vc_column-inner \"><div class=\"wpb_wrapper\">\n\t<div  class=\"wpb_single_image wpb_content_element vc_align_center\">\n\t\t\n\t\t<figure class=\"wpb_wrapper vc_figure\">\n\t\t\t<a href=\"https:\/\/italpackalbania.com\/index.php\/product\/hagleitner-deo-fresh\/\" target=\"_self\"  class=\"vc_single_image-wrapper   vc_box_border_grey\"   ><img loading=\"lazy\" decoding=\"async\" width=\"1106\" height=\"592\" src=\"https:\/\/italpackalbania.com\/wp-content\/uploads\/2026\/01\/paketime-letrash.png\" class=\"vc_single_image-img attachment-full\" alt=\"\" title=\"paketime letrash\" srcset=\"https:\/\/italpackalbania.com\/wp-content\/uploads\/2026\/01\/paketime-letrash.png 1106w, https:\/\/italpackalbania.com\/wp-content\/uploads\/2026\/01\/paketime-letrash-300x161.png 300w, https:\/\/italpackalbania.com\/wp-content\/uploads\/2026\/01\/paketime-letrash-1024x548.png 1024w, https:\/\/italpackalbania.com\/wp-content\/uploads\/2026\/01\/paketime-letrash-768x411.png 768w, https:\/\/italpackalbania.com\/wp-content\/uploads\/2026\/01\/paketime-letrash-18x10.png 18w, https:\/\/italpackalbania.com\/wp-content\/uploads\/2026\/01\/paketime-letrash-600x321.png 600w\" sizes=\"auto, (max-width: 1106px) 100vw, 1106px\"  data-dt-location=\"https:\/\/italpackalbania.com\/index.php\/produkte-cilesore-per-horeca\/paketime-letrash\/\" \/><\/a>\n\t\t<\/figure>\n\t<\/div>\n<\/div><\/div><\/div><div class=\"wpb_column vc_column_container vc_col-sm-4\"><div class=\"vc_column-inner \"><div class=\"wpb_wrapper\">\n\t<div  class=\"wpb_single_image wpb_content_element vc_align_center\">\n\t\t\n\t\t<figure class=\"wpb_wrapper vc_figure\">\n\t\t\t<div class=\"vc_single_image-wrapper   vc_box_border_grey\"><img loading=\"lazy\" decoding=\"async\" width=\"894\" height=\"561\" src=\"https:\/\/italpackalbania.com\/wp-content\/uploads\/2026\/01\/letra-per-tualet.jpg\" class=\"vc_single_image-img attachment-full\" alt=\"\" title=\"letra per tualet\" srcset=\"https:\/\/italpackalbania.com\/wp-content\/uploads\/2026\/01\/letra-per-tualet.jpg 894w, https:\/\/italpackalbania.com\/wp-content\/uploads\/2026\/01\/letra-per-tualet-300x188.jpg 300w, https:\/\/italpackalbania.com\/wp-content\/uploads\/2026\/01\/letra-per-tualet-768x482.jpg 768w, https:\/\/italpackalbania.com\/wp-content\/uploads\/2026\/01\/letra-per-tualet-18x12.jpg 18w, https:\/\/italpackalbania.com\/wp-content\/uploads\/2026\/01\/letra-per-tualet-600x377.jpg 600w\" sizes=\"auto, (max-width: 894px) 100vw, 894px\"  data-dt-location=\"https:\/\/italpackalbania.com\/index.php\/produkte-cilesore-per-horeca\/letra-per-tualet-2\/\" \/><\/div>\n\t\t<\/figure>\n\t<\/div>\n<\/div><\/div><\/div><\/div>\n<\/div>","protected":false},"excerpt":{"rendered":"","protected":false},"author":2,"featured_media":0,"parent":0,"menu_order":0,"comment_status":"closed","ping_status":"closed","template":"","meta":{"footnotes":""},"class_list":["post-1253","page","type-page","status-publish","hentry","description-off"],"yoast_head":"<!-- This site is optimized with the Yoast SEO plugin v26.7 - https:\/\/yoast.com\/wordpress\/plugins\/seo\/ -->\n<title>Produkte cil\u00ebsore per HORECA - Italpack Albania<\/title>\n<meta name=\"description\" content=\"ItalPack Albania ofron aksesor\u00eb premium p\u00ebr hoteleri, p\u00ebr t\u00eb maksimizuar potencialin e biznesit tuaj. Cil\u00ebsi dhe sh\u00ebrbim t\u00eb garantuar.\" \/>\n<meta name=\"robots\" content=\"index, follow, max-snippet:-1, max-image-preview:large, max-video-preview:-1\" \/>\n<link rel=\"canonical\" href=\"https:\/\/italpackalbania.com\/index.php\/produkte-cilesore-per-horeca\/\" \/>\n<meta property=\"og:locale\" content=\"en_US\" \/>\n<meta property=\"og:type\" content=\"article\" \/>\n<meta property=\"og:title\" content=\"Produkte cil\u00ebsore per HORECA - Italpack Albania\" \/>\n<meta property=\"og:description\" content=\"ItalPack Albania ofron aksesor\u00eb premium p\u00ebr hoteleri, p\u00ebr t\u00eb maksimizuar potencialin e biznesit tuaj. Cil\u00ebsi dhe sh\u00ebrbim t\u00eb garantuar.\" \/>\n<meta property=\"og:url\" content=\"https:\/\/italpackalbania.com\/index.php\/produkte-cilesore-per-horeca\/\" \/>\n<meta property=\"og:site_name\" content=\"Italpack Albania\" \/>\n<meta property=\"article:publisher\" content=\"https:\/\/www.facebook.com\/italpack.albania.37\/\" \/>\n<meta property=\"article:modified_time\" content=\"2026-03-13T14:59:16+00:00\" \/>\n<meta property=\"og:image\" content=\"https:\/\/italpackalbania.com\/wp-content\/uploads\/2025\/12\/cropped-italpack-logo.png\" \/>\n\t<meta property=\"og:image:width\" content=\"512\" \/>\n\t<meta property=\"og:image:height\" content=\"512\" \/>\n\t<meta property=\"og:image:type\" content=\"image\/png\" \/>\n<meta name=\"twitter:card\" content=\"summary_large_image\" \/>\n<meta name=\"twitter:label1\" content=\"Est. reading time\" \/>\n\t<meta name=\"twitter:data1\" content=\"1 minute\" \/>\n<script type=\"application\/ld+json\" class=\"yoast-schema-graph\">{\"@context\":\"https:\/\/schema.org\",\"@graph\":[{\"@type\":\"WebPage\",\"@id\":\"https:\/\/italpackalbania.com\/index.php\/produkte-cilesore-per-horeca\/\",\"url\":\"https:\/\/italpackalbania.com\/index.php\/produkte-cilesore-per-horeca\/\",\"name\":\"Produkte cil\u00ebsore per HORECA - Italpack Albania\",\"isPartOf\":{\"@id\":\"https:\/\/italpackalbania.com\/#website\"},\"datePublished\":\"2026-01-15T12:41:53+00:00\",\"dateModified\":\"2026-03-13T14:59:16+00:00\",\"description\":\"ItalPack Albania ofron aksesor\u00eb premium p\u00ebr hoteleri, p\u00ebr t\u00eb maksimizuar potencialin e biznesit tuaj. Cil\u00ebsi dhe sh\u00ebrbim t\u00eb garantuar.\",\"breadcrumb\":{\"@id\":\"https:\/\/italpackalbania.com\/index.php\/produkte-cilesore-per-horeca\/#breadcrumb\"},\"inLanguage\":\"en-US\",\"potentialAction\":[{\"@type\":\"ReadAction\",\"target\":[\"https:\/\/italpackalbania.com\/index.php\/produkte-cilesore-per-horeca\/\"]}]},{\"@type\":\"BreadcrumbList\",\"@id\":\"https:\/\/italpackalbania.com\/index.php\/produkte-cilesore-per-horeca\/#breadcrumb\",\"itemListElement\":[{\"@type\":\"ListItem\",\"position\":1,\"name\":\"Home\",\"item\":\"https:\/\/italpackalbania.com\/\"},{\"@type\":\"ListItem\",\"position\":2,\"name\":\"Produkte cil\u00ebsore per HORECA\"}]},{\"@type\":\"WebSite\",\"@id\":\"https:\/\/italpackalbania.com\/#website\",\"url\":\"https:\/\/italpackalbania.com\/\",\"name\":\"Italpack Albania\",\"description\":\"Aksesor\u00eb p\u00ebr hoteleri, detergjent\u00eb p\u00ebr sht\u00ebpi, hoteleri, restorante, paketime p\u00ebr delivery, ambalazhime p\u00ebr biznese\",\"publisher\":{\"@id\":\"https:\/\/italpackalbania.com\/#organization\"},\"potentialAction\":[{\"@type\":\"SearchAction\",\"target\":{\"@type\":\"EntryPoint\",\"urlTemplate\":\"https:\/\/italpackalbania.com\/?s={search_term_string}\"},\"query-input\":{\"@type\":\"PropertyValueSpecification\",\"valueRequired\":true,\"valueName\":\"search_term_string\"}}],\"inLanguage\":\"en-US\"},{\"@type\":\"Organization\",\"@id\":\"https:\/\/italpackalbania.com\/#organization\",\"name\":\"ItalPack Albania\",\"url\":\"https:\/\/italpackalbania.com\/\",\"logo\":{\"@type\":\"ImageObject\",\"inLanguage\":\"en-US\",\"@id\":\"https:\/\/italpackalbania.com\/#\/schema\/logo\/image\/\",\"url\":\"https:\/\/italpackalbania.com\/wp-content\/uploads\/2025\/12\/cropped-italpack-logo.png\",\"contentUrl\":\"https:\/\/italpackalbania.com\/wp-content\/uploads\/2025\/12\/cropped-italpack-logo.png\",\"width\":512,\"height\":512,\"caption\":\"ItalPack Albania\"},\"image\":{\"@id\":\"https:\/\/italpackalbania.com\/#\/schema\/logo\/image\/\"},\"sameAs\":[\"https:\/\/www.facebook.com\/italpack.albania.37\/\",\"https:\/\/www.instagram.com\/italpackalbania\/\"]}]}<\/script>\n<!-- \/ Yoast SEO plugin. -->","yoast_head_json":{"title":"Produkte cil\u00ebsore per HORECA - Italpack Albania","description":"ItalPack Albania ofron aksesor\u00eb premium p\u00ebr hoteleri, p\u00ebr t\u00eb maksimizuar potencialin e biznesit tuaj. Cil\u00ebsi dhe sh\u00ebrbim t\u00eb garantuar.","robots":{"index":"index","follow":"follow","max-snippet":"max-snippet:-1","max-image-preview":"max-image-preview:large","max-video-preview":"max-video-preview:-1"},"canonical":"https:\/\/italpackalbania.com\/index.php\/produkte-cilesore-per-horeca\/","og_locale":"en_US","og_type":"article","og_title":"Produkte cil\u00ebsore per HORECA - Italpack Albania","og_description":"ItalPack Albania ofron aksesor\u00eb premium p\u00ebr hoteleri, p\u00ebr t\u00eb maksimizuar potencialin e biznesit tuaj. Cil\u00ebsi dhe sh\u00ebrbim t\u00eb garantuar.","og_url":"https:\/\/italpackalbania.com\/index.php\/produkte-cilesore-per-horeca\/","og_site_name":"Italpack Albania","article_publisher":"https:\/\/www.facebook.com\/italpack.albania.37\/","article_modified_time":"2026-03-13T14:59:16+00:00","og_image":[{"width":512,"height":512,"url":"https:\/\/italpackalbania.com\/wp-content\/uploads\/2025\/12\/cropped-italpack-logo.png","type":"image\/png"}],"twitter_card":"summary_large_image","twitter_misc":{"Est. reading time":"1 minute"},"schema":{"@context":"https:\/\/schema.org","@graph":[{"@type":"WebPage","@id":"https:\/\/italpackalbania.com\/index.php\/produkte-cilesore-per-horeca\/","url":"https:\/\/italpackalbania.com\/index.php\/produkte-cilesore-per-horeca\/","name":"Produkte cil\u00ebsore per HORECA - Italpack Albania","isPartOf":{"@id":"https:\/\/italpackalbania.com\/#website"},"datePublished":"2026-01-15T12:41:53+00:00","dateModified":"2026-03-13T14:59:16+00:00","description":"ItalPack Albania ofron aksesor\u00eb premium p\u00ebr hoteleri, p\u00ebr t\u00eb maksimizuar potencialin e biznesit tuaj. Cil\u00ebsi dhe sh\u00ebrbim t\u00eb garantuar.","breadcrumb":{"@id":"https:\/\/italpackalbania.com\/index.php\/produkte-cilesore-per-horeca\/#breadcrumb"},"inLanguage":"en-US","potentialAction":[{"@type":"ReadAction","target":["https:\/\/italpackalbania.com\/index.php\/produkte-cilesore-per-horeca\/"]}]},{"@type":"BreadcrumbList","@id":"https:\/\/italpackalbania.com\/index.php\/produkte-cilesore-per-horeca\/#breadcrumb","itemListElement":[{"@type":"ListItem","position":1,"name":"Home","item":"https:\/\/italpackalbania.com\/"},{"@type":"ListItem","position":2,"name":"Produkte cil\u00ebsore per HORECA"}]},{"@type":"WebSite","@id":"https:\/\/italpackalbania.com\/#website","url":"https:\/\/italpackalbania.com\/","name":"Italpack Albania","description":"Aksesor\u00eb p\u00ebr hoteleri, detergjent\u00eb p\u00ebr sht\u00ebpi, hoteleri, restorante, paketime p\u00ebr delivery, ambalazhime p\u00ebr biznese","publisher":{"@id":"https:\/\/italpackalbania.com\/#organization"},"potentialAction":[{"@type":"SearchAction","target":{"@type":"EntryPoint","urlTemplate":"https:\/\/italpackalbania.com\/?s={search_term_string}"},"query-input":{"@type":"PropertyValueSpecification","valueRequired":true,"valueName":"search_term_string"}}],"inLanguage":"en-US"},{"@type":"Organization","@id":"https:\/\/italpackalbania.com\/#organization","name":"ItalPack Albania","url":"https:\/\/italpackalbania.com\/","logo":{"@type":"ImageObject","inLanguage":"en-US","@id":"https:\/\/italpackalbania.com\/#\/schema\/logo\/image\/","url":"https:\/\/italpackalbania.com\/wp-content\/uploads\/2025\/12\/cropped-italpack-logo.png","contentUrl":"https:\/\/italpackalbania.com\/wp-content\/uploads\/2025\/12\/cropped-italpack-logo.png","width":512,"height":512,"caption":"ItalPack Albania"},"image":{"@id":"https:\/\/italpackalbania.com\/#\/schema\/logo\/image\/"},"sameAs":["https:\/\/www.facebook.com\/italpack.albania.37\/","https:\/\/www.instagram.com\/italpackalbania\/"]}]}},"_links":{"self":[{"href":"https:\/\/italpackalbania.com\/index.php\/wp-json\/wp\/v2\/pages\/1253","targetHints":{"allow":["GET"]}}],"collection":[{"href":"https:\/\/italpackalbania.com\/index.php\/wp-json\/wp\/v2\/pages"}],"about":[{"href":"https:\/\/italpackalbania.com\/index.php\/wp-json\/wp\/v2\/types\/page"}],"author":[{"embeddable":true,"href":"https:\/\/italpackalbania.com\/index.php\/wp-json\/wp\/v2\/users\/2"}],"replies":[{"embeddable":true,"href":"https:\/\/italpackalbania.com\/index.php\/wp-json\/wp\/v2\/comments?post=1253"}],"version-history":[{"count":5,"href":"https:\/\/italpackalbania.com\/index.php\/wp-json\/wp\/v2\/pages\/1253\/revisions"}],"predecessor-version":[{"id":1591,"href":"https:\/\/italpackalbania.com\/index.php\/wp-json\/wp\/v2\/pages\/1253\/revisions\/1591"}],"wp:attachment":[{"href":"https:\/\/italpackalbania.com\/index.php\/wp-json\/wp\/v2\/media?parent=1253"}],"curies":[{"name":"wp","href":"https:\/\/api.w.org\/{rel}","templated":true}]}}