{"id":1276,"date":"2026-01-27T13:10:56","date_gmt":"2026-01-27T13:10:56","guid":{"rendered":"https:\/\/italpackalbania.com\/?page_id=1276"},"modified":"2026-01-27T13:10:56","modified_gmt":"2026-01-27T13:10:56","slug":"italpack-albania-paketime-ambalazhime","status":"publish","type":"page","link":"https:\/\/italpackalbania.com\/index.php\/italpack-albania-paketime-ambalazhime\/","title":{"rendered":"Italpack Albania &#8211; Paketime, Ambalazhime"},"content":{"rendered":"<p>ItalPack Albania ofron <strong data-start=\"191\" data-end=\"215\">paketime <\/strong>t\u00eb larmishme dhe t\u00eb p\u00ebrshtatura p\u00ebr \u00e7do nevoj\u00eb t\u00eb biznesit tuaj. Ne sigurojm\u00eb <strong data-start=\"297\" data-end=\"358\">paketime ushqimesh, gota, aksesor\u00eb dhe ambalazhe t\u00eb tjera<\/strong> q\u00eb mund t\u00eb jen\u00eb thelb\u00ebsore p\u00ebr bizneset q\u00eb ofrojn\u00eb <strong data-start=\"410\" data-end=\"469\">sh\u00ebrbime delivery, take-away dhe shp\u00ebrndarje produktesh<\/strong>. Me zgjidhjet tona t\u00eb personalizuara, mund t\u00eb optimizoni <strong data-start=\"527\" data-end=\"605\">logjistik\u00ebn, ruajtjen e cil\u00ebsis\u00eb s\u00eb produkteve dhe prezantimin profesional<\/strong>, duke ofruar nj\u00eb eksperienc\u00eb t\u00eb k\u00ebnaqshme p\u00ebr klient\u00ebt tuaj. Zgjidhni <strong data-start=\"676\" data-end=\"715\">paketime cil\u00ebsore p\u00ebr biznesin tuaj<\/strong> me ItalPack Albania dhe b\u00ebni q\u00eb produktet tuaja t\u00eb duken t\u00eb sigurta, elegante dhe funksionale.<\/p>\n<p>&nbsp;<\/p>\n<p>&nbsp;<\/p>\n","protected":false},"excerpt":{"rendered":"<p>ItalPack Albania ofron paketime t\u00eb larmishme dhe t\u00eb p\u00ebrshtatura p\u00ebr \u00e7do nevoj\u00eb t\u00eb biznesit tuaj. Ne sigurojm\u00eb paketime ushqimesh, gota, aksesor\u00eb dhe ambalazhe t\u00eb tjera q\u00eb mund t\u00eb jen\u00eb thelb\u00ebsore p\u00ebr bizneset q\u00eb ofrojn\u00eb sh\u00ebrbime delivery, take-away dhe shp\u00ebrndarje produktesh. Me zgjidhjet tona t\u00eb personalizuara, mund t\u00eb optimizoni logjistik\u00ebn, ruajtjen e cil\u00ebsis\u00eb s\u00eb produkteve dhe&hellip;<\/p>\n","protected":false},"author":2,"featured_media":0,"parent":0,"menu_order":0,"comment_status":"closed","ping_status":"closed","template":"","meta":{"footnotes":""},"class_list":["post-1276","page","type-page","status-publish","hentry","description-off"],"yoast_head":"<!-- This site is optimized with the Yoast SEO plugin v26.7 - https:\/\/yoast.com\/wordpress\/plugins\/seo\/ -->\n<title>Italpack Albania - Paketime, Ambalazhime - Italpack Albania<\/title>\n<meta name=\"description\" content=\"Paketime dhe Aksesor\u00eb p\u00ebr Katering &amp; Delivery\" \/>\n<meta name=\"robots\" content=\"index, follow, max-snippet:-1, max-image-preview:large, max-video-preview:-1\" \/>\n<link rel=\"canonical\" href=\"https:\/\/italpackalbania.com\/index.php\/italpack-albania-paketime-ambalazhime\/\" \/>\n<meta property=\"og:locale\" content=\"en_US\" \/>\n<meta property=\"og:type\" content=\"article\" \/>\n<meta property=\"og:title\" content=\"Italpack Albania - Paketime, Ambalazhime - Italpack Albania\" \/>\n<meta property=\"og:description\" content=\"Paketime dhe Aksesor\u00eb p\u00ebr Katering &amp; Delivery\" \/>\n<meta property=\"og:url\" content=\"https:\/\/italpackalbania.com\/index.php\/italpack-albania-paketime-ambalazhime\/\" \/>\n<meta property=\"og:site_name\" content=\"Italpack Albania\" \/>\n<meta property=\"article:publisher\" content=\"https:\/\/www.facebook.com\/italpack.albania.37\/\" \/>\n<meta property=\"og:image\" content=\"https:\/\/italpackalbania.com\/wp-content\/uploads\/2025\/12\/cropped-italpack-logo.png\" \/>\n\t<meta property=\"og:image:width\" content=\"512\" \/>\n\t<meta property=\"og:image:height\" content=\"512\" \/>\n\t<meta property=\"og:image:type\" content=\"image\/png\" \/>\n<meta name=\"twitter:card\" content=\"summary_large_image\" \/>\n<meta name=\"twitter:label1\" content=\"Est. reading time\" \/>\n\t<meta name=\"twitter:data1\" content=\"1 minute\" \/>\n<script type=\"application\/ld+json\" class=\"yoast-schema-graph\">{\"@context\":\"https:\/\/schema.org\",\"@graph\":[{\"@type\":\"WebPage\",\"@id\":\"https:\/\/italpackalbania.com\/index.php\/italpack-albania-paketime-ambalazhime\/\",\"url\":\"https:\/\/italpackalbania.com\/index.php\/italpack-albania-paketime-ambalazhime\/\",\"name\":\"Italpack Albania - Paketime, Ambalazhime - Italpack Albania\",\"isPartOf\":{\"@id\":\"https:\/\/italpackalbania.com\/#website\"},\"datePublished\":\"2026-01-27T13:10:56+00:00\",\"description\":\"Paketime dhe Aksesor\u00eb p\u00ebr Katering & Delivery\",\"breadcrumb\":{\"@id\":\"https:\/\/italpackalbania.com\/index.php\/italpack-albania-paketime-ambalazhime\/#breadcrumb\"},\"inLanguage\":\"en-US\",\"potentialAction\":[{\"@type\":\"ReadAction\",\"target\":[\"https:\/\/italpackalbania.com\/index.php\/italpack-albania-paketime-ambalazhime\/\"]}]},{\"@type\":\"BreadcrumbList\",\"@id\":\"https:\/\/italpackalbania.com\/index.php\/italpack-albania-paketime-ambalazhime\/#breadcrumb\",\"itemListElement\":[{\"@type\":\"ListItem\",\"position\":1,\"name\":\"Home\",\"item\":\"https:\/\/italpackalbania.com\/\"},{\"@type\":\"ListItem\",\"position\":2,\"name\":\"Italpack Albania &#8211; Paketime, Ambalazhime\"}]},{\"@type\":\"WebSite\",\"@id\":\"https:\/\/italpackalbania.com\/#website\",\"url\":\"https:\/\/italpackalbania.com\/\",\"name\":\"Italpack Albania\",\"description\":\"Aksesor\u00eb p\u00ebr hoteleri, detergjent\u00eb p\u00ebr sht\u00ebpi, hoteleri, restorante, paketime p\u00ebr delivery, ambalazhime p\u00ebr biznese\",\"publisher\":{\"@id\":\"https:\/\/italpackalbania.com\/#organization\"},\"potentialAction\":[{\"@type\":\"SearchAction\",\"target\":{\"@type\":\"EntryPoint\",\"urlTemplate\":\"https:\/\/italpackalbania.com\/?s={search_term_string}\"},\"query-input\":{\"@type\":\"PropertyValueSpecification\",\"valueRequired\":true,\"valueName\":\"search_term_string\"}}],\"inLanguage\":\"en-US\"},{\"@type\":\"Organization\",\"@id\":\"https:\/\/italpackalbania.com\/#organization\",\"name\":\"ItalPack Albania\",\"url\":\"https:\/\/italpackalbania.com\/\",\"logo\":{\"@type\":\"ImageObject\",\"inLanguage\":\"en-US\",\"@id\":\"https:\/\/italpackalbania.com\/#\/schema\/logo\/image\/\",\"url\":\"https:\/\/italpackalbania.com\/wp-content\/uploads\/2025\/12\/cropped-italpack-logo.png\",\"contentUrl\":\"https:\/\/italpackalbania.com\/wp-content\/uploads\/2025\/12\/cropped-italpack-logo.png\",\"width\":512,\"height\":512,\"caption\":\"ItalPack Albania\"},\"image\":{\"@id\":\"https:\/\/italpackalbania.com\/#\/schema\/logo\/image\/\"},\"sameAs\":[\"https:\/\/www.facebook.com\/italpack.albania.37\/\",\"https:\/\/www.instagram.com\/italpackalbania\/\"]}]}<\/script>\n<!-- \/ Yoast SEO plugin. -->","yoast_head_json":{"title":"Italpack Albania - Paketime, Ambalazhime - Italpack Albania","description":"Paketime dhe Aksesor\u00eb p\u00ebr Katering & Delivery","robots":{"index":"index","follow":"follow","max-snippet":"max-snippet:-1","max-image-preview":"max-image-preview:large","max-video-preview":"max-video-preview:-1"},"canonical":"https:\/\/italpackalbania.com\/index.php\/italpack-albania-paketime-ambalazhime\/","og_locale":"en_US","og_type":"article","og_title":"Italpack Albania - Paketime, Ambalazhime - Italpack Albania","og_description":"Paketime dhe Aksesor\u00eb p\u00ebr Katering & Delivery","og_url":"https:\/\/italpackalbania.com\/index.php\/italpack-albania-paketime-ambalazhime\/","og_site_name":"Italpack Albania","article_publisher":"https:\/\/www.facebook.com\/italpack.albania.37\/","og_image":[{"width":512,"height":512,"url":"https:\/\/italpackalbania.com\/wp-content\/uploads\/2025\/12\/cropped-italpack-logo.png","type":"image\/png"}],"twitter_card":"summary_large_image","twitter_misc":{"Est. reading time":"1 minute"},"schema":{"@context":"https:\/\/schema.org","@graph":[{"@type":"WebPage","@id":"https:\/\/italpackalbania.com\/index.php\/italpack-albania-paketime-ambalazhime\/","url":"https:\/\/italpackalbania.com\/index.php\/italpack-albania-paketime-ambalazhime\/","name":"Italpack Albania - Paketime, Ambalazhime - Italpack Albania","isPartOf":{"@id":"https:\/\/italpackalbania.com\/#website"},"datePublished":"2026-01-27T13:10:56+00:00","description":"Paketime dhe Aksesor\u00eb p\u00ebr Katering & Delivery","breadcrumb":{"@id":"https:\/\/italpackalbania.com\/index.php\/italpack-albania-paketime-ambalazhime\/#breadcrumb"},"inLanguage":"en-US","potentialAction":[{"@type":"ReadAction","target":["https:\/\/italpackalbania.com\/index.php\/italpack-albania-paketime-ambalazhime\/"]}]},{"@type":"BreadcrumbList","@id":"https:\/\/italpackalbania.com\/index.php\/italpack-albania-paketime-ambalazhime\/#breadcrumb","itemListElement":[{"@type":"ListItem","position":1,"name":"Home","item":"https:\/\/italpackalbania.com\/"},{"@type":"ListItem","position":2,"name":"Italpack Albania &#8211; Paketime, Ambalazhime"}]},{"@type":"WebSite","@id":"https:\/\/italpackalbania.com\/#website","url":"https:\/\/italpackalbania.com\/","name":"Italpack Albania","description":"Aksesor\u00eb p\u00ebr hoteleri, detergjent\u00eb p\u00ebr sht\u00ebpi, hoteleri, restorante, paketime p\u00ebr delivery, ambalazhime p\u00ebr biznese","publisher":{"@id":"https:\/\/italpackalbania.com\/#organization"},"potentialAction":[{"@type":"SearchAction","target":{"@type":"EntryPoint","urlTemplate":"https:\/\/italpackalbania.com\/?s={search_term_string}"},"query-input":{"@type":"PropertyValueSpecification","valueRequired":true,"valueName":"search_term_string"}}],"inLanguage":"en-US"},{"@type":"Organization","@id":"https:\/\/italpackalbania.com\/#organization","name":"ItalPack Albania","url":"https:\/\/italpackalbania.com\/","logo":{"@type":"ImageObject","inLanguage":"en-US","@id":"https:\/\/italpackalbania.com\/#\/schema\/logo\/image\/","url":"https:\/\/italpackalbania.com\/wp-content\/uploads\/2025\/12\/cropped-italpack-logo.png","contentUrl":"https:\/\/italpackalbania.com\/wp-content\/uploads\/2025\/12\/cropped-italpack-logo.png","width":512,"height":512,"caption":"ItalPack Albania"},"image":{"@id":"https:\/\/italpackalbania.com\/#\/schema\/logo\/image\/"},"sameAs":["https:\/\/www.facebook.com\/italpack.albania.37\/","https:\/\/www.instagram.com\/italpackalbania\/"]}]}},"_links":{"self":[{"href":"https:\/\/italpackalbania.com\/index.php\/wp-json\/wp\/v2\/pages\/1276","targetHints":{"allow":["GET"]}}],"collection":[{"href":"https:\/\/italpackalbania.com\/index.php\/wp-json\/wp\/v2\/pages"}],"about":[{"href":"https:\/\/italpackalbania.com\/index.php\/wp-json\/wp\/v2\/types\/page"}],"author":[{"embeddable":true,"href":"https:\/\/italpackalbania.com\/index.php\/wp-json\/wp\/v2\/users\/2"}],"replies":[{"embeddable":true,"href":"https:\/\/italpackalbania.com\/index.php\/wp-json\/wp\/v2\/comments?post=1276"}],"version-history":[{"count":1,"href":"https:\/\/italpackalbania.com\/index.php\/wp-json\/wp\/v2\/pages\/1276\/revisions"}],"predecessor-version":[{"id":1277,"href":"https:\/\/italpackalbania.com\/index.php\/wp-json\/wp\/v2\/pages\/1276\/revisions\/1277"}],"wp:attachment":[{"href":"https:\/\/italpackalbania.com\/index.php\/wp-json\/wp\/v2\/media?parent=1276"}],"curies":[{"name":"wp","href":"https:\/\/api.w.org\/{rel}","templated":true}]}}