{"id":1301,"date":"2026-01-29T10:52:22","date_gmt":"2026-01-29T10:52:22","guid":{"rendered":"https:\/\/italpackalbania.com\/?page_id=1301"},"modified":"2026-02-09T13:35:01","modified_gmt":"2026-02-09T13:35:01","slug":"detergjente","status":"publish","type":"page","link":"https:\/\/italpackalbania.com\/index.php\/detergjente\/","title":{"rendered":"Detergjent Pastrimi"},"content":{"rendered":"<p><strong data-start=\"77\" data-end=\"97\">Italpack Albania<\/strong> ofron detergjent\u00eb cil\u00ebsor\u00eb p\u00ebr pastrim dhe mir\u00ebmbajtje, t\u00eb p\u00ebrshtatsh\u00ebm p\u00ebr p\u00ebrdorim n\u00eb ambiente sht\u00ebpiake, zyra, hotele dhe restorante. Produktet tona jan\u00eb t\u00eb dizajnuara p\u00ebr pastrimin e rrobave, sip\u00ebrfaqeve dhe ambienteve t\u00eb ndryshme, duke garantuar higjien\u00eb maksimale, efikasitet dhe siguri n\u00eb p\u00ebrdorim. Fal\u00eb p\u00ebrzgjedhjes s\u00eb kujdesshme dhe standardeve t\u00eb larta t\u00eb cil\u00ebsis\u00eb, Italpack Albania siguron zgjidhje profesionale pastrimi p\u00ebr \u00e7do nevoj\u00eb, si p\u00ebr p\u00ebrdorues individual\u00eb ashtu edhe p\u00ebr biznese.Detergjent\u00eb, solucione pastrimi t\u00eb brandeve nd\u00ebrkomb\u00ebtare.<\/p>\n<p>&nbsp;<\/p>\n<p>&nbsp;<\/p>\n","protected":false},"excerpt":{"rendered":"<p>Italpack Albania ofron detergjent\u00eb cil\u00ebsor\u00eb p\u00ebr pastrim dhe mir\u00ebmbajtje, t\u00eb p\u00ebrshtatsh\u00ebm p\u00ebr p\u00ebrdorim n\u00eb ambiente sht\u00ebpiake, zyra, hotele dhe restorante. Produktet tona jan\u00eb t\u00eb dizajnuara p\u00ebr pastrimin e rrobave, sip\u00ebrfaqeve dhe ambienteve t\u00eb ndryshme, duke garantuar higjien\u00eb maksimale, efikasitet dhe siguri n\u00eb p\u00ebrdorim. Fal\u00eb p\u00ebrzgjedhjes s\u00eb kujdesshme dhe standardeve t\u00eb larta t\u00eb cil\u00ebsis\u00eb, Italpack Albania&hellip;<\/p>\n","protected":false},"author":2,"featured_media":0,"parent":0,"menu_order":0,"comment_status":"closed","ping_status":"closed","template":"","meta":{"footnotes":""},"class_list":["post-1301","page","type-page","status-publish","hentry","description-off"],"yoast_head":"<!-- This site is optimized with the Yoast SEO plugin v26.7 - https:\/\/yoast.com\/wordpress\/plugins\/seo\/ -->\n<title>Detergjent Pastrimi - Italpack Albania<\/title>\n<meta name=\"description\" content=\"Detergjent\u00eb profesional\u00eb p\u00ebr sht\u00ebpi, zyra, hotele dhe restorante.\" \/>\n<meta name=\"robots\" content=\"index, follow, max-snippet:-1, max-image-preview:large, max-video-preview:-1\" \/>\n<link rel=\"canonical\" href=\"https:\/\/italpackalbania.com\/index.php\/detergjente\/\" \/>\n<meta property=\"og:locale\" content=\"en_US\" \/>\n<meta property=\"og:type\" content=\"article\" \/>\n<meta property=\"og:title\" content=\"Detergjent Pastrimi - Italpack Albania\" \/>\n<meta property=\"og:description\" content=\"Detergjent\u00eb profesional\u00eb p\u00ebr sht\u00ebpi, zyra, hotele dhe restorante.\" \/>\n<meta property=\"og:url\" content=\"https:\/\/italpackalbania.com\/index.php\/detergjente\/\" \/>\n<meta property=\"og:site_name\" content=\"Italpack Albania\" \/>\n<meta property=\"article:publisher\" content=\"https:\/\/www.facebook.com\/italpack.albania.37\/\" \/>\n<meta property=\"article:modified_time\" content=\"2026-02-09T13:35:01+00:00\" \/>\n<meta property=\"og:image\" content=\"https:\/\/italpackalbania.com\/wp-content\/uploads\/2025\/12\/cropped-italpack-logo.png\" \/>\n\t<meta property=\"og:image:width\" content=\"512\" \/>\n\t<meta property=\"og:image:height\" content=\"512\" \/>\n\t<meta property=\"og:image:type\" content=\"image\/png\" \/>\n<meta name=\"twitter:card\" content=\"summary_large_image\" \/>\n<meta name=\"twitter:label1\" content=\"Est. reading time\" \/>\n\t<meta name=\"twitter:data1\" content=\"1 minute\" \/>\n<script type=\"application\/ld+json\" class=\"yoast-schema-graph\">{\"@context\":\"https:\/\/schema.org\",\"@graph\":[{\"@type\":\"WebPage\",\"@id\":\"https:\/\/italpackalbania.com\/index.php\/detergjente\/\",\"url\":\"https:\/\/italpackalbania.com\/index.php\/detergjente\/\",\"name\":\"Detergjent Pastrimi - Italpack Albania\",\"isPartOf\":{\"@id\":\"https:\/\/italpackalbania.com\/#website\"},\"datePublished\":\"2026-01-29T10:52:22+00:00\",\"dateModified\":\"2026-02-09T13:35:01+00:00\",\"description\":\"Detergjent\u00eb profesional\u00eb p\u00ebr sht\u00ebpi, zyra, hotele dhe restorante.\",\"breadcrumb\":{\"@id\":\"https:\/\/italpackalbania.com\/index.php\/detergjente\/#breadcrumb\"},\"inLanguage\":\"en-US\",\"potentialAction\":[{\"@type\":\"ReadAction\",\"target\":[\"https:\/\/italpackalbania.com\/index.php\/detergjente\/\"]}]},{\"@type\":\"BreadcrumbList\",\"@id\":\"https:\/\/italpackalbania.com\/index.php\/detergjente\/#breadcrumb\",\"itemListElement\":[{\"@type\":\"ListItem\",\"position\":1,\"name\":\"Home\",\"item\":\"https:\/\/italpackalbania.com\/\"},{\"@type\":\"ListItem\",\"position\":2,\"name\":\"Detergjent Pastrimi\"}]},{\"@type\":\"WebSite\",\"@id\":\"https:\/\/italpackalbania.com\/#website\",\"url\":\"https:\/\/italpackalbania.com\/\",\"name\":\"Italpack Albania\",\"description\":\"Aksesor\u00eb p\u00ebr hoteleri, detergjent\u00eb p\u00ebr sht\u00ebpi, hoteleri, restorante, paketime p\u00ebr delivery, ambalazhime p\u00ebr biznese\",\"publisher\":{\"@id\":\"https:\/\/italpackalbania.com\/#organization\"},\"potentialAction\":[{\"@type\":\"SearchAction\",\"target\":{\"@type\":\"EntryPoint\",\"urlTemplate\":\"https:\/\/italpackalbania.com\/?s={search_term_string}\"},\"query-input\":{\"@type\":\"PropertyValueSpecification\",\"valueRequired\":true,\"valueName\":\"search_term_string\"}}],\"inLanguage\":\"en-US\"},{\"@type\":\"Organization\",\"@id\":\"https:\/\/italpackalbania.com\/#organization\",\"name\":\"ItalPack Albania\",\"url\":\"https:\/\/italpackalbania.com\/\",\"logo\":{\"@type\":\"ImageObject\",\"inLanguage\":\"en-US\",\"@id\":\"https:\/\/italpackalbania.com\/#\/schema\/logo\/image\/\",\"url\":\"https:\/\/italpackalbania.com\/wp-content\/uploads\/2025\/12\/cropped-italpack-logo.png\",\"contentUrl\":\"https:\/\/italpackalbania.com\/wp-content\/uploads\/2025\/12\/cropped-italpack-logo.png\",\"width\":512,\"height\":512,\"caption\":\"ItalPack Albania\"},\"image\":{\"@id\":\"https:\/\/italpackalbania.com\/#\/schema\/logo\/image\/\"},\"sameAs\":[\"https:\/\/www.facebook.com\/italpack.albania.37\/\",\"https:\/\/www.instagram.com\/italpackalbania\/\"]}]}<\/script>\n<!-- \/ Yoast SEO plugin. -->","yoast_head_json":{"title":"Detergjent Pastrimi - Italpack Albania","description":"Detergjent\u00eb profesional\u00eb p\u00ebr sht\u00ebpi, zyra, hotele dhe restorante.","robots":{"index":"index","follow":"follow","max-snippet":"max-snippet:-1","max-image-preview":"max-image-preview:large","max-video-preview":"max-video-preview:-1"},"canonical":"https:\/\/italpackalbania.com\/index.php\/detergjente\/","og_locale":"en_US","og_type":"article","og_title":"Detergjent Pastrimi - Italpack Albania","og_description":"Detergjent\u00eb profesional\u00eb p\u00ebr sht\u00ebpi, zyra, hotele dhe restorante.","og_url":"https:\/\/italpackalbania.com\/index.php\/detergjente\/","og_site_name":"Italpack Albania","article_publisher":"https:\/\/www.facebook.com\/italpack.albania.37\/","article_modified_time":"2026-02-09T13:35:01+00:00","og_image":[{"width":512,"height":512,"url":"https:\/\/italpackalbania.com\/wp-content\/uploads\/2025\/12\/cropped-italpack-logo.png","type":"image\/png"}],"twitter_card":"summary_large_image","twitter_misc":{"Est. reading time":"1 minute"},"schema":{"@context":"https:\/\/schema.org","@graph":[{"@type":"WebPage","@id":"https:\/\/italpackalbania.com\/index.php\/detergjente\/","url":"https:\/\/italpackalbania.com\/index.php\/detergjente\/","name":"Detergjent Pastrimi - Italpack Albania","isPartOf":{"@id":"https:\/\/italpackalbania.com\/#website"},"datePublished":"2026-01-29T10:52:22+00:00","dateModified":"2026-02-09T13:35:01+00:00","description":"Detergjent\u00eb profesional\u00eb p\u00ebr sht\u00ebpi, zyra, hotele dhe restorante.","breadcrumb":{"@id":"https:\/\/italpackalbania.com\/index.php\/detergjente\/#breadcrumb"},"inLanguage":"en-US","potentialAction":[{"@type":"ReadAction","target":["https:\/\/italpackalbania.com\/index.php\/detergjente\/"]}]},{"@type":"BreadcrumbList","@id":"https:\/\/italpackalbania.com\/index.php\/detergjente\/#breadcrumb","itemListElement":[{"@type":"ListItem","position":1,"name":"Home","item":"https:\/\/italpackalbania.com\/"},{"@type":"ListItem","position":2,"name":"Detergjent Pastrimi"}]},{"@type":"WebSite","@id":"https:\/\/italpackalbania.com\/#website","url":"https:\/\/italpackalbania.com\/","name":"Italpack Albania","description":"Aksesor\u00eb p\u00ebr hoteleri, detergjent\u00eb p\u00ebr sht\u00ebpi, hoteleri, restorante, paketime p\u00ebr delivery, ambalazhime p\u00ebr biznese","publisher":{"@id":"https:\/\/italpackalbania.com\/#organization"},"potentialAction":[{"@type":"SearchAction","target":{"@type":"EntryPoint","urlTemplate":"https:\/\/italpackalbania.com\/?s={search_term_string}"},"query-input":{"@type":"PropertyValueSpecification","valueRequired":true,"valueName":"search_term_string"}}],"inLanguage":"en-US"},{"@type":"Organization","@id":"https:\/\/italpackalbania.com\/#organization","name":"ItalPack Albania","url":"https:\/\/italpackalbania.com\/","logo":{"@type":"ImageObject","inLanguage":"en-US","@id":"https:\/\/italpackalbania.com\/#\/schema\/logo\/image\/","url":"https:\/\/italpackalbania.com\/wp-content\/uploads\/2025\/12\/cropped-italpack-logo.png","contentUrl":"https:\/\/italpackalbania.com\/wp-content\/uploads\/2025\/12\/cropped-italpack-logo.png","width":512,"height":512,"caption":"ItalPack Albania"},"image":{"@id":"https:\/\/italpackalbania.com\/#\/schema\/logo\/image\/"},"sameAs":["https:\/\/www.facebook.com\/italpack.albania.37\/","https:\/\/www.instagram.com\/italpackalbania\/"]}]}},"_links":{"self":[{"href":"https:\/\/italpackalbania.com\/index.php\/wp-json\/wp\/v2\/pages\/1301","targetHints":{"allow":["GET"]}}],"collection":[{"href":"https:\/\/italpackalbania.com\/index.php\/wp-json\/wp\/v2\/pages"}],"about":[{"href":"https:\/\/italpackalbania.com\/index.php\/wp-json\/wp\/v2\/types\/page"}],"author":[{"embeddable":true,"href":"https:\/\/italpackalbania.com\/index.php\/wp-json\/wp\/v2\/users\/2"}],"replies":[{"embeddable":true,"href":"https:\/\/italpackalbania.com\/index.php\/wp-json\/wp\/v2\/comments?post=1301"}],"version-history":[{"count":5,"href":"https:\/\/italpackalbania.com\/index.php\/wp-json\/wp\/v2\/pages\/1301\/revisions"}],"predecessor-version":[{"id":1369,"href":"https:\/\/italpackalbania.com\/index.php\/wp-json\/wp\/v2\/pages\/1301\/revisions\/1369"}],"wp:attachment":[{"href":"https:\/\/italpackalbania.com\/index.php\/wp-json\/wp\/v2\/media?parent=1301"}],"curies":[{"name":"wp","href":"https:\/\/api.w.org\/{rel}","templated":true}]}}