{"id":1505,"date":"2026-02-19T13:51:10","date_gmt":"2026-02-19T13:51:10","guid":{"rendered":"https:\/\/italpackalbania.com\/?page_id=1505"},"modified":"2026-03-25T10:36:13","modified_gmt":"2026-03-25T10:36:13","slug":"per-supermarkete","status":"publish","type":"page","link":"https:\/\/italpackalbania.com\/index.php\/per-supermarkete\/","title":{"rendered":"P\u00ebr supermarkete"},"content":{"rendered":"<div class=\"wpb-content-wrapper\"><div class=\"vc_row wpb_row vc_row-fluid\"><div class=\"wpb_column vc_column_container vc_col-sm-12\"><div class=\"vc_column-inner \"><div class=\"wpb_wrapper\">\n\t<div class=\"wpb_text_column wpb_content_element \" >\n\t\t<div class=\"wpb_wrapper\">\n\t\t\t<h2 style=\"text-align: left;\">Doreza Nitril<\/h2>\n\n\t\t<\/div>\n\t<\/div>\n<\/div><\/div><\/div><div class=\"wpb_column vc_column_container vc_col-sm-2\"><div class=\"vc_column-inner \"><div class=\"wpb_wrapper\">\n\t<div  class=\"wpb_single_image wpb_content_element vc_align_center\">\n\t\t\n\t\t<figure class=\"wpb_wrapper vc_figure\">\n\t\t\t<div class=\"vc_single_image-wrapper   vc_box_border_grey\"><img loading=\"lazy\" decoding=\"async\" width=\"600\" height=\"600\" src=\"https:\/\/italpackalbania.com\/wp-content\/uploads\/2026\/02\/doreza-nitril.png\" class=\"vc_single_image-img attachment-full\" alt=\"\" title=\"doreza nitril\" srcset=\"https:\/\/italpackalbania.com\/wp-content\/uploads\/2026\/02\/doreza-nitril.png 600w, https:\/\/italpackalbania.com\/wp-content\/uploads\/2026\/02\/doreza-nitril-300x300.png 300w, https:\/\/italpackalbania.com\/wp-content\/uploads\/2026\/02\/doreza-nitril-150x150.png 150w, https:\/\/italpackalbania.com\/wp-content\/uploads\/2026\/02\/doreza-nitril-12x12.png 12w, https:\/\/italpackalbania.com\/wp-content\/uploads\/2026\/02\/doreza-nitril-200x200.png 200w\" sizes=\"auto, (max-width: 600px) 100vw, 600px\"  data-dt-location=\"https:\/\/italpackalbania.com\/index.php\/per-supermarkete\/doreza-nitril\/\" \/><\/div>\n\t\t<\/figure>\n\t<\/div>\n<\/div><\/div><\/div><div class=\"wpb_column vc_column_container vc_col-sm-2\"><div class=\"vc_column-inner \"><div class=\"wpb_wrapper\">\n\t<div  class=\"wpb_single_image wpb_content_element vc_align_center\">\n\t\t\n\t\t<figure class=\"wpb_wrapper vc_figure\">\n\t\t\t<div class=\"vc_single_image-wrapper   vc_box_border_grey\"><img loading=\"lazy\" decoding=\"async\" width=\"600\" height=\"600\" src=\"https:\/\/italpackalbania.com\/wp-content\/uploads\/2026\/02\/doreza-nitrili.png\" class=\"vc_single_image-img attachment-full\" alt=\"\" title=\"doreza nitrili\" srcset=\"https:\/\/italpackalbania.com\/wp-content\/uploads\/2026\/02\/doreza-nitrili.png 600w, https:\/\/italpackalbania.com\/wp-content\/uploads\/2026\/02\/doreza-nitrili-300x300.png 300w, https:\/\/italpackalbania.com\/wp-content\/uploads\/2026\/02\/doreza-nitrili-150x150.png 150w, https:\/\/italpackalbania.com\/wp-content\/uploads\/2026\/02\/doreza-nitrili-12x12.png 12w, https:\/\/italpackalbania.com\/wp-content\/uploads\/2026\/02\/doreza-nitrili-200x200.png 200w\" sizes=\"auto, (max-width: 600px) 100vw, 600px\"  data-dt-location=\"https:\/\/italpackalbania.com\/index.php\/per-supermarkete\/doreza-nitrili\/\" \/><\/div>\n\t\t<\/figure>\n\t<\/div>\n<\/div><\/div><\/div><div class=\"wpb_column vc_column_container vc_col-sm-2\"><div class=\"vc_column-inner \"><div class=\"wpb_wrapper\">\n\t<div  class=\"wpb_single_image wpb_content_element vc_align_center\">\n\t\t\n\t\t<figure class=\"wpb_wrapper vc_figure\">\n\t\t\t<div class=\"vc_single_image-wrapper   vc_box_border_grey\"><img loading=\"lazy\" decoding=\"async\" width=\"600\" height=\"600\" src=\"https:\/\/italpackalbania.com\/wp-content\/uploads\/2026\/02\/doreza-te-bardha.png\" class=\"vc_single_image-img attachment-full\" alt=\"\" title=\"doreza te bardha\" srcset=\"https:\/\/italpackalbania.com\/wp-content\/uploads\/2026\/02\/doreza-te-bardha.png 600w, https:\/\/italpackalbania.com\/wp-content\/uploads\/2026\/02\/doreza-te-bardha-300x300.png 300w, https:\/\/italpackalbania.com\/wp-content\/uploads\/2026\/02\/doreza-te-bardha-150x150.png 150w, https:\/\/italpackalbania.com\/wp-content\/uploads\/2026\/02\/doreza-te-bardha-12x12.png 12w, https:\/\/italpackalbania.com\/wp-content\/uploads\/2026\/02\/doreza-te-bardha-200x200.png 200w\" sizes=\"auto, (max-width: 600px) 100vw, 600px\"  data-dt-location=\"https:\/\/italpackalbania.com\/index.php\/per-supermarkete\/doreza-te-bardha\/\" \/><\/div>\n\t\t<\/figure>\n\t<\/div>\n<\/div><\/div><\/div><div class=\"wpb_column vc_column_container vc_col-sm-2\"><div class=\"vc_column-inner \"><div class=\"wpb_wrapper\">\n\t<div  class=\"wpb_single_image wpb_content_element vc_align_center\">\n\t\t\n\t\t<figure class=\"wpb_wrapper vc_figure\">\n\t\t\t<div class=\"vc_single_image-wrapper   vc_box_border_grey\"><img loading=\"lazy\" decoding=\"async\" width=\"600\" height=\"600\" src=\"https:\/\/italpackalbania.com\/wp-content\/uploads\/2026\/02\/doreza-te-zeza.png\" class=\"vc_single_image-img attachment-full\" alt=\"\" title=\"doreza te zeza\" srcset=\"https:\/\/italpackalbania.com\/wp-content\/uploads\/2026\/02\/doreza-te-zeza.png 600w, https:\/\/italpackalbania.com\/wp-content\/uploads\/2026\/02\/doreza-te-zeza-300x300.png 300w, https:\/\/italpackalbania.com\/wp-content\/uploads\/2026\/02\/doreza-te-zeza-150x150.png 150w, https:\/\/italpackalbania.com\/wp-content\/uploads\/2026\/02\/doreza-te-zeza-12x12.png 12w, https:\/\/italpackalbania.com\/wp-content\/uploads\/2026\/02\/doreza-te-zeza-200x200.png 200w\" sizes=\"auto, (max-width: 600px) 100vw, 600px\"  data-dt-location=\"https:\/\/italpackalbania.com\/index.php\/per-supermarkete\/doreza-te-zeza\/\" \/><\/div>\n\t\t<\/figure>\n\t<\/div>\n<\/div><\/div><\/div><div class=\"wpb_column vc_column_container vc_col-sm-2\"><div class=\"vc_column-inner \"><div class=\"wpb_wrapper\"><\/div><\/div><\/div><div class=\"wpb_column vc_column_container vc_col-sm-2\"><div class=\"vc_column-inner \"><div class=\"wpb_wrapper\"><\/div><\/div><\/div><\/div><div class=\"vc_row wpb_row vc_row-fluid\"><div class=\"wpb_column vc_column_container vc_col-sm-12\"><div class=\"vc_column-inner \"><div class=\"wpb_wrapper\">\n\t<div class=\"wpb_text_column wpb_content_element \" >\n\t\t<div class=\"wpb_wrapper\">\n\t\t\t<h2 style=\"text-align: left;\">Stikadent<\/h2>\n\n\t\t<\/div>\n\t<\/div>\n<\/div><\/div><\/div><div class=\"wpb_column vc_column_container vc_col-sm-2\"><div class=\"vc_column-inner \"><div class=\"wpb_wrapper\">\n\t<div  class=\"wpb_single_image wpb_content_element vc_align_center\">\n\t\t\n\t\t<figure class=\"wpb_wrapper vc_figure\">\n\t\t\t<div class=\"vc_single_image-wrapper   vc_box_border_grey\"><img loading=\"lazy\" decoding=\"async\" width=\"1080\" height=\"1350\" src=\"https:\/\/italpackalbania.com\/wp-content\/uploads\/2026\/03\/stikadent.png\" class=\"vc_single_image-img attachment-full\" alt=\"\" title=\"stikadent\" srcset=\"https:\/\/italpackalbania.com\/wp-content\/uploads\/2026\/03\/stikadent.png 1080w, https:\/\/italpackalbania.com\/wp-content\/uploads\/2026\/03\/stikadent-240x300.png 240w, https:\/\/italpackalbania.com\/wp-content\/uploads\/2026\/03\/stikadent-819x1024.png 819w, https:\/\/italpackalbania.com\/wp-content\/uploads\/2026\/03\/stikadent-768x960.png 768w, https:\/\/italpackalbania.com\/wp-content\/uploads\/2026\/03\/stikadent-10x12.png 10w, https:\/\/italpackalbania.com\/wp-content\/uploads\/2026\/03\/stikadent-600x750.png 600w\" sizes=\"auto, (max-width: 1080px) 100vw, 1080px\"  data-dt-location=\"https:\/\/italpackalbania.com\/index.php\/per-supermarkete\/stikadent\/\" \/><\/div>\n\t\t<\/figure>\n\t<\/div>\n<\/div><\/div><\/div><div class=\"wpb_column vc_column_container vc_col-sm-2\"><div class=\"vc_column-inner \"><div class=\"wpb_wrapper\">\n\t<div  class=\"wpb_single_image wpb_content_element vc_align_center\">\n\t\t\n\t\t<figure class=\"wpb_wrapper vc_figure\">\n\t\t\t<div class=\"vc_single_image-wrapper   vc_box_border_grey\"><img loading=\"lazy\" decoding=\"async\" width=\"1080\" height=\"1350\" src=\"https:\/\/italpackalbania.com\/wp-content\/uploads\/2026\/03\/stikadent-2.png\" class=\"vc_single_image-img attachment-full\" alt=\"\" title=\"stikadent 2\" srcset=\"https:\/\/italpackalbania.com\/wp-content\/uploads\/2026\/03\/stikadent-2.png 1080w, https:\/\/italpackalbania.com\/wp-content\/uploads\/2026\/03\/stikadent-2-240x300.png 240w, https:\/\/italpackalbania.com\/wp-content\/uploads\/2026\/03\/stikadent-2-819x1024.png 819w, https:\/\/italpackalbania.com\/wp-content\/uploads\/2026\/03\/stikadent-2-768x960.png 768w, https:\/\/italpackalbania.com\/wp-content\/uploads\/2026\/03\/stikadent-2-10x12.png 10w, https:\/\/italpackalbania.com\/wp-content\/uploads\/2026\/03\/stikadent-2-600x750.png 600w\" sizes=\"auto, (max-width: 1080px) 100vw, 1080px\"  data-dt-location=\"https:\/\/italpackalbania.com\/index.php\/per-supermarkete\/stikadent-2\/\" \/><\/div>\n\t\t<\/figure>\n\t<\/div>\n<\/div><\/div><\/div><div class=\"wpb_column vc_column_container vc_col-sm-2\"><div class=\"vc_column-inner \"><div class=\"wpb_wrapper\"><\/div><\/div><\/div><div class=\"wpb_column vc_column_container vc_col-sm-2\"><div class=\"vc_column-inner \"><div class=\"wpb_wrapper\"><\/div><\/div><\/div><div class=\"wpb_column vc_column_container vc_col-sm-2\"><div class=\"vc_column-inner \"><div class=\"wpb_wrapper\"><\/div><\/div><\/div><div class=\"wpb_column vc_column_container vc_col-sm-2\"><div class=\"vc_column-inner \"><div class=\"wpb_wrapper\"><\/div><\/div><\/div><\/div><div class=\"vc_row wpb_row vc_row-fluid\"><div class=\"wpb_column vc_column_container vc_col-sm-12\"><div class=\"vc_column-inner \"><div class=\"wpb_wrapper\">\n\t<div class=\"wpb_text_column wpb_content_element \" >\n\t\t<div class=\"wpb_wrapper\">\n\t\t\t<h2 style=\"text-align: left;\">Pelikul<\/h2>\n\n\t\t<\/div>\n\t<\/div>\n<\/div><\/div><\/div><div class=\"wpb_column vc_column_container vc_col-sm-2\"><div class=\"vc_column-inner \"><div class=\"wpb_wrapper\">\n\t<div  class=\"wpb_single_image wpb_content_element vc_align_center\">\n\t\t\n\t\t<figure class=\"wpb_wrapper vc_figure\">\n\t\t\t<div class=\"vc_single_image-wrapper   vc_box_border_grey\"><img loading=\"lazy\" decoding=\"async\" width=\"600\" height=\"600\" src=\"https:\/\/italpackalbania.com\/wp-content\/uploads\/2026\/02\/pelikul-alumini.png\" class=\"vc_single_image-img attachment-full\" alt=\"\" title=\"pelikul alumini\" srcset=\"https:\/\/italpackalbania.com\/wp-content\/uploads\/2026\/02\/pelikul-alumini.png 600w, https:\/\/italpackalbania.com\/wp-content\/uploads\/2026\/02\/pelikul-alumini-300x300.png 300w, https:\/\/italpackalbania.com\/wp-content\/uploads\/2026\/02\/pelikul-alumini-150x150.png 150w, https:\/\/italpackalbania.com\/wp-content\/uploads\/2026\/02\/pelikul-alumini-12x12.png 12w, https:\/\/italpackalbania.com\/wp-content\/uploads\/2026\/02\/pelikul-alumini-200x200.png 200w\" sizes=\"auto, (max-width: 600px) 100vw, 600px\"  data-dt-location=\"https:\/\/italpackalbania.com\/index.php\/per-supermarkete\/pelikul-alumini\/\" \/><\/div>\n\t\t<\/figure>\n\t<\/div>\n<\/div><\/div><\/div><div class=\"wpb_column vc_column_container vc_col-sm-2\"><div class=\"vc_column-inner \"><div class=\"wpb_wrapper\">\n\t<div  class=\"wpb_single_image wpb_content_element vc_align_center\">\n\t\t\n\t\t<figure class=\"wpb_wrapper vc_figure\">\n\t\t\t<div class=\"vc_single_image-wrapper   vc_box_border_grey\"><img loading=\"lazy\" decoding=\"async\" width=\"600\" height=\"600\" src=\"https:\/\/italpackalbania.com\/wp-content\/uploads\/2026\/02\/pelikul-ushqimi.png\" class=\"vc_single_image-img attachment-full\" alt=\"\" title=\"pelikul ushqimi\" srcset=\"https:\/\/italpackalbania.com\/wp-content\/uploads\/2026\/02\/pelikul-ushqimi.png 600w, https:\/\/italpackalbania.com\/wp-content\/uploads\/2026\/02\/pelikul-ushqimi-300x300.png 300w, https:\/\/italpackalbania.com\/wp-content\/uploads\/2026\/02\/pelikul-ushqimi-150x150.png 150w, https:\/\/italpackalbania.com\/wp-content\/uploads\/2026\/02\/pelikul-ushqimi-12x12.png 12w, https:\/\/italpackalbania.com\/wp-content\/uploads\/2026\/02\/pelikul-ushqimi-200x200.png 200w\" sizes=\"auto, (max-width: 600px) 100vw, 600px\"  data-dt-location=\"https:\/\/italpackalbania.com\/index.php\/per-supermarkete\/pelikul-ushqimi\/\" \/><\/div>\n\t\t<\/figure>\n\t<\/div>\n<\/div><\/div><\/div><div class=\"wpb_column vc_column_container vc_col-sm-2\"><div class=\"vc_column-inner \"><div class=\"wpb_wrapper\">\n\t<div  class=\"wpb_single_image wpb_content_element vc_align_center\">\n\t\t\n\t\t<figure class=\"wpb_wrapper vc_figure\">\n\t\t\t<div class=\"vc_single_image-wrapper   vc_box_border_grey\"><img loading=\"lazy\" decoding=\"async\" width=\"600\" height=\"600\" src=\"https:\/\/italpackalbania.com\/wp-content\/uploads\/2026\/02\/pelikula.png\" class=\"vc_single_image-img attachment-full\" alt=\"\" title=\"pelikula\" srcset=\"https:\/\/italpackalbania.com\/wp-content\/uploads\/2026\/02\/pelikula.png 600w, https:\/\/italpackalbania.com\/wp-content\/uploads\/2026\/02\/pelikula-300x300.png 300w, https:\/\/italpackalbania.com\/wp-content\/uploads\/2026\/02\/pelikula-150x150.png 150w, https:\/\/italpackalbania.com\/wp-content\/uploads\/2026\/02\/pelikula-12x12.png 12w, https:\/\/italpackalbania.com\/wp-content\/uploads\/2026\/02\/pelikula-200x200.png 200w\" sizes=\"auto, (max-width: 600px) 100vw, 600px\"  data-dt-location=\"https:\/\/italpackalbania.com\/index.php\/per-supermarkete\/pelikula\/\" \/><\/div>\n\t\t<\/figure>\n\t<\/div>\n<\/div><\/div><\/div><div class=\"wpb_column vc_column_container vc_col-sm-2\"><div class=\"vc_column-inner \"><div class=\"wpb_wrapper\">\n\t<div  class=\"wpb_single_image wpb_content_element vc_align_center\">\n\t\t\n\t\t<figure class=\"wpb_wrapper vc_figure\">\n\t\t\t<div class=\"vc_single_image-wrapper   vc_box_border_grey\"><img loading=\"lazy\" decoding=\"async\" width=\"600\" height=\"600\" src=\"https:\/\/italpackalbania.com\/wp-content\/uploads\/2026\/02\/pelikul.png\" class=\"vc_single_image-img attachment-full\" alt=\"\" title=\"pelikul\" srcset=\"https:\/\/italpackalbania.com\/wp-content\/uploads\/2026\/02\/pelikul.png 600w, https:\/\/italpackalbania.com\/wp-content\/uploads\/2026\/02\/pelikul-300x300.png 300w, https:\/\/italpackalbania.com\/wp-content\/uploads\/2026\/02\/pelikul-150x150.png 150w, https:\/\/italpackalbania.com\/wp-content\/uploads\/2026\/02\/pelikul-12x12.png 12w, https:\/\/italpackalbania.com\/wp-content\/uploads\/2026\/02\/pelikul-200x200.png 200w\" sizes=\"auto, (max-width: 600px) 100vw, 600px\"  data-dt-location=\"https:\/\/italpackalbania.com\/index.php\/per-supermarkete\/pelikul\/\" \/><\/div>\n\t\t<\/figure>\n\t<\/div>\n<\/div><\/div><\/div><div class=\"wpb_column vc_column_container vc_col-sm-2\"><div class=\"vc_column-inner \"><div class=\"wpb_wrapper\">\n\t<div  class=\"wpb_single_image wpb_content_element vc_align_center\">\n\t\t\n\t\t<figure class=\"wpb_wrapper vc_figure\">\n\t\t\t<div class=\"vc_single_image-wrapper   vc_box_border_grey\"><img loading=\"lazy\" decoding=\"async\" width=\"600\" height=\"600\" src=\"https:\/\/italpackalbania.com\/wp-content\/uploads\/2026\/02\/pelikul-ushqimi-2.png\" class=\"vc_single_image-img attachment-full\" alt=\"\" title=\"pelikul ushqimi (2)\" srcset=\"https:\/\/italpackalbania.com\/wp-content\/uploads\/2026\/02\/pelikul-ushqimi-2.png 600w, https:\/\/italpackalbania.com\/wp-content\/uploads\/2026\/02\/pelikul-ushqimi-2-300x300.png 300w, https:\/\/italpackalbania.com\/wp-content\/uploads\/2026\/02\/pelikul-ushqimi-2-150x150.png 150w, https:\/\/italpackalbania.com\/wp-content\/uploads\/2026\/02\/pelikul-ushqimi-2-12x12.png 12w, https:\/\/italpackalbania.com\/wp-content\/uploads\/2026\/02\/pelikul-ushqimi-2-200x200.png 200w\" sizes=\"auto, (max-width: 600px) 100vw, 600px\"  data-dt-location=\"https:\/\/italpackalbania.com\/index.php\/per-supermarkete\/pelikul-ushqimi-2\/\" \/><\/div>\n\t\t<\/figure>\n\t<\/div>\n<\/div><\/div><\/div><div class=\"wpb_column vc_column_container vc_col-sm-2\"><div class=\"vc_column-inner \"><div class=\"wpb_wrapper\"><\/div><\/div><\/div><\/div><div class=\"vc_row wpb_row vc_row-fluid\"><div class=\"wpb_column vc_column_container vc_col-sm-12\"><div class=\"vc_column-inner \"><div class=\"wpb_wrapper\">\n\t<div class=\"wpb_text_column wpb_content_element \" >\n\t\t<div class=\"wpb_wrapper\">\n\t\t\t<p>Kompania \u201cItalPack Albania\u201d sjell nj\u00eb<strong>\u00a0risi produktesh<\/strong> n\u00eb treg p\u00ebr cdo lloj strukture biznesi.<br \/>\nMisioni yn\u00eb \u00ebsht\u00eb i bazuar n\u00eb cil\u00ebsi, sh\u00ebrbim,korrekt\u00ebsi,asistenc\u00eb teknike p\u00ebr t\u00eb gjith\u00eb klient\u00ebt tan\u00eb.<br \/>\nNe vler\u00ebsojm\u00eb besimin e klient\u00ebve tan\u00eb,ndaj dhe partner\u00ebt q\u00eb ne zgjedhim t\u00eb bashk\u00ebpunojm\u00eb jan\u00eb m\u00eb t\u00eb suksesshmit n\u00eb tregun europian.<\/p>\n\n\t\t<\/div>\n\t<\/div>\n<\/div><\/div><\/div><\/div>\n<\/div>","protected":false},"excerpt":{"rendered":"<p>Doreza Nitril Stikadent Pelikul Kompania \u201cItalPack Albania\u201d sjell nj\u00eb\u00a0risi produktesh n\u00eb treg p\u00ebr cdo lloj strukture biznesi. Misioni yn\u00eb \u00ebsht\u00eb i bazuar n\u00eb cil\u00ebsi, sh\u00ebrbim,korrekt\u00ebsi,asistenc\u00eb teknike p\u00ebr t\u00eb gjith\u00eb klient\u00ebt tan\u00eb. Ne vler\u00ebsojm\u00eb besimin e klient\u00ebve tan\u00eb,ndaj dhe partner\u00ebt q\u00eb ne zgjedhim t\u00eb bashk\u00ebpunojm\u00eb jan\u00eb m\u00eb t\u00eb suksesshmit n\u00eb tregun europian.<\/p>\n","protected":false},"author":2,"featured_media":0,"parent":0,"menu_order":0,"comment_status":"closed","ping_status":"closed","template":"","meta":{"footnotes":""},"class_list":["post-1505","page","type-page","status-publish","hentry","description-off"],"yoast_head":"<!-- This site is optimized with the Yoast SEO plugin v26.7 - https:\/\/yoast.com\/wordpress\/plugins\/seo\/ -->\n<title>P\u00ebr supermarkete - Italpack Albania<\/title>\n<meta name=\"description\" content=\"ItalPack Albania ofron aksesor\u00eb premium p\u00ebr hoteleri, p\u00ebr t\u00eb maksimizuar potencialin e biznesit tuaj. Cil\u00ebsi dhe sh\u00ebrbim t\u00eb garantuar.\" \/>\n<meta name=\"robots\" content=\"index, follow, max-snippet:-1, max-image-preview:large, max-video-preview:-1\" \/>\n<link rel=\"canonical\" href=\"https:\/\/italpackalbania.com\/index.php\/per-supermarkete\/\" \/>\n<meta property=\"og:locale\" content=\"en_US\" \/>\n<meta property=\"og:type\" content=\"article\" \/>\n<meta property=\"og:title\" content=\"P\u00ebr supermarkete - Italpack Albania\" \/>\n<meta property=\"og:description\" content=\"ItalPack Albania ofron aksesor\u00eb premium p\u00ebr hoteleri, p\u00ebr t\u00eb maksimizuar potencialin e biznesit tuaj. Cil\u00ebsi dhe sh\u00ebrbim t\u00eb garantuar.\" \/>\n<meta property=\"og:url\" content=\"https:\/\/italpackalbania.com\/index.php\/per-supermarkete\/\" \/>\n<meta property=\"og:site_name\" content=\"Italpack Albania\" \/>\n<meta property=\"article:publisher\" content=\"https:\/\/www.facebook.com\/italpack.albania.37\/\" \/>\n<meta property=\"article:modified_time\" content=\"2026-03-25T10:36:13+00:00\" \/>\n<meta property=\"og:image\" content=\"https:\/\/italpackalbania.com\/wp-content\/uploads\/2025\/12\/cropped-italpack-logo.png\" \/>\n\t<meta property=\"og:image:width\" content=\"512\" \/>\n\t<meta property=\"og:image:height\" content=\"512\" \/>\n\t<meta property=\"og:image:type\" content=\"image\/png\" \/>\n<meta name=\"twitter:card\" content=\"summary_large_image\" \/>\n<meta name=\"twitter:label1\" content=\"Est. reading time\" \/>\n\t<meta name=\"twitter:data1\" content=\"1 minute\" \/>\n<script type=\"application\/ld+json\" class=\"yoast-schema-graph\">{\"@context\":\"https:\/\/schema.org\",\"@graph\":[{\"@type\":\"WebPage\",\"@id\":\"https:\/\/italpackalbania.com\/index.php\/per-supermarkete\/\",\"url\":\"https:\/\/italpackalbania.com\/index.php\/per-supermarkete\/\",\"name\":\"P\u00ebr supermarkete - Italpack Albania\",\"isPartOf\":{\"@id\":\"https:\/\/italpackalbania.com\/#website\"},\"datePublished\":\"2026-02-19T13:51:10+00:00\",\"dateModified\":\"2026-03-25T10:36:13+00:00\",\"description\":\"ItalPack Albania ofron aksesor\u00eb premium p\u00ebr hoteleri, p\u00ebr t\u00eb maksimizuar potencialin e biznesit tuaj. Cil\u00ebsi dhe sh\u00ebrbim t\u00eb garantuar.\",\"breadcrumb\":{\"@id\":\"https:\/\/italpackalbania.com\/index.php\/per-supermarkete\/#breadcrumb\"},\"inLanguage\":\"en-US\",\"potentialAction\":[{\"@type\":\"ReadAction\",\"target\":[\"https:\/\/italpackalbania.com\/index.php\/per-supermarkete\/\"]}]},{\"@type\":\"BreadcrumbList\",\"@id\":\"https:\/\/italpackalbania.com\/index.php\/per-supermarkete\/#breadcrumb\",\"itemListElement\":[{\"@type\":\"ListItem\",\"position\":1,\"name\":\"Home\",\"item\":\"https:\/\/italpackalbania.com\/\"},{\"@type\":\"ListItem\",\"position\":2,\"name\":\"P\u00ebr supermarkete\"}]},{\"@type\":\"WebSite\",\"@id\":\"https:\/\/italpackalbania.com\/#website\",\"url\":\"https:\/\/italpackalbania.com\/\",\"name\":\"Italpack Albania\",\"description\":\"Aksesor\u00eb p\u00ebr hoteleri, detergjent\u00eb p\u00ebr sht\u00ebpi, hoteleri, restorante, paketime p\u00ebr delivery, ambalazhime p\u00ebr biznese\",\"publisher\":{\"@id\":\"https:\/\/italpackalbania.com\/#organization\"},\"potentialAction\":[{\"@type\":\"SearchAction\",\"target\":{\"@type\":\"EntryPoint\",\"urlTemplate\":\"https:\/\/italpackalbania.com\/?s={search_term_string}\"},\"query-input\":{\"@type\":\"PropertyValueSpecification\",\"valueRequired\":true,\"valueName\":\"search_term_string\"}}],\"inLanguage\":\"en-US\"},{\"@type\":\"Organization\",\"@id\":\"https:\/\/italpackalbania.com\/#organization\",\"name\":\"ItalPack Albania\",\"url\":\"https:\/\/italpackalbania.com\/\",\"logo\":{\"@type\":\"ImageObject\",\"inLanguage\":\"en-US\",\"@id\":\"https:\/\/italpackalbania.com\/#\/schema\/logo\/image\/\",\"url\":\"https:\/\/italpackalbania.com\/wp-content\/uploads\/2025\/12\/cropped-italpack-logo.png\",\"contentUrl\":\"https:\/\/italpackalbania.com\/wp-content\/uploads\/2025\/12\/cropped-italpack-logo.png\",\"width\":512,\"height\":512,\"caption\":\"ItalPack Albania\"},\"image\":{\"@id\":\"https:\/\/italpackalbania.com\/#\/schema\/logo\/image\/\"},\"sameAs\":[\"https:\/\/www.facebook.com\/italpack.albania.37\/\",\"https:\/\/www.instagram.com\/italpackalbania\/\"]}]}<\/script>\n<!-- \/ Yoast SEO plugin. -->","yoast_head_json":{"title":"P\u00ebr supermarkete - Italpack Albania","description":"ItalPack Albania ofron aksesor\u00eb premium p\u00ebr hoteleri, p\u00ebr t\u00eb maksimizuar potencialin e biznesit tuaj. Cil\u00ebsi dhe sh\u00ebrbim t\u00eb garantuar.","robots":{"index":"index","follow":"follow","max-snippet":"max-snippet:-1","max-image-preview":"max-image-preview:large","max-video-preview":"max-video-preview:-1"},"canonical":"https:\/\/italpackalbania.com\/index.php\/per-supermarkete\/","og_locale":"en_US","og_type":"article","og_title":"P\u00ebr supermarkete - Italpack Albania","og_description":"ItalPack Albania ofron aksesor\u00eb premium p\u00ebr hoteleri, p\u00ebr t\u00eb maksimizuar potencialin e biznesit tuaj. Cil\u00ebsi dhe sh\u00ebrbim t\u00eb garantuar.","og_url":"https:\/\/italpackalbania.com\/index.php\/per-supermarkete\/","og_site_name":"Italpack Albania","article_publisher":"https:\/\/www.facebook.com\/italpack.albania.37\/","article_modified_time":"2026-03-25T10:36:13+00:00","og_image":[{"width":512,"height":512,"url":"https:\/\/italpackalbania.com\/wp-content\/uploads\/2025\/12\/cropped-italpack-logo.png","type":"image\/png"}],"twitter_card":"summary_large_image","twitter_misc":{"Est. reading time":"1 minute"},"schema":{"@context":"https:\/\/schema.org","@graph":[{"@type":"WebPage","@id":"https:\/\/italpackalbania.com\/index.php\/per-supermarkete\/","url":"https:\/\/italpackalbania.com\/index.php\/per-supermarkete\/","name":"P\u00ebr supermarkete - Italpack Albania","isPartOf":{"@id":"https:\/\/italpackalbania.com\/#website"},"datePublished":"2026-02-19T13:51:10+00:00","dateModified":"2026-03-25T10:36:13+00:00","description":"ItalPack Albania ofron aksesor\u00eb premium p\u00ebr hoteleri, p\u00ebr t\u00eb maksimizuar potencialin e biznesit tuaj. Cil\u00ebsi dhe sh\u00ebrbim t\u00eb garantuar.","breadcrumb":{"@id":"https:\/\/italpackalbania.com\/index.php\/per-supermarkete\/#breadcrumb"},"inLanguage":"en-US","potentialAction":[{"@type":"ReadAction","target":["https:\/\/italpackalbania.com\/index.php\/per-supermarkete\/"]}]},{"@type":"BreadcrumbList","@id":"https:\/\/italpackalbania.com\/index.php\/per-supermarkete\/#breadcrumb","itemListElement":[{"@type":"ListItem","position":1,"name":"Home","item":"https:\/\/italpackalbania.com\/"},{"@type":"ListItem","position":2,"name":"P\u00ebr supermarkete"}]},{"@type":"WebSite","@id":"https:\/\/italpackalbania.com\/#website","url":"https:\/\/italpackalbania.com\/","name":"Italpack Albania","description":"Aksesor\u00eb p\u00ebr hoteleri, detergjent\u00eb p\u00ebr sht\u00ebpi, hoteleri, restorante, paketime p\u00ebr delivery, ambalazhime p\u00ebr biznese","publisher":{"@id":"https:\/\/italpackalbania.com\/#organization"},"potentialAction":[{"@type":"SearchAction","target":{"@type":"EntryPoint","urlTemplate":"https:\/\/italpackalbania.com\/?s={search_term_string}"},"query-input":{"@type":"PropertyValueSpecification","valueRequired":true,"valueName":"search_term_string"}}],"inLanguage":"en-US"},{"@type":"Organization","@id":"https:\/\/italpackalbania.com\/#organization","name":"ItalPack Albania","url":"https:\/\/italpackalbania.com\/","logo":{"@type":"ImageObject","inLanguage":"en-US","@id":"https:\/\/italpackalbania.com\/#\/schema\/logo\/image\/","url":"https:\/\/italpackalbania.com\/wp-content\/uploads\/2025\/12\/cropped-italpack-logo.png","contentUrl":"https:\/\/italpackalbania.com\/wp-content\/uploads\/2025\/12\/cropped-italpack-logo.png","width":512,"height":512,"caption":"ItalPack Albania"},"image":{"@id":"https:\/\/italpackalbania.com\/#\/schema\/logo\/image\/"},"sameAs":["https:\/\/www.facebook.com\/italpack.albania.37\/","https:\/\/www.instagram.com\/italpackalbania\/"]}]}},"_links":{"self":[{"href":"https:\/\/italpackalbania.com\/index.php\/wp-json\/wp\/v2\/pages\/1505","targetHints":{"allow":["GET"]}}],"collection":[{"href":"https:\/\/italpackalbania.com\/index.php\/wp-json\/wp\/v2\/pages"}],"about":[{"href":"https:\/\/italpackalbania.com\/index.php\/wp-json\/wp\/v2\/types\/page"}],"author":[{"embeddable":true,"href":"https:\/\/italpackalbania.com\/index.php\/wp-json\/wp\/v2\/users\/2"}],"replies":[{"embeddable":true,"href":"https:\/\/italpackalbania.com\/index.php\/wp-json\/wp\/v2\/comments?post=1505"}],"version-history":[{"count":6,"href":"https:\/\/italpackalbania.com\/index.php\/wp-json\/wp\/v2\/pages\/1505\/revisions"}],"predecessor-version":[{"id":1611,"href":"https:\/\/italpackalbania.com\/index.php\/wp-json\/wp\/v2\/pages\/1505\/revisions\/1611"}],"wp:attachment":[{"href":"https:\/\/italpackalbania.com\/index.php\/wp-json\/wp\/v2\/media?parent=1505"}],"curies":[{"name":"wp","href":"https:\/\/api.w.org\/{rel}","templated":true}]}}