{"id":23,"date":"2020-04-14T07:59:54","date_gmt":"2020-04-14T07:59:54","guid":{"rendered":"https:\/\/test.italpackalbania.com\/?page_id=23"},"modified":"2026-02-19T14:22:05","modified_gmt":"2026-02-19T14:22:05","slug":"produkte-kataloge","status":"publish","type":"page","link":"https:\/\/italpackalbania.com\/index.php\/produkte-kataloge\/","title":{"rendered":"Produktet"},"content":{"rendered":"<div class=\"wpb-content-wrapper\"><div class=\"vc_row wpb_row vc_row-fluid\"><div class=\"wpb_column vc_column_container vc_col-sm-4\"><div class=\"vc_column-inner \"><div class=\"wpb_wrapper\">\n<div id=\"interactive-banner-1-wrap-7998\" class=\"ult-banner-block ult-adjust-bottom-margin ult-bb-box  banner-style01 \"   style=\"\">\n\t<img decoding=\"async\" src=\"https:\/\/italpackalbania.com\/wp-content\/uploads\/2023\/07\/argan-oil-a.jpg\" alt=\"null\">\n\t<h3  data-ultimate-target='#interactive-banner-1-wrap-7998 .bb-top-title '  data-responsive-json-new='{\"font-size\":\"desktop:26px;\",\"line-height\":\"\"}'  class=\"title-center bb-top-title ult-responsive\" style=\"font-weight:bold;background:#05ab58;color:#ffffff;\">AKSESOR HOTELERIE<\/h3>\n\t<div class=\"mask opaque-background\" style=\"background:rgba(36,36,36,0.01);\">\n\t\t<div  data-ultimate-target='#interactive-banner-1-wrap-7998 .bb-description'  data-responsive-json-new='{\"font-size\":\"\",\"line-height\":\"\"}'  class=\"bb-description ult-responsive\" style=\"font-weight:normal;color:#ffffff;\"><\/div>\n\t<\/div><a class=\"bb-link\" href=\"https:\/\/italpackalbania.com\/index.php\/product-category\/hotele\/\" ><\/a>\n<\/div><\/div><\/div><\/div><div class=\"wpb_column vc_column_container vc_col-sm-4\"><div class=\"vc_column-inner \"><div class=\"wpb_wrapper\">\n<div id=\"interactive-banner-1-wrap-8789\" class=\"ult-banner-block ult-adjust-bottom-margin ult-bb-box  banner-style01 \"   style=\"\">\n\t<img decoding=\"async\" src=\"https:\/\/italpackalbania.com\/wp-content\/uploads\/2023\/01\/bar3.jpg\" alt=\"null\">\n\t<h3  data-ultimate-target='#interactive-banner-1-wrap-8789 .bb-top-title '  data-responsive-json-new='{\"font-size\":\"desktop:26px;\",\"line-height\":\"\"}'  class=\"title-center bb-top-title ult-responsive\" style=\"font-weight:bold;background:#05ab58;color:#ffffff;\">BARE DHE RESTORANTE<\/h3>\n\t<div class=\"mask opaque-background\" style=\"background:rgba(36,36,36,0.01);\">\n\t\t<div  data-ultimate-target='#interactive-banner-1-wrap-8789 .bb-description'  data-responsive-json-new='{\"font-size\":\"\",\"line-height\":\"\"}'  class=\"bb-description ult-responsive\" style=\"font-weight:normal;color:#ffffff;\"><\/div>\n\t<\/div><a class=\"bb-link\" href=\"https:\/\/italpackalbania.com\/index.php\/product-category\/restorante\/\" ><\/a>\n<\/div><\/div><\/div><\/div><div class=\"wpb_column vc_column_container vc_col-sm-4\"><div class=\"vc_column-inner \"><div class=\"wpb_wrapper\">\n<div id=\"interactive-banner-1-wrap-9272\" class=\"ult-banner-block ult-adjust-bottom-margin ult-bb-box  banner-style01 \"   style=\"\">\n\t<img decoding=\"async\" src=\"https:\/\/italpackalbania.com\/wp-content\/uploads\/2023\/07\/Image-28.jpeg\" alt=\"null\">\n\t<h3  data-ultimate-target='#interactive-banner-1-wrap-9272 .bb-top-title '  data-responsive-json-new='{\"font-size\":\"desktop:26px;\",\"line-height\":\"\"}'  class=\"title-center bb-top-title ult-responsive\" style=\"font-weight:bold;background:#05ab58;color:#ffffff;\">SPA<\/h3>\n\t<div class=\"mask opaque-background\" style=\"background:rgba(36,36,36,0.01);\">\n\t\t<div  data-ultimate-target='#interactive-banner-1-wrap-9272 .bb-description'  data-responsive-json-new='{\"font-size\":\"\",\"line-height\":\"\"}'  class=\"bb-description ult-responsive\" style=\"font-weight:normal;color:#ffffff;\"><\/div>\n\t<\/div><a class=\"bb-link\" href=\"https:\/\/italpackalbania.com\/index.php\/product-category\/spa\/\" ><\/a>\n<\/div><\/div><\/div><\/div><\/div><div class=\"vc_row wpb_row vc_row-fluid\"><div class=\"wpb_column vc_column_container vc_col-sm-4\"><div class=\"vc_column-inner \"><div class=\"wpb_wrapper\">\n<div id=\"interactive-banner-1-wrap-2570\" class=\"ult-banner-block ult-adjust-bottom-margin ult-bb-box  banner-style01 \"   style=\"\">\n\t<img decoding=\"async\" src=\"https:\/\/italpackalbania.com\/wp-content\/uploads\/2020\/04\/palester.jpg\" alt=\"null\">\n\t<h3  data-ultimate-target='#interactive-banner-1-wrap-2570 .bb-top-title '  data-responsive-json-new='{\"font-size\":\"desktop:26px;\",\"line-height\":\"\"}'  class=\"title-center bb-top-title ult-responsive\" style=\"font-weight:bold;background:#05ab58;color:#ffffff;\">PALESTRA<\/h3>\n\t<div class=\"mask opaque-background\" style=\"background:rgba(36,36,36,0.01);\">\n\t\t<div  data-ultimate-target='#interactive-banner-1-wrap-2570 .bb-description'  data-responsive-json-new='{\"font-size\":\"\",\"line-height\":\"\"}'  class=\"bb-description ult-responsive\" style=\"font-weight:normal;color:#ffffff;\"><\/div>\n\t<\/div><a class=\"bb-link\" href=\"https:\/\/italpackalbania.com\/index.php\/product-category\/palestra\/\" ><\/a>\n<\/div><\/div><\/div><\/div><div class=\"wpb_column vc_column_container vc_col-sm-4\"><div class=\"vc_column-inner \"><div class=\"wpb_wrapper\">\n<div id=\"interactive-banner-1-wrap-4785\" class=\"ult-banner-block ult-adjust-bottom-margin ult-bb-box  banner-style01 \"   style=\"\">\n\t<img decoding=\"async\" src=\"https:\/\/italpackalbania.com\/wp-content\/uploads\/2020\/04\/klinika.jpg\" alt=\"null\">\n\t<h3  data-ultimate-target='#interactive-banner-1-wrap-4785 .bb-top-title '  data-responsive-json-new='{\"font-size\":\"desktop:26px;\",\"line-height\":\"\"}'  class=\"title-center bb-top-title ult-responsive\" style=\"font-weight:bold;background:#05ab58;color:#ffffff;\">KLINIKA<\/h3>\n\t<div class=\"mask opaque-background\" style=\"background:rgba(36,36,36,0.01);\">\n\t\t<div  data-ultimate-target='#interactive-banner-1-wrap-4785 .bb-description'  data-responsive-json-new='{\"font-size\":\"\",\"line-height\":\"\"}'  class=\"bb-description ult-responsive\" style=\"font-weight:normal;color:#ffffff;\"><\/div>\n\t<\/div><a class=\"bb-link\" href=\"https:\/\/italpackalbania.com\/index.php\/product-category\/klinika\/\" ><\/a>\n<\/div><\/div><\/div><\/div><div class=\"wpb_column vc_column_container vc_col-sm-4\"><div class=\"vc_column-inner \"><div class=\"wpb_wrapper\">\n<div id=\"interactive-banner-1-wrap-8962\" class=\"ult-banner-block ult-adjust-bottom-margin ult-bb-box  banner-style01 \"   style=\"\">\n\t<img decoding=\"async\" src=\"https:\/\/italpackalbania.com\/wp-content\/uploads\/2020\/04\/institucion.jpg\" alt=\"null\">\n\t<h3  data-ultimate-target='#interactive-banner-1-wrap-8962 .bb-top-title '  data-responsive-json-new='{\"font-size\":\"desktop:26px;\",\"line-height\":\"\"}'  class=\"title-center bb-top-title ult-responsive\" style=\"font-weight:bold;background:#05ab58;color:#ffffff;\">INSTITUCIONE<\/h3>\n\t<div class=\"mask opaque-background\" style=\"background:rgba(36,36,36,0.01);\">\n\t\t<div  data-ultimate-target='#interactive-banner-1-wrap-8962 .bb-description'  data-responsive-json-new='{\"font-size\":\"\",\"line-height\":\"\"}'  class=\"bb-description ult-responsive\" style=\"font-weight:normal;color:#ffffff;\"><\/div>\n\t<\/div><a class=\"bb-link\" href=\"https:\/\/italpackalbania.com\/index.php\/product-category\/institucione\/\" ><\/a>\n<\/div><\/div><\/div><\/div><\/div><div class=\"vc_row wpb_row vc_row-fluid\"><div class=\"wpb_column vc_column_container vc_col-sm-4\"><div class=\"vc_column-inner \"><div class=\"wpb_wrapper\">\n<div id=\"interactive-banner-1-wrap-3660\" class=\"ult-banner-block ult-adjust-bottom-margin ult-bb-box  banner-style01 \"   style=\"\">\n\t<img decoding=\"async\" src=\"https:\/\/italpackalbania.com\/wp-content\/uploads\/2020\/04\/pastrimi.jpg\" alt=\"null\">\n\t<h3  data-ultimate-target='#interactive-banner-1-wrap-3660 .bb-top-title '  data-responsive-json-new='{\"font-size\":\"desktop:26px;\",\"line-height\":\"\"}'  class=\"title-center bb-top-title ult-responsive\" style=\"font-weight:bold;background:#05ab58;color:#ffffff;\">KOMPANI PASTRIMI<\/h3>\n\t<div class=\"mask opaque-background\" style=\"background:rgba(36,36,36,0.01);\">\n\t\t<div  data-ultimate-target='#interactive-banner-1-wrap-3660 .bb-description'  data-responsive-json-new='{\"font-size\":\"\",\"line-height\":\"\"}'  class=\"bb-description ult-responsive\" style=\"font-weight:normal;color:#ffffff;\"><\/div>\n\t<\/div><a class=\"bb-link\" href=\"https:\/\/italpackalbania.com\/index.php\/product-category\/kompani-pastrimi\/\" ><\/a>\n<\/div><\/div><\/div><\/div><div class=\"wpb_column vc_column_container vc_col-sm-4\"><div class=\"vc_column-inner \"><div class=\"wpb_wrapper\">\n<div id=\"interactive-banner-1-wrap-4792\" class=\"ult-banner-block ult-adjust-bottom-margin ult-bb-box  banner-style01 \"   style=\"\">\n\t<img decoding=\"async\" src=\"https:\/\/italpackalbania.com\/wp-content\/uploads\/2020\/04\/industri.jpg\" alt=\"null\">\n\t<h3  data-ultimate-target='#interactive-banner-1-wrap-4792 .bb-top-title '  data-responsive-json-new='{\"font-size\":\"desktop:26px;\",\"line-height\":\"\"}'  class=\"title-center bb-top-title ult-responsive\" style=\"font-weight:bold;background:#05ab58;color:#ffffff;\">INDUSTRI<\/h3>\n\t<div class=\"mask opaque-background\" style=\"background:rgba(36,36,36,0.01);\">\n\t\t<div  data-ultimate-target='#interactive-banner-1-wrap-4792 .bb-description'  data-responsive-json-new='{\"font-size\":\"\",\"line-height\":\"\"}'  class=\"bb-description ult-responsive\" style=\"font-weight:normal;color:#ffffff;\"><\/div>\n\t<\/div><a class=\"bb-link\" href=\"https:\/\/italpackalbania.com\/index.php\/product-category\/industri\/\" ><\/a>\n<\/div><\/div><\/div><\/div><div class=\"wpb_column vc_column_container vc_col-sm-4\"><div class=\"vc_column-inner \"><div class=\"wpb_wrapper\"><\/div><\/div><\/div><\/div>\n<\/div>","protected":false},"excerpt":{"rendered":"<p>AKSESOR HOTELERIE BARE DHE RESTORANTE SPA PALESTRA KLINIKA INSTITUCIONE KOMPANI PASTRIMI INDUSTRI<\/p>\n","protected":false},"author":1,"featured_media":0,"parent":0,"menu_order":0,"comment_status":"closed","ping_status":"closed","template":"","meta":{"footnotes":""},"class_list":["post-23","page","type-page","status-publish","hentry","description-off"],"yoast_head":"<!-- This site is optimized with the Yoast SEO plugin v26.7 - https:\/\/yoast.com\/wordpress\/plugins\/seo\/ -->\n<title>Produktet - Italpack Albania<\/title>\n<meta name=\"description\" content=\"ItalPack Albania sjell cil\u00ebsi dhe besueshm\u00ebri n\u00eb \u00e7do produkt: amenities, detergjente dhe paketime p\u00ebr biznese, me fokus tek sh\u00ebrbimi profesional.\" \/>\n<meta name=\"robots\" content=\"index, follow, max-snippet:-1, max-image-preview:large, max-video-preview:-1\" \/>\n<link rel=\"canonical\" href=\"https:\/\/italpackalbania.com\/index.php\/produkte-kataloge\/\" \/>\n<meta property=\"og:locale\" content=\"en_US\" \/>\n<meta property=\"og:type\" content=\"article\" \/>\n<meta property=\"og:title\" content=\"Produktet - Italpack Albania\" \/>\n<meta property=\"og:description\" content=\"ItalPack Albania sjell cil\u00ebsi dhe besueshm\u00ebri n\u00eb \u00e7do produkt: amenities, detergjente dhe paketime p\u00ebr biznese, me fokus tek sh\u00ebrbimi profesional.\" \/>\n<meta property=\"og:url\" content=\"https:\/\/italpackalbania.com\/index.php\/produkte-kataloge\/\" \/>\n<meta property=\"og:site_name\" content=\"Italpack Albania\" \/>\n<meta property=\"article:publisher\" content=\"https:\/\/www.facebook.com\/italpack.albania.37\/\" \/>\n<meta property=\"article:modified_time\" content=\"2026-02-19T14:22:05+00:00\" \/>\n<meta property=\"og:image\" content=\"https:\/\/italpackalbania.com\/wp-content\/uploads\/2025\/12\/cropped-italpack-logo.png\" \/>\n\t<meta property=\"og:image:width\" content=\"512\" \/>\n\t<meta property=\"og:image:height\" content=\"512\" \/>\n\t<meta property=\"og:image:type\" content=\"image\/png\" \/>\n<meta name=\"twitter:card\" content=\"summary_large_image\" \/>\n<meta name=\"twitter:label1\" content=\"Est. reading time\" \/>\n\t<meta name=\"twitter:data1\" content=\"1 minute\" \/>\n<script type=\"application\/ld+json\" class=\"yoast-schema-graph\">{\"@context\":\"https:\/\/schema.org\",\"@graph\":[{\"@type\":\"WebPage\",\"@id\":\"https:\/\/italpackalbania.com\/index.php\/produkte-kataloge\/\",\"url\":\"https:\/\/italpackalbania.com\/index.php\/produkte-kataloge\/\",\"name\":\"Produktet - Italpack Albania\",\"isPartOf\":{\"@id\":\"https:\/\/italpackalbania.com\/#website\"},\"datePublished\":\"2020-04-14T07:59:54+00:00\",\"dateModified\":\"2026-02-19T14:22:05+00:00\",\"description\":\"ItalPack Albania sjell cil\u00ebsi dhe besueshm\u00ebri n\u00eb \u00e7do produkt: amenities, detergjente dhe paketime p\u00ebr biznese, me fokus tek sh\u00ebrbimi profesional.\",\"breadcrumb\":{\"@id\":\"https:\/\/italpackalbania.com\/index.php\/produkte-kataloge\/#breadcrumb\"},\"inLanguage\":\"en-US\",\"potentialAction\":[{\"@type\":\"ReadAction\",\"target\":[\"https:\/\/italpackalbania.com\/index.php\/produkte-kataloge\/\"]}]},{\"@type\":\"BreadcrumbList\",\"@id\":\"https:\/\/italpackalbania.com\/index.php\/produkte-kataloge\/#breadcrumb\",\"itemListElement\":[{\"@type\":\"ListItem\",\"position\":1,\"name\":\"Home\",\"item\":\"https:\/\/italpackalbania.com\/\"},{\"@type\":\"ListItem\",\"position\":2,\"name\":\"Produktet\"}]},{\"@type\":\"WebSite\",\"@id\":\"https:\/\/italpackalbania.com\/#website\",\"url\":\"https:\/\/italpackalbania.com\/\",\"name\":\"Italpack Albania\",\"description\":\"Aksesor\u00eb p\u00ebr hoteleri, detergjent\u00eb p\u00ebr sht\u00ebpi, hoteleri, restorante, paketime p\u00ebr delivery, ambalazhime p\u00ebr biznese\",\"publisher\":{\"@id\":\"https:\/\/italpackalbania.com\/#organization\"},\"potentialAction\":[{\"@type\":\"SearchAction\",\"target\":{\"@type\":\"EntryPoint\",\"urlTemplate\":\"https:\/\/italpackalbania.com\/?s={search_term_string}\"},\"query-input\":{\"@type\":\"PropertyValueSpecification\",\"valueRequired\":true,\"valueName\":\"search_term_string\"}}],\"inLanguage\":\"en-US\"},{\"@type\":\"Organization\",\"@id\":\"https:\/\/italpackalbania.com\/#organization\",\"name\":\"ItalPack Albania\",\"url\":\"https:\/\/italpackalbania.com\/\",\"logo\":{\"@type\":\"ImageObject\",\"inLanguage\":\"en-US\",\"@id\":\"https:\/\/italpackalbania.com\/#\/schema\/logo\/image\/\",\"url\":\"https:\/\/italpackalbania.com\/wp-content\/uploads\/2025\/12\/cropped-italpack-logo.png\",\"contentUrl\":\"https:\/\/italpackalbania.com\/wp-content\/uploads\/2025\/12\/cropped-italpack-logo.png\",\"width\":512,\"height\":512,\"caption\":\"ItalPack Albania\"},\"image\":{\"@id\":\"https:\/\/italpackalbania.com\/#\/schema\/logo\/image\/\"},\"sameAs\":[\"https:\/\/www.facebook.com\/italpack.albania.37\/\",\"https:\/\/www.instagram.com\/italpackalbania\/\"]}]}<\/script>\n<!-- \/ Yoast SEO plugin. -->","yoast_head_json":{"title":"Produktet - Italpack Albania","description":"ItalPack Albania sjell cil\u00ebsi dhe besueshm\u00ebri n\u00eb \u00e7do produkt: amenities, detergjente dhe paketime p\u00ebr biznese, me fokus tek sh\u00ebrbimi profesional.","robots":{"index":"index","follow":"follow","max-snippet":"max-snippet:-1","max-image-preview":"max-image-preview:large","max-video-preview":"max-video-preview:-1"},"canonical":"https:\/\/italpackalbania.com\/index.php\/produkte-kataloge\/","og_locale":"en_US","og_type":"article","og_title":"Produktet - Italpack Albania","og_description":"ItalPack Albania sjell cil\u00ebsi dhe besueshm\u00ebri n\u00eb \u00e7do produkt: amenities, detergjente dhe paketime p\u00ebr biznese, me fokus tek sh\u00ebrbimi profesional.","og_url":"https:\/\/italpackalbania.com\/index.php\/produkte-kataloge\/","og_site_name":"Italpack Albania","article_publisher":"https:\/\/www.facebook.com\/italpack.albania.37\/","article_modified_time":"2026-02-19T14:22:05+00:00","og_image":[{"width":512,"height":512,"url":"https:\/\/italpackalbania.com\/wp-content\/uploads\/2025\/12\/cropped-italpack-logo.png","type":"image\/png"}],"twitter_card":"summary_large_image","twitter_misc":{"Est. reading time":"1 minute"},"schema":{"@context":"https:\/\/schema.org","@graph":[{"@type":"WebPage","@id":"https:\/\/italpackalbania.com\/index.php\/produkte-kataloge\/","url":"https:\/\/italpackalbania.com\/index.php\/produkte-kataloge\/","name":"Produktet - Italpack Albania","isPartOf":{"@id":"https:\/\/italpackalbania.com\/#website"},"datePublished":"2020-04-14T07:59:54+00:00","dateModified":"2026-02-19T14:22:05+00:00","description":"ItalPack Albania sjell cil\u00ebsi dhe besueshm\u00ebri n\u00eb \u00e7do produkt: amenities, detergjente dhe paketime p\u00ebr biznese, me fokus tek sh\u00ebrbimi profesional.","breadcrumb":{"@id":"https:\/\/italpackalbania.com\/index.php\/produkte-kataloge\/#breadcrumb"},"inLanguage":"en-US","potentialAction":[{"@type":"ReadAction","target":["https:\/\/italpackalbania.com\/index.php\/produkte-kataloge\/"]}]},{"@type":"BreadcrumbList","@id":"https:\/\/italpackalbania.com\/index.php\/produkte-kataloge\/#breadcrumb","itemListElement":[{"@type":"ListItem","position":1,"name":"Home","item":"https:\/\/italpackalbania.com\/"},{"@type":"ListItem","position":2,"name":"Produktet"}]},{"@type":"WebSite","@id":"https:\/\/italpackalbania.com\/#website","url":"https:\/\/italpackalbania.com\/","name":"Italpack Albania","description":"Aksesor\u00eb p\u00ebr hoteleri, detergjent\u00eb p\u00ebr sht\u00ebpi, hoteleri, restorante, paketime p\u00ebr delivery, ambalazhime p\u00ebr biznese","publisher":{"@id":"https:\/\/italpackalbania.com\/#organization"},"potentialAction":[{"@type":"SearchAction","target":{"@type":"EntryPoint","urlTemplate":"https:\/\/italpackalbania.com\/?s={search_term_string}"},"query-input":{"@type":"PropertyValueSpecification","valueRequired":true,"valueName":"search_term_string"}}],"inLanguage":"en-US"},{"@type":"Organization","@id":"https:\/\/italpackalbania.com\/#organization","name":"ItalPack Albania","url":"https:\/\/italpackalbania.com\/","logo":{"@type":"ImageObject","inLanguage":"en-US","@id":"https:\/\/italpackalbania.com\/#\/schema\/logo\/image\/","url":"https:\/\/italpackalbania.com\/wp-content\/uploads\/2025\/12\/cropped-italpack-logo.png","contentUrl":"https:\/\/italpackalbania.com\/wp-content\/uploads\/2025\/12\/cropped-italpack-logo.png","width":512,"height":512,"caption":"ItalPack Albania"},"image":{"@id":"https:\/\/italpackalbania.com\/#\/schema\/logo\/image\/"},"sameAs":["https:\/\/www.facebook.com\/italpack.albania.37\/","https:\/\/www.instagram.com\/italpackalbania\/"]}]}},"_links":{"self":[{"href":"https:\/\/italpackalbania.com\/index.php\/wp-json\/wp\/v2\/pages\/23","targetHints":{"allow":["GET"]}}],"collection":[{"href":"https:\/\/italpackalbania.com\/index.php\/wp-json\/wp\/v2\/pages"}],"about":[{"href":"https:\/\/italpackalbania.com\/index.php\/wp-json\/wp\/v2\/types\/page"}],"author":[{"embeddable":true,"href":"https:\/\/italpackalbania.com\/index.php\/wp-json\/wp\/v2\/users\/1"}],"replies":[{"embeddable":true,"href":"https:\/\/italpackalbania.com\/index.php\/wp-json\/wp\/v2\/comments?post=23"}],"version-history":[{"count":56,"href":"https:\/\/italpackalbania.com\/index.php\/wp-json\/wp\/v2\/pages\/23\/revisions"}],"predecessor-version":[{"id":1515,"href":"https:\/\/italpackalbania.com\/index.php\/wp-json\/wp\/v2\/pages\/23\/revisions\/1515"}],"wp:attachment":[{"href":"https:\/\/italpackalbania.com\/index.php\/wp-json\/wp\/v2\/media?parent=23"}],"curies":[{"name":"wp","href":"https:\/\/api.w.org\/{rel}","templated":true}]}}