{"id":540,"date":"2022-12-20T11:38:58","date_gmt":"2022-12-20T11:38:58","guid":{"rendered":"https:\/\/italpackalbania.com\/?page_id=540"},"modified":"2026-01-12T12:56:48","modified_gmt":"2026-01-12T12:56:48","slug":"rreth-nesh","status":"publish","type":"page","link":"https:\/\/italpackalbania.com\/index.php\/rreth-nesh\/","title":{"rendered":"Rreth Nesh"},"content":{"rendered":"<div class=\"wpb-content-wrapper\"><div class=\"vc_row wpb_row vc_row-fluid\"><div class=\"wpb_column vc_column_container vc_col-sm-12\"><div class=\"vc_column-inner \"><div class=\"wpb_wrapper\">\n\t<div class=\"wpb_text_column wpb_content_element \" >\n\t\t<div class=\"wpb_wrapper\">\n\t\t\t<p><strong>Italpack Albania<\/strong>\u00a0 prej vitesh ka nje perhapje masive ne tregun shqiptar,qe e ben te dallohet per sherbimin,cilesin dhe korrektesin ndaj klienteve<strong>.<\/strong>Duke ecur perpara,kreativiteti dhe iniciativa jane arsyet e suksesit tone,i cili vjen duke u pershtatur me nevojat e klienteve tane.<\/p>\n<p><strong>Italpack Albania<\/strong> me perkrahjen e saj\u00a0 ne fushen e<strong> aksesoreve te\u00a0 hotelerise<\/strong>,eshte partneri ideal per krijimin e nje udhetimi nuhates te personalizuar per cdo<strong> hotel.<\/strong>Klientet duan te ndihen te perkedhekur ne cdo moment,duke filluar nga qe<strong> rituali i pastrimit<\/strong> te trupit te tyre.Kjo eshte arsyeja pse eshte e rendesishme te ofrojme <strong>nje koleksion te bukur dhe te parfumuar komoditeti<\/strong>.<strong>Koleksionet e\u00a0 shampove te hotelerise jane te brandeve me ne ze te Italise dhe Europes.<\/strong><\/p>\n\n\t\t<\/div>\n\t<\/div>\n<\/div><\/div><\/div><\/div><div class=\"vc_row wpb_row vc_row-fluid\"><div class=\"wpb_column vc_column_container vc_col-sm-12\"><div class=\"vc_column-inner \"><div class=\"wpb_wrapper\">\n\t<div class=\"wpb_text_column wpb_content_element \" >\n\t\t<div class=\"wpb_wrapper\">\n\t\t\t<p>Kompania jone eshte specializuar ne <strong>sektorin e produkteve te pastrimit<\/strong> dhe <strong>aksesorve te hotelerise,<\/strong>duke fituar pervoje te konsiderueshme dhe duke arritur objektiva te rendesishem zhvillimi, fale perzgjedhjes se partnereve tane.Deshira per ti kushtuar vemendje maksimale cdo nevoje te klientit i ka lejuar kompanise te evouloje vazhdimisht;sot ajo eshte ne gjendje te kenaqe,ne nivel kombetar nevojat e klienteve.<\/p>\n<p>Italpackalbania ofron nje game te gjere produktesh per te gjitha llojet e strukturave si<strong>;hotele,resorte,klinika private,spa dhe spitale,<\/strong>e cila dallohet per zgjedhjen e gjere te <strong>produkteve dhe aksesorve<\/strong> qe kerkon tregu.<\/p>\n\n\t\t<\/div>\n\t<\/div>\n<\/div><\/div><\/div><\/div>\n<\/div>","protected":false},"excerpt":{"rendered":"<p>Italpack Albania\u00a0 prej vitesh ka nje perhapje masive ne tregun shqiptar,qe e ben te dallohet per sherbimin,cilesin dhe korrektesin ndaj klienteve.Duke ecur perpara,kreativiteti dhe iniciativa jane arsyet e suksesit tone,i cili vjen duke u pershtatur me nevojat e klienteve tane. Italpack Albania me perkrahjen e saj\u00a0 ne fushen e aksesoreve te\u00a0 hotelerise,eshte partneri ideal per&hellip;<\/p>\n","protected":false},"author":1,"featured_media":0,"parent":0,"menu_order":0,"comment_status":"closed","ping_status":"closed","template":"","meta":{"footnotes":""},"class_list":["post-540","page","type-page","status-publish","hentry","description-off"],"yoast_head":"<!-- This site is optimized with the Yoast SEO plugin v26.7 - https:\/\/yoast.com\/wordpress\/plugins\/seo\/ -->\n<title>Rreth Nesh - Italpack Albania<\/title>\n<meta name=\"description\" content=\"ItalPack Albania sjell cil\u00ebsi dhe besueshm\u00ebri n\u00eb \u00e7do produkt: amenities, detergjente dhe paketime p\u00ebr biznese.\" \/>\n<meta name=\"robots\" content=\"index, follow, max-snippet:-1, max-image-preview:large, max-video-preview:-1\" \/>\n<link rel=\"canonical\" href=\"https:\/\/italpackalbania.com\/index.php\/rreth-nesh\/\" \/>\n<meta property=\"og:locale\" content=\"en_US\" \/>\n<meta property=\"og:type\" content=\"article\" \/>\n<meta property=\"og:title\" content=\"Rreth Nesh - Italpack Albania\" \/>\n<meta property=\"og:description\" content=\"ItalPack Albania sjell cil\u00ebsi dhe besueshm\u00ebri n\u00eb \u00e7do produkt: amenities, detergjente dhe paketime p\u00ebr biznese.\" \/>\n<meta property=\"og:url\" content=\"https:\/\/italpackalbania.com\/index.php\/rreth-nesh\/\" \/>\n<meta property=\"og:site_name\" content=\"Italpack Albania\" \/>\n<meta property=\"article:publisher\" content=\"https:\/\/www.facebook.com\/italpack.albania.37\/\" \/>\n<meta property=\"article:modified_time\" content=\"2026-01-12T12:56:48+00:00\" \/>\n<meta property=\"og:image\" content=\"https:\/\/italpackalbania.com\/wp-content\/uploads\/2025\/12\/cropped-italpack-logo.png\" \/>\n\t<meta property=\"og:image:width\" content=\"512\" \/>\n\t<meta property=\"og:image:height\" content=\"512\" \/>\n\t<meta property=\"og:image:type\" content=\"image\/png\" \/>\n<meta name=\"twitter:card\" content=\"summary_large_image\" \/>\n<meta name=\"twitter:label1\" content=\"Est. reading time\" \/>\n\t<meta name=\"twitter:data1\" content=\"1 minute\" \/>\n<script type=\"application\/ld+json\" class=\"yoast-schema-graph\">{\"@context\":\"https:\/\/schema.org\",\"@graph\":[{\"@type\":\"WebPage\",\"@id\":\"https:\/\/italpackalbania.com\/index.php\/rreth-nesh\/\",\"url\":\"https:\/\/italpackalbania.com\/index.php\/rreth-nesh\/\",\"name\":\"Rreth Nesh - Italpack Albania\",\"isPartOf\":{\"@id\":\"https:\/\/italpackalbania.com\/#website\"},\"datePublished\":\"2022-12-20T11:38:58+00:00\",\"dateModified\":\"2026-01-12T12:56:48+00:00\",\"description\":\"ItalPack Albania sjell cil\u00ebsi dhe besueshm\u00ebri n\u00eb \u00e7do produkt: amenities, detergjente dhe paketime p\u00ebr biznese.\",\"breadcrumb\":{\"@id\":\"https:\/\/italpackalbania.com\/index.php\/rreth-nesh\/#breadcrumb\"},\"inLanguage\":\"en-US\",\"potentialAction\":[{\"@type\":\"ReadAction\",\"target\":[\"https:\/\/italpackalbania.com\/index.php\/rreth-nesh\/\"]}]},{\"@type\":\"BreadcrumbList\",\"@id\":\"https:\/\/italpackalbania.com\/index.php\/rreth-nesh\/#breadcrumb\",\"itemListElement\":[{\"@type\":\"ListItem\",\"position\":1,\"name\":\"Home\",\"item\":\"https:\/\/italpackalbania.com\/\"},{\"@type\":\"ListItem\",\"position\":2,\"name\":\"Rreth Nesh\"}]},{\"@type\":\"WebSite\",\"@id\":\"https:\/\/italpackalbania.com\/#website\",\"url\":\"https:\/\/italpackalbania.com\/\",\"name\":\"Italpack Albania\",\"description\":\"Aksesor\u00eb p\u00ebr hoteleri, detergjent\u00eb p\u00ebr sht\u00ebpi, hoteleri, restorante, paketime p\u00ebr delivery, ambalazhime p\u00ebr biznese\",\"publisher\":{\"@id\":\"https:\/\/italpackalbania.com\/#organization\"},\"potentialAction\":[{\"@type\":\"SearchAction\",\"target\":{\"@type\":\"EntryPoint\",\"urlTemplate\":\"https:\/\/italpackalbania.com\/?s={search_term_string}\"},\"query-input\":{\"@type\":\"PropertyValueSpecification\",\"valueRequired\":true,\"valueName\":\"search_term_string\"}}],\"inLanguage\":\"en-US\"},{\"@type\":\"Organization\",\"@id\":\"https:\/\/italpackalbania.com\/#organization\",\"name\":\"ItalPack Albania\",\"url\":\"https:\/\/italpackalbania.com\/\",\"logo\":{\"@type\":\"ImageObject\",\"inLanguage\":\"en-US\",\"@id\":\"https:\/\/italpackalbania.com\/#\/schema\/logo\/image\/\",\"url\":\"https:\/\/italpackalbania.com\/wp-content\/uploads\/2025\/12\/cropped-italpack-logo.png\",\"contentUrl\":\"https:\/\/italpackalbania.com\/wp-content\/uploads\/2025\/12\/cropped-italpack-logo.png\",\"width\":512,\"height\":512,\"caption\":\"ItalPack Albania\"},\"image\":{\"@id\":\"https:\/\/italpackalbania.com\/#\/schema\/logo\/image\/\"},\"sameAs\":[\"https:\/\/www.facebook.com\/italpack.albania.37\/\",\"https:\/\/www.instagram.com\/italpackalbania\/\"]}]}<\/script>\n<!-- \/ Yoast SEO plugin. -->","yoast_head_json":{"title":"Rreth Nesh - Italpack Albania","description":"ItalPack Albania sjell cil\u00ebsi dhe besueshm\u00ebri n\u00eb \u00e7do produkt: amenities, detergjente dhe paketime p\u00ebr biznese.","robots":{"index":"index","follow":"follow","max-snippet":"max-snippet:-1","max-image-preview":"max-image-preview:large","max-video-preview":"max-video-preview:-1"},"canonical":"https:\/\/italpackalbania.com\/index.php\/rreth-nesh\/","og_locale":"en_US","og_type":"article","og_title":"Rreth Nesh - Italpack Albania","og_description":"ItalPack Albania sjell cil\u00ebsi dhe besueshm\u00ebri n\u00eb \u00e7do produkt: amenities, detergjente dhe paketime p\u00ebr biznese.","og_url":"https:\/\/italpackalbania.com\/index.php\/rreth-nesh\/","og_site_name":"Italpack Albania","article_publisher":"https:\/\/www.facebook.com\/italpack.albania.37\/","article_modified_time":"2026-01-12T12:56:48+00:00","og_image":[{"width":512,"height":512,"url":"https:\/\/italpackalbania.com\/wp-content\/uploads\/2025\/12\/cropped-italpack-logo.png","type":"image\/png"}],"twitter_card":"summary_large_image","twitter_misc":{"Est. reading time":"1 minute"},"schema":{"@context":"https:\/\/schema.org","@graph":[{"@type":"WebPage","@id":"https:\/\/italpackalbania.com\/index.php\/rreth-nesh\/","url":"https:\/\/italpackalbania.com\/index.php\/rreth-nesh\/","name":"Rreth Nesh - Italpack Albania","isPartOf":{"@id":"https:\/\/italpackalbania.com\/#website"},"datePublished":"2022-12-20T11:38:58+00:00","dateModified":"2026-01-12T12:56:48+00:00","description":"ItalPack Albania sjell cil\u00ebsi dhe besueshm\u00ebri n\u00eb \u00e7do produkt: amenities, detergjente dhe paketime p\u00ebr biznese.","breadcrumb":{"@id":"https:\/\/italpackalbania.com\/index.php\/rreth-nesh\/#breadcrumb"},"inLanguage":"en-US","potentialAction":[{"@type":"ReadAction","target":["https:\/\/italpackalbania.com\/index.php\/rreth-nesh\/"]}]},{"@type":"BreadcrumbList","@id":"https:\/\/italpackalbania.com\/index.php\/rreth-nesh\/#breadcrumb","itemListElement":[{"@type":"ListItem","position":1,"name":"Home","item":"https:\/\/italpackalbania.com\/"},{"@type":"ListItem","position":2,"name":"Rreth Nesh"}]},{"@type":"WebSite","@id":"https:\/\/italpackalbania.com\/#website","url":"https:\/\/italpackalbania.com\/","name":"Italpack Albania","description":"Aksesor\u00eb p\u00ebr hoteleri, detergjent\u00eb p\u00ebr sht\u00ebpi, hoteleri, restorante, paketime p\u00ebr delivery, ambalazhime p\u00ebr biznese","publisher":{"@id":"https:\/\/italpackalbania.com\/#organization"},"potentialAction":[{"@type":"SearchAction","target":{"@type":"EntryPoint","urlTemplate":"https:\/\/italpackalbania.com\/?s={search_term_string}"},"query-input":{"@type":"PropertyValueSpecification","valueRequired":true,"valueName":"search_term_string"}}],"inLanguage":"en-US"},{"@type":"Organization","@id":"https:\/\/italpackalbania.com\/#organization","name":"ItalPack Albania","url":"https:\/\/italpackalbania.com\/","logo":{"@type":"ImageObject","inLanguage":"en-US","@id":"https:\/\/italpackalbania.com\/#\/schema\/logo\/image\/","url":"https:\/\/italpackalbania.com\/wp-content\/uploads\/2025\/12\/cropped-italpack-logo.png","contentUrl":"https:\/\/italpackalbania.com\/wp-content\/uploads\/2025\/12\/cropped-italpack-logo.png","width":512,"height":512,"caption":"ItalPack Albania"},"image":{"@id":"https:\/\/italpackalbania.com\/#\/schema\/logo\/image\/"},"sameAs":["https:\/\/www.facebook.com\/italpack.albania.37\/","https:\/\/www.instagram.com\/italpackalbania\/"]}]}},"_links":{"self":[{"href":"https:\/\/italpackalbania.com\/index.php\/wp-json\/wp\/v2\/pages\/540","targetHints":{"allow":["GET"]}}],"collection":[{"href":"https:\/\/italpackalbania.com\/index.php\/wp-json\/wp\/v2\/pages"}],"about":[{"href":"https:\/\/italpackalbania.com\/index.php\/wp-json\/wp\/v2\/types\/page"}],"author":[{"embeddable":true,"href":"https:\/\/italpackalbania.com\/index.php\/wp-json\/wp\/v2\/users\/1"}],"replies":[{"embeddable":true,"href":"https:\/\/italpackalbania.com\/index.php\/wp-json\/wp\/v2\/comments?post=540"}],"version-history":[{"count":12,"href":"https:\/\/italpackalbania.com\/index.php\/wp-json\/wp\/v2\/pages\/540\/revisions"}],"predecessor-version":[{"id":559,"href":"https:\/\/italpackalbania.com\/index.php\/wp-json\/wp\/v2\/pages\/540\/revisions\/559"}],"wp:attachment":[{"href":"https:\/\/italpackalbania.com\/index.php\/wp-json\/wp\/v2\/media?parent=540"}],"curies":[{"name":"wp","href":"https:\/\/api.w.org\/{rel}","templated":true}]}}