{"id":1465,"date":"2026-02-17T12:40:18","date_gmt":"2026-02-17T12:40:18","guid":{"rendered":"https:\/\/italpackalbania.com\/?post_type=product&#038;p=1465"},"modified":"2026-03-05T09:44:26","modified_gmt":"2026-03-05T09:44:26","slug":"hagleitner-niroking","status":"publish","type":"product","link":"https:\/\/italpackalbania.com\/index.php\/product\/hagleitner-niroking\/","title":{"rendered":"Hagleitner niroKING"},"content":{"rendered":"<div class=\"flex flex-col text-sm pb-25\">\n<article class=\"text-token-text-primary w-full focus:outline-none [--shadow-height:45px] has-data-writing-block:pointer-events-none has-data-writing-block:-mt-(--shadow-height) has-data-writing-block:pt-(--shadow-height) [&amp;:has([data-writing-block])&gt;*]:pointer-events-auto scroll-mt-[calc(var(--header-height)+min(200px,max(70px,20svh)))]\" dir=\"auto\" tabindex=\"-1\" data-turn-id=\"request-WEB:4fbb9e7d-1f00-49ad-b032-d742b4ab3457-2\" data-testid=\"conversation-turn-6\" data-scroll-anchor=\"true\" data-turn=\"assistant\">\n<div class=\"text-base my-auto mx-auto pb-10 [--thread-content-margin:--spacing(4)] @w-sm\/main:[--thread-content-margin:--spacing(6)] @w-lg\/main:[--thread-content-margin:--spacing(16)] px-(--thread-content-margin)\">\n<div class=\"[--thread-content-max-width:40rem] @w-lg\/main:[--thread-content-max-width:48rem] mx-auto max-w-(--thread-content-max-width) flex-1 group\/turn-messages focus-visible:outline-hidden relative flex w-full min-w-0 flex-col agent-turn\" tabindex=\"-1\">\n<div class=\"flex max-w-full flex-col grow\">\n<div class=\"min-h-8 text-message relative flex w-full flex-col items-end gap-2 text-start break-words whitespace-normal [.text-message+&amp;]:mt-1\" dir=\"auto\" data-message-author-role=\"assistant\" data-message-id=\"8bb48871-43a7-4dbc-af97-082fd8c7a936\" data-message-model-slug=\"gpt-5-2\">\n<div class=\"flex w-full flex-col gap-1 empty:hidden first:pt-[1px]\">\n<div class=\"markdown prose dark:prose-invert w-full wrap-break-word light markdown-new-styling\">\n<p data-start=\"0\" data-end=\"270\">1 L<\/p>\n<p data-start=\"0\" data-end=\"270\">Pastrues i sip\u00ebrfaqeve prej \u00e7eliku, inox dhe alumini, i ideuar p\u00ebr t\u00eb siguruar higjien\u00eb, shk\u00eblqim dhe mbrojtje p\u00ebr sip\u00ebrfaqe metalike n\u00eb ambiente profesionale.<\/p>\n<p data-start=\"304\" data-end=\"717\">Hagleitner NiroKING \u00ebsht\u00eb nj\u00eb solucion gati p\u00ebr p\u00ebrdorim q\u00eb kombinon pastrim efektiv me kujdes profesional p\u00ebr sip\u00ebrfaqe prej \u00e7eliku inox \u2014 mat ose i l\u00ebmuar \u2014 dhe alumini. Ai heq yndyr\u00ebn, mbetjet e papast\u00ebrtive dhe shenjat e p\u00ebrdorimit, duke l\u00ebn\u00eb nj\u00eb sip\u00ebrfaqe t\u00eb past\u00ebr.<\/p>\n<p data-start=\"304\" data-end=\"717\">P\u00ebrdorimi<\/p>\n<ul data-start=\"738\" data-end=\"1197\">\n<li data-start=\"738\" data-end=\"878\">\n<p data-start=\"740\" data-end=\"878\">P\u00ebr sip\u00ebrfaqe metalike si tavolina, pajisje kuzhine, ashensor\u00eb, etj.<\/p>\n<\/li>\n<li data-start=\"879\" data-end=\"976\">\n<p data-start=\"881\" data-end=\"976\">Aplikohet n\u00eb sip\u00ebrfaqe t\u00eb thata dhe t\u00eb pastruara m\u00eb par\u00eb me nj\u00eb leck\u00eb (p.sh. microfibre).<\/p>\n<\/li>\n<li data-start=\"1067\" data-end=\"1197\">\n<p data-start=\"1069\" data-end=\"1197\">Nuk rekomandohet p\u00ebrdorimi n\u00eb sip\u00ebrfaqe q\u00eb kan\u00eb kontakt t\u00eb drejtp\u00ebrdrejt\u00eb me ushqimin.<\/p>\n<\/li>\n<\/ul>\n<h3 data-start=\"1199\" data-end=\"1227\">P\u00ebrfitimet kryesore<\/h3>\n<p data-start=\"1228\" data-end=\"1679\">\u2714\ufe0f Heq yndyrnat dhe papast\u00ebrtit\u00eb me efikasitet <br data-start=\"1316\" data-end=\"1319\" \/>\u2714\ufe0f L\u00eb nj\u00eb shtres\u00eb mbrojt\u00ebse q\u00eb ndihmon n\u00eb parandalimin e ndotjes s\u00eb shpejt\u00eb <br data-start=\"1432\" data-end=\"1435\" \/>\u2714\ufe0f I jep sip\u00ebrfaqeve nj\u00eb shk\u00eblqim t\u00eb kujdessh\u00ebm dhe t\u00eb mir\u00ebmbajtur <br data-start=\"1541\" data-end=\"1544\" \/>\u2714\ufe0f I p\u00ebrshtatsh\u00ebm p\u00ebr p\u00ebrdorim profesional n\u00eb ambiente ku k\u00ebrkohet standard i lart\u00eb higjienik<\/p>\n<\/div>\n<\/div>\n<\/div>\n<\/div>\n<\/div>\n<\/div>\n<\/article>\n<\/div>\n<div class=\"pointer-events-none h-px w-px absolute bottom-0\" aria-hidden=\"true\" data-edge=\"true\"><\/div>\n","protected":false},"excerpt":{"rendered":"<p>1 L Pastrues i sip\u00ebrfaqeve prej \u00e7eliku, inox dhe alumini, i ideuar p\u00ebr t\u00eb siguruar higjien\u00eb, shk\u00eblqim dhe mbrojtje p\u00ebr sip\u00ebrfaqe metalike n\u00eb ambiente profesionale. Hagleitner NiroKING \u00ebsht\u00eb nj\u00eb solucion gati p\u00ebr p\u00ebrdorim q\u00eb kombinon pastrim efektiv me kujdes profesional p\u00ebr sip\u00ebrfaqe prej \u00e7eliku inox \u2014 mat ose i l\u00ebmuar \u2014 dhe alumini. Ai heq&hellip;<\/p>\n","protected":false},"featured_media":1293,"template":"","meta":[],"product_brand":[],"product_cat":[24,29],"product_tag":[42,31,91,99],"class_list":{"0":"post-1465","1":"product","2":"type-product","3":"status-publish","4":"has-post-thumbnail","6":"product_cat-kompani-pastrimi","7":"product_cat-produkte-pastrimi","8":"product_tag-detergjente-per-pastrim","9":"product_tag-pastrim","10":"product_tag-pastrues-per-inox","11":"product_tag-pastrues-per-siperfaqe-celik","12":"description-off","14":"first","15":"instock","16":"shipping-taxable","17":"purchasable","18":"product-type-simple"},"yoast_head":"<!-- This site is optimized with the Yoast SEO plugin v26.7 - https:\/\/yoast.com\/wordpress\/plugins\/seo\/ -->\n<title>Hagleitner niroKING - Italpack Albania<\/title>\n<meta name=\"description\" content=\"Zbuloni gam\u00ebn ton\u00eb t\u00eb plot\u00eb t\u00eb produkteve p\u00ebr hotele dhe biznese: amenities premium, detergjente profesionale dhe paketime\" \/>\n<meta name=\"robots\" content=\"index, follow, max-snippet:-1, max-image-preview:large, max-video-preview:-1\" \/>\n<link rel=\"canonical\" href=\"https:\/\/italpackalbania.com\/index.php\/product\/hagleitner-niroking\/\" \/>\n<meta property=\"og:locale\" content=\"en_US\" \/>\n<meta property=\"og:type\" content=\"article\" \/>\n<meta property=\"og:title\" content=\"Hagleitner niroKING - Italpack Albania\" \/>\n<meta property=\"og:description\" content=\"Zbuloni gam\u00ebn ton\u00eb t\u00eb plot\u00eb t\u00eb produkteve p\u00ebr hotele dhe biznese: amenities premium, detergjente profesionale dhe paketime\" \/>\n<meta property=\"og:url\" content=\"https:\/\/italpackalbania.com\/index.php\/product\/hagleitner-niroking\/\" \/>\n<meta property=\"og:site_name\" content=\"Italpack Albania\" \/>\n<meta property=\"article:publisher\" content=\"https:\/\/www.facebook.com\/italpack.albania.37\/\" \/>\n<meta property=\"article:modified_time\" content=\"2026-03-05T09:44:26+00:00\" \/>\n<meta property=\"og:image\" content=\"https:\/\/italpackalbania.com\/wp-content\/uploads\/2026\/01\/detergjent-profesional.png\" \/>\n\t<meta property=\"og:image:width\" content=\"600\" \/>\n\t<meta property=\"og:image:height\" content=\"600\" \/>\n\t<meta property=\"og:image:type\" content=\"image\/png\" \/>\n<meta name=\"twitter:card\" content=\"summary_large_image\" \/>\n<meta name=\"twitter:label1\" content=\"Est. reading time\" \/>\n\t<meta name=\"twitter:data1\" content=\"1 minute\" \/>\n<script type=\"application\/ld+json\" class=\"yoast-schema-graph\">{\"@context\":\"https:\/\/schema.org\",\"@graph\":[{\"@type\":\"WebPage\",\"@id\":\"https:\/\/italpackalbania.com\/index.php\/product\/hagleitner-niroking\/\",\"url\":\"https:\/\/italpackalbania.com\/index.php\/product\/hagleitner-niroking\/\",\"name\":\"Hagleitner niroKING - Italpack Albania\",\"isPartOf\":{\"@id\":\"https:\/\/italpackalbania.com\/#website\"},\"primaryImageOfPage\":{\"@id\":\"https:\/\/italpackalbania.com\/index.php\/product\/hagleitner-niroking\/#primaryimage\"},\"image\":{\"@id\":\"https:\/\/italpackalbania.com\/index.php\/product\/hagleitner-niroking\/#primaryimage\"},\"thumbnailUrl\":\"https:\/\/italpackalbania.com\/wp-content\/uploads\/2026\/01\/detergjent-profesional.png\",\"datePublished\":\"2026-02-17T12:40:18+00:00\",\"dateModified\":\"2026-03-05T09:44:26+00:00\",\"description\":\"Zbuloni gam\u00ebn ton\u00eb t\u00eb plot\u00eb t\u00eb produkteve p\u00ebr hotele dhe biznese: amenities premium, detergjente profesionale dhe paketime\",\"breadcrumb\":{\"@id\":\"https:\/\/italpackalbania.com\/index.php\/product\/hagleitner-niroking\/#breadcrumb\"},\"inLanguage\":\"en-US\",\"potentialAction\":[{\"@type\":\"ReadAction\",\"target\":[\"https:\/\/italpackalbania.com\/index.php\/product\/hagleitner-niroking\/\"]}]},{\"@type\":\"ImageObject\",\"inLanguage\":\"en-US\",\"@id\":\"https:\/\/italpackalbania.com\/index.php\/product\/hagleitner-niroking\/#primaryimage\",\"url\":\"https:\/\/italpackalbania.com\/wp-content\/uploads\/2026\/01\/detergjent-profesional.png\",\"contentUrl\":\"https:\/\/italpackalbania.com\/wp-content\/uploads\/2026\/01\/detergjent-profesional.png\",\"width\":600,\"height\":600},{\"@type\":\"BreadcrumbList\",\"@id\":\"https:\/\/italpackalbania.com\/index.php\/product\/hagleitner-niroking\/#breadcrumb\",\"itemListElement\":[{\"@type\":\"ListItem\",\"position\":1,\"name\":\"Home\",\"item\":\"https:\/\/italpackalbania.com\/\"},{\"@type\":\"ListItem\",\"position\":2,\"name\":\"Products\",\"item\":\"https:\/\/italpackalbania.com\/index.php\/shop\/\"},{\"@type\":\"ListItem\",\"position\":3,\"name\":\"Hagleitner niroKING\"}]},{\"@type\":\"WebSite\",\"@id\":\"https:\/\/italpackalbania.com\/#website\",\"url\":\"https:\/\/italpackalbania.com\/\",\"name\":\"Italpack Albania\",\"description\":\"Aksesor\u00eb p\u00ebr hoteleri, detergjent\u00eb p\u00ebr sht\u00ebpi, hoteleri, restorante, paketime p\u00ebr delivery, ambalazhime p\u00ebr biznese\",\"publisher\":{\"@id\":\"https:\/\/italpackalbania.com\/#organization\"},\"potentialAction\":[{\"@type\":\"SearchAction\",\"target\":{\"@type\":\"EntryPoint\",\"urlTemplate\":\"https:\/\/italpackalbania.com\/?s={search_term_string}\"},\"query-input\":{\"@type\":\"PropertyValueSpecification\",\"valueRequired\":true,\"valueName\":\"search_term_string\"}}],\"inLanguage\":\"en-US\"},{\"@type\":\"Organization\",\"@id\":\"https:\/\/italpackalbania.com\/#organization\",\"name\":\"ItalPack Albania\",\"url\":\"https:\/\/italpackalbania.com\/\",\"logo\":{\"@type\":\"ImageObject\",\"inLanguage\":\"en-US\",\"@id\":\"https:\/\/italpackalbania.com\/#\/schema\/logo\/image\/\",\"url\":\"https:\/\/italpackalbania.com\/wp-content\/uploads\/2025\/12\/cropped-italpack-logo.png\",\"contentUrl\":\"https:\/\/italpackalbania.com\/wp-content\/uploads\/2025\/12\/cropped-italpack-logo.png\",\"width\":512,\"height\":512,\"caption\":\"ItalPack Albania\"},\"image\":{\"@id\":\"https:\/\/italpackalbania.com\/#\/schema\/logo\/image\/\"},\"sameAs\":[\"https:\/\/www.facebook.com\/italpack.albania.37\/\",\"https:\/\/www.instagram.com\/italpackalbania\/\"]}]}<\/script>\n<!-- \/ Yoast SEO plugin. -->","yoast_head_json":{"title":"Hagleitner niroKING - Italpack Albania","description":"Zbuloni gam\u00ebn ton\u00eb t\u00eb plot\u00eb t\u00eb produkteve p\u00ebr hotele dhe biznese: amenities premium, detergjente profesionale dhe paketime","robots":{"index":"index","follow":"follow","max-snippet":"max-snippet:-1","max-image-preview":"max-image-preview:large","max-video-preview":"max-video-preview:-1"},"canonical":"https:\/\/italpackalbania.com\/index.php\/product\/hagleitner-niroking\/","og_locale":"en_US","og_type":"article","og_title":"Hagleitner niroKING - Italpack Albania","og_description":"Zbuloni gam\u00ebn ton\u00eb t\u00eb plot\u00eb t\u00eb produkteve p\u00ebr hotele dhe biznese: amenities premium, detergjente profesionale dhe paketime","og_url":"https:\/\/italpackalbania.com\/index.php\/product\/hagleitner-niroking\/","og_site_name":"Italpack Albania","article_publisher":"https:\/\/www.facebook.com\/italpack.albania.37\/","article_modified_time":"2026-03-05T09:44:26+00:00","og_image":[{"width":600,"height":600,"url":"https:\/\/italpackalbania.com\/wp-content\/uploads\/2026\/01\/detergjent-profesional.png","type":"image\/png"}],"twitter_card":"summary_large_image","twitter_misc":{"Est. reading time":"1 minute"},"schema":{"@context":"https:\/\/schema.org","@graph":[{"@type":"WebPage","@id":"https:\/\/italpackalbania.com\/index.php\/product\/hagleitner-niroking\/","url":"https:\/\/italpackalbania.com\/index.php\/product\/hagleitner-niroking\/","name":"Hagleitner niroKING - Italpack Albania","isPartOf":{"@id":"https:\/\/italpackalbania.com\/#website"},"primaryImageOfPage":{"@id":"https:\/\/italpackalbania.com\/index.php\/product\/hagleitner-niroking\/#primaryimage"},"image":{"@id":"https:\/\/italpackalbania.com\/index.php\/product\/hagleitner-niroking\/#primaryimage"},"thumbnailUrl":"https:\/\/italpackalbania.com\/wp-content\/uploads\/2026\/01\/detergjent-profesional.png","datePublished":"2026-02-17T12:40:18+00:00","dateModified":"2026-03-05T09:44:26+00:00","description":"Zbuloni gam\u00ebn ton\u00eb t\u00eb plot\u00eb t\u00eb produkteve p\u00ebr hotele dhe biznese: amenities premium, detergjente profesionale dhe paketime","breadcrumb":{"@id":"https:\/\/italpackalbania.com\/index.php\/product\/hagleitner-niroking\/#breadcrumb"},"inLanguage":"en-US","potentialAction":[{"@type":"ReadAction","target":["https:\/\/italpackalbania.com\/index.php\/product\/hagleitner-niroking\/"]}]},{"@type":"ImageObject","inLanguage":"en-US","@id":"https:\/\/italpackalbania.com\/index.php\/product\/hagleitner-niroking\/#primaryimage","url":"https:\/\/italpackalbania.com\/wp-content\/uploads\/2026\/01\/detergjent-profesional.png","contentUrl":"https:\/\/italpackalbania.com\/wp-content\/uploads\/2026\/01\/detergjent-profesional.png","width":600,"height":600},{"@type":"BreadcrumbList","@id":"https:\/\/italpackalbania.com\/index.php\/product\/hagleitner-niroking\/#breadcrumb","itemListElement":[{"@type":"ListItem","position":1,"name":"Home","item":"https:\/\/italpackalbania.com\/"},{"@type":"ListItem","position":2,"name":"Products","item":"https:\/\/italpackalbania.com\/index.php\/shop\/"},{"@type":"ListItem","position":3,"name":"Hagleitner niroKING"}]},{"@type":"WebSite","@id":"https:\/\/italpackalbania.com\/#website","url":"https:\/\/italpackalbania.com\/","name":"Italpack Albania","description":"Aksesor\u00eb p\u00ebr hoteleri, detergjent\u00eb p\u00ebr sht\u00ebpi, hoteleri, restorante, paketime p\u00ebr delivery, ambalazhime p\u00ebr biznese","publisher":{"@id":"https:\/\/italpackalbania.com\/#organization"},"potentialAction":[{"@type":"SearchAction","target":{"@type":"EntryPoint","urlTemplate":"https:\/\/italpackalbania.com\/?s={search_term_string}"},"query-input":{"@type":"PropertyValueSpecification","valueRequired":true,"valueName":"search_term_string"}}],"inLanguage":"en-US"},{"@type":"Organization","@id":"https:\/\/italpackalbania.com\/#organization","name":"ItalPack Albania","url":"https:\/\/italpackalbania.com\/","logo":{"@type":"ImageObject","inLanguage":"en-US","@id":"https:\/\/italpackalbania.com\/#\/schema\/logo\/image\/","url":"https:\/\/italpackalbania.com\/wp-content\/uploads\/2025\/12\/cropped-italpack-logo.png","contentUrl":"https:\/\/italpackalbania.com\/wp-content\/uploads\/2025\/12\/cropped-italpack-logo.png","width":512,"height":512,"caption":"ItalPack Albania"},"image":{"@id":"https:\/\/italpackalbania.com\/#\/schema\/logo\/image\/"},"sameAs":["https:\/\/www.facebook.com\/italpack.albania.37\/","https:\/\/www.instagram.com\/italpackalbania\/"]}]}},"_links":{"self":[{"href":"https:\/\/italpackalbania.com\/index.php\/wp-json\/wp\/v2\/product\/1465","targetHints":{"allow":["GET"]}}],"collection":[{"href":"https:\/\/italpackalbania.com\/index.php\/wp-json\/wp\/v2\/product"}],"about":[{"href":"https:\/\/italpackalbania.com\/index.php\/wp-json\/wp\/v2\/types\/product"}],"wp:featuredmedia":[{"embeddable":true,"href":"https:\/\/italpackalbania.com\/index.php\/wp-json\/wp\/v2\/media\/1293"}],"wp:attachment":[{"href":"https:\/\/italpackalbania.com\/index.php\/wp-json\/wp\/v2\/media?parent=1465"}],"wp:term":[{"taxonomy":"product_brand","embeddable":true,"href":"https:\/\/italpackalbania.com\/index.php\/wp-json\/wp\/v2\/product_brand?post=1465"},{"taxonomy":"product_cat","embeddable":true,"href":"https:\/\/italpackalbania.com\/index.php\/wp-json\/wp\/v2\/product_cat?post=1465"},{"taxonomy":"product_tag","embeddable":true,"href":"https:\/\/italpackalbania.com\/index.php\/wp-json\/wp\/v2\/product_tag?post=1465"}],"curies":[{"name":"wp","href":"https:\/\/api.w.org\/{rel}","templated":true}]}}