{"id":1470,"date":"2026-02-17T13:15:26","date_gmt":"2026-02-17T13:15:26","guid":{"rendered":"https:\/\/italpackalbania.com\/?post_type=product&#038;p=1470"},"modified":"2026-02-26T08:41:20","modified_gmt":"2026-02-26T08:41:20","slug":"hagleitner-flair-mild","status":"publish","type":"product","link":"https:\/\/italpackalbania.com\/index.php\/product\/hagleitner-flair-mild\/","title":{"rendered":"Hagleitner flair MILD"},"content":{"rendered":"<p data-start=\"99\" data-end=\"306\">10 kg<\/p>\n<p data-start=\"91\" data-end=\"363\">Hagleitner flair MILD \u00ebsht\u00eb nj\u00eb zbut\u00ebs i l\u00ebngsh\u00ebm i rrobave, gati p\u00ebr p\u00ebrdorim,\u00a0duke i l\u00ebn\u00eb ato me nj\u00eb arom\u00eb t\u00eb fresk\u00ebt dhe natyrale.<\/p>\n<p data-start=\"393\" data-end=\"498\">P\u00ebrdoret n\u00eb lavatri\u00e7e si hapi i fundit pas larjes s\u00eb rrobave.<\/p>\n<h3 data-start=\"647\" data-end=\"672\"><strong>P\u00ebrfitimet kryesore<\/strong><\/h3>\n<p data-start=\"673\" data-end=\"1301\">\u2714\ufe0f I l\u00eb rrobat t\u00eb buta dhe komode p\u00ebr t\u2019u veshur <br data-start=\"762\" data-end=\"765\" \/>\u2714\ufe0f Redukton koh\u00ebn e tharjes deri n\u00eb rreth 10 % n\u00eb thar\u00ebsen e rrobave <br data-start=\"875\" data-end=\"878\" \/>\u2714\ufe0f Leht\u00ebson hekurosjen e rrobave fal\u00eb p\u00ebrb\u00ebr\u00ebsve t\u00eb kujdesit <br data-start=\"980\" data-end=\"983\" \/>\u2714\ufe0f Ruan rroba t\u00eb buta, anti-statike dhe me arom\u00eb t\u00eb k\u00ebndshme <br data-start=\"1085\" data-end=\"1088\" \/>\u2714\ufe0f P\u00ebrmir\u00ebson kompatibilitetin me l\u00ebkur\u00ebn p\u00ebr p\u00ebrdorim m\u00eb t\u00eb rehatsh\u00ebm <br data-start=\"1200\" data-end=\"1203\" data-is-only-node=\"\" \/>\u2714\ufe0f Zgjat jet\u00ebgjat\u00ebsin\u00eb e rrobave me p\u00ebrdorim t\u00eb rregullt<\/p>\n<h3 data-start=\"1303\" data-end=\"1321\"><strong>Si p\u00ebrdoret<\/strong><\/h3>\n<p data-start=\"1322\" data-end=\"1573\">Shtohet n\u00eb ndarjen e zbut\u00ebsit t\u00eb lavatri\u00e7es gjat\u00eb ciklit t\u00eb larjes. <br data-start=\"1436\" data-end=\"1439\" \/>P\u00ebr rezultate optimale, ndiqni udh\u00ebzimet e dozimit sipas madh\u00ebsis\u00eb s\u00eb ngarkes\u00ebs s\u00eb rrobave.<\/p>\n<h3 data-start=\"1575\" data-end=\"1590\">Vlera pH<\/h3>\n<p data-start=\"1591\" data-end=\"1715\">\ud83d\udccd pH rreth <strong data-start=\"1603\" data-end=\"1617\">3.5 (acid)<\/strong>, q\u00eb ndihmon n\u00eb efektin e but\u00ebsimit t\u00eb fibrave t\u00eb rrobave.<\/p>\n","protected":false},"excerpt":{"rendered":"<p>10 kg Hagleitner flair MILD \u00ebsht\u00eb nj\u00eb zbut\u00ebs i l\u00ebngsh\u00ebm i rrobave, gati p\u00ebr p\u00ebrdorim,\u00a0duke i l\u00ebn\u00eb ato me nj\u00eb arom\u00eb t\u00eb fresk\u00ebt dhe natyrale. P\u00ebrdoret n\u00eb lavatri\u00e7e si hapi i fundit pas larjes s\u00eb rrobave. P\u00ebrfitimet kryesore \u2714\ufe0f I l\u00eb rrobat t\u00eb buta dhe komode p\u00ebr t\u2019u veshur \u2714\ufe0f Redukton koh\u00ebn e tharjes deri&hellip;<\/p>\n","protected":false},"featured_media":1336,"template":"","meta":[],"product_brand":[],"product_cat":[24,29],"product_tag":[42,30,31,49],"class_list":{"0":"post-1470","1":"product","2":"type-product","3":"status-publish","4":"has-post-thumbnail","6":"product_cat-kompani-pastrimi","7":"product_cat-produkte-pastrimi","8":"product_tag-detergjente-per-pastrim","9":"product_tag-higjiene","10":"product_tag-pastrim","11":"product_tag-zbutes-rrobash","12":"description-off","14":"first","15":"instock","16":"shipping-taxable","17":"purchasable","18":"product-type-simple"},"yoast_head":"<!-- This site is optimized with the Yoast SEO plugin v26.7 - https:\/\/yoast.com\/wordpress\/plugins\/seo\/ -->\n<title>Hagleitner flair MILD - Italpack Albania<\/title>\n<meta name=\"description\" content=\"Zbuloni gam\u00ebn ton\u00eb t\u00eb plot\u00eb t\u00eb produkteve p\u00ebr hotele dhe biznese: amenities premium, detergjente profesionale dhe paketime\" \/>\n<meta name=\"robots\" content=\"index, follow, max-snippet:-1, max-image-preview:large, max-video-preview:-1\" \/>\n<link rel=\"canonical\" href=\"https:\/\/italpackalbania.com\/index.php\/product\/hagleitner-flair-mild\/\" \/>\n<meta property=\"og:locale\" content=\"en_US\" \/>\n<meta property=\"og:type\" content=\"article\" \/>\n<meta property=\"og:title\" content=\"Hagleitner flair MILD - Italpack Albania\" \/>\n<meta property=\"og:description\" content=\"Zbuloni gam\u00ebn ton\u00eb t\u00eb plot\u00eb t\u00eb produkteve p\u00ebr hotele dhe biznese: amenities premium, detergjente profesionale dhe paketime\" \/>\n<meta property=\"og:url\" content=\"https:\/\/italpackalbania.com\/index.php\/product\/hagleitner-flair-mild\/\" \/>\n<meta property=\"og:site_name\" content=\"Italpack Albania\" \/>\n<meta property=\"article:publisher\" content=\"https:\/\/www.facebook.com\/italpack.albania.37\/\" \/>\n<meta property=\"article:modified_time\" content=\"2026-02-26T08:41:20+00:00\" \/>\n<meta property=\"og:image\" content=\"https:\/\/italpackalbania.com\/wp-content\/uploads\/2026\/02\/zbutes-per-rroba.png\" \/>\n\t<meta property=\"og:image:width\" content=\"600\" \/>\n\t<meta property=\"og:image:height\" content=\"600\" \/>\n\t<meta property=\"og:image:type\" content=\"image\/png\" \/>\n<meta name=\"twitter:card\" content=\"summary_large_image\" \/>\n<meta name=\"twitter:label1\" content=\"Est. reading time\" \/>\n\t<meta name=\"twitter:data1\" content=\"1 minute\" \/>\n<script type=\"application\/ld+json\" class=\"yoast-schema-graph\">{\"@context\":\"https:\/\/schema.org\",\"@graph\":[{\"@type\":\"WebPage\",\"@id\":\"https:\/\/italpackalbania.com\/index.php\/product\/hagleitner-flair-mild\/\",\"url\":\"https:\/\/italpackalbania.com\/index.php\/product\/hagleitner-flair-mild\/\",\"name\":\"Hagleitner flair MILD - Italpack Albania\",\"isPartOf\":{\"@id\":\"https:\/\/italpackalbania.com\/#website\"},\"primaryImageOfPage\":{\"@id\":\"https:\/\/italpackalbania.com\/index.php\/product\/hagleitner-flair-mild\/#primaryimage\"},\"image\":{\"@id\":\"https:\/\/italpackalbania.com\/index.php\/product\/hagleitner-flair-mild\/#primaryimage\"},\"thumbnailUrl\":\"https:\/\/italpackalbania.com\/wp-content\/uploads\/2026\/02\/zbutes-per-rroba.png\",\"datePublished\":\"2026-02-17T13:15:26+00:00\",\"dateModified\":\"2026-02-26T08:41:20+00:00\",\"description\":\"Zbuloni gam\u00ebn ton\u00eb t\u00eb plot\u00eb t\u00eb produkteve p\u00ebr hotele dhe biznese: amenities premium, detergjente profesionale dhe paketime\",\"breadcrumb\":{\"@id\":\"https:\/\/italpackalbania.com\/index.php\/product\/hagleitner-flair-mild\/#breadcrumb\"},\"inLanguage\":\"en-US\",\"potentialAction\":[{\"@type\":\"ReadAction\",\"target\":[\"https:\/\/italpackalbania.com\/index.php\/product\/hagleitner-flair-mild\/\"]}]},{\"@type\":\"ImageObject\",\"inLanguage\":\"en-US\",\"@id\":\"https:\/\/italpackalbania.com\/index.php\/product\/hagleitner-flair-mild\/#primaryimage\",\"url\":\"https:\/\/italpackalbania.com\/wp-content\/uploads\/2026\/02\/zbutes-per-rroba.png\",\"contentUrl\":\"https:\/\/italpackalbania.com\/wp-content\/uploads\/2026\/02\/zbutes-per-rroba.png\",\"width\":600,\"height\":600},{\"@type\":\"BreadcrumbList\",\"@id\":\"https:\/\/italpackalbania.com\/index.php\/product\/hagleitner-flair-mild\/#breadcrumb\",\"itemListElement\":[{\"@type\":\"ListItem\",\"position\":1,\"name\":\"Home\",\"item\":\"https:\/\/italpackalbania.com\/\"},{\"@type\":\"ListItem\",\"position\":2,\"name\":\"Products\",\"item\":\"https:\/\/italpackalbania.com\/index.php\/shop\/\"},{\"@type\":\"ListItem\",\"position\":3,\"name\":\"Hagleitner flair MILD\"}]},{\"@type\":\"WebSite\",\"@id\":\"https:\/\/italpackalbania.com\/#website\",\"url\":\"https:\/\/italpackalbania.com\/\",\"name\":\"Italpack Albania\",\"description\":\"Aksesor\u00eb p\u00ebr hoteleri, detergjent\u00eb p\u00ebr sht\u00ebpi, hoteleri, restorante, paketime p\u00ebr delivery, ambalazhime p\u00ebr biznese\",\"publisher\":{\"@id\":\"https:\/\/italpackalbania.com\/#organization\"},\"potentialAction\":[{\"@type\":\"SearchAction\",\"target\":{\"@type\":\"EntryPoint\",\"urlTemplate\":\"https:\/\/italpackalbania.com\/?s={search_term_string}\"},\"query-input\":{\"@type\":\"PropertyValueSpecification\",\"valueRequired\":true,\"valueName\":\"search_term_string\"}}],\"inLanguage\":\"en-US\"},{\"@type\":\"Organization\",\"@id\":\"https:\/\/italpackalbania.com\/#organization\",\"name\":\"ItalPack Albania\",\"url\":\"https:\/\/italpackalbania.com\/\",\"logo\":{\"@type\":\"ImageObject\",\"inLanguage\":\"en-US\",\"@id\":\"https:\/\/italpackalbania.com\/#\/schema\/logo\/image\/\",\"url\":\"https:\/\/italpackalbania.com\/wp-content\/uploads\/2025\/12\/cropped-italpack-logo.png\",\"contentUrl\":\"https:\/\/italpackalbania.com\/wp-content\/uploads\/2025\/12\/cropped-italpack-logo.png\",\"width\":512,\"height\":512,\"caption\":\"ItalPack Albania\"},\"image\":{\"@id\":\"https:\/\/italpackalbania.com\/#\/schema\/logo\/image\/\"},\"sameAs\":[\"https:\/\/www.facebook.com\/italpack.albania.37\/\",\"https:\/\/www.instagram.com\/italpackalbania\/\"]}]}<\/script>\n<!-- \/ Yoast SEO plugin. -->","yoast_head_json":{"title":"Hagleitner flair MILD - Italpack Albania","description":"Zbuloni gam\u00ebn ton\u00eb t\u00eb plot\u00eb t\u00eb produkteve p\u00ebr hotele dhe biznese: amenities premium, detergjente profesionale dhe paketime","robots":{"index":"index","follow":"follow","max-snippet":"max-snippet:-1","max-image-preview":"max-image-preview:large","max-video-preview":"max-video-preview:-1"},"canonical":"https:\/\/italpackalbania.com\/index.php\/product\/hagleitner-flair-mild\/","og_locale":"en_US","og_type":"article","og_title":"Hagleitner flair MILD - Italpack Albania","og_description":"Zbuloni gam\u00ebn ton\u00eb t\u00eb plot\u00eb t\u00eb produkteve p\u00ebr hotele dhe biznese: amenities premium, detergjente profesionale dhe paketime","og_url":"https:\/\/italpackalbania.com\/index.php\/product\/hagleitner-flair-mild\/","og_site_name":"Italpack Albania","article_publisher":"https:\/\/www.facebook.com\/italpack.albania.37\/","article_modified_time":"2026-02-26T08:41:20+00:00","og_image":[{"width":600,"height":600,"url":"https:\/\/italpackalbania.com\/wp-content\/uploads\/2026\/02\/zbutes-per-rroba.png","type":"image\/png"}],"twitter_card":"summary_large_image","twitter_misc":{"Est. reading time":"1 minute"},"schema":{"@context":"https:\/\/schema.org","@graph":[{"@type":"WebPage","@id":"https:\/\/italpackalbania.com\/index.php\/product\/hagleitner-flair-mild\/","url":"https:\/\/italpackalbania.com\/index.php\/product\/hagleitner-flair-mild\/","name":"Hagleitner flair MILD - Italpack Albania","isPartOf":{"@id":"https:\/\/italpackalbania.com\/#website"},"primaryImageOfPage":{"@id":"https:\/\/italpackalbania.com\/index.php\/product\/hagleitner-flair-mild\/#primaryimage"},"image":{"@id":"https:\/\/italpackalbania.com\/index.php\/product\/hagleitner-flair-mild\/#primaryimage"},"thumbnailUrl":"https:\/\/italpackalbania.com\/wp-content\/uploads\/2026\/02\/zbutes-per-rroba.png","datePublished":"2026-02-17T13:15:26+00:00","dateModified":"2026-02-26T08:41:20+00:00","description":"Zbuloni gam\u00ebn ton\u00eb t\u00eb plot\u00eb t\u00eb produkteve p\u00ebr hotele dhe biznese: amenities premium, detergjente profesionale dhe paketime","breadcrumb":{"@id":"https:\/\/italpackalbania.com\/index.php\/product\/hagleitner-flair-mild\/#breadcrumb"},"inLanguage":"en-US","potentialAction":[{"@type":"ReadAction","target":["https:\/\/italpackalbania.com\/index.php\/product\/hagleitner-flair-mild\/"]}]},{"@type":"ImageObject","inLanguage":"en-US","@id":"https:\/\/italpackalbania.com\/index.php\/product\/hagleitner-flair-mild\/#primaryimage","url":"https:\/\/italpackalbania.com\/wp-content\/uploads\/2026\/02\/zbutes-per-rroba.png","contentUrl":"https:\/\/italpackalbania.com\/wp-content\/uploads\/2026\/02\/zbutes-per-rroba.png","width":600,"height":600},{"@type":"BreadcrumbList","@id":"https:\/\/italpackalbania.com\/index.php\/product\/hagleitner-flair-mild\/#breadcrumb","itemListElement":[{"@type":"ListItem","position":1,"name":"Home","item":"https:\/\/italpackalbania.com\/"},{"@type":"ListItem","position":2,"name":"Products","item":"https:\/\/italpackalbania.com\/index.php\/shop\/"},{"@type":"ListItem","position":3,"name":"Hagleitner flair MILD"}]},{"@type":"WebSite","@id":"https:\/\/italpackalbania.com\/#website","url":"https:\/\/italpackalbania.com\/","name":"Italpack Albania","description":"Aksesor\u00eb p\u00ebr hoteleri, detergjent\u00eb p\u00ebr sht\u00ebpi, hoteleri, restorante, paketime p\u00ebr delivery, ambalazhime p\u00ebr biznese","publisher":{"@id":"https:\/\/italpackalbania.com\/#organization"},"potentialAction":[{"@type":"SearchAction","target":{"@type":"EntryPoint","urlTemplate":"https:\/\/italpackalbania.com\/?s={search_term_string}"},"query-input":{"@type":"PropertyValueSpecification","valueRequired":true,"valueName":"search_term_string"}}],"inLanguage":"en-US"},{"@type":"Organization","@id":"https:\/\/italpackalbania.com\/#organization","name":"ItalPack Albania","url":"https:\/\/italpackalbania.com\/","logo":{"@type":"ImageObject","inLanguage":"en-US","@id":"https:\/\/italpackalbania.com\/#\/schema\/logo\/image\/","url":"https:\/\/italpackalbania.com\/wp-content\/uploads\/2025\/12\/cropped-italpack-logo.png","contentUrl":"https:\/\/italpackalbania.com\/wp-content\/uploads\/2025\/12\/cropped-italpack-logo.png","width":512,"height":512,"caption":"ItalPack Albania"},"image":{"@id":"https:\/\/italpackalbania.com\/#\/schema\/logo\/image\/"},"sameAs":["https:\/\/www.facebook.com\/italpack.albania.37\/","https:\/\/www.instagram.com\/italpackalbania\/"]}]}},"_links":{"self":[{"href":"https:\/\/italpackalbania.com\/index.php\/wp-json\/wp\/v2\/product\/1470","targetHints":{"allow":["GET"]}}],"collection":[{"href":"https:\/\/italpackalbania.com\/index.php\/wp-json\/wp\/v2\/product"}],"about":[{"href":"https:\/\/italpackalbania.com\/index.php\/wp-json\/wp\/v2\/types\/product"}],"wp:featuredmedia":[{"embeddable":true,"href":"https:\/\/italpackalbania.com\/index.php\/wp-json\/wp\/v2\/media\/1336"}],"wp:attachment":[{"href":"https:\/\/italpackalbania.com\/index.php\/wp-json\/wp\/v2\/media?parent=1470"}],"wp:term":[{"taxonomy":"product_brand","embeddable":true,"href":"https:\/\/italpackalbania.com\/index.php\/wp-json\/wp\/v2\/product_brand?post=1470"},{"taxonomy":"product_cat","embeddable":true,"href":"https:\/\/italpackalbania.com\/index.php\/wp-json\/wp\/v2\/product_cat?post=1470"},{"taxonomy":"product_tag","embeddable":true,"href":"https:\/\/italpackalbania.com\/index.php\/wp-json\/wp\/v2\/product_tag?post=1470"}],"curies":[{"name":"wp","href":"https:\/\/api.w.org\/{rel}","templated":true}]}}