{"id":1474,"date":"2026-02-18T09:02:47","date_gmt":"2026-02-18T09:02:47","guid":{"rendered":"https:\/\/italpackalbania.com\/?post_type=product&#038;p=1474"},"modified":"2026-02-18T09:02:47","modified_gmt":"2026-02-18T09:02:47","slug":"sydex-detergente-multiuso","status":"publish","type":"product","link":"https:\/\/italpackalbania.com\/index.php\/product\/sydex-detergente-multiuso\/","title":{"rendered":"Sydex Detergente Multiuso"},"content":{"rendered":"<p data-start=\"117\" data-end=\"435\">Zgjidhja ideale p\u00ebr pastrim t\u00eb p\u00ebrditsh\u00ebm dhe freskim t\u00eb ambienteve, duke l\u00ebn\u00eb nj\u00eb ndjesi past\u00ebrtie dhe arom\u00eb t\u00eb k\u00ebndshme q\u00eb zgjat. Formula e tij efektive pastron n\u00eb thell\u00ebsi dhe ndihmon n\u00eb eliminimin e papast\u00ebrtive dhe aromave t\u00eb pak\u00ebndshme.<\/p>\n<p data-start=\"437\" data-end=\"489\">P\u00ebrdoret n\u00eb m\u00ebnyr\u00eb t\u00eb sigurt n\u00eb shum\u00eb sip\u00ebrfaqe, si:<\/p>\n<ul data-start=\"491\" data-end=\"625\">\n<li data-start=\"491\" data-end=\"507\">\n<p data-start=\"493\" data-end=\"507\">Tualete<\/p>\n<\/li>\n<li data-start=\"508\" data-end=\"518\">\n<p data-start=\"510\" data-end=\"518\">Pileta<\/p>\n<\/li>\n<li data-start=\"519\" data-end=\"541\">\n<p data-start=\"521\" data-end=\"541\">Pllaka dhe parkete<\/p>\n<\/li>\n<li data-start=\"542\" data-end=\"559\">\n<p data-start=\"544\" data-end=\"559\">K\u00ebnde banjosh<\/p>\n<\/li>\n<li data-start=\"560\" data-end=\"625\">\n<p data-start=\"562\" data-end=\"625\">Sip\u00ebrfaqe t\u00eb ndryshme t\u00eb sht\u00ebpis\u00eb apo ambienteve profesionale<\/p>\n<\/li>\n<\/ul>\n<p data-start=\"627\" data-end=\"708\">Kjo e b\u00ebn SYDEX nj\u00eb detergjent praktik dhe funksional p\u00ebr p\u00ebrdorim t\u00eb p\u00ebrditsh\u00ebm.<\/p>\n<p data-start=\"710\" data-end=\"734\"><strong data-start=\"710\" data-end=\"734\">P\u00ebrfitimet kryesore:<\/strong><\/p>\n<ul data-start=\"736\" data-end=\"977\">\n<li data-start=\"736\" data-end=\"775\">\n<p data-start=\"738\" data-end=\"775\">Pastrim efektiv i shum\u00eb sip\u00ebrfaqeve<\/p>\n<\/li>\n<li data-start=\"776\" data-end=\"824\">\n<p data-start=\"778\" data-end=\"824\">Redukton dhe neutralizon er\u00ebrat e pak\u00ebndshme<\/p>\n<\/li>\n<li data-start=\"825\" data-end=\"866\">\n<p data-start=\"827\" data-end=\"866\">L\u00eb ambientin t\u00eb fresk\u00ebt dhe t\u00eb past\u00ebr<\/p>\n<\/li>\n<li data-start=\"867\" data-end=\"922\">\n<p data-start=\"869\" data-end=\"922\">I p\u00ebrshtatsh\u00ebm p\u00ebr p\u00ebrdorim t\u00eb shpejt\u00eb dhe t\u00eb leht\u00eb<\/p>\n<\/li>\n<li data-start=\"923\" data-end=\"977\">\n<p data-start=\"925\" data-end=\"977\">Ideal p\u00ebr sht\u00ebpi, zyra, bare dhe ambiente sh\u00ebrbimi<\/p>\n<\/li>\n<\/ul>\n<p data-start=\"979\" data-end=\"998\"><strong data-start=\"979\" data-end=\"998\">Si t\u00eb p\u00ebrdoret:<\/strong><\/p>\n<p data-start=\"1000\" data-end=\"1208\">Aplikojeni direkt ose t\u00eb holluar sipas nevoj\u00ebs n\u00eb sip\u00ebrfaqen q\u00eb d\u00ebshironi t\u00eb pastroni. F\u00ebrkojeni me leck\u00eb ose sfungjer dhe l\u00ebreni t\u00eb veproj\u00eb p\u00ebr disa minuta p\u00ebr efekt maksimal, m\u00eb pas shp\u00eblajeni ose fshijeni.<\/p>\n<p data-start=\"1210\" data-end=\"1313\"><strong data-start=\"1210\" data-end=\"1223\">K\u00ebshill\u00eb:<\/strong><br data-start=\"1223\" data-end=\"1226\" \/>P\u00ebrdoreni rregullisht p\u00ebr t\u00eb ruajtur past\u00ebrtin\u00eb, freskin\u00eb dhe higjien\u00ebn n\u00eb \u00e7do ambient.<\/p>\n","protected":false},"excerpt":{"rendered":"<p>Zgjidhja ideale p\u00ebr pastrim t\u00eb p\u00ebrditsh\u00ebm dhe freskim t\u00eb ambienteve, duke l\u00ebn\u00eb nj\u00eb ndjesi past\u00ebrtie dhe arom\u00eb t\u00eb k\u00ebndshme q\u00eb zgjat. Formula e tij efektive pastron n\u00eb thell\u00ebsi dhe ndihmon n\u00eb eliminimin e papast\u00ebrtive dhe aromave t\u00eb pak\u00ebndshme. P\u00ebrdoret n\u00eb m\u00ebnyr\u00eb t\u00eb sigurt n\u00eb shum\u00eb sip\u00ebrfaqe, si: Tualete Pileta Pllaka dhe parkete K\u00ebnde banjosh Sip\u00ebrfaqe&hellip;<\/p>\n","protected":false},"featured_media":1349,"template":"","meta":[],"product_brand":[],"product_cat":[15],"product_tag":[41],"class_list":{"0":"post-1474","1":"product","2":"type-product","3":"status-publish","4":"has-post-thumbnail","6":"product_cat-uncategorized","7":"product_tag-detergjente-pastrimi","8":"description-off","10":"first","11":"instock","12":"shipping-taxable","13":"purchasable","14":"product-type-simple"},"yoast_head":"<!-- This site is optimized with the Yoast SEO plugin v26.7 - https:\/\/yoast.com\/wordpress\/plugins\/seo\/ -->\n<title>Sydex Detergente Multiuso - Italpack Albania<\/title>\n<meta name=\"description\" content=\"Zbuloni gam\u00ebn ton\u00eb t\u00eb plot\u00eb t\u00eb produkteve p\u00ebr hotele dhe biznese: amenities premium, detergjente profesionale dhe paketime\" \/>\n<meta name=\"robots\" content=\"index, follow, max-snippet:-1, max-image-preview:large, max-video-preview:-1\" \/>\n<link rel=\"canonical\" href=\"https:\/\/italpackalbania.com\/index.php\/product\/sydex-detergente-multiuso\/\" \/>\n<meta property=\"og:locale\" content=\"en_US\" \/>\n<meta property=\"og:type\" content=\"article\" \/>\n<meta property=\"og:title\" content=\"Sydex Detergente Multiuso - Italpack Albania\" \/>\n<meta property=\"og:description\" content=\"Zbuloni gam\u00ebn ton\u00eb t\u00eb plot\u00eb t\u00eb produkteve p\u00ebr hotele dhe biznese: amenities premium, detergjente profesionale dhe paketime\" \/>\n<meta property=\"og:url\" content=\"https:\/\/italpackalbania.com\/index.php\/product\/sydex-detergente-multiuso\/\" \/>\n<meta property=\"og:site_name\" content=\"Italpack Albania\" \/>\n<meta property=\"article:publisher\" content=\"https:\/\/www.facebook.com\/italpack.albania.37\/\" \/>\n<meta property=\"og:image\" content=\"https:\/\/italpackalbania.com\/wp-content\/uploads\/2026\/02\/detergjente-omega.png\" \/>\n\t<meta property=\"og:image:width\" content=\"500\" \/>\n\t<meta property=\"og:image:height\" content=\"500\" \/>\n\t<meta property=\"og:image:type\" content=\"image\/png\" \/>\n<meta name=\"twitter:card\" content=\"summary_large_image\" \/>\n<meta name=\"twitter:label1\" content=\"Est. reading time\" \/>\n\t<meta name=\"twitter:data1\" content=\"1 minute\" \/>\n<script type=\"application\/ld+json\" class=\"yoast-schema-graph\">{\"@context\":\"https:\/\/schema.org\",\"@graph\":[{\"@type\":\"WebPage\",\"@id\":\"https:\/\/italpackalbania.com\/index.php\/product\/sydex-detergente-multiuso\/\",\"url\":\"https:\/\/italpackalbania.com\/index.php\/product\/sydex-detergente-multiuso\/\",\"name\":\"Sydex Detergente Multiuso - Italpack Albania\",\"isPartOf\":{\"@id\":\"https:\/\/italpackalbania.com\/#website\"},\"primaryImageOfPage\":{\"@id\":\"https:\/\/italpackalbania.com\/index.php\/product\/sydex-detergente-multiuso\/#primaryimage\"},\"image\":{\"@id\":\"https:\/\/italpackalbania.com\/index.php\/product\/sydex-detergente-multiuso\/#primaryimage\"},\"thumbnailUrl\":\"https:\/\/italpackalbania.com\/wp-content\/uploads\/2026\/02\/detergjente-omega.png\",\"datePublished\":\"2026-02-18T09:02:47+00:00\",\"description\":\"Zbuloni gam\u00ebn ton\u00eb t\u00eb plot\u00eb t\u00eb produkteve p\u00ebr hotele dhe biznese: amenities premium, detergjente profesionale dhe paketime\",\"breadcrumb\":{\"@id\":\"https:\/\/italpackalbania.com\/index.php\/product\/sydex-detergente-multiuso\/#breadcrumb\"},\"inLanguage\":\"en-US\",\"potentialAction\":[{\"@type\":\"ReadAction\",\"target\":[\"https:\/\/italpackalbania.com\/index.php\/product\/sydex-detergente-multiuso\/\"]}]},{\"@type\":\"ImageObject\",\"inLanguage\":\"en-US\",\"@id\":\"https:\/\/italpackalbania.com\/index.php\/product\/sydex-detergente-multiuso\/#primaryimage\",\"url\":\"https:\/\/italpackalbania.com\/wp-content\/uploads\/2026\/02\/detergjente-omega.png\",\"contentUrl\":\"https:\/\/italpackalbania.com\/wp-content\/uploads\/2026\/02\/detergjente-omega.png\",\"width\":500,\"height\":500},{\"@type\":\"BreadcrumbList\",\"@id\":\"https:\/\/italpackalbania.com\/index.php\/product\/sydex-detergente-multiuso\/#breadcrumb\",\"itemListElement\":[{\"@type\":\"ListItem\",\"position\":1,\"name\":\"Home\",\"item\":\"https:\/\/italpackalbania.com\/\"},{\"@type\":\"ListItem\",\"position\":2,\"name\":\"Products\",\"item\":\"https:\/\/italpackalbania.com\/index.php\/shop\/\"},{\"@type\":\"ListItem\",\"position\":3,\"name\":\"Sydex Detergente Multiuso\"}]},{\"@type\":\"WebSite\",\"@id\":\"https:\/\/italpackalbania.com\/#website\",\"url\":\"https:\/\/italpackalbania.com\/\",\"name\":\"Italpack Albania\",\"description\":\"Aksesor\u00eb p\u00ebr hoteleri, detergjent\u00eb p\u00ebr sht\u00ebpi, hoteleri, restorante, paketime p\u00ebr delivery, ambalazhime p\u00ebr biznese\",\"publisher\":{\"@id\":\"https:\/\/italpackalbania.com\/#organization\"},\"potentialAction\":[{\"@type\":\"SearchAction\",\"target\":{\"@type\":\"EntryPoint\",\"urlTemplate\":\"https:\/\/italpackalbania.com\/?s={search_term_string}\"},\"query-input\":{\"@type\":\"PropertyValueSpecification\",\"valueRequired\":true,\"valueName\":\"search_term_string\"}}],\"inLanguage\":\"en-US\"},{\"@type\":\"Organization\",\"@id\":\"https:\/\/italpackalbania.com\/#organization\",\"name\":\"ItalPack Albania\",\"url\":\"https:\/\/italpackalbania.com\/\",\"logo\":{\"@type\":\"ImageObject\",\"inLanguage\":\"en-US\",\"@id\":\"https:\/\/italpackalbania.com\/#\/schema\/logo\/image\/\",\"url\":\"https:\/\/italpackalbania.com\/wp-content\/uploads\/2025\/12\/cropped-italpack-logo.png\",\"contentUrl\":\"https:\/\/italpackalbania.com\/wp-content\/uploads\/2025\/12\/cropped-italpack-logo.png\",\"width\":512,\"height\":512,\"caption\":\"ItalPack Albania\"},\"image\":{\"@id\":\"https:\/\/italpackalbania.com\/#\/schema\/logo\/image\/\"},\"sameAs\":[\"https:\/\/www.facebook.com\/italpack.albania.37\/\",\"https:\/\/www.instagram.com\/italpackalbania\/\"]}]}<\/script>\n<!-- \/ Yoast SEO plugin. -->","yoast_head_json":{"title":"Sydex Detergente Multiuso - Italpack Albania","description":"Zbuloni gam\u00ebn ton\u00eb t\u00eb plot\u00eb t\u00eb produkteve p\u00ebr hotele dhe biznese: amenities premium, detergjente profesionale dhe paketime","robots":{"index":"index","follow":"follow","max-snippet":"max-snippet:-1","max-image-preview":"max-image-preview:large","max-video-preview":"max-video-preview:-1"},"canonical":"https:\/\/italpackalbania.com\/index.php\/product\/sydex-detergente-multiuso\/","og_locale":"en_US","og_type":"article","og_title":"Sydex Detergente Multiuso - Italpack Albania","og_description":"Zbuloni gam\u00ebn ton\u00eb t\u00eb plot\u00eb t\u00eb produkteve p\u00ebr hotele dhe biznese: amenities premium, detergjente profesionale dhe paketime","og_url":"https:\/\/italpackalbania.com\/index.php\/product\/sydex-detergente-multiuso\/","og_site_name":"Italpack Albania","article_publisher":"https:\/\/www.facebook.com\/italpack.albania.37\/","og_image":[{"width":500,"height":500,"url":"https:\/\/italpackalbania.com\/wp-content\/uploads\/2026\/02\/detergjente-omega.png","type":"image\/png"}],"twitter_card":"summary_large_image","twitter_misc":{"Est. reading time":"1 minute"},"schema":{"@context":"https:\/\/schema.org","@graph":[{"@type":"WebPage","@id":"https:\/\/italpackalbania.com\/index.php\/product\/sydex-detergente-multiuso\/","url":"https:\/\/italpackalbania.com\/index.php\/product\/sydex-detergente-multiuso\/","name":"Sydex Detergente Multiuso - Italpack Albania","isPartOf":{"@id":"https:\/\/italpackalbania.com\/#website"},"primaryImageOfPage":{"@id":"https:\/\/italpackalbania.com\/index.php\/product\/sydex-detergente-multiuso\/#primaryimage"},"image":{"@id":"https:\/\/italpackalbania.com\/index.php\/product\/sydex-detergente-multiuso\/#primaryimage"},"thumbnailUrl":"https:\/\/italpackalbania.com\/wp-content\/uploads\/2026\/02\/detergjente-omega.png","datePublished":"2026-02-18T09:02:47+00:00","description":"Zbuloni gam\u00ebn ton\u00eb t\u00eb plot\u00eb t\u00eb produkteve p\u00ebr hotele dhe biznese: amenities premium, detergjente profesionale dhe paketime","breadcrumb":{"@id":"https:\/\/italpackalbania.com\/index.php\/product\/sydex-detergente-multiuso\/#breadcrumb"},"inLanguage":"en-US","potentialAction":[{"@type":"ReadAction","target":["https:\/\/italpackalbania.com\/index.php\/product\/sydex-detergente-multiuso\/"]}]},{"@type":"ImageObject","inLanguage":"en-US","@id":"https:\/\/italpackalbania.com\/index.php\/product\/sydex-detergente-multiuso\/#primaryimage","url":"https:\/\/italpackalbania.com\/wp-content\/uploads\/2026\/02\/detergjente-omega.png","contentUrl":"https:\/\/italpackalbania.com\/wp-content\/uploads\/2026\/02\/detergjente-omega.png","width":500,"height":500},{"@type":"BreadcrumbList","@id":"https:\/\/italpackalbania.com\/index.php\/product\/sydex-detergente-multiuso\/#breadcrumb","itemListElement":[{"@type":"ListItem","position":1,"name":"Home","item":"https:\/\/italpackalbania.com\/"},{"@type":"ListItem","position":2,"name":"Products","item":"https:\/\/italpackalbania.com\/index.php\/shop\/"},{"@type":"ListItem","position":3,"name":"Sydex Detergente Multiuso"}]},{"@type":"WebSite","@id":"https:\/\/italpackalbania.com\/#website","url":"https:\/\/italpackalbania.com\/","name":"Italpack Albania","description":"Aksesor\u00eb p\u00ebr hoteleri, detergjent\u00eb p\u00ebr sht\u00ebpi, hoteleri, restorante, paketime p\u00ebr delivery, ambalazhime p\u00ebr biznese","publisher":{"@id":"https:\/\/italpackalbania.com\/#organization"},"potentialAction":[{"@type":"SearchAction","target":{"@type":"EntryPoint","urlTemplate":"https:\/\/italpackalbania.com\/?s={search_term_string}"},"query-input":{"@type":"PropertyValueSpecification","valueRequired":true,"valueName":"search_term_string"}}],"inLanguage":"en-US"},{"@type":"Organization","@id":"https:\/\/italpackalbania.com\/#organization","name":"ItalPack Albania","url":"https:\/\/italpackalbania.com\/","logo":{"@type":"ImageObject","inLanguage":"en-US","@id":"https:\/\/italpackalbania.com\/#\/schema\/logo\/image\/","url":"https:\/\/italpackalbania.com\/wp-content\/uploads\/2025\/12\/cropped-italpack-logo.png","contentUrl":"https:\/\/italpackalbania.com\/wp-content\/uploads\/2025\/12\/cropped-italpack-logo.png","width":512,"height":512,"caption":"ItalPack Albania"},"image":{"@id":"https:\/\/italpackalbania.com\/#\/schema\/logo\/image\/"},"sameAs":["https:\/\/www.facebook.com\/italpack.albania.37\/","https:\/\/www.instagram.com\/italpackalbania\/"]}]}},"_links":{"self":[{"href":"https:\/\/italpackalbania.com\/index.php\/wp-json\/wp\/v2\/product\/1474","targetHints":{"allow":["GET"]}}],"collection":[{"href":"https:\/\/italpackalbania.com\/index.php\/wp-json\/wp\/v2\/product"}],"about":[{"href":"https:\/\/italpackalbania.com\/index.php\/wp-json\/wp\/v2\/types\/product"}],"wp:featuredmedia":[{"embeddable":true,"href":"https:\/\/italpackalbania.com\/index.php\/wp-json\/wp\/v2\/media\/1349"}],"wp:attachment":[{"href":"https:\/\/italpackalbania.com\/index.php\/wp-json\/wp\/v2\/media?parent=1474"}],"wp:term":[{"taxonomy":"product_brand","embeddable":true,"href":"https:\/\/italpackalbania.com\/index.php\/wp-json\/wp\/v2\/product_brand?post=1474"},{"taxonomy":"product_cat","embeddable":true,"href":"https:\/\/italpackalbania.com\/index.php\/wp-json\/wp\/v2\/product_cat?post=1474"},{"taxonomy":"product_tag","embeddable":true,"href":"https:\/\/italpackalbania.com\/index.php\/wp-json\/wp\/v2\/product_tag?post=1474"}],"curies":[{"name":"wp","href":"https:\/\/api.w.org\/{rel}","templated":true}]}}