{"id":1483,"date":"2026-02-18T10:56:59","date_gmt":"2026-02-18T10:56:59","guid":{"rendered":"https:\/\/italpackalbania.com\/?post_type=product&#038;p=1483"},"modified":"2026-03-05T10:22:14","modified_gmt":"2026-03-05T10:22:14","slug":"tergo-deep-ocean","status":"publish","type":"product","link":"https:\/\/italpackalbania.com\/index.php\/product\/tergo-deep-ocean\/","title":{"rendered":"Tergo Deep Ocean"},"content":{"rendered":"<p data-start=\"117\" data-end=\"441\">750 ML<\/p>\n<p data-start=\"117\" data-end=\"441\">Detergjent pastrimi q\u00eb kombinon fuqi efektive pastruese me arom\u00ebn e fresk\u00ebt dhe intensive t\u00eb oqeanit. I p\u00ebrshtatsh\u00ebm p\u00ebr pastrim dhe freskim t\u00eb p\u00ebrditsh\u00ebm, l\u00eb ambientin t\u00eb past\u00ebr, higjienik dhe me nj\u00eb arom\u00eb t\u00eb q\u00ebndrueshme deti.<\/p>\n<p data-start=\"443\" data-end=\"463\">Mund t\u00eb p\u00ebrdoret n\u00eb:<\/p>\n<ul data-start=\"465\" data-end=\"580\">\n<li data-start=\"465\" data-end=\"483\">\n<p data-start=\"467\" data-end=\"483\">WC dhe tualete<\/p>\n<\/li>\n<li data-start=\"484\" data-end=\"494\">\n<p data-start=\"486\" data-end=\"494\">Pileta<\/p>\n<\/li>\n<li data-start=\"495\" data-end=\"528\">\n<p data-start=\"497\" data-end=\"528\">Pllaka dhe sip\u00ebrfaqe qeramike<\/p>\n<\/li>\n<li data-start=\"529\" data-end=\"546\">\n<p data-start=\"531\" data-end=\"546\">K\u00ebnde banjosh<\/p>\n<\/li>\n<li data-start=\"547\" data-end=\"580\">\n<p data-start=\"549\" data-end=\"580\">Ambiente t\u00eb ndryshme sanitare<\/p>\n<\/li>\n<\/ul>\n<p data-start=\"582\" data-end=\"642\">Siguron ndjesi freskie dhe past\u00ebrtie n\u00eb t\u00eb gjith\u00eb ambientin.<\/p>\n<p data-start=\"644\" data-end=\"668\"><strong data-start=\"644\" data-end=\"668\">P\u00ebrfitimet kryesore:<\/strong><\/p>\n<ul data-start=\"670\" data-end=\"884\">\n<li data-start=\"670\" data-end=\"720\">\n<p data-start=\"672\" data-end=\"720\">Arom\u00eb intensive dhe e q\u00ebndrueshme \u201cDeep Ocean\u201d<\/p>\n<\/li>\n<li data-start=\"721\" data-end=\"753\">\n<p data-start=\"723\" data-end=\"753\">Redukton er\u00ebrat e pak\u00ebndshme<\/p>\n<\/li>\n<li data-start=\"754\" data-end=\"796\">\n<p data-start=\"756\" data-end=\"796\">Pastrim efektiv i sip\u00ebrfaqeve sanitare<\/p>\n<\/li>\n<li data-start=\"797\" data-end=\"840\">\n<p data-start=\"799\" data-end=\"840\">L\u00eb ambientin t\u00eb fresk\u00ebt dhe t\u00eb k\u00ebndsh\u00ebm<\/p>\n<\/li>\n<li data-start=\"841\" data-end=\"884\">\n<p data-start=\"843\" data-end=\"884\">I p\u00ebrshtatsh\u00ebm p\u00ebr p\u00ebrdorim t\u00eb shpesht\u00eb<\/p>\n<\/li>\n<\/ul>\n<p data-start=\"886\" data-end=\"905\"><strong data-start=\"886\" data-end=\"905\">Si t\u00eb p\u00ebrdoret:<\/strong><\/p>\n<p data-start=\"907\" data-end=\"1078\">Aplikojeni direkt ose t\u00eb holluar sipas nevoj\u00ebs n\u00eb sip\u00ebrfaqet q\u00eb d\u00ebshironi t\u00eb pastroni. L\u00ebreni t\u00eb veproj\u00eb disa minuta, m\u00eb pas f\u00ebrkojeni ose shp\u00eblajeni p\u00ebr rezultat optimal.<\/p>\n<p data-start=\"1080\" data-end=\"1220\"><strong data-start=\"1080\" data-end=\"1093\">K\u00ebshill\u00eb:<\/strong><br data-start=\"1093\" data-end=\"1096\" \/>P\u00ebrdoreni rregullisht p\u00ebr t\u00eb ruajtur freskin\u00eb e thell\u00eb t\u00eb oqeanit dhe higjien\u00ebn e p\u00ebrditshme n\u00eb banjo dhe ambiente sanitare.<\/p>\n","protected":false},"excerpt":{"rendered":"<p>750 ML Detergjent pastrimi q\u00eb kombinon fuqi efektive pastruese me arom\u00ebn e fresk\u00ebt dhe intensive t\u00eb oqeanit. I p\u00ebrshtatsh\u00ebm p\u00ebr pastrim dhe freskim t\u00eb p\u00ebrditsh\u00ebm, l\u00eb ambientin t\u00eb past\u00ebr, higjienik dhe me nj\u00eb arom\u00eb t\u00eb q\u00ebndrueshme deti. Mund t\u00eb p\u00ebrdoret n\u00eb: WC dhe tualete Pileta Pllaka dhe sip\u00ebrfaqe qeramike K\u00ebnde banjosh Ambiente t\u00eb ndryshme sanitare&hellip;<\/p>\n","protected":false},"featured_media":1391,"template":"","meta":[],"product_brand":[],"product_cat":[15],"product_tag":[41,104],"class_list":{"0":"post-1483","1":"product","2":"type-product","3":"status-publish","4":"has-post-thumbnail","6":"product_cat-uncategorized","7":"product_tag-detergjente-pastrimi","8":"product_tag-detergjente-tualeti","9":"description-off","11":"first","12":"instock","13":"shipping-taxable","14":"purchasable","15":"product-type-simple"},"yoast_head":"<!-- This site is optimized with the Yoast SEO plugin v26.7 - https:\/\/yoast.com\/wordpress\/plugins\/seo\/ -->\n<title>Tergo Deep Ocean - Italpack Albania<\/title>\n<meta name=\"description\" content=\"Zbuloni gam\u00ebn ton\u00eb t\u00eb plot\u00eb t\u00eb produkteve p\u00ebr hotele dhe biznese: amenities premium, detergjente profesionale dhe paketime\" \/>\n<meta name=\"robots\" content=\"index, follow, max-snippet:-1, max-image-preview:large, max-video-preview:-1\" \/>\n<link rel=\"canonical\" href=\"https:\/\/italpackalbania.com\/index.php\/product\/tergo-deep-ocean\/\" \/>\n<meta property=\"og:locale\" content=\"en_US\" \/>\n<meta property=\"og:type\" content=\"article\" \/>\n<meta property=\"og:title\" content=\"Tergo Deep Ocean - Italpack Albania\" \/>\n<meta property=\"og:description\" content=\"Zbuloni gam\u00ebn ton\u00eb t\u00eb plot\u00eb t\u00eb produkteve p\u00ebr hotele dhe biznese: amenities premium, detergjente profesionale dhe paketime\" \/>\n<meta property=\"og:url\" content=\"https:\/\/italpackalbania.com\/index.php\/product\/tergo-deep-ocean\/\" \/>\n<meta property=\"og:site_name\" content=\"Italpack Albania\" \/>\n<meta property=\"article:publisher\" content=\"https:\/\/www.facebook.com\/italpack.albania.37\/\" \/>\n<meta property=\"article:modified_time\" content=\"2026-03-05T10:22:14+00:00\" \/>\n<meta property=\"og:image\" content=\"https:\/\/italpackalbania.com\/wp-content\/uploads\/2026\/02\/detergjent-3.png\" \/>\n\t<meta property=\"og:image:width\" content=\"600\" \/>\n\t<meta property=\"og:image:height\" content=\"600\" \/>\n\t<meta property=\"og:image:type\" content=\"image\/png\" \/>\n<meta name=\"twitter:card\" content=\"summary_large_image\" \/>\n<meta name=\"twitter:label1\" content=\"Est. reading time\" \/>\n\t<meta name=\"twitter:data1\" content=\"1 minute\" \/>\n<script type=\"application\/ld+json\" class=\"yoast-schema-graph\">{\"@context\":\"https:\/\/schema.org\",\"@graph\":[{\"@type\":\"WebPage\",\"@id\":\"https:\/\/italpackalbania.com\/index.php\/product\/tergo-deep-ocean\/\",\"url\":\"https:\/\/italpackalbania.com\/index.php\/product\/tergo-deep-ocean\/\",\"name\":\"Tergo Deep Ocean - Italpack Albania\",\"isPartOf\":{\"@id\":\"https:\/\/italpackalbania.com\/#website\"},\"primaryImageOfPage\":{\"@id\":\"https:\/\/italpackalbania.com\/index.php\/product\/tergo-deep-ocean\/#primaryimage\"},\"image\":{\"@id\":\"https:\/\/italpackalbania.com\/index.php\/product\/tergo-deep-ocean\/#primaryimage\"},\"thumbnailUrl\":\"https:\/\/italpackalbania.com\/wp-content\/uploads\/2026\/02\/detergjent-3.png\",\"datePublished\":\"2026-02-18T10:56:59+00:00\",\"dateModified\":\"2026-03-05T10:22:14+00:00\",\"description\":\"Zbuloni gam\u00ebn ton\u00eb t\u00eb plot\u00eb t\u00eb produkteve p\u00ebr hotele dhe biznese: amenities premium, detergjente profesionale dhe paketime\",\"breadcrumb\":{\"@id\":\"https:\/\/italpackalbania.com\/index.php\/product\/tergo-deep-ocean\/#breadcrumb\"},\"inLanguage\":\"en-US\",\"potentialAction\":[{\"@type\":\"ReadAction\",\"target\":[\"https:\/\/italpackalbania.com\/index.php\/product\/tergo-deep-ocean\/\"]}]},{\"@type\":\"ImageObject\",\"inLanguage\":\"en-US\",\"@id\":\"https:\/\/italpackalbania.com\/index.php\/product\/tergo-deep-ocean\/#primaryimage\",\"url\":\"https:\/\/italpackalbania.com\/wp-content\/uploads\/2026\/02\/detergjent-3.png\",\"contentUrl\":\"https:\/\/italpackalbania.com\/wp-content\/uploads\/2026\/02\/detergjent-3.png\",\"width\":600,\"height\":600},{\"@type\":\"BreadcrumbList\",\"@id\":\"https:\/\/italpackalbania.com\/index.php\/product\/tergo-deep-ocean\/#breadcrumb\",\"itemListElement\":[{\"@type\":\"ListItem\",\"position\":1,\"name\":\"Home\",\"item\":\"https:\/\/italpackalbania.com\/\"},{\"@type\":\"ListItem\",\"position\":2,\"name\":\"Products\",\"item\":\"https:\/\/italpackalbania.com\/index.php\/shop\/\"},{\"@type\":\"ListItem\",\"position\":3,\"name\":\"Tergo Deep Ocean\"}]},{\"@type\":\"WebSite\",\"@id\":\"https:\/\/italpackalbania.com\/#website\",\"url\":\"https:\/\/italpackalbania.com\/\",\"name\":\"Italpack Albania\",\"description\":\"Aksesor\u00eb p\u00ebr hoteleri, detergjent\u00eb p\u00ebr sht\u00ebpi, hoteleri, restorante, paketime p\u00ebr delivery, ambalazhime p\u00ebr biznese\",\"publisher\":{\"@id\":\"https:\/\/italpackalbania.com\/#organization\"},\"potentialAction\":[{\"@type\":\"SearchAction\",\"target\":{\"@type\":\"EntryPoint\",\"urlTemplate\":\"https:\/\/italpackalbania.com\/?s={search_term_string}\"},\"query-input\":{\"@type\":\"PropertyValueSpecification\",\"valueRequired\":true,\"valueName\":\"search_term_string\"}}],\"inLanguage\":\"en-US\"},{\"@type\":\"Organization\",\"@id\":\"https:\/\/italpackalbania.com\/#organization\",\"name\":\"ItalPack Albania\",\"url\":\"https:\/\/italpackalbania.com\/\",\"logo\":{\"@type\":\"ImageObject\",\"inLanguage\":\"en-US\",\"@id\":\"https:\/\/italpackalbania.com\/#\/schema\/logo\/image\/\",\"url\":\"https:\/\/italpackalbania.com\/wp-content\/uploads\/2025\/12\/cropped-italpack-logo.png\",\"contentUrl\":\"https:\/\/italpackalbania.com\/wp-content\/uploads\/2025\/12\/cropped-italpack-logo.png\",\"width\":512,\"height\":512,\"caption\":\"ItalPack Albania\"},\"image\":{\"@id\":\"https:\/\/italpackalbania.com\/#\/schema\/logo\/image\/\"},\"sameAs\":[\"https:\/\/www.facebook.com\/italpack.albania.37\/\",\"https:\/\/www.instagram.com\/italpackalbania\/\"]}]}<\/script>\n<!-- \/ Yoast SEO plugin. -->","yoast_head_json":{"title":"Tergo Deep Ocean - Italpack Albania","description":"Zbuloni gam\u00ebn ton\u00eb t\u00eb plot\u00eb t\u00eb produkteve p\u00ebr hotele dhe biznese: amenities premium, detergjente profesionale dhe paketime","robots":{"index":"index","follow":"follow","max-snippet":"max-snippet:-1","max-image-preview":"max-image-preview:large","max-video-preview":"max-video-preview:-1"},"canonical":"https:\/\/italpackalbania.com\/index.php\/product\/tergo-deep-ocean\/","og_locale":"en_US","og_type":"article","og_title":"Tergo Deep Ocean - Italpack Albania","og_description":"Zbuloni gam\u00ebn ton\u00eb t\u00eb plot\u00eb t\u00eb produkteve p\u00ebr hotele dhe biznese: amenities premium, detergjente profesionale dhe paketime","og_url":"https:\/\/italpackalbania.com\/index.php\/product\/tergo-deep-ocean\/","og_site_name":"Italpack Albania","article_publisher":"https:\/\/www.facebook.com\/italpack.albania.37\/","article_modified_time":"2026-03-05T10:22:14+00:00","og_image":[{"width":600,"height":600,"url":"https:\/\/italpackalbania.com\/wp-content\/uploads\/2026\/02\/detergjent-3.png","type":"image\/png"}],"twitter_card":"summary_large_image","twitter_misc":{"Est. reading time":"1 minute"},"schema":{"@context":"https:\/\/schema.org","@graph":[{"@type":"WebPage","@id":"https:\/\/italpackalbania.com\/index.php\/product\/tergo-deep-ocean\/","url":"https:\/\/italpackalbania.com\/index.php\/product\/tergo-deep-ocean\/","name":"Tergo Deep Ocean - Italpack Albania","isPartOf":{"@id":"https:\/\/italpackalbania.com\/#website"},"primaryImageOfPage":{"@id":"https:\/\/italpackalbania.com\/index.php\/product\/tergo-deep-ocean\/#primaryimage"},"image":{"@id":"https:\/\/italpackalbania.com\/index.php\/product\/tergo-deep-ocean\/#primaryimage"},"thumbnailUrl":"https:\/\/italpackalbania.com\/wp-content\/uploads\/2026\/02\/detergjent-3.png","datePublished":"2026-02-18T10:56:59+00:00","dateModified":"2026-03-05T10:22:14+00:00","description":"Zbuloni gam\u00ebn ton\u00eb t\u00eb plot\u00eb t\u00eb produkteve p\u00ebr hotele dhe biznese: amenities premium, detergjente profesionale dhe paketime","breadcrumb":{"@id":"https:\/\/italpackalbania.com\/index.php\/product\/tergo-deep-ocean\/#breadcrumb"},"inLanguage":"en-US","potentialAction":[{"@type":"ReadAction","target":["https:\/\/italpackalbania.com\/index.php\/product\/tergo-deep-ocean\/"]}]},{"@type":"ImageObject","inLanguage":"en-US","@id":"https:\/\/italpackalbania.com\/index.php\/product\/tergo-deep-ocean\/#primaryimage","url":"https:\/\/italpackalbania.com\/wp-content\/uploads\/2026\/02\/detergjent-3.png","contentUrl":"https:\/\/italpackalbania.com\/wp-content\/uploads\/2026\/02\/detergjent-3.png","width":600,"height":600},{"@type":"BreadcrumbList","@id":"https:\/\/italpackalbania.com\/index.php\/product\/tergo-deep-ocean\/#breadcrumb","itemListElement":[{"@type":"ListItem","position":1,"name":"Home","item":"https:\/\/italpackalbania.com\/"},{"@type":"ListItem","position":2,"name":"Products","item":"https:\/\/italpackalbania.com\/index.php\/shop\/"},{"@type":"ListItem","position":3,"name":"Tergo Deep Ocean"}]},{"@type":"WebSite","@id":"https:\/\/italpackalbania.com\/#website","url":"https:\/\/italpackalbania.com\/","name":"Italpack Albania","description":"Aksesor\u00eb p\u00ebr hoteleri, detergjent\u00eb p\u00ebr sht\u00ebpi, hoteleri, restorante, paketime p\u00ebr delivery, ambalazhime p\u00ebr biznese","publisher":{"@id":"https:\/\/italpackalbania.com\/#organization"},"potentialAction":[{"@type":"SearchAction","target":{"@type":"EntryPoint","urlTemplate":"https:\/\/italpackalbania.com\/?s={search_term_string}"},"query-input":{"@type":"PropertyValueSpecification","valueRequired":true,"valueName":"search_term_string"}}],"inLanguage":"en-US"},{"@type":"Organization","@id":"https:\/\/italpackalbania.com\/#organization","name":"ItalPack Albania","url":"https:\/\/italpackalbania.com\/","logo":{"@type":"ImageObject","inLanguage":"en-US","@id":"https:\/\/italpackalbania.com\/#\/schema\/logo\/image\/","url":"https:\/\/italpackalbania.com\/wp-content\/uploads\/2025\/12\/cropped-italpack-logo.png","contentUrl":"https:\/\/italpackalbania.com\/wp-content\/uploads\/2025\/12\/cropped-italpack-logo.png","width":512,"height":512,"caption":"ItalPack Albania"},"image":{"@id":"https:\/\/italpackalbania.com\/#\/schema\/logo\/image\/"},"sameAs":["https:\/\/www.facebook.com\/italpack.albania.37\/","https:\/\/www.instagram.com\/italpackalbania\/"]}]}},"_links":{"self":[{"href":"https:\/\/italpackalbania.com\/index.php\/wp-json\/wp\/v2\/product\/1483","targetHints":{"allow":["GET"]}}],"collection":[{"href":"https:\/\/italpackalbania.com\/index.php\/wp-json\/wp\/v2\/product"}],"about":[{"href":"https:\/\/italpackalbania.com\/index.php\/wp-json\/wp\/v2\/types\/product"}],"wp:featuredmedia":[{"embeddable":true,"href":"https:\/\/italpackalbania.com\/index.php\/wp-json\/wp\/v2\/media\/1391"}],"wp:attachment":[{"href":"https:\/\/italpackalbania.com\/index.php\/wp-json\/wp\/v2\/media?parent=1483"}],"wp:term":[{"taxonomy":"product_brand","embeddable":true,"href":"https:\/\/italpackalbania.com\/index.php\/wp-json\/wp\/v2\/product_brand?post=1483"},{"taxonomy":"product_cat","embeddable":true,"href":"https:\/\/italpackalbania.com\/index.php\/wp-json\/wp\/v2\/product_cat?post=1483"},{"taxonomy":"product_tag","embeddable":true,"href":"https:\/\/italpackalbania.com\/index.php\/wp-json\/wp\/v2\/product_tag?post=1483"}],"curies":[{"name":"wp","href":"https:\/\/api.w.org\/{rel}","templated":true}]}}