{"id":1488,"date":"2026-02-18T13:09:14","date_gmt":"2026-02-18T13:09:14","guid":{"rendered":"https:\/\/italpackalbania.com\/?post_type=product&#038;p=1488"},"modified":"2026-03-05T10:26:18","modified_gmt":"2026-03-05T10:26:18","slug":"sydex-lavender-cream","status":"publish","type":"product","link":"https:\/\/italpackalbania.com\/index.php\/product\/sydex-lavender-cream\/","title":{"rendered":"Sydex Lavender Dream"},"content":{"rendered":"<p data-start=\"112\" data-end=\"443\">5 kg<\/p>\n<p data-start=\"115\" data-end=\"447\"><strong data-start=\"115\" data-end=\"143\">Superfici Lavender Dream<\/strong> \u00ebsht\u00eb detergjent i formuluar posa\u00e7\u00ebrisht p\u00ebr pastrimin efektiv t\u00eb <strong data-start=\"210\" data-end=\"236\">pllakave dhe parketeve<\/strong>, duke hequr papast\u00ebrtit\u00eb e p\u00ebrditshme dhe njollat pa d\u00ebmtuar sip\u00ebrfaqet. Formula e tij siguron higjien\u00eb t\u00eb lart\u00eb, pastrim t\u00eb thell\u00eb dhe l\u00eb dyshemet\u00eb t\u00eb pastra, t\u00eb shndritshme dhe me arom\u00eb t\u00eb k\u00ebndshme livandoje.<\/p>\n<h3 data-start=\"449\" data-end=\"484\"><strong>I p\u00ebrshtatsh\u00ebm p\u00ebr p\u00ebrdorim n\u00eb:<\/strong><\/h3>\n<ul data-start=\"485\" data-end=\"593\">\n<li data-start=\"485\" data-end=\"505\">\n<p data-start=\"487\" data-end=\"505\">Pllaka dyshemeje<\/p>\n<\/li>\n<li data-start=\"506\" data-end=\"521\">\n<p data-start=\"508\" data-end=\"521\">Pllaka muri<\/p>\n<\/li>\n<li data-start=\"522\" data-end=\"538\">\n<p data-start=\"524\" data-end=\"538\">Parket druri<\/p>\n<\/li>\n<li data-start=\"539\" data-end=\"557\">\n<p data-start=\"541\" data-end=\"557\">Parket laminat<\/p>\n<\/li>\n<li data-start=\"558\" data-end=\"593\">\n<p data-start=\"560\" data-end=\"593\">Sip\u00ebrfaqe t\u00eb forta t\u00eb brendshme<\/p>\n<\/li>\n<\/ul>\n<p data-start=\"595\" data-end=\"667\">Siguron past\u00ebrti t\u00eb dukshme dhe ndjesi freskie afatgjat\u00eb n\u00eb \u00e7do ambient.<\/p>\n<h3 data-start=\"669\" data-end=\"693\">P\u00ebrfitimet kryesore:<\/h3>\n<ul data-start=\"694\" data-end=\"991\">\n<li data-start=\"694\" data-end=\"745\">\n<p data-start=\"696\" data-end=\"745\">Pastron n\u00eb m\u00ebnyr\u00eb efektive pllakat dhe parketet<\/p>\n<\/li>\n<li data-start=\"746\" data-end=\"791\">\n<p data-start=\"748\" data-end=\"791\">Heq papast\u00ebrtit\u00eb dhe njollat e p\u00ebrditshme<\/p>\n<\/li>\n<li data-start=\"792\" data-end=\"827\">\n<p data-start=\"794\" data-end=\"827\">I sigurt p\u00ebr p\u00ebrdorim n\u00eb parket<\/p>\n<\/li>\n<li data-start=\"828\" data-end=\"866\">\n<p data-start=\"830\" data-end=\"866\">Nuk l\u00eb gjurm\u00eb apo shtresa ngjit\u00ebse<\/p>\n<\/li>\n<li data-start=\"867\" data-end=\"908\">\n<p data-start=\"869\" data-end=\"908\">Siguron higjien\u00eb dhe shk\u00eblqim natyral<\/p>\n<\/li>\n<li data-start=\"909\" data-end=\"941\">\n<p data-start=\"911\" data-end=\"941\">Redukton er\u00ebrat e pak\u00ebndshme<\/p>\n<\/li>\n<li data-start=\"942\" data-end=\"991\">\n<p data-start=\"944\" data-end=\"991\">L\u00eb arom\u00eb t\u00eb k\u00ebndshme dhe relaksuese livandoje<\/p>\n<\/li>\n<\/ul>\n<h3 data-start=\"993\" data-end=\"1012\">Si t\u00eb p\u00ebrdoret:<\/h3>\n<p data-start=\"1013\" data-end=\"1177\">Hollojeni n\u00eb uj\u00eb sipas nevoj\u00ebs dhe pastroni sip\u00ebrfaqen me leck\u00eb. Nuk ka nevoj\u00eb p\u00ebr shp\u00eblarje. P\u00ebr njolla m\u00eb t\u00eb forta, aplikojeni direkt dhe f\u00ebrkojeni leht\u00eb.<\/p>\n","protected":false},"excerpt":{"rendered":"<p>5 kg Superfici Lavender Dream \u00ebsht\u00eb detergjent i formuluar posa\u00e7\u00ebrisht p\u00ebr pastrimin efektiv t\u00eb pllakave dhe parketeve, duke hequr papast\u00ebrtit\u00eb e p\u00ebrditshme dhe njollat pa d\u00ebmtuar sip\u00ebrfaqet. Formula e tij siguron higjien\u00eb t\u00eb lart\u00eb, pastrim t\u00eb thell\u00eb dhe l\u00eb dyshemet\u00eb t\u00eb pastra, t\u00eb shndritshme dhe me arom\u00eb t\u00eb k\u00ebndshme livandoje. I p\u00ebrshtatsh\u00ebm p\u00ebr p\u00ebrdorim n\u00eb:&hellip;<\/p>\n","protected":false},"featured_media":1376,"template":"","meta":[],"product_brand":[],"product_cat":[15],"product_tag":[107,41,106],"class_list":{"0":"post-1488","1":"product","2":"type-product","3":"status-publish","4":"has-post-thumbnail","6":"product_cat-uncategorized","7":"product_tag-aromatik-per-pllaka","8":"product_tag-detergjente-pastrimi","9":"product_tag-detergjente-per-pllaka","10":"description-off","12":"first","13":"instock","14":"shipping-taxable","15":"purchasable","16":"product-type-simple"},"yoast_head":"<!-- This site is optimized with the Yoast SEO plugin v26.7 - https:\/\/yoast.com\/wordpress\/plugins\/seo\/ -->\n<title>Sydex Lavender Dream - Italpack Albania<\/title>\n<meta name=\"description\" content=\"Zbuloni gam\u00ebn ton\u00eb t\u00eb plot\u00eb t\u00eb produkteve p\u00ebr hotele dhe biznese: amenities premium, detergjente profesionale dhe paketime\" \/>\n<meta name=\"robots\" content=\"index, follow, max-snippet:-1, max-image-preview:large, max-video-preview:-1\" \/>\n<link rel=\"canonical\" href=\"https:\/\/italpackalbania.com\/index.php\/product\/sydex-lavender-cream\/\" \/>\n<meta property=\"og:locale\" content=\"en_US\" \/>\n<meta property=\"og:type\" content=\"article\" \/>\n<meta property=\"og:title\" content=\"Sydex Lavender Dream - Italpack Albania\" \/>\n<meta property=\"og:description\" content=\"Zbuloni gam\u00ebn ton\u00eb t\u00eb plot\u00eb t\u00eb produkteve p\u00ebr hotele dhe biznese: amenities premium, detergjente profesionale dhe paketime\" \/>\n<meta property=\"og:url\" content=\"https:\/\/italpackalbania.com\/index.php\/product\/sydex-lavender-cream\/\" \/>\n<meta property=\"og:site_name\" content=\"Italpack Albania\" \/>\n<meta property=\"article:publisher\" content=\"https:\/\/www.facebook.com\/italpack.albania.37\/\" \/>\n<meta property=\"article:modified_time\" content=\"2026-03-05T10:26:18+00:00\" \/>\n<meta property=\"og:image\" content=\"https:\/\/italpackalbania.com\/wp-content\/uploads\/2026\/02\/23.png\" \/>\n\t<meta property=\"og:image:width\" content=\"600\" \/>\n\t<meta property=\"og:image:height\" content=\"600\" \/>\n\t<meta property=\"og:image:type\" content=\"image\/png\" \/>\n<meta name=\"twitter:card\" content=\"summary_large_image\" \/>\n<meta name=\"twitter:label1\" content=\"Est. reading time\" \/>\n\t<meta name=\"twitter:data1\" content=\"1 minute\" \/>\n<script type=\"application\/ld+json\" class=\"yoast-schema-graph\">{\"@context\":\"https:\/\/schema.org\",\"@graph\":[{\"@type\":\"WebPage\",\"@id\":\"https:\/\/italpackalbania.com\/index.php\/product\/sydex-lavender-cream\/\",\"url\":\"https:\/\/italpackalbania.com\/index.php\/product\/sydex-lavender-cream\/\",\"name\":\"Sydex Lavender Dream - Italpack Albania\",\"isPartOf\":{\"@id\":\"https:\/\/italpackalbania.com\/#website\"},\"primaryImageOfPage\":{\"@id\":\"https:\/\/italpackalbania.com\/index.php\/product\/sydex-lavender-cream\/#primaryimage\"},\"image\":{\"@id\":\"https:\/\/italpackalbania.com\/index.php\/product\/sydex-lavender-cream\/#primaryimage\"},\"thumbnailUrl\":\"https:\/\/italpackalbania.com\/wp-content\/uploads\/2026\/02\/23.png\",\"datePublished\":\"2026-02-18T13:09:14+00:00\",\"dateModified\":\"2026-03-05T10:26:18+00:00\",\"description\":\"Zbuloni gam\u00ebn ton\u00eb t\u00eb plot\u00eb t\u00eb produkteve p\u00ebr hotele dhe biznese: amenities premium, detergjente profesionale dhe paketime\",\"breadcrumb\":{\"@id\":\"https:\/\/italpackalbania.com\/index.php\/product\/sydex-lavender-cream\/#breadcrumb\"},\"inLanguage\":\"en-US\",\"potentialAction\":[{\"@type\":\"ReadAction\",\"target\":[\"https:\/\/italpackalbania.com\/index.php\/product\/sydex-lavender-cream\/\"]}]},{\"@type\":\"ImageObject\",\"inLanguage\":\"en-US\",\"@id\":\"https:\/\/italpackalbania.com\/index.php\/product\/sydex-lavender-cream\/#primaryimage\",\"url\":\"https:\/\/italpackalbania.com\/wp-content\/uploads\/2026\/02\/23.png\",\"contentUrl\":\"https:\/\/italpackalbania.com\/wp-content\/uploads\/2026\/02\/23.png\",\"width\":600,\"height\":600},{\"@type\":\"BreadcrumbList\",\"@id\":\"https:\/\/italpackalbania.com\/index.php\/product\/sydex-lavender-cream\/#breadcrumb\",\"itemListElement\":[{\"@type\":\"ListItem\",\"position\":1,\"name\":\"Home\",\"item\":\"https:\/\/italpackalbania.com\/\"},{\"@type\":\"ListItem\",\"position\":2,\"name\":\"Products\",\"item\":\"https:\/\/italpackalbania.com\/index.php\/shop\/\"},{\"@type\":\"ListItem\",\"position\":3,\"name\":\"Sydex Lavender Dream\"}]},{\"@type\":\"WebSite\",\"@id\":\"https:\/\/italpackalbania.com\/#website\",\"url\":\"https:\/\/italpackalbania.com\/\",\"name\":\"Italpack Albania\",\"description\":\"Aksesor\u00eb p\u00ebr hoteleri, detergjent\u00eb p\u00ebr sht\u00ebpi, hoteleri, restorante, paketime p\u00ebr delivery, ambalazhime p\u00ebr biznese\",\"publisher\":{\"@id\":\"https:\/\/italpackalbania.com\/#organization\"},\"potentialAction\":[{\"@type\":\"SearchAction\",\"target\":{\"@type\":\"EntryPoint\",\"urlTemplate\":\"https:\/\/italpackalbania.com\/?s={search_term_string}\"},\"query-input\":{\"@type\":\"PropertyValueSpecification\",\"valueRequired\":true,\"valueName\":\"search_term_string\"}}],\"inLanguage\":\"en-US\"},{\"@type\":\"Organization\",\"@id\":\"https:\/\/italpackalbania.com\/#organization\",\"name\":\"ItalPack Albania\",\"url\":\"https:\/\/italpackalbania.com\/\",\"logo\":{\"@type\":\"ImageObject\",\"inLanguage\":\"en-US\",\"@id\":\"https:\/\/italpackalbania.com\/#\/schema\/logo\/image\/\",\"url\":\"https:\/\/italpackalbania.com\/wp-content\/uploads\/2025\/12\/cropped-italpack-logo.png\",\"contentUrl\":\"https:\/\/italpackalbania.com\/wp-content\/uploads\/2025\/12\/cropped-italpack-logo.png\",\"width\":512,\"height\":512,\"caption\":\"ItalPack Albania\"},\"image\":{\"@id\":\"https:\/\/italpackalbania.com\/#\/schema\/logo\/image\/\"},\"sameAs\":[\"https:\/\/www.facebook.com\/italpack.albania.37\/\",\"https:\/\/www.instagram.com\/italpackalbania\/\"]}]}<\/script>\n<!-- \/ Yoast SEO plugin. -->","yoast_head_json":{"title":"Sydex Lavender Dream - Italpack Albania","description":"Zbuloni gam\u00ebn ton\u00eb t\u00eb plot\u00eb t\u00eb produkteve p\u00ebr hotele dhe biznese: amenities premium, detergjente profesionale dhe paketime","robots":{"index":"index","follow":"follow","max-snippet":"max-snippet:-1","max-image-preview":"max-image-preview:large","max-video-preview":"max-video-preview:-1"},"canonical":"https:\/\/italpackalbania.com\/index.php\/product\/sydex-lavender-cream\/","og_locale":"en_US","og_type":"article","og_title":"Sydex Lavender Dream - Italpack Albania","og_description":"Zbuloni gam\u00ebn ton\u00eb t\u00eb plot\u00eb t\u00eb produkteve p\u00ebr hotele dhe biznese: amenities premium, detergjente profesionale dhe paketime","og_url":"https:\/\/italpackalbania.com\/index.php\/product\/sydex-lavender-cream\/","og_site_name":"Italpack Albania","article_publisher":"https:\/\/www.facebook.com\/italpack.albania.37\/","article_modified_time":"2026-03-05T10:26:18+00:00","og_image":[{"width":600,"height":600,"url":"https:\/\/italpackalbania.com\/wp-content\/uploads\/2026\/02\/23.png","type":"image\/png"}],"twitter_card":"summary_large_image","twitter_misc":{"Est. reading time":"1 minute"},"schema":{"@context":"https:\/\/schema.org","@graph":[{"@type":"WebPage","@id":"https:\/\/italpackalbania.com\/index.php\/product\/sydex-lavender-cream\/","url":"https:\/\/italpackalbania.com\/index.php\/product\/sydex-lavender-cream\/","name":"Sydex Lavender Dream - Italpack Albania","isPartOf":{"@id":"https:\/\/italpackalbania.com\/#website"},"primaryImageOfPage":{"@id":"https:\/\/italpackalbania.com\/index.php\/product\/sydex-lavender-cream\/#primaryimage"},"image":{"@id":"https:\/\/italpackalbania.com\/index.php\/product\/sydex-lavender-cream\/#primaryimage"},"thumbnailUrl":"https:\/\/italpackalbania.com\/wp-content\/uploads\/2026\/02\/23.png","datePublished":"2026-02-18T13:09:14+00:00","dateModified":"2026-03-05T10:26:18+00:00","description":"Zbuloni gam\u00ebn ton\u00eb t\u00eb plot\u00eb t\u00eb produkteve p\u00ebr hotele dhe biznese: amenities premium, detergjente profesionale dhe paketime","breadcrumb":{"@id":"https:\/\/italpackalbania.com\/index.php\/product\/sydex-lavender-cream\/#breadcrumb"},"inLanguage":"en-US","potentialAction":[{"@type":"ReadAction","target":["https:\/\/italpackalbania.com\/index.php\/product\/sydex-lavender-cream\/"]}]},{"@type":"ImageObject","inLanguage":"en-US","@id":"https:\/\/italpackalbania.com\/index.php\/product\/sydex-lavender-cream\/#primaryimage","url":"https:\/\/italpackalbania.com\/wp-content\/uploads\/2026\/02\/23.png","contentUrl":"https:\/\/italpackalbania.com\/wp-content\/uploads\/2026\/02\/23.png","width":600,"height":600},{"@type":"BreadcrumbList","@id":"https:\/\/italpackalbania.com\/index.php\/product\/sydex-lavender-cream\/#breadcrumb","itemListElement":[{"@type":"ListItem","position":1,"name":"Home","item":"https:\/\/italpackalbania.com\/"},{"@type":"ListItem","position":2,"name":"Products","item":"https:\/\/italpackalbania.com\/index.php\/shop\/"},{"@type":"ListItem","position":3,"name":"Sydex Lavender Dream"}]},{"@type":"WebSite","@id":"https:\/\/italpackalbania.com\/#website","url":"https:\/\/italpackalbania.com\/","name":"Italpack Albania","description":"Aksesor\u00eb p\u00ebr hoteleri, detergjent\u00eb p\u00ebr sht\u00ebpi, hoteleri, restorante, paketime p\u00ebr delivery, ambalazhime p\u00ebr biznese","publisher":{"@id":"https:\/\/italpackalbania.com\/#organization"},"potentialAction":[{"@type":"SearchAction","target":{"@type":"EntryPoint","urlTemplate":"https:\/\/italpackalbania.com\/?s={search_term_string}"},"query-input":{"@type":"PropertyValueSpecification","valueRequired":true,"valueName":"search_term_string"}}],"inLanguage":"en-US"},{"@type":"Organization","@id":"https:\/\/italpackalbania.com\/#organization","name":"ItalPack Albania","url":"https:\/\/italpackalbania.com\/","logo":{"@type":"ImageObject","inLanguage":"en-US","@id":"https:\/\/italpackalbania.com\/#\/schema\/logo\/image\/","url":"https:\/\/italpackalbania.com\/wp-content\/uploads\/2025\/12\/cropped-italpack-logo.png","contentUrl":"https:\/\/italpackalbania.com\/wp-content\/uploads\/2025\/12\/cropped-italpack-logo.png","width":512,"height":512,"caption":"ItalPack Albania"},"image":{"@id":"https:\/\/italpackalbania.com\/#\/schema\/logo\/image\/"},"sameAs":["https:\/\/www.facebook.com\/italpack.albania.37\/","https:\/\/www.instagram.com\/italpackalbania\/"]}]}},"_links":{"self":[{"href":"https:\/\/italpackalbania.com\/index.php\/wp-json\/wp\/v2\/product\/1488","targetHints":{"allow":["GET"]}}],"collection":[{"href":"https:\/\/italpackalbania.com\/index.php\/wp-json\/wp\/v2\/product"}],"about":[{"href":"https:\/\/italpackalbania.com\/index.php\/wp-json\/wp\/v2\/types\/product"}],"wp:featuredmedia":[{"embeddable":true,"href":"https:\/\/italpackalbania.com\/index.php\/wp-json\/wp\/v2\/media\/1376"}],"wp:attachment":[{"href":"https:\/\/italpackalbania.com\/index.php\/wp-json\/wp\/v2\/media?parent=1488"}],"wp:term":[{"taxonomy":"product_brand","embeddable":true,"href":"https:\/\/italpackalbania.com\/index.php\/wp-json\/wp\/v2\/product_brand?post=1488"},{"taxonomy":"product_cat","embeddable":true,"href":"https:\/\/italpackalbania.com\/index.php\/wp-json\/wp\/v2\/product_cat?post=1488"},{"taxonomy":"product_tag","embeddable":true,"href":"https:\/\/italpackalbania.com\/index.php\/wp-json\/wp\/v2\/product_tag?post=1488"}],"curies":[{"name":"wp","href":"https:\/\/api.w.org\/{rel}","templated":true}]}}