{"id":1517,"date":"2026-02-20T09:20:17","date_gmt":"2026-02-20T09:20:17","guid":{"rendered":"https:\/\/italpackalbania.com\/?post_type=product&#038;p=1517"},"modified":"2026-02-20T09:45:24","modified_gmt":"2026-02-20T09:45:24","slug":"allegrini-sensationall-fresh-frutti-rossi","status":"publish","type":"product","link":"https:\/\/italpackalbania.com\/index.php\/product\/allegrini-sensationall-fresh-frutti-rossi\/","title":{"rendered":"Allegrini Sensationall Fresh Frutti Rossi"},"content":{"rendered":"<div class=\"flex flex-col text-sm\">\n<article class=\"text-token-text-primary w-full focus:outline-none [--shadow-height:45px] has-data-writing-block:pointer-events-none has-data-writing-block:-mt-(--shadow-height) has-data-writing-block:pt-(--shadow-height) [&amp;:has([data-writing-block])&gt;*]:pointer-events-auto scroll-mt-[calc(var(--header-height)+min(200px,max(70px,20svh)))]\" dir=\"auto\" tabindex=\"-1\" data-turn-id=\"request-WEB:560581bf-2176-4e46-925e-14913f8e94ec-2\" data-testid=\"conversation-turn-6\" data-scroll-anchor=\"true\" data-turn=\"assistant\">\n<div class=\"text-base my-auto mx-auto pb-10 [--thread-content-margin:--spacing(4)] @w-sm\/main:[--thread-content-margin:--spacing(6)] @w-lg\/main:[--thread-content-margin:--spacing(16)] px-(--thread-content-margin)\">\n<div class=\"[--thread-content-max-width:40rem] @w-lg\/main:[--thread-content-max-width:48rem] mx-auto max-w-(--thread-content-max-width) flex-1 group\/turn-messages focus-visible:outline-hidden relative flex w-full min-w-0 flex-col agent-turn\" tabindex=\"-1\">\n<div class=\"flex max-w-full flex-col grow\">\n<div class=\"min-h-8 text-message relative flex w-full flex-col items-end gap-2 text-start break-words whitespace-normal [.text-message+&amp;]:mt-1\" dir=\"auto\" data-message-author-role=\"assistant\" data-message-id=\"59b6f85e-4f77-4499-b75c-17c866017700\" data-message-model-slug=\"gpt-5-2\">\n<div class=\"flex w-full flex-col gap-1 empty:hidden first:pt-[1px]\">\n<div class=\"markdown prose dark:prose-invert w-full wrap-break-word light markdown-new-styling\">\n<p data-start=\"0\" data-end=\"321\">750 ml<\/p>\n<p data-start=\"0\" data-end=\"328\">Aromatik ambienti me arom\u00eb intensive frutash t\u00eb kuqe, i formuluar p\u00ebr t\u00eb neutralizuar er\u00ebrat e pak\u00ebndshme dhe p\u00ebr t\u00eb krijuar nj\u00eb atmosfer\u00eb t\u00eb fresk\u00ebt dhe t\u00eb k\u00ebndshme n\u00eb \u00e7do hap\u00ebsir\u00eb. Formula e tij e p\u00ebrqendruar siguron arom\u00eb afatgjat\u00eb dhe ndjesi past\u00ebrtie n\u00eb ambiente t\u00eb brendshme.<\/p>\n<p data-start=\"330\" data-end=\"430\">I p\u00ebrshtatsh\u00ebm p\u00ebr p\u00ebrdorim n\u00eb:<br data-start=\"361\" data-end=\"364\" \/>Sht\u00ebpi<br data-start=\"370\" data-end=\"373\" \/>Zyra<br data-start=\"377\" data-end=\"380\" \/>Hotele<br data-start=\"386\" data-end=\"389\" \/>Restorante<br data-start=\"399\" data-end=\"402\" \/>Tualete<br data-start=\"409\" data-end=\"412\" \/>Ambiente publike<\/p>\n<p data-start=\"432\" data-end=\"520\">Siguron freski t\u00eb menj\u00ebhershme dhe arom\u00eb t\u00eb \u00ebmb\u00ebl Frutti Rossi q\u00eb zgjat p\u00ebr or\u00eb t\u00eb t\u00ebra.<\/p>\n<p data-start=\"522\" data-end=\"779\"><strong data-start=\"522\" data-end=\"546\">P\u00ebrfitimet kryesore:<\/strong><br data-start=\"546\" data-end=\"549\" \/>Neutralizon er\u00ebrat e pak\u00ebndshme<br data-start=\"580\" data-end=\"583\" \/>L\u00eb arom\u00eb intensive dhe afatgjat\u00eb<br data-start=\"615\" data-end=\"618\" \/>P\u00ebrhapet shpejt n\u00eb ambient<br data-start=\"644\" data-end=\"647\" \/>I p\u00ebrshtatsh\u00ebm p\u00ebr p\u00ebrdorim t\u00eb p\u00ebrditsh\u00ebm<br data-start=\"688\" data-end=\"691\" \/>Krijon ndjesi past\u00ebrtie dhe komoditeti<\/p>\n<\/div>\n<\/div>\n<\/div>\n<\/div>\n<\/div>\n<\/div>\n<\/article>\n<\/div>\n","protected":false},"excerpt":{"rendered":"<p>750 ml Aromatik ambienti me arom\u00eb intensive frutash t\u00eb kuqe, i formuluar p\u00ebr t\u00eb neutralizuar er\u00ebrat e pak\u00ebndshme dhe p\u00ebr t\u00eb krijuar nj\u00eb atmosfer\u00eb t\u00eb fresk\u00ebt dhe t\u00eb k\u00ebndshme n\u00eb \u00e7do hap\u00ebsir\u00eb. Formula e tij e p\u00ebrqendruar siguron arom\u00eb afatgjat\u00eb dhe ndjesi past\u00ebrtie n\u00eb ambiente t\u00eb brendshme. I p\u00ebrshtatsh\u00ebm p\u00ebr p\u00ebrdorim n\u00eb:Sht\u00ebpiZyraHoteleRestoranteTualeteAmbiente publike Siguron freski&hellip;<\/p>\n","protected":false},"featured_media":1407,"template":"","meta":[],"product_brand":[],"product_cat":[15],"product_tag":[37],"class_list":{"0":"post-1517","1":"product","2":"type-product","3":"status-publish","4":"has-post-thumbnail","6":"product_cat-uncategorized","7":"product_tag-aromatik-ambjenti","8":"description-off","10":"first","11":"instock","12":"shipping-taxable","13":"purchasable","14":"product-type-simple"},"yoast_head":"<!-- This site is optimized with the Yoast SEO plugin v26.7 - https:\/\/yoast.com\/wordpress\/plugins\/seo\/ -->\n<title>Allegrini Sensationall Fresh Frutti Rossi - Italpack Albania<\/title>\n<meta name=\"description\" content=\"Zbuloni gam\u00ebn ton\u00eb t\u00eb plot\u00eb t\u00eb produkteve p\u00ebr hotele dhe biznese: amenities premium, detergjente profesionale dhe paketime\" \/>\n<meta name=\"robots\" content=\"index, follow, max-snippet:-1, max-image-preview:large, max-video-preview:-1\" \/>\n<link rel=\"canonical\" href=\"https:\/\/italpackalbania.com\/index.php\/product\/allegrini-sensationall-fresh-frutti-rossi\/\" \/>\n<meta property=\"og:locale\" content=\"en_US\" \/>\n<meta property=\"og:type\" content=\"article\" \/>\n<meta property=\"og:title\" content=\"Allegrini Sensationall Fresh Frutti Rossi - Italpack Albania\" \/>\n<meta property=\"og:description\" content=\"Zbuloni gam\u00ebn ton\u00eb t\u00eb plot\u00eb t\u00eb produkteve p\u00ebr hotele dhe biznese: amenities premium, detergjente profesionale dhe paketime\" \/>\n<meta property=\"og:url\" content=\"https:\/\/italpackalbania.com\/index.php\/product\/allegrini-sensationall-fresh-frutti-rossi\/\" \/>\n<meta property=\"og:site_name\" content=\"Italpack Albania\" \/>\n<meta property=\"article:publisher\" content=\"https:\/\/www.facebook.com\/italpack.albania.37\/\" \/>\n<meta property=\"article:modified_time\" content=\"2026-02-20T09:45:24+00:00\" \/>\n<meta property=\"og:image\" content=\"https:\/\/italpackalbania.com\/wp-content\/uploads\/2026\/02\/detergjente-allegrini.png\" \/>\n\t<meta property=\"og:image:width\" content=\"600\" \/>\n\t<meta property=\"og:image:height\" content=\"600\" \/>\n\t<meta property=\"og:image:type\" content=\"image\/png\" \/>\n<meta name=\"twitter:card\" content=\"summary_large_image\" \/>\n<meta name=\"twitter:label1\" content=\"Est. reading time\" \/>\n\t<meta name=\"twitter:data1\" content=\"1 minute\" \/>\n<script type=\"application\/ld+json\" class=\"yoast-schema-graph\">{\"@context\":\"https:\/\/schema.org\",\"@graph\":[{\"@type\":\"WebPage\",\"@id\":\"https:\/\/italpackalbania.com\/index.php\/product\/allegrini-sensationall-fresh-frutti-rossi\/\",\"url\":\"https:\/\/italpackalbania.com\/index.php\/product\/allegrini-sensationall-fresh-frutti-rossi\/\",\"name\":\"Allegrini Sensationall Fresh Frutti Rossi - Italpack Albania\",\"isPartOf\":{\"@id\":\"https:\/\/italpackalbania.com\/#website\"},\"primaryImageOfPage\":{\"@id\":\"https:\/\/italpackalbania.com\/index.php\/product\/allegrini-sensationall-fresh-frutti-rossi\/#primaryimage\"},\"image\":{\"@id\":\"https:\/\/italpackalbania.com\/index.php\/product\/allegrini-sensationall-fresh-frutti-rossi\/#primaryimage\"},\"thumbnailUrl\":\"https:\/\/italpackalbania.com\/wp-content\/uploads\/2026\/02\/detergjente-allegrini.png\",\"datePublished\":\"2026-02-20T09:20:17+00:00\",\"dateModified\":\"2026-02-20T09:45:24+00:00\",\"description\":\"Zbuloni gam\u00ebn ton\u00eb t\u00eb plot\u00eb t\u00eb produkteve p\u00ebr hotele dhe biznese: amenities premium, detergjente profesionale dhe paketime\",\"breadcrumb\":{\"@id\":\"https:\/\/italpackalbania.com\/index.php\/product\/allegrini-sensationall-fresh-frutti-rossi\/#breadcrumb\"},\"inLanguage\":\"en-US\",\"potentialAction\":[{\"@type\":\"ReadAction\",\"target\":[\"https:\/\/italpackalbania.com\/index.php\/product\/allegrini-sensationall-fresh-frutti-rossi\/\"]}]},{\"@type\":\"ImageObject\",\"inLanguage\":\"en-US\",\"@id\":\"https:\/\/italpackalbania.com\/index.php\/product\/allegrini-sensationall-fresh-frutti-rossi\/#primaryimage\",\"url\":\"https:\/\/italpackalbania.com\/wp-content\/uploads\/2026\/02\/detergjente-allegrini.png\",\"contentUrl\":\"https:\/\/italpackalbania.com\/wp-content\/uploads\/2026\/02\/detergjente-allegrini.png\",\"width\":600,\"height\":600},{\"@type\":\"BreadcrumbList\",\"@id\":\"https:\/\/italpackalbania.com\/index.php\/product\/allegrini-sensationall-fresh-frutti-rossi\/#breadcrumb\",\"itemListElement\":[{\"@type\":\"ListItem\",\"position\":1,\"name\":\"Home\",\"item\":\"https:\/\/italpackalbania.com\/\"},{\"@type\":\"ListItem\",\"position\":2,\"name\":\"Products\",\"item\":\"https:\/\/italpackalbania.com\/index.php\/shop\/\"},{\"@type\":\"ListItem\",\"position\":3,\"name\":\"Allegrini Sensationall Fresh Frutti Rossi\"}]},{\"@type\":\"WebSite\",\"@id\":\"https:\/\/italpackalbania.com\/#website\",\"url\":\"https:\/\/italpackalbania.com\/\",\"name\":\"Italpack Albania\",\"description\":\"Aksesor\u00eb p\u00ebr hoteleri, detergjent\u00eb p\u00ebr sht\u00ebpi, hoteleri, restorante, paketime p\u00ebr delivery, ambalazhime p\u00ebr biznese\",\"publisher\":{\"@id\":\"https:\/\/italpackalbania.com\/#organization\"},\"potentialAction\":[{\"@type\":\"SearchAction\",\"target\":{\"@type\":\"EntryPoint\",\"urlTemplate\":\"https:\/\/italpackalbania.com\/?s={search_term_string}\"},\"query-input\":{\"@type\":\"PropertyValueSpecification\",\"valueRequired\":true,\"valueName\":\"search_term_string\"}}],\"inLanguage\":\"en-US\"},{\"@type\":\"Organization\",\"@id\":\"https:\/\/italpackalbania.com\/#organization\",\"name\":\"ItalPack Albania\",\"url\":\"https:\/\/italpackalbania.com\/\",\"logo\":{\"@type\":\"ImageObject\",\"inLanguage\":\"en-US\",\"@id\":\"https:\/\/italpackalbania.com\/#\/schema\/logo\/image\/\",\"url\":\"https:\/\/italpackalbania.com\/wp-content\/uploads\/2025\/12\/cropped-italpack-logo.png\",\"contentUrl\":\"https:\/\/italpackalbania.com\/wp-content\/uploads\/2025\/12\/cropped-italpack-logo.png\",\"width\":512,\"height\":512,\"caption\":\"ItalPack Albania\"},\"image\":{\"@id\":\"https:\/\/italpackalbania.com\/#\/schema\/logo\/image\/\"},\"sameAs\":[\"https:\/\/www.facebook.com\/italpack.albania.37\/\",\"https:\/\/www.instagram.com\/italpackalbania\/\"]}]}<\/script>\n<!-- \/ Yoast SEO plugin. -->","yoast_head_json":{"title":"Allegrini Sensationall Fresh Frutti Rossi - Italpack Albania","description":"Zbuloni gam\u00ebn ton\u00eb t\u00eb plot\u00eb t\u00eb produkteve p\u00ebr hotele dhe biznese: amenities premium, detergjente profesionale dhe paketime","robots":{"index":"index","follow":"follow","max-snippet":"max-snippet:-1","max-image-preview":"max-image-preview:large","max-video-preview":"max-video-preview:-1"},"canonical":"https:\/\/italpackalbania.com\/index.php\/product\/allegrini-sensationall-fresh-frutti-rossi\/","og_locale":"en_US","og_type":"article","og_title":"Allegrini Sensationall Fresh Frutti Rossi - Italpack Albania","og_description":"Zbuloni gam\u00ebn ton\u00eb t\u00eb plot\u00eb t\u00eb produkteve p\u00ebr hotele dhe biznese: amenities premium, detergjente profesionale dhe paketime","og_url":"https:\/\/italpackalbania.com\/index.php\/product\/allegrini-sensationall-fresh-frutti-rossi\/","og_site_name":"Italpack Albania","article_publisher":"https:\/\/www.facebook.com\/italpack.albania.37\/","article_modified_time":"2026-02-20T09:45:24+00:00","og_image":[{"width":600,"height":600,"url":"https:\/\/italpackalbania.com\/wp-content\/uploads\/2026\/02\/detergjente-allegrini.png","type":"image\/png"}],"twitter_card":"summary_large_image","twitter_misc":{"Est. reading time":"1 minute"},"schema":{"@context":"https:\/\/schema.org","@graph":[{"@type":"WebPage","@id":"https:\/\/italpackalbania.com\/index.php\/product\/allegrini-sensationall-fresh-frutti-rossi\/","url":"https:\/\/italpackalbania.com\/index.php\/product\/allegrini-sensationall-fresh-frutti-rossi\/","name":"Allegrini Sensationall Fresh Frutti Rossi - Italpack Albania","isPartOf":{"@id":"https:\/\/italpackalbania.com\/#website"},"primaryImageOfPage":{"@id":"https:\/\/italpackalbania.com\/index.php\/product\/allegrini-sensationall-fresh-frutti-rossi\/#primaryimage"},"image":{"@id":"https:\/\/italpackalbania.com\/index.php\/product\/allegrini-sensationall-fresh-frutti-rossi\/#primaryimage"},"thumbnailUrl":"https:\/\/italpackalbania.com\/wp-content\/uploads\/2026\/02\/detergjente-allegrini.png","datePublished":"2026-02-20T09:20:17+00:00","dateModified":"2026-02-20T09:45:24+00:00","description":"Zbuloni gam\u00ebn ton\u00eb t\u00eb plot\u00eb t\u00eb produkteve p\u00ebr hotele dhe biznese: amenities premium, detergjente profesionale dhe paketime","breadcrumb":{"@id":"https:\/\/italpackalbania.com\/index.php\/product\/allegrini-sensationall-fresh-frutti-rossi\/#breadcrumb"},"inLanguage":"en-US","potentialAction":[{"@type":"ReadAction","target":["https:\/\/italpackalbania.com\/index.php\/product\/allegrini-sensationall-fresh-frutti-rossi\/"]}]},{"@type":"ImageObject","inLanguage":"en-US","@id":"https:\/\/italpackalbania.com\/index.php\/product\/allegrini-sensationall-fresh-frutti-rossi\/#primaryimage","url":"https:\/\/italpackalbania.com\/wp-content\/uploads\/2026\/02\/detergjente-allegrini.png","contentUrl":"https:\/\/italpackalbania.com\/wp-content\/uploads\/2026\/02\/detergjente-allegrini.png","width":600,"height":600},{"@type":"BreadcrumbList","@id":"https:\/\/italpackalbania.com\/index.php\/product\/allegrini-sensationall-fresh-frutti-rossi\/#breadcrumb","itemListElement":[{"@type":"ListItem","position":1,"name":"Home","item":"https:\/\/italpackalbania.com\/"},{"@type":"ListItem","position":2,"name":"Products","item":"https:\/\/italpackalbania.com\/index.php\/shop\/"},{"@type":"ListItem","position":3,"name":"Allegrini Sensationall Fresh Frutti Rossi"}]},{"@type":"WebSite","@id":"https:\/\/italpackalbania.com\/#website","url":"https:\/\/italpackalbania.com\/","name":"Italpack Albania","description":"Aksesor\u00eb p\u00ebr hoteleri, detergjent\u00eb p\u00ebr sht\u00ebpi, hoteleri, restorante, paketime p\u00ebr delivery, ambalazhime p\u00ebr biznese","publisher":{"@id":"https:\/\/italpackalbania.com\/#organization"},"potentialAction":[{"@type":"SearchAction","target":{"@type":"EntryPoint","urlTemplate":"https:\/\/italpackalbania.com\/?s={search_term_string}"},"query-input":{"@type":"PropertyValueSpecification","valueRequired":true,"valueName":"search_term_string"}}],"inLanguage":"en-US"},{"@type":"Organization","@id":"https:\/\/italpackalbania.com\/#organization","name":"ItalPack Albania","url":"https:\/\/italpackalbania.com\/","logo":{"@type":"ImageObject","inLanguage":"en-US","@id":"https:\/\/italpackalbania.com\/#\/schema\/logo\/image\/","url":"https:\/\/italpackalbania.com\/wp-content\/uploads\/2025\/12\/cropped-italpack-logo.png","contentUrl":"https:\/\/italpackalbania.com\/wp-content\/uploads\/2025\/12\/cropped-italpack-logo.png","width":512,"height":512,"caption":"ItalPack Albania"},"image":{"@id":"https:\/\/italpackalbania.com\/#\/schema\/logo\/image\/"},"sameAs":["https:\/\/www.facebook.com\/italpack.albania.37\/","https:\/\/www.instagram.com\/italpackalbania\/"]}]}},"_links":{"self":[{"href":"https:\/\/italpackalbania.com\/index.php\/wp-json\/wp\/v2\/product\/1517","targetHints":{"allow":["GET"]}}],"collection":[{"href":"https:\/\/italpackalbania.com\/index.php\/wp-json\/wp\/v2\/product"}],"about":[{"href":"https:\/\/italpackalbania.com\/index.php\/wp-json\/wp\/v2\/types\/product"}],"wp:featuredmedia":[{"embeddable":true,"href":"https:\/\/italpackalbania.com\/index.php\/wp-json\/wp\/v2\/media\/1407"}],"wp:attachment":[{"href":"https:\/\/italpackalbania.com\/index.php\/wp-json\/wp\/v2\/media?parent=1517"}],"wp:term":[{"taxonomy":"product_brand","embeddable":true,"href":"https:\/\/italpackalbania.com\/index.php\/wp-json\/wp\/v2\/product_brand?post=1517"},{"taxonomy":"product_cat","embeddable":true,"href":"https:\/\/italpackalbania.com\/index.php\/wp-json\/wp\/v2\/product_cat?post=1517"},{"taxonomy":"product_tag","embeddable":true,"href":"https:\/\/italpackalbania.com\/index.php\/wp-json\/wp\/v2\/product_tag?post=1517"}],"curies":[{"name":"wp","href":"https:\/\/api.w.org\/{rel}","templated":true}]}}