{"id":1525,"date":"2026-02-23T08:23:45","date_gmt":"2026-02-23T08:23:45","guid":{"rendered":"https:\/\/italpackalbania.com\/?post_type=product&#038;p=1525"},"modified":"2026-03-17T14:10:14","modified_gmt":"2026-03-17T14:10:14","slug":"allegrini-ds-forte","status":"publish","type":"product","link":"https:\/\/italpackalbania.com\/index.php\/product\/allegrini-ds-forte\/","title":{"rendered":"Allegrini DS FOSTE"},"content":{"rendered":"<p data-start=\"102\" data-end=\"399\">Detergjent profesional me baz\u00eb acidi fosforik, i projektuar p\u00ebr heqjen e shpejt\u00eb dhe efektive t\u00eb g\u00eblqeres, ndryshkut dhe mbetjeve t\u00eb forta n\u00eb sip\u00ebrfaqe t\u00eb ndryshme. Ofron pastrim t\u00eb thell\u00eb, rikthen shk\u00eblqimin dhe garanton higjien\u00eb maksimale n\u00eb ambiente sanitare dhe profesionale.<\/p>\n<p data-start=\"401\" data-end=\"596\">Formula e tij e fuqishme, por e balancuar, \u00ebsht\u00eb e p\u00ebrshtatshme p\u00ebr shum\u00eb materiale dhe nuk d\u00ebmton sip\u00ebrfaqet metalike apo plastike kur p\u00ebrdoret si\u00e7 duhet.<\/p>\n<h3 data-section-id=\"199vbyt\" data-start=\"603\" data-end=\"631\"><strong data-start=\"607\" data-end=\"631\">Mund t\u00eb p\u00ebrdoret n\u00eb:<\/strong><\/h3>\n<ul data-start=\"633\" data-end=\"801\">\n<li data-section-id=\"z407in\" data-start=\"633\" data-end=\"656\">\n<p data-start=\"635\" data-end=\"656\">Tualete<\/p>\n<\/li>\n<li data-section-id=\"dy24r6\" data-start=\"657\" data-end=\"688\">\n<p data-start=\"659\" data-end=\"688\">Rubineta dhe aksesor\u00eb kromi<\/p>\n<\/li>\n<li data-section-id=\"it892e\" data-start=\"689\" data-end=\"715\">\n<p data-start=\"691\" data-end=\"715\">\u00c7elik inox dhe alumini<\/p>\n<\/li>\n<li data-section-id=\"t5lieg\" data-start=\"716\" data-end=\"759\">\n<p data-start=\"718\" data-end=\"759\">Pllaka, qeramik\u00eb dhe sip\u00ebrfaqe plastike<\/p>\n<\/li>\n<li data-section-id=\"1byv6ea\" data-start=\"760\" data-end=\"801\">\n<p data-start=\"762\" data-end=\"801\">Pajisje sanitare dhe ambiente banjoje<\/p>\n<\/li>\n<\/ul>\n<h3 data-section-id=\"1uniu9h\" data-start=\"922\" data-end=\"950\"><strong data-start=\"926\" data-end=\"950\">P\u00ebrfitimet kryesore:<\/strong><\/h3>\n<ul data-start=\"952\" data-end=\"1210\">\n<li data-section-id=\"1brq6qk\" data-start=\"952\" data-end=\"1019\">\n<p data-start=\"954\" data-end=\"1019\">Heq n\u00eb m\u00ebnyr\u00eb efektive g\u00eblqeren, ndryshkun dhe mbetjet sapunore<\/p>\n<\/li>\n<li data-section-id=\"gln4ka\" data-start=\"1020\" data-end=\"1069\">\n<p data-start=\"1022\" data-end=\"1069\">Veprim i shpejt\u00eb dhe i fuqish\u00ebm disincrostues<\/p>\n<\/li>\n<li data-section-id=\"1fcf2zf\" data-start=\"1070\" data-end=\"1116\">\n<p data-start=\"1072\" data-end=\"1116\">I p\u00ebrshtatsh\u00ebm p\u00ebr shum\u00eb lloje materialesh<\/p>\n<\/li>\n<li data-section-id=\"1mx6ga\" data-start=\"1117\" data-end=\"1162\">\n<p data-start=\"1119\" data-end=\"1162\">Rikthen shk\u00eblqimin e sip\u00ebrfaqeve metalike<\/p>\n<\/li>\n<li data-section-id=\"1cgmkae\" data-start=\"1163\" data-end=\"1210\">\n<p data-start=\"1165\" data-end=\"1210\">Ideal p\u00ebr p\u00ebrdorim profesional dhe sht\u00ebpiak<\/p>\n<\/li>\n<\/ul>\n<h3 data-section-id=\"5w65p4\" data-start=\"1217\" data-end=\"1240\"><strong data-start=\"1221\" data-end=\"1240\">Si t\u00eb p\u00ebrdoret:<\/strong><\/h3>\n<p data-start=\"1242\" data-end=\"1508\">Aplikojeni produktin direkt ose t\u00eb holluar (deri n\u00eb 20% me uj\u00eb) sipas nivelit t\u00eb papast\u00ebrtis\u00eb. F\u00ebrkojeni me sfungjer ose leck\u00eb dhe l\u00ebreni t\u00eb veproj\u00eb p\u00ebr disa minuta. M\u00eb pas shp\u00eblajeni me uj\u00eb t\u00eb bollsh\u00ebm p\u00ebr rezultate optimale.<\/p>\n","protected":false},"excerpt":{"rendered":"<p>Detergjent profesional me baz\u00eb acidi fosforik, i projektuar p\u00ebr heqjen e shpejt\u00eb dhe efektive t\u00eb g\u00eblqeres, ndryshkut dhe mbetjeve t\u00eb forta n\u00eb sip\u00ebrfaqe t\u00eb ndryshme. Ofron pastrim t\u00eb thell\u00eb, rikthen shk\u00eblqimin dhe garanton higjien\u00eb maksimale n\u00eb ambiente sanitare dhe profesionale. Formula e tij e fuqishme, por e balancuar, \u00ebsht\u00eb e p\u00ebrshtatshme p\u00ebr shum\u00eb materiale dhe&hellip;<\/p>\n","protected":false},"featured_media":1406,"template":"","meta":[],"product_brand":[],"product_cat":[15],"product_tag":[87],"class_list":{"0":"post-1525","1":"product","2":"type-product","3":"status-publish","4":"has-post-thumbnail","6":"product_cat-uncategorized","7":"product_tag-shkelqyes-inoksi","8":"description-off","10":"first","11":"instock","12":"shipping-taxable","13":"purchasable","14":"product-type-simple"},"yoast_head":"<!-- This site is optimized with the Yoast SEO plugin v26.7 - https:\/\/yoast.com\/wordpress\/plugins\/seo\/ -->\n<title>Allegrini DS FOSTE - Italpack Albania<\/title>\n<meta name=\"description\" content=\"Zbuloni gam\u00ebn ton\u00eb t\u00eb plot\u00eb t\u00eb produkteve p\u00ebr hotele dhe biznese: amenities premium, detergjente profesionale dhe paketime\" \/>\n<meta name=\"robots\" content=\"index, follow, max-snippet:-1, max-image-preview:large, max-video-preview:-1\" \/>\n<link rel=\"canonical\" href=\"https:\/\/italpackalbania.com\/index.php\/product\/allegrini-ds-forte\/\" \/>\n<meta property=\"og:locale\" content=\"en_US\" \/>\n<meta property=\"og:type\" content=\"article\" \/>\n<meta property=\"og:title\" content=\"Allegrini DS FOSTE - Italpack Albania\" \/>\n<meta property=\"og:description\" content=\"Zbuloni gam\u00ebn ton\u00eb t\u00eb plot\u00eb t\u00eb produkteve p\u00ebr hotele dhe biznese: amenities premium, detergjente profesionale dhe paketime\" \/>\n<meta property=\"og:url\" content=\"https:\/\/italpackalbania.com\/index.php\/product\/allegrini-ds-forte\/\" \/>\n<meta property=\"og:site_name\" content=\"Italpack Albania\" \/>\n<meta property=\"article:publisher\" content=\"https:\/\/www.facebook.com\/italpack.albania.37\/\" \/>\n<meta property=\"article:modified_time\" content=\"2026-03-17T14:10:14+00:00\" \/>\n<meta property=\"og:image\" content=\"https:\/\/italpackalbania.com\/wp-content\/uploads\/2026\/02\/detergjente-allegrini-italpack.png\" \/>\n\t<meta property=\"og:image:width\" content=\"600\" \/>\n\t<meta property=\"og:image:height\" content=\"600\" \/>\n\t<meta property=\"og:image:type\" content=\"image\/png\" \/>\n<meta name=\"twitter:card\" content=\"summary_large_image\" \/>\n<meta name=\"twitter:label1\" content=\"Est. reading time\" \/>\n\t<meta name=\"twitter:data1\" content=\"1 minute\" \/>\n<script type=\"application\/ld+json\" class=\"yoast-schema-graph\">{\"@context\":\"https:\/\/schema.org\",\"@graph\":[{\"@type\":\"WebPage\",\"@id\":\"https:\/\/italpackalbania.com\/index.php\/product\/allegrini-ds-forte\/\",\"url\":\"https:\/\/italpackalbania.com\/index.php\/product\/allegrini-ds-forte\/\",\"name\":\"Allegrini DS FOSTE - Italpack Albania\",\"isPartOf\":{\"@id\":\"https:\/\/italpackalbania.com\/#website\"},\"primaryImageOfPage\":{\"@id\":\"https:\/\/italpackalbania.com\/index.php\/product\/allegrini-ds-forte\/#primaryimage\"},\"image\":{\"@id\":\"https:\/\/italpackalbania.com\/index.php\/product\/allegrini-ds-forte\/#primaryimage\"},\"thumbnailUrl\":\"https:\/\/italpackalbania.com\/wp-content\/uploads\/2026\/02\/detergjente-allegrini-italpack.png\",\"datePublished\":\"2026-02-23T08:23:45+00:00\",\"dateModified\":\"2026-03-17T14:10:14+00:00\",\"description\":\"Zbuloni gam\u00ebn ton\u00eb t\u00eb plot\u00eb t\u00eb produkteve p\u00ebr hotele dhe biznese: amenities premium, detergjente profesionale dhe paketime\",\"breadcrumb\":{\"@id\":\"https:\/\/italpackalbania.com\/index.php\/product\/allegrini-ds-forte\/#breadcrumb\"},\"inLanguage\":\"en-US\",\"potentialAction\":[{\"@type\":\"ReadAction\",\"target\":[\"https:\/\/italpackalbania.com\/index.php\/product\/allegrini-ds-forte\/\"]}]},{\"@type\":\"ImageObject\",\"inLanguage\":\"en-US\",\"@id\":\"https:\/\/italpackalbania.com\/index.php\/product\/allegrini-ds-forte\/#primaryimage\",\"url\":\"https:\/\/italpackalbania.com\/wp-content\/uploads\/2026\/02\/detergjente-allegrini-italpack.png\",\"contentUrl\":\"https:\/\/italpackalbania.com\/wp-content\/uploads\/2026\/02\/detergjente-allegrini-italpack.png\",\"width\":600,\"height\":600},{\"@type\":\"BreadcrumbList\",\"@id\":\"https:\/\/italpackalbania.com\/index.php\/product\/allegrini-ds-forte\/#breadcrumb\",\"itemListElement\":[{\"@type\":\"ListItem\",\"position\":1,\"name\":\"Home\",\"item\":\"https:\/\/italpackalbania.com\/\"},{\"@type\":\"ListItem\",\"position\":2,\"name\":\"Products\",\"item\":\"https:\/\/italpackalbania.com\/index.php\/shop\/\"},{\"@type\":\"ListItem\",\"position\":3,\"name\":\"Allegrini DS FOSTE\"}]},{\"@type\":\"WebSite\",\"@id\":\"https:\/\/italpackalbania.com\/#website\",\"url\":\"https:\/\/italpackalbania.com\/\",\"name\":\"Italpack Albania\",\"description\":\"Aksesor\u00eb p\u00ebr hoteleri, detergjent\u00eb p\u00ebr sht\u00ebpi, hoteleri, restorante, paketime p\u00ebr delivery, ambalazhime p\u00ebr biznese\",\"publisher\":{\"@id\":\"https:\/\/italpackalbania.com\/#organization\"},\"potentialAction\":[{\"@type\":\"SearchAction\",\"target\":{\"@type\":\"EntryPoint\",\"urlTemplate\":\"https:\/\/italpackalbania.com\/?s={search_term_string}\"},\"query-input\":{\"@type\":\"PropertyValueSpecification\",\"valueRequired\":true,\"valueName\":\"search_term_string\"}}],\"inLanguage\":\"en-US\"},{\"@type\":\"Organization\",\"@id\":\"https:\/\/italpackalbania.com\/#organization\",\"name\":\"ItalPack Albania\",\"url\":\"https:\/\/italpackalbania.com\/\",\"logo\":{\"@type\":\"ImageObject\",\"inLanguage\":\"en-US\",\"@id\":\"https:\/\/italpackalbania.com\/#\/schema\/logo\/image\/\",\"url\":\"https:\/\/italpackalbania.com\/wp-content\/uploads\/2025\/12\/cropped-italpack-logo.png\",\"contentUrl\":\"https:\/\/italpackalbania.com\/wp-content\/uploads\/2025\/12\/cropped-italpack-logo.png\",\"width\":512,\"height\":512,\"caption\":\"ItalPack Albania\"},\"image\":{\"@id\":\"https:\/\/italpackalbania.com\/#\/schema\/logo\/image\/\"},\"sameAs\":[\"https:\/\/www.facebook.com\/italpack.albania.37\/\",\"https:\/\/www.instagram.com\/italpackalbania\/\"]}]}<\/script>\n<!-- \/ Yoast SEO plugin. -->","yoast_head_json":{"title":"Allegrini DS FOSTE - Italpack Albania","description":"Zbuloni gam\u00ebn ton\u00eb t\u00eb plot\u00eb t\u00eb produkteve p\u00ebr hotele dhe biznese: amenities premium, detergjente profesionale dhe paketime","robots":{"index":"index","follow":"follow","max-snippet":"max-snippet:-1","max-image-preview":"max-image-preview:large","max-video-preview":"max-video-preview:-1"},"canonical":"https:\/\/italpackalbania.com\/index.php\/product\/allegrini-ds-forte\/","og_locale":"en_US","og_type":"article","og_title":"Allegrini DS FOSTE - Italpack Albania","og_description":"Zbuloni gam\u00ebn ton\u00eb t\u00eb plot\u00eb t\u00eb produkteve p\u00ebr hotele dhe biznese: amenities premium, detergjente profesionale dhe paketime","og_url":"https:\/\/italpackalbania.com\/index.php\/product\/allegrini-ds-forte\/","og_site_name":"Italpack Albania","article_publisher":"https:\/\/www.facebook.com\/italpack.albania.37\/","article_modified_time":"2026-03-17T14:10:14+00:00","og_image":[{"width":600,"height":600,"url":"https:\/\/italpackalbania.com\/wp-content\/uploads\/2026\/02\/detergjente-allegrini-italpack.png","type":"image\/png"}],"twitter_card":"summary_large_image","twitter_misc":{"Est. reading time":"1 minute"},"schema":{"@context":"https:\/\/schema.org","@graph":[{"@type":"WebPage","@id":"https:\/\/italpackalbania.com\/index.php\/product\/allegrini-ds-forte\/","url":"https:\/\/italpackalbania.com\/index.php\/product\/allegrini-ds-forte\/","name":"Allegrini DS FOSTE - Italpack Albania","isPartOf":{"@id":"https:\/\/italpackalbania.com\/#website"},"primaryImageOfPage":{"@id":"https:\/\/italpackalbania.com\/index.php\/product\/allegrini-ds-forte\/#primaryimage"},"image":{"@id":"https:\/\/italpackalbania.com\/index.php\/product\/allegrini-ds-forte\/#primaryimage"},"thumbnailUrl":"https:\/\/italpackalbania.com\/wp-content\/uploads\/2026\/02\/detergjente-allegrini-italpack.png","datePublished":"2026-02-23T08:23:45+00:00","dateModified":"2026-03-17T14:10:14+00:00","description":"Zbuloni gam\u00ebn ton\u00eb t\u00eb plot\u00eb t\u00eb produkteve p\u00ebr hotele dhe biznese: amenities premium, detergjente profesionale dhe paketime","breadcrumb":{"@id":"https:\/\/italpackalbania.com\/index.php\/product\/allegrini-ds-forte\/#breadcrumb"},"inLanguage":"en-US","potentialAction":[{"@type":"ReadAction","target":["https:\/\/italpackalbania.com\/index.php\/product\/allegrini-ds-forte\/"]}]},{"@type":"ImageObject","inLanguage":"en-US","@id":"https:\/\/italpackalbania.com\/index.php\/product\/allegrini-ds-forte\/#primaryimage","url":"https:\/\/italpackalbania.com\/wp-content\/uploads\/2026\/02\/detergjente-allegrini-italpack.png","contentUrl":"https:\/\/italpackalbania.com\/wp-content\/uploads\/2026\/02\/detergjente-allegrini-italpack.png","width":600,"height":600},{"@type":"BreadcrumbList","@id":"https:\/\/italpackalbania.com\/index.php\/product\/allegrini-ds-forte\/#breadcrumb","itemListElement":[{"@type":"ListItem","position":1,"name":"Home","item":"https:\/\/italpackalbania.com\/"},{"@type":"ListItem","position":2,"name":"Products","item":"https:\/\/italpackalbania.com\/index.php\/shop\/"},{"@type":"ListItem","position":3,"name":"Allegrini DS FOSTE"}]},{"@type":"WebSite","@id":"https:\/\/italpackalbania.com\/#website","url":"https:\/\/italpackalbania.com\/","name":"Italpack Albania","description":"Aksesor\u00eb p\u00ebr hoteleri, detergjent\u00eb p\u00ebr sht\u00ebpi, hoteleri, restorante, paketime p\u00ebr delivery, ambalazhime p\u00ebr biznese","publisher":{"@id":"https:\/\/italpackalbania.com\/#organization"},"potentialAction":[{"@type":"SearchAction","target":{"@type":"EntryPoint","urlTemplate":"https:\/\/italpackalbania.com\/?s={search_term_string}"},"query-input":{"@type":"PropertyValueSpecification","valueRequired":true,"valueName":"search_term_string"}}],"inLanguage":"en-US"},{"@type":"Organization","@id":"https:\/\/italpackalbania.com\/#organization","name":"ItalPack Albania","url":"https:\/\/italpackalbania.com\/","logo":{"@type":"ImageObject","inLanguage":"en-US","@id":"https:\/\/italpackalbania.com\/#\/schema\/logo\/image\/","url":"https:\/\/italpackalbania.com\/wp-content\/uploads\/2025\/12\/cropped-italpack-logo.png","contentUrl":"https:\/\/italpackalbania.com\/wp-content\/uploads\/2025\/12\/cropped-italpack-logo.png","width":512,"height":512,"caption":"ItalPack Albania"},"image":{"@id":"https:\/\/italpackalbania.com\/#\/schema\/logo\/image\/"},"sameAs":["https:\/\/www.facebook.com\/italpack.albania.37\/","https:\/\/www.instagram.com\/italpackalbania\/"]}]}},"_links":{"self":[{"href":"https:\/\/italpackalbania.com\/index.php\/wp-json\/wp\/v2\/product\/1525","targetHints":{"allow":["GET"]}}],"collection":[{"href":"https:\/\/italpackalbania.com\/index.php\/wp-json\/wp\/v2\/product"}],"about":[{"href":"https:\/\/italpackalbania.com\/index.php\/wp-json\/wp\/v2\/types\/product"}],"wp:featuredmedia":[{"embeddable":true,"href":"https:\/\/italpackalbania.com\/index.php\/wp-json\/wp\/v2\/media\/1406"}],"wp:attachment":[{"href":"https:\/\/italpackalbania.com\/index.php\/wp-json\/wp\/v2\/media?parent=1525"}],"wp:term":[{"taxonomy":"product_brand","embeddable":true,"href":"https:\/\/italpackalbania.com\/index.php\/wp-json\/wp\/v2\/product_brand?post=1525"},{"taxonomy":"product_cat","embeddable":true,"href":"https:\/\/italpackalbania.com\/index.php\/wp-json\/wp\/v2\/product_cat?post=1525"},{"taxonomy":"product_tag","embeddable":true,"href":"https:\/\/italpackalbania.com\/index.php\/wp-json\/wp\/v2\/product_tag?post=1525"}],"curies":[{"name":"wp","href":"https:\/\/api.w.org\/{rel}","templated":true}]}}