{"id":1541,"date":"2026-02-24T10:08:08","date_gmt":"2026-02-24T10:08:08","guid":{"rendered":"https:\/\/italpackalbania.com\/?post_type=product&#038;p=1541"},"modified":"2026-03-05T11:27:24","modified_gmt":"2026-03-05T11:27:24","slug":"allegrini-pronto-bagno-plus-3","status":"publish","type":"product","link":"https:\/\/italpackalbania.com\/index.php\/product\/allegrini-pronto-bagno-plus-3\/","title":{"rendered":"Allegrini Pronto Bagno Plus"},"content":{"rendered":"<div class=\"flex flex-col text-sm\">\n<article class=\"text-token-text-primary w-full focus:outline-none [--shadow-height:45px] has-data-writing-block:pointer-events-none has-data-writing-block:-mt-(--shadow-height) has-data-writing-block:pt-(--shadow-height) [&amp;:has([data-writing-block])&gt;*]:pointer-events-auto scroll-mt-[calc(var(--header-height)+min(200px,max(70px,20svh)))]\" dir=\"auto\" tabindex=\"-1\" data-turn-id=\"request-WEB:560581bf-2176-4e46-925e-14913f8e94ec-2\" data-testid=\"conversation-turn-6\" data-scroll-anchor=\"true\" data-turn=\"assistant\">\n<div class=\"text-base my-auto mx-auto pb-10 [--thread-content-margin:--spacing(4)] @w-sm\/main:[--thread-content-margin:--spacing(6)] @w-lg\/main:[--thread-content-margin:--spacing(16)] px-(--thread-content-margin)\">\n<div class=\"[--thread-content-max-width:40rem] @w-lg\/main:[--thread-content-max-width:48rem] mx-auto max-w-(--thread-content-max-width) flex-1 group\/turn-messages focus-visible:outline-hidden relative flex w-full min-w-0 flex-col agent-turn\" tabindex=\"-1\">\n<div class=\"flex max-w-full flex-col grow\">\n<div class=\"min-h-8 text-message relative flex w-full flex-col items-end gap-2 text-start break-words whitespace-normal [.text-message+&amp;]:mt-1\" dir=\"auto\" data-message-author-role=\"assistant\" data-message-id=\"59b6f85e-4f77-4499-b75c-17c866017700\" data-message-model-slug=\"gpt-5-2\">\n<div class=\"flex w-full flex-col gap-1 empty:hidden first:pt-[1px]\">\n<div class=\"markdown prose dark:prose-invert w-full wrap-break-word light markdown-new-styling\">\n<p data-start=\"0\" data-end=\"321\">5 L<\/p>\n<p data-start=\"106\" data-end=\"497\">Pastrues profesional i formuluar p\u00ebr pastrimin dhe heqjen e mbetjeve n\u00eb sip\u00ebrfaqet e paneleve diellore dhe fotovoltaike. Ky detergjent \u00ebsht\u00eb i projektuar p\u00ebr t\u00eb rikthyer performanc\u00ebn e paneleve duke larguar smog-in, pluhurat, njollat e kal\u00e7erit dhe mbetjet e hollave t\u00eb shpez\u00ebve q\u00eb mund t\u00eb ulin efikasitetin e tyre n\u00eb prodhimin e energjis\u00eb.<\/p>\n<h3 data-start=\"499\" data-end=\"522\"><strong>P\u00ebr \u00e7far\u00eb p\u00ebrdoret:<\/strong><\/h3>\n<p data-start=\"523\" data-end=\"715\">\u2022 Panele diellore dhe fotovoltaike<br data-start=\"557\" data-end=\"560\" \/>\u2022 Sip\u00ebrfaqe t\u00eb tjera t\u00eb ngjashme xhami t\u00eb ndri\u00e7uara<br data-start=\"611\" data-end=\"614\" \/>\u2022 Pastrim profesional sezonal ose periodik n\u00eb sistemet diellore<\/p>\n<h3 data-start=\"717\" data-end=\"741\">P\u00ebrfitimet kryesore:<\/h3>\n<p data-start=\"742\" data-end=\"1141\">\u2714 Heq n\u00eb m\u00ebnyr\u00eb efikase smog, pluhur, kal\u00e7er dhe papast\u00ebrti t\u00eb tjera t\u00eb forta<br data-start=\"823\" data-end=\"826\" \/>\u2714 Efekt vet\u00eb-thar\u00ebs q\u00eb ndihmon sip\u00ebrfaqen t\u00eb thahet shpejt pa gjurm\u00eb<br data-start=\"898\" data-end=\"901\" \/>\u2714 Sip\u00ebrfaqe me shk\u00eblqim dhe pa vija pas pastrimit<br data-start=\"954\" data-end=\"957\" \/>\u2714 E b\u00ebn pastrimin e ardhsh\u00ebm m\u00eb t\u00eb shpejt\u00eb dhe m\u00eb t\u00eb leht\u00eb (efekt easy-to-clean)<br data-start=\"1041\" data-end=\"1044\" \/>\u2714 Mban sip\u00ebrfaqet m\u00eb t\u00eb pastra p\u00ebr nj\u00eb koh\u00eb m\u00eb t\u00eb gjat\u00eb<\/p>\n<h3 data-start=\"1143\" data-end=\"1162\">Si t\u00eb p\u00ebrdoret:<\/h3>\n<ol data-start=\"1163\" data-end=\"1604\">\n<li data-start=\"1163\" data-end=\"1231\">\n<p data-start=\"1166\" data-end=\"1231\">Hollojeni produktin n\u00eb ~10 % me uj\u00eb (p.sh. 1 L n\u00eb 9 L uj\u00eb).<\/p>\n<\/li>\n<li data-start=\"1232\" data-end=\"1350\">\n<p data-start=\"1235\" data-end=\"1350\">P\u00ebr sip\u00ebrfaqe q\u00eb jan\u00eb leht\u00ebsisht t\u00eb arritshme: aplikojeni me sfungjer apo leck\u00eb dhe pastaj shp\u00eblajeni me uj\u00eb.<\/p>\n<\/li>\n<li data-start=\"1351\" data-end=\"1491\">\n<p data-start=\"1354\" data-end=\"1491\">P\u00ebr sip\u00ebrfaqe t\u00eb v\u00ebshtira p\u00ebr t\u2019u arritur: spray ose aplikoni me vello n\u00eb nj\u00eb shkop teleskopik, fshijeni dhe m\u00eb pas shp\u00eblajeni.<\/p>\n<\/li>\n<li data-start=\"1492\" data-end=\"1604\">\n<p data-start=\"1495\" data-end=\"1604\">Nuk \u00ebsht\u00eb e nevojshme tharja me dor\u00eb p\u00ebr sip\u00ebrfaqe pak t\u00eb pjerr\u00ebta.<\/p>\n<\/li>\n<\/ol>\n<\/div>\n<\/div>\n<\/div>\n<\/div>\n<\/div>\n<\/div>\n<\/article>\n<\/div>\n","protected":false},"excerpt":{"rendered":"<p>5 L Pastrues profesional i formuluar p\u00ebr pastrimin dhe heqjen e mbetjeve n\u00eb sip\u00ebrfaqet e paneleve diellore dhe fotovoltaike. Ky detergjent \u00ebsht\u00eb i projektuar p\u00ebr t\u00eb rikthyer performanc\u00ebn e paneleve duke larguar smog-in, pluhurat, njollat e kal\u00e7erit dhe mbetjet e hollave t\u00eb shpez\u00ebve q\u00eb mund t\u00eb ulin efikasitetin e tyre n\u00eb prodhimin e energjis\u00eb. P\u00ebr&hellip;<\/p>\n","protected":false},"featured_media":1388,"template":"","meta":[],"product_brand":[],"product_cat":[15],"product_tag":[117],"class_list":{"0":"post-1541","1":"product","2":"type-product","3":"status-publish","4":"has-post-thumbnail","6":"product_cat-uncategorized","7":"product_tag-detergjente-per-panele-diellore","8":"description-off","10":"first","11":"instock","12":"shipping-taxable","13":"purchasable","14":"product-type-simple"},"yoast_head":"<!-- This site is optimized with the Yoast SEO plugin v26.7 - https:\/\/yoast.com\/wordpress\/plugins\/seo\/ -->\n<title>Allegrini Pronto Bagno Plus - Italpack Albania<\/title>\n<meta name=\"description\" content=\"Zbuloni gam\u00ebn ton\u00eb t\u00eb plot\u00eb t\u00eb produkteve p\u00ebr hotele dhe biznese: amenities premium, detergjente profesionale dhe paketime\" \/>\n<meta name=\"robots\" content=\"index, follow, max-snippet:-1, max-image-preview:large, max-video-preview:-1\" \/>\n<link rel=\"canonical\" href=\"https:\/\/italpackalbania.com\/index.php\/product\/allegrini-pronto-bagno-plus-3\/\" \/>\n<meta property=\"og:locale\" content=\"en_US\" \/>\n<meta property=\"og:type\" content=\"article\" \/>\n<meta property=\"og:title\" content=\"Allegrini Pronto Bagno Plus - Italpack Albania\" \/>\n<meta property=\"og:description\" content=\"Zbuloni gam\u00ebn ton\u00eb t\u00eb plot\u00eb t\u00eb produkteve p\u00ebr hotele dhe biznese: amenities premium, detergjente profesionale dhe paketime\" \/>\n<meta property=\"og:url\" content=\"https:\/\/italpackalbania.com\/index.php\/product\/allegrini-pronto-bagno-plus-3\/\" \/>\n<meta property=\"og:site_name\" content=\"Italpack Albania\" \/>\n<meta property=\"article:publisher\" content=\"https:\/\/www.facebook.com\/italpack.albania.37\/\" \/>\n<meta property=\"article:modified_time\" content=\"2026-03-05T11:27:24+00:00\" \/>\n<meta property=\"og:image\" content=\"https:\/\/italpackalbania.com\/wp-content\/uploads\/2026\/02\/detergjente-profesionale2.png\" \/>\n\t<meta property=\"og:image:width\" content=\"600\" \/>\n\t<meta property=\"og:image:height\" content=\"600\" \/>\n\t<meta property=\"og:image:type\" content=\"image\/png\" \/>\n<meta name=\"twitter:card\" content=\"summary_large_image\" \/>\n<meta name=\"twitter:label1\" content=\"Est. reading time\" \/>\n\t<meta name=\"twitter:data1\" content=\"2 minutes\" \/>\n<script type=\"application\/ld+json\" class=\"yoast-schema-graph\">{\"@context\":\"https:\/\/schema.org\",\"@graph\":[{\"@type\":\"WebPage\",\"@id\":\"https:\/\/italpackalbania.com\/index.php\/product\/allegrini-pronto-bagno-plus-3\/\",\"url\":\"https:\/\/italpackalbania.com\/index.php\/product\/allegrini-pronto-bagno-plus-3\/\",\"name\":\"Allegrini Pronto Bagno Plus - Italpack Albania\",\"isPartOf\":{\"@id\":\"https:\/\/italpackalbania.com\/#website\"},\"primaryImageOfPage\":{\"@id\":\"https:\/\/italpackalbania.com\/index.php\/product\/allegrini-pronto-bagno-plus-3\/#primaryimage\"},\"image\":{\"@id\":\"https:\/\/italpackalbania.com\/index.php\/product\/allegrini-pronto-bagno-plus-3\/#primaryimage\"},\"thumbnailUrl\":\"https:\/\/italpackalbania.com\/wp-content\/uploads\/2026\/02\/detergjente-profesionale2.png\",\"datePublished\":\"2026-02-24T10:08:08+00:00\",\"dateModified\":\"2026-03-05T11:27:24+00:00\",\"description\":\"Zbuloni gam\u00ebn ton\u00eb t\u00eb plot\u00eb t\u00eb produkteve p\u00ebr hotele dhe biznese: amenities premium, detergjente profesionale dhe paketime\",\"breadcrumb\":{\"@id\":\"https:\/\/italpackalbania.com\/index.php\/product\/allegrini-pronto-bagno-plus-3\/#breadcrumb\"},\"inLanguage\":\"en-US\",\"potentialAction\":[{\"@type\":\"ReadAction\",\"target\":[\"https:\/\/italpackalbania.com\/index.php\/product\/allegrini-pronto-bagno-plus-3\/\"]}]},{\"@type\":\"ImageObject\",\"inLanguage\":\"en-US\",\"@id\":\"https:\/\/italpackalbania.com\/index.php\/product\/allegrini-pronto-bagno-plus-3\/#primaryimage\",\"url\":\"https:\/\/italpackalbania.com\/wp-content\/uploads\/2026\/02\/detergjente-profesionale2.png\",\"contentUrl\":\"https:\/\/italpackalbania.com\/wp-content\/uploads\/2026\/02\/detergjente-profesionale2.png\",\"width\":600,\"height\":600},{\"@type\":\"BreadcrumbList\",\"@id\":\"https:\/\/italpackalbania.com\/index.php\/product\/allegrini-pronto-bagno-plus-3\/#breadcrumb\",\"itemListElement\":[{\"@type\":\"ListItem\",\"position\":1,\"name\":\"Home\",\"item\":\"https:\/\/italpackalbania.com\/\"},{\"@type\":\"ListItem\",\"position\":2,\"name\":\"Products\",\"item\":\"https:\/\/italpackalbania.com\/index.php\/shop\/\"},{\"@type\":\"ListItem\",\"position\":3,\"name\":\"Allegrini Pronto Bagno Plus\"}]},{\"@type\":\"WebSite\",\"@id\":\"https:\/\/italpackalbania.com\/#website\",\"url\":\"https:\/\/italpackalbania.com\/\",\"name\":\"Italpack Albania\",\"description\":\"Aksesor\u00eb p\u00ebr hoteleri, detergjent\u00eb p\u00ebr sht\u00ebpi, hoteleri, restorante, paketime p\u00ebr delivery, ambalazhime p\u00ebr biznese\",\"publisher\":{\"@id\":\"https:\/\/italpackalbania.com\/#organization\"},\"potentialAction\":[{\"@type\":\"SearchAction\",\"target\":{\"@type\":\"EntryPoint\",\"urlTemplate\":\"https:\/\/italpackalbania.com\/?s={search_term_string}\"},\"query-input\":{\"@type\":\"PropertyValueSpecification\",\"valueRequired\":true,\"valueName\":\"search_term_string\"}}],\"inLanguage\":\"en-US\"},{\"@type\":\"Organization\",\"@id\":\"https:\/\/italpackalbania.com\/#organization\",\"name\":\"ItalPack Albania\",\"url\":\"https:\/\/italpackalbania.com\/\",\"logo\":{\"@type\":\"ImageObject\",\"inLanguage\":\"en-US\",\"@id\":\"https:\/\/italpackalbania.com\/#\/schema\/logo\/image\/\",\"url\":\"https:\/\/italpackalbania.com\/wp-content\/uploads\/2025\/12\/cropped-italpack-logo.png\",\"contentUrl\":\"https:\/\/italpackalbania.com\/wp-content\/uploads\/2025\/12\/cropped-italpack-logo.png\",\"width\":512,\"height\":512,\"caption\":\"ItalPack Albania\"},\"image\":{\"@id\":\"https:\/\/italpackalbania.com\/#\/schema\/logo\/image\/\"},\"sameAs\":[\"https:\/\/www.facebook.com\/italpack.albania.37\/\",\"https:\/\/www.instagram.com\/italpackalbania\/\"]}]}<\/script>\n<!-- \/ Yoast SEO plugin. -->","yoast_head_json":{"title":"Allegrini Pronto Bagno Plus - Italpack Albania","description":"Zbuloni gam\u00ebn ton\u00eb t\u00eb plot\u00eb t\u00eb produkteve p\u00ebr hotele dhe biznese: amenities premium, detergjente profesionale dhe paketime","robots":{"index":"index","follow":"follow","max-snippet":"max-snippet:-1","max-image-preview":"max-image-preview:large","max-video-preview":"max-video-preview:-1"},"canonical":"https:\/\/italpackalbania.com\/index.php\/product\/allegrini-pronto-bagno-plus-3\/","og_locale":"en_US","og_type":"article","og_title":"Allegrini Pronto Bagno Plus - Italpack Albania","og_description":"Zbuloni gam\u00ebn ton\u00eb t\u00eb plot\u00eb t\u00eb produkteve p\u00ebr hotele dhe biznese: amenities premium, detergjente profesionale dhe paketime","og_url":"https:\/\/italpackalbania.com\/index.php\/product\/allegrini-pronto-bagno-plus-3\/","og_site_name":"Italpack Albania","article_publisher":"https:\/\/www.facebook.com\/italpack.albania.37\/","article_modified_time":"2026-03-05T11:27:24+00:00","og_image":[{"width":600,"height":600,"url":"https:\/\/italpackalbania.com\/wp-content\/uploads\/2026\/02\/detergjente-profesionale2.png","type":"image\/png"}],"twitter_card":"summary_large_image","twitter_misc":{"Est. reading time":"2 minutes"},"schema":{"@context":"https:\/\/schema.org","@graph":[{"@type":"WebPage","@id":"https:\/\/italpackalbania.com\/index.php\/product\/allegrini-pronto-bagno-plus-3\/","url":"https:\/\/italpackalbania.com\/index.php\/product\/allegrini-pronto-bagno-plus-3\/","name":"Allegrini Pronto Bagno Plus - Italpack Albania","isPartOf":{"@id":"https:\/\/italpackalbania.com\/#website"},"primaryImageOfPage":{"@id":"https:\/\/italpackalbania.com\/index.php\/product\/allegrini-pronto-bagno-plus-3\/#primaryimage"},"image":{"@id":"https:\/\/italpackalbania.com\/index.php\/product\/allegrini-pronto-bagno-plus-3\/#primaryimage"},"thumbnailUrl":"https:\/\/italpackalbania.com\/wp-content\/uploads\/2026\/02\/detergjente-profesionale2.png","datePublished":"2026-02-24T10:08:08+00:00","dateModified":"2026-03-05T11:27:24+00:00","description":"Zbuloni gam\u00ebn ton\u00eb t\u00eb plot\u00eb t\u00eb produkteve p\u00ebr hotele dhe biznese: amenities premium, detergjente profesionale dhe paketime","breadcrumb":{"@id":"https:\/\/italpackalbania.com\/index.php\/product\/allegrini-pronto-bagno-plus-3\/#breadcrumb"},"inLanguage":"en-US","potentialAction":[{"@type":"ReadAction","target":["https:\/\/italpackalbania.com\/index.php\/product\/allegrini-pronto-bagno-plus-3\/"]}]},{"@type":"ImageObject","inLanguage":"en-US","@id":"https:\/\/italpackalbania.com\/index.php\/product\/allegrini-pronto-bagno-plus-3\/#primaryimage","url":"https:\/\/italpackalbania.com\/wp-content\/uploads\/2026\/02\/detergjente-profesionale2.png","contentUrl":"https:\/\/italpackalbania.com\/wp-content\/uploads\/2026\/02\/detergjente-profesionale2.png","width":600,"height":600},{"@type":"BreadcrumbList","@id":"https:\/\/italpackalbania.com\/index.php\/product\/allegrini-pronto-bagno-plus-3\/#breadcrumb","itemListElement":[{"@type":"ListItem","position":1,"name":"Home","item":"https:\/\/italpackalbania.com\/"},{"@type":"ListItem","position":2,"name":"Products","item":"https:\/\/italpackalbania.com\/index.php\/shop\/"},{"@type":"ListItem","position":3,"name":"Allegrini Pronto Bagno Plus"}]},{"@type":"WebSite","@id":"https:\/\/italpackalbania.com\/#website","url":"https:\/\/italpackalbania.com\/","name":"Italpack Albania","description":"Aksesor\u00eb p\u00ebr hoteleri, detergjent\u00eb p\u00ebr sht\u00ebpi, hoteleri, restorante, paketime p\u00ebr delivery, ambalazhime p\u00ebr biznese","publisher":{"@id":"https:\/\/italpackalbania.com\/#organization"},"potentialAction":[{"@type":"SearchAction","target":{"@type":"EntryPoint","urlTemplate":"https:\/\/italpackalbania.com\/?s={search_term_string}"},"query-input":{"@type":"PropertyValueSpecification","valueRequired":true,"valueName":"search_term_string"}}],"inLanguage":"en-US"},{"@type":"Organization","@id":"https:\/\/italpackalbania.com\/#organization","name":"ItalPack Albania","url":"https:\/\/italpackalbania.com\/","logo":{"@type":"ImageObject","inLanguage":"en-US","@id":"https:\/\/italpackalbania.com\/#\/schema\/logo\/image\/","url":"https:\/\/italpackalbania.com\/wp-content\/uploads\/2025\/12\/cropped-italpack-logo.png","contentUrl":"https:\/\/italpackalbania.com\/wp-content\/uploads\/2025\/12\/cropped-italpack-logo.png","width":512,"height":512,"caption":"ItalPack Albania"},"image":{"@id":"https:\/\/italpackalbania.com\/#\/schema\/logo\/image\/"},"sameAs":["https:\/\/www.facebook.com\/italpack.albania.37\/","https:\/\/www.instagram.com\/italpackalbania\/"]}]}},"_links":{"self":[{"href":"https:\/\/italpackalbania.com\/index.php\/wp-json\/wp\/v2\/product\/1541","targetHints":{"allow":["GET"]}}],"collection":[{"href":"https:\/\/italpackalbania.com\/index.php\/wp-json\/wp\/v2\/product"}],"about":[{"href":"https:\/\/italpackalbania.com\/index.php\/wp-json\/wp\/v2\/types\/product"}],"wp:featuredmedia":[{"embeddable":true,"href":"https:\/\/italpackalbania.com\/index.php\/wp-json\/wp\/v2\/media\/1388"}],"wp:attachment":[{"href":"https:\/\/italpackalbania.com\/index.php\/wp-json\/wp\/v2\/media?parent=1541"}],"wp:term":[{"taxonomy":"product_brand","embeddable":true,"href":"https:\/\/italpackalbania.com\/index.php\/wp-json\/wp\/v2\/product_brand?post=1541"},{"taxonomy":"product_cat","embeddable":true,"href":"https:\/\/italpackalbania.com\/index.php\/wp-json\/wp\/v2\/product_cat?post=1541"},{"taxonomy":"product_tag","embeddable":true,"href":"https:\/\/italpackalbania.com\/index.php\/wp-json\/wp\/v2\/product_tag?post=1541"}],"curies":[{"name":"wp","href":"https:\/\/api.w.org\/{rel}","templated":true}]}}