{"id":1545,"date":"2026-02-24T10:37:18","date_gmt":"2026-02-24T10:37:18","guid":{"rendered":"https:\/\/italpackalbania.com\/?post_type=product&#038;p=1545"},"modified":"2026-03-17T14:31:19","modified_gmt":"2026-03-17T14:31:19","slug":"allegrini-gres-whitener","status":"publish","type":"product","link":"https:\/\/italpackalbania.com\/index.php\/product\/allegrini-gres-whitener\/","title":{"rendered":"Allegrini Gres Whitener"},"content":{"rendered":"<div class=\"flex flex-col text-sm\">\n<article class=\"text-token-text-primary w-full focus:outline-none [--shadow-height:45px] has-data-writing-block:pointer-events-none has-data-writing-block:-mt-(--shadow-height) has-data-writing-block:pt-(--shadow-height) [&amp;:has([data-writing-block])&gt;*]:pointer-events-auto scroll-mt-[calc(var(--header-height)+min(200px,max(70px,20svh)))]\" dir=\"auto\" tabindex=\"-1\" data-turn-id=\"request-WEB:560581bf-2176-4e46-925e-14913f8e94ec-2\" data-testid=\"conversation-turn-6\" data-scroll-anchor=\"true\" data-turn=\"assistant\">\n<div class=\"text-base my-auto mx-auto pb-10 [--thread-content-margin:--spacing(4)] @w-sm\/main:[--thread-content-margin:--spacing(6)] @w-lg\/main:[--thread-content-margin:--spacing(16)] px-(--thread-content-margin)\">\n<div class=\"[--thread-content-max-width:40rem] @w-lg\/main:[--thread-content-max-width:48rem] mx-auto max-w-(--thread-content-max-width) flex-1 group\/turn-messages focus-visible:outline-hidden relative flex w-full min-w-0 flex-col agent-turn\" tabindex=\"-1\">\n<div class=\"flex max-w-full flex-col grow\">\n<div class=\"min-h-8 text-message relative flex w-full flex-col items-end gap-2 text-start break-words whitespace-normal [.text-message+&amp;]:mt-1\" dir=\"auto\" data-message-author-role=\"assistant\" data-message-id=\"59b6f85e-4f77-4499-b75c-17c866017700\" data-message-model-slug=\"gpt-5-2\">\n<div class=\"flex w-full flex-col gap-1 empty:hidden first:pt-[1px]\">\n<div class=\"markdown prose dark:prose-invert w-full wrap-break-word light markdown-new-styling\">\n<p data-start=\"0\" data-end=\"321\">5 L<\/p>\n<p data-start=\"92\" data-end=\"530\">Allegrini Gres Whitener \u00ebsht\u00eb detergjent profesional me shkum\u00eb t\u00eb kontrolluar dhe fuqi t\u00eb lart\u00eb zbut\u00ebse, i krijuar p\u00ebr pastrim t\u00eb thell\u00eb t\u00eb dyshemeve dhe pllakave. Formula e tij speciale garanton heqjen efektive t\u00eb papast\u00ebrtive dhe rikthen ngjyr\u00ebn natyrale dhe shk\u00eblqimin e sip\u00ebrfaqeve q\u00eb kan\u00eb zbehur me koh\u00eb.<\/p>\n<h3 data-start=\"532\" data-end=\"555\">P\u00ebr \u00e7far\u00eb p\u00ebrdoret:<\/h3>\n<p data-start=\"556\" data-end=\"815\">\u2022 Dysheme dhe pllaka prej porcelani<br data-start=\"599\" data-end=\"602\" \/>\u2022 Dysheme me sip\u00ebrfaqe jo-ndryshk\u00ebse dhe anti-ngjit\u00ebse<br data-start=\"656\" data-end=\"659\" \/>\u2022 Hotele, restorante, qendra tregtare<br data-start=\"723\" data-end=\"726\" \/>\u2022 P\u00ebrdorim me makineri pastruese ose fshes\u00eb me disk<\/p>\n<h3 data-start=\"817\" data-end=\"841\">P\u00ebrfitimet kryesore:<\/h3>\n<p data-start=\"842\" data-end=\"1217\">\u2714 <strong data-start=\"844\" data-end=\"902\">Heq n\u00eb m\u00ebnyr\u00eb efikase papast\u00ebrtit\u00eb dhe yndyr\u00ebn e fort\u00eb<\/strong><br data-start=\"902\" data-end=\"905\" \/>\u2714 <strong data-start=\"907\" data-end=\"973\">Rikthen ngjyr\u00ebn dhe freskin\u00eb e pllakave q\u00eb kan\u00eb zbehur me koh\u00eb<\/strong><br data-start=\"973\" data-end=\"976\" \/>\u2714 Vepron me shkum\u00eb t\u00eb kontrolluar p\u00ebr rezultate t\u00eb konsoliduara<br data-start=\"1039\" data-end=\"1042\" \/>\u2714 I p\u00ebrshtatsh\u00ebm p\u00ebr p\u00ebrdorim t\u00eb p\u00ebrditsh\u00ebm dhe pastrime t\u00eb m\u00ebdha<br data-start=\"1107\" data-end=\"1110\" \/>\u2714 Mund t\u00eb p\u00ebrdoret edhe me makineri pastruese p\u00ebr efikasitet maksimal<\/p>\n<h3 data-start=\"1219\" data-end=\"1238\">Si t\u00eb p\u00ebrdoret:<\/h3>\n<ol data-start=\"1239\" data-end=\"1673\">\n<li data-start=\"1239\" data-end=\"1341\">\n<p data-start=\"1242\" data-end=\"1341\"><strong data-start=\"1242\" data-end=\"1262\">Hollojeni me uj\u00eb<\/strong> \u2013 p\u00ebr pastrim t\u00eb p\u00ebrditsh\u00ebm p\u00ebrdorimi 1%\u20133% (p.sh., 100-300 ml n\u00eb 10 L uj\u00eb).<\/p>\n<\/li>\n<li data-start=\"1342\" data-end=\"1425\">\n<p data-start=\"1345\" data-end=\"1425\">Aplikoni n\u00eb sip\u00ebrfaqe me <strong data-start=\"1370\" data-end=\"1407\">makineri pastrimi, fshes\u00eb ose mop<\/strong>, sipas nevoj\u00ebs.<\/p>\n<\/li>\n<li data-start=\"1426\" data-end=\"1558\">\n<p data-start=\"1429\" data-end=\"1558\">P\u00ebr zonat me papast\u00ebrti t\u00eb forta, mund t\u00eb p\u00ebrdoret p\u00ebrqendrim <strong data-start=\"1491\" data-end=\"1501\">5%\u201310%<\/strong> dhe t\u00eb fshihet me makineri me disk ose sistem thith\u00ebs.<\/p>\n<\/li>\n<li data-start=\"1559\" data-end=\"1673\">\n<p data-start=\"1562\" data-end=\"1673\">Pas p\u00ebrdorimit, mund t\u00eb fshihet ose shp\u00ebllet sipas nevoj\u00ebs s\u00eb sip\u00ebrfaqes.<\/p>\n<\/li>\n<\/ol>\n<\/div>\n<\/div>\n<\/div>\n<\/div>\n<\/div>\n<\/div>\n<\/article>\n<\/div>\n","protected":false},"excerpt":{"rendered":"<p>5 L Allegrini Gres Whitener \u00ebsht\u00eb detergjent profesional me shkum\u00eb t\u00eb kontrolluar dhe fuqi t\u00eb lart\u00eb zbut\u00ebse, i krijuar p\u00ebr pastrim t\u00eb thell\u00eb t\u00eb dyshemeve dhe pllakave. Formula e tij speciale garanton heqjen efektive t\u00eb papast\u00ebrtive dhe rikthen ngjyr\u00ebn natyrale dhe shk\u00eblqimin e sip\u00ebrfaqeve q\u00eb kan\u00eb zbehur me koh\u00eb. P\u00ebr \u00e7far\u00eb p\u00ebrdoret: \u2022 Dysheme dhe&hellip;<\/p>\n","protected":false},"featured_media":1543,"template":"","meta":[],"product_brand":[],"product_cat":[15],"product_tag":[37],"class_list":{"0":"post-1545","1":"product","2":"type-product","3":"status-publish","4":"has-post-thumbnail","6":"product_cat-uncategorized","7":"product_tag-aromatik-ambjenti","8":"description-off","10":"first","11":"instock","12":"shipping-taxable","13":"purchasable","14":"product-type-simple"},"yoast_head":"<!-- This site is optimized with the Yoast SEO plugin v26.7 - https:\/\/yoast.com\/wordpress\/plugins\/seo\/ -->\n<title>Allegrini Gres Whitener - Italpack Albania<\/title>\n<meta name=\"description\" content=\"Zbuloni gam\u00ebn ton\u00eb t\u00eb plot\u00eb t\u00eb produkteve p\u00ebr hotele dhe biznese: amenities premium, detergjente profesionale dhe paketime\" \/>\n<meta name=\"robots\" content=\"index, follow, max-snippet:-1, max-image-preview:large, max-video-preview:-1\" \/>\n<link rel=\"canonical\" href=\"https:\/\/italpackalbania.com\/index.php\/product\/allegrini-gres-whitener\/\" \/>\n<meta property=\"og:locale\" content=\"en_US\" \/>\n<meta property=\"og:type\" content=\"article\" \/>\n<meta property=\"og:title\" content=\"Allegrini Gres Whitener - Italpack Albania\" \/>\n<meta property=\"og:description\" content=\"Zbuloni gam\u00ebn ton\u00eb t\u00eb plot\u00eb t\u00eb produkteve p\u00ebr hotele dhe biznese: amenities premium, detergjente profesionale dhe paketime\" \/>\n<meta property=\"og:url\" content=\"https:\/\/italpackalbania.com\/index.php\/product\/allegrini-gres-whitener\/\" \/>\n<meta property=\"og:site_name\" content=\"Italpack Albania\" \/>\n<meta property=\"article:publisher\" content=\"https:\/\/www.facebook.com\/italpack.albania.37\/\" \/>\n<meta property=\"article:modified_time\" content=\"2026-03-17T14:31:19+00:00\" \/>\n<meta property=\"og:image\" content=\"https:\/\/italpackalbania.com\/wp-content\/uploads\/2026\/02\/detergjente-allegrini-1.png\" \/>\n\t<meta property=\"og:image:width\" content=\"600\" \/>\n\t<meta property=\"og:image:height\" content=\"600\" \/>\n\t<meta property=\"og:image:type\" content=\"image\/png\" \/>\n<meta name=\"twitter:card\" content=\"summary_large_image\" \/>\n<meta name=\"twitter:label1\" content=\"Est. reading time\" \/>\n\t<meta name=\"twitter:data1\" content=\"2 minutes\" \/>\n<script type=\"application\/ld+json\" class=\"yoast-schema-graph\">{\"@context\":\"https:\/\/schema.org\",\"@graph\":[{\"@type\":\"WebPage\",\"@id\":\"https:\/\/italpackalbania.com\/index.php\/product\/allegrini-gres-whitener\/\",\"url\":\"https:\/\/italpackalbania.com\/index.php\/product\/allegrini-gres-whitener\/\",\"name\":\"Allegrini Gres Whitener - Italpack Albania\",\"isPartOf\":{\"@id\":\"https:\/\/italpackalbania.com\/#website\"},\"primaryImageOfPage\":{\"@id\":\"https:\/\/italpackalbania.com\/index.php\/product\/allegrini-gres-whitener\/#primaryimage\"},\"image\":{\"@id\":\"https:\/\/italpackalbania.com\/index.php\/product\/allegrini-gres-whitener\/#primaryimage\"},\"thumbnailUrl\":\"https:\/\/italpackalbania.com\/wp-content\/uploads\/2026\/02\/detergjente-allegrini-1.png\",\"datePublished\":\"2026-02-24T10:37:18+00:00\",\"dateModified\":\"2026-03-17T14:31:19+00:00\",\"description\":\"Zbuloni gam\u00ebn ton\u00eb t\u00eb plot\u00eb t\u00eb produkteve p\u00ebr hotele dhe biznese: amenities premium, detergjente profesionale dhe paketime\",\"breadcrumb\":{\"@id\":\"https:\/\/italpackalbania.com\/index.php\/product\/allegrini-gres-whitener\/#breadcrumb\"},\"inLanguage\":\"en-US\",\"potentialAction\":[{\"@type\":\"ReadAction\",\"target\":[\"https:\/\/italpackalbania.com\/index.php\/product\/allegrini-gres-whitener\/\"]}]},{\"@type\":\"ImageObject\",\"inLanguage\":\"en-US\",\"@id\":\"https:\/\/italpackalbania.com\/index.php\/product\/allegrini-gres-whitener\/#primaryimage\",\"url\":\"https:\/\/italpackalbania.com\/wp-content\/uploads\/2026\/02\/detergjente-allegrini-1.png\",\"contentUrl\":\"https:\/\/italpackalbania.com\/wp-content\/uploads\/2026\/02\/detergjente-allegrini-1.png\",\"width\":600,\"height\":600},{\"@type\":\"BreadcrumbList\",\"@id\":\"https:\/\/italpackalbania.com\/index.php\/product\/allegrini-gres-whitener\/#breadcrumb\",\"itemListElement\":[{\"@type\":\"ListItem\",\"position\":1,\"name\":\"Home\",\"item\":\"https:\/\/italpackalbania.com\/\"},{\"@type\":\"ListItem\",\"position\":2,\"name\":\"Products\",\"item\":\"https:\/\/italpackalbania.com\/index.php\/shop\/\"},{\"@type\":\"ListItem\",\"position\":3,\"name\":\"Allegrini Gres Whitener\"}]},{\"@type\":\"WebSite\",\"@id\":\"https:\/\/italpackalbania.com\/#website\",\"url\":\"https:\/\/italpackalbania.com\/\",\"name\":\"Italpack Albania\",\"description\":\"Aksesor\u00eb p\u00ebr hoteleri, detergjent\u00eb p\u00ebr sht\u00ebpi, hoteleri, restorante, paketime p\u00ebr delivery, ambalazhime p\u00ebr biznese\",\"publisher\":{\"@id\":\"https:\/\/italpackalbania.com\/#organization\"},\"potentialAction\":[{\"@type\":\"SearchAction\",\"target\":{\"@type\":\"EntryPoint\",\"urlTemplate\":\"https:\/\/italpackalbania.com\/?s={search_term_string}\"},\"query-input\":{\"@type\":\"PropertyValueSpecification\",\"valueRequired\":true,\"valueName\":\"search_term_string\"}}],\"inLanguage\":\"en-US\"},{\"@type\":\"Organization\",\"@id\":\"https:\/\/italpackalbania.com\/#organization\",\"name\":\"ItalPack Albania\",\"url\":\"https:\/\/italpackalbania.com\/\",\"logo\":{\"@type\":\"ImageObject\",\"inLanguage\":\"en-US\",\"@id\":\"https:\/\/italpackalbania.com\/#\/schema\/logo\/image\/\",\"url\":\"https:\/\/italpackalbania.com\/wp-content\/uploads\/2025\/12\/cropped-italpack-logo.png\",\"contentUrl\":\"https:\/\/italpackalbania.com\/wp-content\/uploads\/2025\/12\/cropped-italpack-logo.png\",\"width\":512,\"height\":512,\"caption\":\"ItalPack Albania\"},\"image\":{\"@id\":\"https:\/\/italpackalbania.com\/#\/schema\/logo\/image\/\"},\"sameAs\":[\"https:\/\/www.facebook.com\/italpack.albania.37\/\",\"https:\/\/www.instagram.com\/italpackalbania\/\"]}]}<\/script>\n<!-- \/ Yoast SEO plugin. -->","yoast_head_json":{"title":"Allegrini Gres Whitener - Italpack Albania","description":"Zbuloni gam\u00ebn ton\u00eb t\u00eb plot\u00eb t\u00eb produkteve p\u00ebr hotele dhe biznese: amenities premium, detergjente profesionale dhe paketime","robots":{"index":"index","follow":"follow","max-snippet":"max-snippet:-1","max-image-preview":"max-image-preview:large","max-video-preview":"max-video-preview:-1"},"canonical":"https:\/\/italpackalbania.com\/index.php\/product\/allegrini-gres-whitener\/","og_locale":"en_US","og_type":"article","og_title":"Allegrini Gres Whitener - Italpack Albania","og_description":"Zbuloni gam\u00ebn ton\u00eb t\u00eb plot\u00eb t\u00eb produkteve p\u00ebr hotele dhe biznese: amenities premium, detergjente profesionale dhe paketime","og_url":"https:\/\/italpackalbania.com\/index.php\/product\/allegrini-gres-whitener\/","og_site_name":"Italpack Albania","article_publisher":"https:\/\/www.facebook.com\/italpack.albania.37\/","article_modified_time":"2026-03-17T14:31:19+00:00","og_image":[{"width":600,"height":600,"url":"https:\/\/italpackalbania.com\/wp-content\/uploads\/2026\/02\/detergjente-allegrini-1.png","type":"image\/png"}],"twitter_card":"summary_large_image","twitter_misc":{"Est. reading time":"2 minutes"},"schema":{"@context":"https:\/\/schema.org","@graph":[{"@type":"WebPage","@id":"https:\/\/italpackalbania.com\/index.php\/product\/allegrini-gres-whitener\/","url":"https:\/\/italpackalbania.com\/index.php\/product\/allegrini-gres-whitener\/","name":"Allegrini Gres Whitener - Italpack Albania","isPartOf":{"@id":"https:\/\/italpackalbania.com\/#website"},"primaryImageOfPage":{"@id":"https:\/\/italpackalbania.com\/index.php\/product\/allegrini-gres-whitener\/#primaryimage"},"image":{"@id":"https:\/\/italpackalbania.com\/index.php\/product\/allegrini-gres-whitener\/#primaryimage"},"thumbnailUrl":"https:\/\/italpackalbania.com\/wp-content\/uploads\/2026\/02\/detergjente-allegrini-1.png","datePublished":"2026-02-24T10:37:18+00:00","dateModified":"2026-03-17T14:31:19+00:00","description":"Zbuloni gam\u00ebn ton\u00eb t\u00eb plot\u00eb t\u00eb produkteve p\u00ebr hotele dhe biznese: amenities premium, detergjente profesionale dhe paketime","breadcrumb":{"@id":"https:\/\/italpackalbania.com\/index.php\/product\/allegrini-gres-whitener\/#breadcrumb"},"inLanguage":"en-US","potentialAction":[{"@type":"ReadAction","target":["https:\/\/italpackalbania.com\/index.php\/product\/allegrini-gres-whitener\/"]}]},{"@type":"ImageObject","inLanguage":"en-US","@id":"https:\/\/italpackalbania.com\/index.php\/product\/allegrini-gres-whitener\/#primaryimage","url":"https:\/\/italpackalbania.com\/wp-content\/uploads\/2026\/02\/detergjente-allegrini-1.png","contentUrl":"https:\/\/italpackalbania.com\/wp-content\/uploads\/2026\/02\/detergjente-allegrini-1.png","width":600,"height":600},{"@type":"BreadcrumbList","@id":"https:\/\/italpackalbania.com\/index.php\/product\/allegrini-gres-whitener\/#breadcrumb","itemListElement":[{"@type":"ListItem","position":1,"name":"Home","item":"https:\/\/italpackalbania.com\/"},{"@type":"ListItem","position":2,"name":"Products","item":"https:\/\/italpackalbania.com\/index.php\/shop\/"},{"@type":"ListItem","position":3,"name":"Allegrini Gres Whitener"}]},{"@type":"WebSite","@id":"https:\/\/italpackalbania.com\/#website","url":"https:\/\/italpackalbania.com\/","name":"Italpack Albania","description":"Aksesor\u00eb p\u00ebr hoteleri, detergjent\u00eb p\u00ebr sht\u00ebpi, hoteleri, restorante, paketime p\u00ebr delivery, ambalazhime p\u00ebr biznese","publisher":{"@id":"https:\/\/italpackalbania.com\/#organization"},"potentialAction":[{"@type":"SearchAction","target":{"@type":"EntryPoint","urlTemplate":"https:\/\/italpackalbania.com\/?s={search_term_string}"},"query-input":{"@type":"PropertyValueSpecification","valueRequired":true,"valueName":"search_term_string"}}],"inLanguage":"en-US"},{"@type":"Organization","@id":"https:\/\/italpackalbania.com\/#organization","name":"ItalPack Albania","url":"https:\/\/italpackalbania.com\/","logo":{"@type":"ImageObject","inLanguage":"en-US","@id":"https:\/\/italpackalbania.com\/#\/schema\/logo\/image\/","url":"https:\/\/italpackalbania.com\/wp-content\/uploads\/2025\/12\/cropped-italpack-logo.png","contentUrl":"https:\/\/italpackalbania.com\/wp-content\/uploads\/2025\/12\/cropped-italpack-logo.png","width":512,"height":512,"caption":"ItalPack Albania"},"image":{"@id":"https:\/\/italpackalbania.com\/#\/schema\/logo\/image\/"},"sameAs":["https:\/\/www.facebook.com\/italpack.albania.37\/","https:\/\/www.instagram.com\/italpackalbania\/"]}]}},"_links":{"self":[{"href":"https:\/\/italpackalbania.com\/index.php\/wp-json\/wp\/v2\/product\/1545","targetHints":{"allow":["GET"]}}],"collection":[{"href":"https:\/\/italpackalbania.com\/index.php\/wp-json\/wp\/v2\/product"}],"about":[{"href":"https:\/\/italpackalbania.com\/index.php\/wp-json\/wp\/v2\/types\/product"}],"wp:featuredmedia":[{"embeddable":true,"href":"https:\/\/italpackalbania.com\/index.php\/wp-json\/wp\/v2\/media\/1543"}],"wp:attachment":[{"href":"https:\/\/italpackalbania.com\/index.php\/wp-json\/wp\/v2\/media?parent=1545"}],"wp:term":[{"taxonomy":"product_brand","embeddable":true,"href":"https:\/\/italpackalbania.com\/index.php\/wp-json\/wp\/v2\/product_brand?post=1545"},{"taxonomy":"product_cat","embeddable":true,"href":"https:\/\/italpackalbania.com\/index.php\/wp-json\/wp\/v2\/product_cat?post=1545"},{"taxonomy":"product_tag","embeddable":true,"href":"https:\/\/italpackalbania.com\/index.php\/wp-json\/wp\/v2\/product_tag?post=1545"}],"curies":[{"name":"wp","href":"https:\/\/api.w.org\/{rel}","templated":true}]}}