{"id":1552,"date":"2026-02-26T09:09:49","date_gmt":"2026-02-26T09:09:49","guid":{"rendered":"https:\/\/italpackalbania.com\/?post_type=product&#038;p=1552"},"modified":"2026-02-26T09:48:30","modified_gmt":"2026-02-26T09:48:30","slug":"allegrini-havonactive","status":"publish","type":"product","link":"https:\/\/italpackalbania.com\/index.php\/product\/allegrini-havonactive\/","title":{"rendered":"Allegrini havonACTIVE"},"content":{"rendered":"<div class=\"flex flex-col text-sm\">\n<article class=\"text-token-text-primary w-full focus:outline-none [--shadow-height:45px] has-data-writing-block:pointer-events-none has-data-writing-block:-mt-(--shadow-height) has-data-writing-block:pt-(--shadow-height) [&amp;:has([data-writing-block])&gt;*]:pointer-events-auto scroll-mt-[calc(var(--header-height)+min(200px,max(70px,20svh)))]\" dir=\"auto\" tabindex=\"-1\" data-turn-id=\"request-WEB:560581bf-2176-4e46-925e-14913f8e94ec-2\" data-testid=\"conversation-turn-6\" data-scroll-anchor=\"true\" data-turn=\"assistant\">\n<div class=\"text-base my-auto mx-auto pb-10 [--thread-content-margin:--spacing(4)] @w-sm\/main:[--thread-content-margin:--spacing(6)] @w-lg\/main:[--thread-content-margin:--spacing(16)] px-(--thread-content-margin)\">\n<div class=\"[--thread-content-max-width:40rem] @w-lg\/main:[--thread-content-max-width:48rem] mx-auto max-w-(--thread-content-max-width) flex-1 group\/turn-messages focus-visible:outline-hidden relative flex w-full min-w-0 flex-col agent-turn\" tabindex=\"-1\">\n<div class=\"flex max-w-full flex-col grow\">\n<div class=\"min-h-8 text-message relative flex w-full flex-col items-end gap-2 text-start break-words whitespace-normal [.text-message+&amp;]:mt-1\" dir=\"auto\" data-message-author-role=\"assistant\" data-message-id=\"59b6f85e-4f77-4499-b75c-17c866017700\" data-message-model-slug=\"gpt-5-2\">\n<div class=\"flex w-full flex-col gap-1 empty:hidden first:pt-[1px]\">\n<div class=\"markdown prose dark:prose-invert w-full wrap-break-word light markdown-new-styling\">\n<p data-start=\"0\" data-end=\"321\">5 L<\/p>\n<p data-start=\"68\" data-end=\"367\">Detergjent profesional shum\u00eb efektiv p\u00ebr larjen e rrobave, i formuluar p\u00ebr t\u00eb hequr njollat e v\u00ebshtira dhe p\u00ebr t\u00eb garantuar past\u00ebrti t\u00eb thell\u00eb edhe n\u00eb temperatura t\u00eb ul\u00ebta. Vepron fuqish\u00ebm ndaj papast\u00ebrtive si yndyr\u00eb, ushqime dhe njolla t\u00eb p\u00ebrditshme, duke ruajtur cil\u00ebsin\u00eb dhe ngjyrat e tekstileve.<\/p>\n<p data-start=\"369\" data-end=\"392\"><strong data-start=\"369\" data-end=\"392\">I p\u00ebrshtatsh\u00ebm p\u00ebr:<\/strong><\/p>\n<ul data-start=\"393\" data-end=\"582\">\n<li data-start=\"393\" data-end=\"426\">\n<p data-start=\"395\" data-end=\"426\">Rroba t\u00eb bardha dhe me ngjyra<\/p>\n<\/li>\n<li data-start=\"427\" data-end=\"471\">\n<p data-start=\"429\" data-end=\"471\">\u00c7ar\u00e7af\u00eb, peshqir\u00eb dhe tekstile hoteliere<\/p>\n<\/li>\n<li data-start=\"472\" data-end=\"524\">\n<p data-start=\"474\" data-end=\"524\">P\u00ebrdorim n\u00eb lavatri\u00e7e profesionale dhe sht\u00ebpiake<\/p>\n<\/li>\n<li data-start=\"525\" data-end=\"582\">\n<p data-start=\"527\" data-end=\"582\">Ambiente profesionale (hotele, lavanderi, restorante)<\/p>\n<\/li>\n<\/ul>\n<p data-start=\"584\" data-end=\"660\">Formula e tij e balancuar siguron pastrim efikas pa d\u00ebmtuar fijet e rrobave.<\/p>\n<p data-start=\"662\" data-end=\"686\"><strong data-start=\"662\" data-end=\"686\">P\u00ebrfitimet kryesore:<\/strong><\/p>\n<ul data-start=\"687\" data-end=\"917\">\n<li data-start=\"687\" data-end=\"736\">\n<p data-start=\"689\" data-end=\"736\">Heq njollat e forta dhe papast\u00ebrtit\u00eb e thella<\/p>\n<\/li>\n<li data-start=\"737\" data-end=\"777\">\n<p data-start=\"739\" data-end=\"777\">Efektiv edhe n\u00eb temperatura t\u00eb ul\u00ebta<\/p>\n<\/li>\n<li data-start=\"778\" data-end=\"824\">\n<p data-start=\"780\" data-end=\"824\">Ruajn\u00eb ngjyrat dhe struktur\u00ebn e tekstileve<\/p>\n<\/li>\n<li data-start=\"825\" data-end=\"864\">\n<p data-start=\"827\" data-end=\"864\">Jep rroba t\u00eb pastra dhe t\u00eb fresk\u00ebta<\/p>\n<\/li>\n<li data-start=\"865\" data-end=\"917\">\n<p data-start=\"867\" data-end=\"917\">I p\u00ebrshtatsh\u00ebm p\u00ebr p\u00ebrdorim profesional intensiv<\/p>\n<\/li>\n<\/ul>\n<\/div>\n<\/div>\n<\/div>\n<\/div>\n<\/div>\n<\/div>\n<\/article>\n<\/div>\n","protected":false},"excerpt":{"rendered":"<p>5 L Detergjent profesional shum\u00eb efektiv p\u00ebr larjen e rrobave, i formuluar p\u00ebr t\u00eb hequr njollat e v\u00ebshtira dhe p\u00ebr t\u00eb garantuar past\u00ebrti t\u00eb thell\u00eb edhe n\u00eb temperatura t\u00eb ul\u00ebta. Vepron fuqish\u00ebm ndaj papast\u00ebrtive si yndyr\u00eb, ushqime dhe njolla t\u00eb p\u00ebrditshme, duke ruajtur cil\u00ebsin\u00eb dhe ngjyrat e tekstileve. I p\u00ebrshtatsh\u00ebm p\u00ebr: Rroba t\u00eb bardha dhe&hellip;<\/p>\n","protected":false},"featured_media":1340,"template":"","meta":[],"product_brand":[],"product_cat":[15],"product_tag":[94,95],"class_list":{"0":"post-1552","1":"product","2":"type-product","3":"status-publish","4":"has-post-thumbnail","6":"product_cat-uncategorized","7":"product_tag-detergjente-per-rroba","8":"product_tag-larje-e-rrobave","9":"description-off","11":"first","12":"instock","13":"shipping-taxable","14":"purchasable","15":"product-type-simple"},"yoast_head":"<!-- This site is optimized with the Yoast SEO plugin v26.7 - https:\/\/yoast.com\/wordpress\/plugins\/seo\/ -->\n<title>Allegrini havonACTIVE - Italpack Albania<\/title>\n<meta name=\"description\" content=\"Zbuloni gam\u00ebn ton\u00eb t\u00eb plot\u00eb t\u00eb produkteve p\u00ebr hotele dhe biznese: amenities premium, detergjente profesionale dhe paketime\" \/>\n<meta name=\"robots\" content=\"index, follow, max-snippet:-1, max-image-preview:large, max-video-preview:-1\" \/>\n<link rel=\"canonical\" href=\"https:\/\/italpackalbania.com\/index.php\/product\/allegrini-havonactive\/\" \/>\n<meta property=\"og:locale\" content=\"en_US\" \/>\n<meta property=\"og:type\" content=\"article\" \/>\n<meta property=\"og:title\" content=\"Allegrini havonACTIVE - Italpack Albania\" \/>\n<meta property=\"og:description\" content=\"Zbuloni gam\u00ebn ton\u00eb t\u00eb plot\u00eb t\u00eb produkteve p\u00ebr hotele dhe biznese: amenities premium, detergjente profesionale dhe paketime\" \/>\n<meta property=\"og:url\" content=\"https:\/\/italpackalbania.com\/index.php\/product\/allegrini-havonactive\/\" \/>\n<meta property=\"og:site_name\" content=\"Italpack Albania\" \/>\n<meta property=\"article:publisher\" content=\"https:\/\/www.facebook.com\/italpack.albania.37\/\" \/>\n<meta property=\"article:modified_time\" content=\"2026-02-26T09:48:30+00:00\" \/>\n<meta property=\"og:image\" content=\"https:\/\/italpackalbania.com\/wp-content\/uploads\/2026\/02\/detergjente-pastrimi.png\" \/>\n\t<meta property=\"og:image:width\" content=\"600\" \/>\n\t<meta property=\"og:image:height\" content=\"600\" \/>\n\t<meta property=\"og:image:type\" content=\"image\/png\" \/>\n<meta name=\"twitter:card\" content=\"summary_large_image\" \/>\n<meta name=\"twitter:label1\" content=\"Est. reading time\" \/>\n\t<meta name=\"twitter:data1\" content=\"1 minute\" \/>\n<script type=\"application\/ld+json\" class=\"yoast-schema-graph\">{\"@context\":\"https:\/\/schema.org\",\"@graph\":[{\"@type\":\"WebPage\",\"@id\":\"https:\/\/italpackalbania.com\/index.php\/product\/allegrini-havonactive\/\",\"url\":\"https:\/\/italpackalbania.com\/index.php\/product\/allegrini-havonactive\/\",\"name\":\"Allegrini havonACTIVE - Italpack Albania\",\"isPartOf\":{\"@id\":\"https:\/\/italpackalbania.com\/#website\"},\"primaryImageOfPage\":{\"@id\":\"https:\/\/italpackalbania.com\/index.php\/product\/allegrini-havonactive\/#primaryimage\"},\"image\":{\"@id\":\"https:\/\/italpackalbania.com\/index.php\/product\/allegrini-havonactive\/#primaryimage\"},\"thumbnailUrl\":\"https:\/\/italpackalbania.com\/wp-content\/uploads\/2026\/02\/detergjente-pastrimi.png\",\"datePublished\":\"2026-02-26T09:09:49+00:00\",\"dateModified\":\"2026-02-26T09:48:30+00:00\",\"description\":\"Zbuloni gam\u00ebn ton\u00eb t\u00eb plot\u00eb t\u00eb produkteve p\u00ebr hotele dhe biznese: amenities premium, detergjente profesionale dhe paketime\",\"breadcrumb\":{\"@id\":\"https:\/\/italpackalbania.com\/index.php\/product\/allegrini-havonactive\/#breadcrumb\"},\"inLanguage\":\"en-US\",\"potentialAction\":[{\"@type\":\"ReadAction\",\"target\":[\"https:\/\/italpackalbania.com\/index.php\/product\/allegrini-havonactive\/\"]}]},{\"@type\":\"ImageObject\",\"inLanguage\":\"en-US\",\"@id\":\"https:\/\/italpackalbania.com\/index.php\/product\/allegrini-havonactive\/#primaryimage\",\"url\":\"https:\/\/italpackalbania.com\/wp-content\/uploads\/2026\/02\/detergjente-pastrimi.png\",\"contentUrl\":\"https:\/\/italpackalbania.com\/wp-content\/uploads\/2026\/02\/detergjente-pastrimi.png\",\"width\":600,\"height\":600},{\"@type\":\"BreadcrumbList\",\"@id\":\"https:\/\/italpackalbania.com\/index.php\/product\/allegrini-havonactive\/#breadcrumb\",\"itemListElement\":[{\"@type\":\"ListItem\",\"position\":1,\"name\":\"Home\",\"item\":\"https:\/\/italpackalbania.com\/\"},{\"@type\":\"ListItem\",\"position\":2,\"name\":\"Products\",\"item\":\"https:\/\/italpackalbania.com\/index.php\/shop\/\"},{\"@type\":\"ListItem\",\"position\":3,\"name\":\"Allegrini havonACTIVE\"}]},{\"@type\":\"WebSite\",\"@id\":\"https:\/\/italpackalbania.com\/#website\",\"url\":\"https:\/\/italpackalbania.com\/\",\"name\":\"Italpack Albania\",\"description\":\"Aksesor\u00eb p\u00ebr hoteleri, detergjent\u00eb p\u00ebr sht\u00ebpi, hoteleri, restorante, paketime p\u00ebr delivery, ambalazhime p\u00ebr biznese\",\"publisher\":{\"@id\":\"https:\/\/italpackalbania.com\/#organization\"},\"potentialAction\":[{\"@type\":\"SearchAction\",\"target\":{\"@type\":\"EntryPoint\",\"urlTemplate\":\"https:\/\/italpackalbania.com\/?s={search_term_string}\"},\"query-input\":{\"@type\":\"PropertyValueSpecification\",\"valueRequired\":true,\"valueName\":\"search_term_string\"}}],\"inLanguage\":\"en-US\"},{\"@type\":\"Organization\",\"@id\":\"https:\/\/italpackalbania.com\/#organization\",\"name\":\"ItalPack Albania\",\"url\":\"https:\/\/italpackalbania.com\/\",\"logo\":{\"@type\":\"ImageObject\",\"inLanguage\":\"en-US\",\"@id\":\"https:\/\/italpackalbania.com\/#\/schema\/logo\/image\/\",\"url\":\"https:\/\/italpackalbania.com\/wp-content\/uploads\/2025\/12\/cropped-italpack-logo.png\",\"contentUrl\":\"https:\/\/italpackalbania.com\/wp-content\/uploads\/2025\/12\/cropped-italpack-logo.png\",\"width\":512,\"height\":512,\"caption\":\"ItalPack Albania\"},\"image\":{\"@id\":\"https:\/\/italpackalbania.com\/#\/schema\/logo\/image\/\"},\"sameAs\":[\"https:\/\/www.facebook.com\/italpack.albania.37\/\",\"https:\/\/www.instagram.com\/italpackalbania\/\"]}]}<\/script>\n<!-- \/ Yoast SEO plugin. -->","yoast_head_json":{"title":"Allegrini havonACTIVE - Italpack Albania","description":"Zbuloni gam\u00ebn ton\u00eb t\u00eb plot\u00eb t\u00eb produkteve p\u00ebr hotele dhe biznese: amenities premium, detergjente profesionale dhe paketime","robots":{"index":"index","follow":"follow","max-snippet":"max-snippet:-1","max-image-preview":"max-image-preview:large","max-video-preview":"max-video-preview:-1"},"canonical":"https:\/\/italpackalbania.com\/index.php\/product\/allegrini-havonactive\/","og_locale":"en_US","og_type":"article","og_title":"Allegrini havonACTIVE - Italpack Albania","og_description":"Zbuloni gam\u00ebn ton\u00eb t\u00eb plot\u00eb t\u00eb produkteve p\u00ebr hotele dhe biznese: amenities premium, detergjente profesionale dhe paketime","og_url":"https:\/\/italpackalbania.com\/index.php\/product\/allegrini-havonactive\/","og_site_name":"Italpack Albania","article_publisher":"https:\/\/www.facebook.com\/italpack.albania.37\/","article_modified_time":"2026-02-26T09:48:30+00:00","og_image":[{"width":600,"height":600,"url":"https:\/\/italpackalbania.com\/wp-content\/uploads\/2026\/02\/detergjente-pastrimi.png","type":"image\/png"}],"twitter_card":"summary_large_image","twitter_misc":{"Est. reading time":"1 minute"},"schema":{"@context":"https:\/\/schema.org","@graph":[{"@type":"WebPage","@id":"https:\/\/italpackalbania.com\/index.php\/product\/allegrini-havonactive\/","url":"https:\/\/italpackalbania.com\/index.php\/product\/allegrini-havonactive\/","name":"Allegrini havonACTIVE - Italpack Albania","isPartOf":{"@id":"https:\/\/italpackalbania.com\/#website"},"primaryImageOfPage":{"@id":"https:\/\/italpackalbania.com\/index.php\/product\/allegrini-havonactive\/#primaryimage"},"image":{"@id":"https:\/\/italpackalbania.com\/index.php\/product\/allegrini-havonactive\/#primaryimage"},"thumbnailUrl":"https:\/\/italpackalbania.com\/wp-content\/uploads\/2026\/02\/detergjente-pastrimi.png","datePublished":"2026-02-26T09:09:49+00:00","dateModified":"2026-02-26T09:48:30+00:00","description":"Zbuloni gam\u00ebn ton\u00eb t\u00eb plot\u00eb t\u00eb produkteve p\u00ebr hotele dhe biznese: amenities premium, detergjente profesionale dhe paketime","breadcrumb":{"@id":"https:\/\/italpackalbania.com\/index.php\/product\/allegrini-havonactive\/#breadcrumb"},"inLanguage":"en-US","potentialAction":[{"@type":"ReadAction","target":["https:\/\/italpackalbania.com\/index.php\/product\/allegrini-havonactive\/"]}]},{"@type":"ImageObject","inLanguage":"en-US","@id":"https:\/\/italpackalbania.com\/index.php\/product\/allegrini-havonactive\/#primaryimage","url":"https:\/\/italpackalbania.com\/wp-content\/uploads\/2026\/02\/detergjente-pastrimi.png","contentUrl":"https:\/\/italpackalbania.com\/wp-content\/uploads\/2026\/02\/detergjente-pastrimi.png","width":600,"height":600},{"@type":"BreadcrumbList","@id":"https:\/\/italpackalbania.com\/index.php\/product\/allegrini-havonactive\/#breadcrumb","itemListElement":[{"@type":"ListItem","position":1,"name":"Home","item":"https:\/\/italpackalbania.com\/"},{"@type":"ListItem","position":2,"name":"Products","item":"https:\/\/italpackalbania.com\/index.php\/shop\/"},{"@type":"ListItem","position":3,"name":"Allegrini havonACTIVE"}]},{"@type":"WebSite","@id":"https:\/\/italpackalbania.com\/#website","url":"https:\/\/italpackalbania.com\/","name":"Italpack Albania","description":"Aksesor\u00eb p\u00ebr hoteleri, detergjent\u00eb p\u00ebr sht\u00ebpi, hoteleri, restorante, paketime p\u00ebr delivery, ambalazhime p\u00ebr biznese","publisher":{"@id":"https:\/\/italpackalbania.com\/#organization"},"potentialAction":[{"@type":"SearchAction","target":{"@type":"EntryPoint","urlTemplate":"https:\/\/italpackalbania.com\/?s={search_term_string}"},"query-input":{"@type":"PropertyValueSpecification","valueRequired":true,"valueName":"search_term_string"}}],"inLanguage":"en-US"},{"@type":"Organization","@id":"https:\/\/italpackalbania.com\/#organization","name":"ItalPack Albania","url":"https:\/\/italpackalbania.com\/","logo":{"@type":"ImageObject","inLanguage":"en-US","@id":"https:\/\/italpackalbania.com\/#\/schema\/logo\/image\/","url":"https:\/\/italpackalbania.com\/wp-content\/uploads\/2025\/12\/cropped-italpack-logo.png","contentUrl":"https:\/\/italpackalbania.com\/wp-content\/uploads\/2025\/12\/cropped-italpack-logo.png","width":512,"height":512,"caption":"ItalPack Albania"},"image":{"@id":"https:\/\/italpackalbania.com\/#\/schema\/logo\/image\/"},"sameAs":["https:\/\/www.facebook.com\/italpack.albania.37\/","https:\/\/www.instagram.com\/italpackalbania\/"]}]}},"_links":{"self":[{"href":"https:\/\/italpackalbania.com\/index.php\/wp-json\/wp\/v2\/product\/1552","targetHints":{"allow":["GET"]}}],"collection":[{"href":"https:\/\/italpackalbania.com\/index.php\/wp-json\/wp\/v2\/product"}],"about":[{"href":"https:\/\/italpackalbania.com\/index.php\/wp-json\/wp\/v2\/types\/product"}],"wp:featuredmedia":[{"embeddable":true,"href":"https:\/\/italpackalbania.com\/index.php\/wp-json\/wp\/v2\/media\/1340"}],"wp:attachment":[{"href":"https:\/\/italpackalbania.com\/index.php\/wp-json\/wp\/v2\/media?parent=1552"}],"wp:term":[{"taxonomy":"product_brand","embeddable":true,"href":"https:\/\/italpackalbania.com\/index.php\/wp-json\/wp\/v2\/product_brand?post=1552"},{"taxonomy":"product_cat","embeddable":true,"href":"https:\/\/italpackalbania.com\/index.php\/wp-json\/wp\/v2\/product_cat?post=1552"},{"taxonomy":"product_tag","embeddable":true,"href":"https:\/\/italpackalbania.com\/index.php\/wp-json\/wp\/v2\/product_tag?post=1552"}],"curies":[{"name":"wp","href":"https:\/\/api.w.org\/{rel}","templated":true}]}}