{"id":1592,"date":"2026-03-17T13:20:21","date_gmt":"2026-03-17T13:20:21","guid":{"rendered":"https:\/\/italpackalbania.com\/?post_type=product&#038;p=1592"},"modified":"2026-03-17T13:37:34","modified_gmt":"2026-03-17T13:37:34","slug":"sydex-detergente-multiuso-2","status":"publish","type":"product","link":"https:\/\/italpackalbania.com\/index.php\/product\/sydex-detergente-multiuso-2\/","title":{"rendered":"Sydex DETERGENTE MULTIUSO"},"content":{"rendered":"<p data-start=\"117\" data-end=\"460\">750 ml<\/p>\n<p data-start=\"0\" data-end=\"327\">Detergjent multiuso i p\u00ebrshtatsh\u00ebm p\u00ebr pastrimin e p\u00ebrditsh\u00ebm t\u00eb \u00e7do sip\u00ebrfaqeje, duke garantuar higjien\u00eb maksimale, freski dhe nj\u00eb arom\u00eb t\u00eb k\u00ebndshme q\u00eb zgjat gjat\u00eb gjith\u00eb dit\u00ebs. Formula e tij e avancuar largon papast\u00ebrtit\u00eb, yndyrnat dhe njollat pa d\u00ebmtuar sip\u00ebrfaqet, duke e b\u00ebr\u00eb ideal p\u00ebr p\u00ebrdorim t\u00eb shpesht\u00eb n\u00eb \u00e7do ambient.<\/p>\n<p data-start=\"329\" data-end=\"353\"><strong data-start=\"329\" data-end=\"353\">Mund t\u00eb p\u00ebrdoret n\u00eb:<\/strong><\/p>\n<ul data-start=\"355\" data-end=\"502\">\n<li data-section-id=\"1m27dvn\" data-start=\"355\" data-end=\"384\">\n<p data-start=\"357\" data-end=\"384\">Kuzhina dhe tavolina pune<\/p>\n<\/li>\n<li data-section-id=\"1t0xm0h\" data-start=\"385\" data-end=\"406\">\n<p data-start=\"387\" data-end=\"406\">Tualete dhe banjo<\/p>\n<\/li>\n<li data-section-id=\"bna70d\" data-start=\"407\" data-end=\"437\">\n<p data-start=\"409\" data-end=\"437\">Pllaka, parket dhe laminat<\/p>\n<\/li>\n<li data-section-id=\"1uyd784\" data-start=\"438\" data-end=\"459\">\n<p data-start=\"440\" data-end=\"459\">Pajisje sht\u00ebpiake<\/p>\n<\/li>\n<li data-section-id=\"1ls0w9f\" data-start=\"460\" data-end=\"502\">\n<p data-start=\"462\" data-end=\"502\">Sip\u00ebrfaqe plastike, metalike dhe xhami<\/p>\n<\/li>\n<\/ul>\n<p data-start=\"573\" data-end=\"597\"><strong data-start=\"573\" data-end=\"597\">P\u00ebrfitimet kryesore:<\/strong><\/p>\n<ul data-start=\"599\" data-end=\"849\">\n<li data-section-id=\"60s8gm\" data-start=\"599\" data-end=\"661\">\n<p data-start=\"601\" data-end=\"661\">Pastrim i fuqish\u00ebm dhe i sigurt p\u00ebr p\u00ebrdorim t\u00eb p\u00ebrditsh\u00ebm<\/p>\n<\/li>\n<li data-section-id=\"1ypfyr0\" data-start=\"662\" data-end=\"701\">\n<p data-start=\"664\" data-end=\"701\">Heq njollat dhe yndyrnat me leht\u00ebsi<\/p>\n<\/li>\n<li data-section-id=\"5q42pl\" data-start=\"702\" data-end=\"737\">\n<p data-start=\"704\" data-end=\"737\">Neutralizon er\u00ebrat e pak\u00ebndshme<\/p>\n<\/li>\n<li data-section-id=\"160hnks\" data-start=\"738\" data-end=\"781\">\n<p data-start=\"740\" data-end=\"781\">L\u00eb nj\u00eb arom\u00eb t\u00eb fresk\u00ebt dhe t\u00eb k\u00ebndshme<\/p>\n<\/li>\n<li data-section-id=\"140vcsj\" data-start=\"782\" data-end=\"849\">\n<p data-start=\"784\" data-end=\"849\">I p\u00ebrshtatsh\u00ebm p\u00ebr p\u00ebrdorim n\u00eb sht\u00ebpi dhe ambiente profesionale<\/p>\n<\/li>\n<\/ul>\n<p data-start=\"851\" data-end=\"870\"><strong data-start=\"851\" data-end=\"870\">Si t\u00eb p\u00ebrdoret:<\/strong><\/p>\n<p data-start=\"872\" data-end=\"1107\">Aplikojeni direkt mbi sip\u00ebrfaqe ose hollojeni n\u00eb uj\u00eb, n\u00eb var\u00ebsi t\u00eb nivelit t\u00eb papast\u00ebrtis\u00eb. Fshijeni me leck\u00eb, sfungjer ose mop dhe l\u00ebreni t\u00eb veproj\u00eb p\u00ebr disa minuta p\u00ebr rezultate m\u00eb t\u00eb mira. N\u00eb shumic\u00ebn e rasteve nuk k\u00ebrkon shp\u00eblarje.<\/p>\n","protected":false},"excerpt":{"rendered":"<p>750 ml Detergjent multiuso i p\u00ebrshtatsh\u00ebm p\u00ebr pastrimin e p\u00ebrditsh\u00ebm t\u00eb \u00e7do sip\u00ebrfaqeje, duke garantuar higjien\u00eb maksimale, freski dhe nj\u00eb arom\u00eb t\u00eb k\u00ebndshme q\u00eb zgjat gjat\u00eb gjith\u00eb dit\u00ebs. Formula e tij e avancuar largon papast\u00ebrtit\u00eb, yndyrnat dhe njollat pa d\u00ebmtuar sip\u00ebrfaqet, duke e b\u00ebr\u00eb ideal p\u00ebr p\u00ebrdorim t\u00eb shpesht\u00eb n\u00eb \u00e7do ambient. Mund t\u00eb p\u00ebrdoret&hellip;<\/p>\n","protected":false},"featured_media":1349,"template":"","meta":[],"product_brand":[],"product_cat":[15],"product_tag":[101,41],"class_list":{"0":"post-1592","1":"product","2":"type-product","3":"status-publish","4":"has-post-thumbnail","6":"product_cat-uncategorized","7":"product_tag-detergjent-tualeti","8":"product_tag-detergjente-pastrimi","9":"description-off","11":"first","12":"instock","13":"shipping-taxable","14":"purchasable","15":"product-type-simple"},"yoast_head":"<!-- This site is optimized with the Yoast SEO plugin v26.7 - https:\/\/yoast.com\/wordpress\/plugins\/seo\/ -->\n<title>Sydex DETERGENTE MULTIUSO - Italpack Albania<\/title>\n<meta name=\"description\" content=\"Zbuloni gam\u00ebn ton\u00eb t\u00eb plot\u00eb t\u00eb produkteve p\u00ebr hotele dhe biznese: amenities premium, detergjente profesionale dhe paketime\" \/>\n<meta name=\"robots\" content=\"index, follow, max-snippet:-1, max-image-preview:large, max-video-preview:-1\" \/>\n<link rel=\"canonical\" href=\"https:\/\/italpackalbania.com\/index.php\/product\/sydex-detergente-multiuso-2\/\" \/>\n<meta property=\"og:locale\" content=\"en_US\" \/>\n<meta property=\"og:type\" content=\"article\" \/>\n<meta property=\"og:title\" content=\"Sydex DETERGENTE MULTIUSO - Italpack Albania\" \/>\n<meta property=\"og:description\" content=\"Zbuloni gam\u00ebn ton\u00eb t\u00eb plot\u00eb t\u00eb produkteve p\u00ebr hotele dhe biznese: amenities premium, detergjente profesionale dhe paketime\" \/>\n<meta property=\"og:url\" content=\"https:\/\/italpackalbania.com\/index.php\/product\/sydex-detergente-multiuso-2\/\" \/>\n<meta property=\"og:site_name\" content=\"Italpack Albania\" \/>\n<meta property=\"article:publisher\" content=\"https:\/\/www.facebook.com\/italpack.albania.37\/\" \/>\n<meta property=\"article:modified_time\" content=\"2026-03-17T13:37:34+00:00\" \/>\n<meta property=\"og:image\" content=\"https:\/\/italpackalbania.com\/wp-content\/uploads\/2026\/02\/detergjente-omega.png\" \/>\n\t<meta property=\"og:image:width\" content=\"500\" \/>\n\t<meta property=\"og:image:height\" content=\"500\" \/>\n\t<meta property=\"og:image:type\" content=\"image\/png\" \/>\n<meta name=\"twitter:card\" content=\"summary_large_image\" \/>\n<meta name=\"twitter:label1\" content=\"Est. reading time\" \/>\n\t<meta name=\"twitter:data1\" content=\"1 minute\" \/>\n<script type=\"application\/ld+json\" class=\"yoast-schema-graph\">{\"@context\":\"https:\/\/schema.org\",\"@graph\":[{\"@type\":\"WebPage\",\"@id\":\"https:\/\/italpackalbania.com\/index.php\/product\/sydex-detergente-multiuso-2\/\",\"url\":\"https:\/\/italpackalbania.com\/index.php\/product\/sydex-detergente-multiuso-2\/\",\"name\":\"Sydex DETERGENTE MULTIUSO - Italpack Albania\",\"isPartOf\":{\"@id\":\"https:\/\/italpackalbania.com\/#website\"},\"primaryImageOfPage\":{\"@id\":\"https:\/\/italpackalbania.com\/index.php\/product\/sydex-detergente-multiuso-2\/#primaryimage\"},\"image\":{\"@id\":\"https:\/\/italpackalbania.com\/index.php\/product\/sydex-detergente-multiuso-2\/#primaryimage\"},\"thumbnailUrl\":\"https:\/\/italpackalbania.com\/wp-content\/uploads\/2026\/02\/detergjente-omega.png\",\"datePublished\":\"2026-03-17T13:20:21+00:00\",\"dateModified\":\"2026-03-17T13:37:34+00:00\",\"description\":\"Zbuloni gam\u00ebn ton\u00eb t\u00eb plot\u00eb t\u00eb produkteve p\u00ebr hotele dhe biznese: amenities premium, detergjente profesionale dhe paketime\",\"breadcrumb\":{\"@id\":\"https:\/\/italpackalbania.com\/index.php\/product\/sydex-detergente-multiuso-2\/#breadcrumb\"},\"inLanguage\":\"en-US\",\"potentialAction\":[{\"@type\":\"ReadAction\",\"target\":[\"https:\/\/italpackalbania.com\/index.php\/product\/sydex-detergente-multiuso-2\/\"]}]},{\"@type\":\"ImageObject\",\"inLanguage\":\"en-US\",\"@id\":\"https:\/\/italpackalbania.com\/index.php\/product\/sydex-detergente-multiuso-2\/#primaryimage\",\"url\":\"https:\/\/italpackalbania.com\/wp-content\/uploads\/2026\/02\/detergjente-omega.png\",\"contentUrl\":\"https:\/\/italpackalbania.com\/wp-content\/uploads\/2026\/02\/detergjente-omega.png\",\"width\":500,\"height\":500},{\"@type\":\"BreadcrumbList\",\"@id\":\"https:\/\/italpackalbania.com\/index.php\/product\/sydex-detergente-multiuso-2\/#breadcrumb\",\"itemListElement\":[{\"@type\":\"ListItem\",\"position\":1,\"name\":\"Home\",\"item\":\"https:\/\/italpackalbania.com\/\"},{\"@type\":\"ListItem\",\"position\":2,\"name\":\"Products\",\"item\":\"https:\/\/italpackalbania.com\/index.php\/shop\/\"},{\"@type\":\"ListItem\",\"position\":3,\"name\":\"Sydex DETERGENTE MULTIUSO\"}]},{\"@type\":\"WebSite\",\"@id\":\"https:\/\/italpackalbania.com\/#website\",\"url\":\"https:\/\/italpackalbania.com\/\",\"name\":\"Italpack Albania\",\"description\":\"Aksesor\u00eb p\u00ebr hoteleri, detergjent\u00eb p\u00ebr sht\u00ebpi, hoteleri, restorante, paketime p\u00ebr delivery, ambalazhime p\u00ebr biznese\",\"publisher\":{\"@id\":\"https:\/\/italpackalbania.com\/#organization\"},\"potentialAction\":[{\"@type\":\"SearchAction\",\"target\":{\"@type\":\"EntryPoint\",\"urlTemplate\":\"https:\/\/italpackalbania.com\/?s={search_term_string}\"},\"query-input\":{\"@type\":\"PropertyValueSpecification\",\"valueRequired\":true,\"valueName\":\"search_term_string\"}}],\"inLanguage\":\"en-US\"},{\"@type\":\"Organization\",\"@id\":\"https:\/\/italpackalbania.com\/#organization\",\"name\":\"ItalPack Albania\",\"url\":\"https:\/\/italpackalbania.com\/\",\"logo\":{\"@type\":\"ImageObject\",\"inLanguage\":\"en-US\",\"@id\":\"https:\/\/italpackalbania.com\/#\/schema\/logo\/image\/\",\"url\":\"https:\/\/italpackalbania.com\/wp-content\/uploads\/2025\/12\/cropped-italpack-logo.png\",\"contentUrl\":\"https:\/\/italpackalbania.com\/wp-content\/uploads\/2025\/12\/cropped-italpack-logo.png\",\"width\":512,\"height\":512,\"caption\":\"ItalPack Albania\"},\"image\":{\"@id\":\"https:\/\/italpackalbania.com\/#\/schema\/logo\/image\/\"},\"sameAs\":[\"https:\/\/www.facebook.com\/italpack.albania.37\/\",\"https:\/\/www.instagram.com\/italpackalbania\/\"]}]}<\/script>\n<!-- \/ Yoast SEO plugin. -->","yoast_head_json":{"title":"Sydex DETERGENTE MULTIUSO - Italpack Albania","description":"Zbuloni gam\u00ebn ton\u00eb t\u00eb plot\u00eb t\u00eb produkteve p\u00ebr hotele dhe biznese: amenities premium, detergjente profesionale dhe paketime","robots":{"index":"index","follow":"follow","max-snippet":"max-snippet:-1","max-image-preview":"max-image-preview:large","max-video-preview":"max-video-preview:-1"},"canonical":"https:\/\/italpackalbania.com\/index.php\/product\/sydex-detergente-multiuso-2\/","og_locale":"en_US","og_type":"article","og_title":"Sydex DETERGENTE MULTIUSO - Italpack Albania","og_description":"Zbuloni gam\u00ebn ton\u00eb t\u00eb plot\u00eb t\u00eb produkteve p\u00ebr hotele dhe biznese: amenities premium, detergjente profesionale dhe paketime","og_url":"https:\/\/italpackalbania.com\/index.php\/product\/sydex-detergente-multiuso-2\/","og_site_name":"Italpack Albania","article_publisher":"https:\/\/www.facebook.com\/italpack.albania.37\/","article_modified_time":"2026-03-17T13:37:34+00:00","og_image":[{"width":500,"height":500,"url":"https:\/\/italpackalbania.com\/wp-content\/uploads\/2026\/02\/detergjente-omega.png","type":"image\/png"}],"twitter_card":"summary_large_image","twitter_misc":{"Est. reading time":"1 minute"},"schema":{"@context":"https:\/\/schema.org","@graph":[{"@type":"WebPage","@id":"https:\/\/italpackalbania.com\/index.php\/product\/sydex-detergente-multiuso-2\/","url":"https:\/\/italpackalbania.com\/index.php\/product\/sydex-detergente-multiuso-2\/","name":"Sydex DETERGENTE MULTIUSO - Italpack Albania","isPartOf":{"@id":"https:\/\/italpackalbania.com\/#website"},"primaryImageOfPage":{"@id":"https:\/\/italpackalbania.com\/index.php\/product\/sydex-detergente-multiuso-2\/#primaryimage"},"image":{"@id":"https:\/\/italpackalbania.com\/index.php\/product\/sydex-detergente-multiuso-2\/#primaryimage"},"thumbnailUrl":"https:\/\/italpackalbania.com\/wp-content\/uploads\/2026\/02\/detergjente-omega.png","datePublished":"2026-03-17T13:20:21+00:00","dateModified":"2026-03-17T13:37:34+00:00","description":"Zbuloni gam\u00ebn ton\u00eb t\u00eb plot\u00eb t\u00eb produkteve p\u00ebr hotele dhe biznese: amenities premium, detergjente profesionale dhe paketime","breadcrumb":{"@id":"https:\/\/italpackalbania.com\/index.php\/product\/sydex-detergente-multiuso-2\/#breadcrumb"},"inLanguage":"en-US","potentialAction":[{"@type":"ReadAction","target":["https:\/\/italpackalbania.com\/index.php\/product\/sydex-detergente-multiuso-2\/"]}]},{"@type":"ImageObject","inLanguage":"en-US","@id":"https:\/\/italpackalbania.com\/index.php\/product\/sydex-detergente-multiuso-2\/#primaryimage","url":"https:\/\/italpackalbania.com\/wp-content\/uploads\/2026\/02\/detergjente-omega.png","contentUrl":"https:\/\/italpackalbania.com\/wp-content\/uploads\/2026\/02\/detergjente-omega.png","width":500,"height":500},{"@type":"BreadcrumbList","@id":"https:\/\/italpackalbania.com\/index.php\/product\/sydex-detergente-multiuso-2\/#breadcrumb","itemListElement":[{"@type":"ListItem","position":1,"name":"Home","item":"https:\/\/italpackalbania.com\/"},{"@type":"ListItem","position":2,"name":"Products","item":"https:\/\/italpackalbania.com\/index.php\/shop\/"},{"@type":"ListItem","position":3,"name":"Sydex DETERGENTE MULTIUSO"}]},{"@type":"WebSite","@id":"https:\/\/italpackalbania.com\/#website","url":"https:\/\/italpackalbania.com\/","name":"Italpack Albania","description":"Aksesor\u00eb p\u00ebr hoteleri, detergjent\u00eb p\u00ebr sht\u00ebpi, hoteleri, restorante, paketime p\u00ebr delivery, ambalazhime p\u00ebr biznese","publisher":{"@id":"https:\/\/italpackalbania.com\/#organization"},"potentialAction":[{"@type":"SearchAction","target":{"@type":"EntryPoint","urlTemplate":"https:\/\/italpackalbania.com\/?s={search_term_string}"},"query-input":{"@type":"PropertyValueSpecification","valueRequired":true,"valueName":"search_term_string"}}],"inLanguage":"en-US"},{"@type":"Organization","@id":"https:\/\/italpackalbania.com\/#organization","name":"ItalPack Albania","url":"https:\/\/italpackalbania.com\/","logo":{"@type":"ImageObject","inLanguage":"en-US","@id":"https:\/\/italpackalbania.com\/#\/schema\/logo\/image\/","url":"https:\/\/italpackalbania.com\/wp-content\/uploads\/2025\/12\/cropped-italpack-logo.png","contentUrl":"https:\/\/italpackalbania.com\/wp-content\/uploads\/2025\/12\/cropped-italpack-logo.png","width":512,"height":512,"caption":"ItalPack Albania"},"image":{"@id":"https:\/\/italpackalbania.com\/#\/schema\/logo\/image\/"},"sameAs":["https:\/\/www.facebook.com\/italpack.albania.37\/","https:\/\/www.instagram.com\/italpackalbania\/"]}]}},"_links":{"self":[{"href":"https:\/\/italpackalbania.com\/index.php\/wp-json\/wp\/v2\/product\/1592","targetHints":{"allow":["GET"]}}],"collection":[{"href":"https:\/\/italpackalbania.com\/index.php\/wp-json\/wp\/v2\/product"}],"about":[{"href":"https:\/\/italpackalbania.com\/index.php\/wp-json\/wp\/v2\/types\/product"}],"wp:featuredmedia":[{"embeddable":true,"href":"https:\/\/italpackalbania.com\/index.php\/wp-json\/wp\/v2\/media\/1349"}],"wp:attachment":[{"href":"https:\/\/italpackalbania.com\/index.php\/wp-json\/wp\/v2\/media?parent=1592"}],"wp:term":[{"taxonomy":"product_brand","embeddable":true,"href":"https:\/\/italpackalbania.com\/index.php\/wp-json\/wp\/v2\/product_brand?post=1592"},{"taxonomy":"product_cat","embeddable":true,"href":"https:\/\/italpackalbania.com\/index.php\/wp-json\/wp\/v2\/product_cat?post=1592"},{"taxonomy":"product_tag","embeddable":true,"href":"https:\/\/italpackalbania.com\/index.php\/wp-json\/wp\/v2\/product_tag?post=1592"}],"curies":[{"name":"wp","href":"https:\/\/api.w.org\/{rel}","templated":true}]}}