{"id":1600,"date":"2026-03-17T14:37:40","date_gmt":"2026-03-17T14:37:40","guid":{"rendered":"https:\/\/italpackalbania.com\/?post_type=product&#038;p=1600"},"modified":"2026-03-17T14:38:42","modified_gmt":"2026-03-17T14:38:42","slug":"allegrini-sensational-fresh-frutti","status":"publish","type":"product","link":"https:\/\/italpackalbania.com\/index.php\/product\/allegrini-sensational-fresh-frutti\/","title":{"rendered":"Allegrini SENSATIONAL FRESH FRUTTI"},"content":{"rendered":"<p data-start=\"0\" data-end=\"235\">750 ML<\/p>\n<p data-start=\"0\" data-end=\"235\">Detergjent aromatik profesional p\u00ebr pastrim t\u00eb p\u00ebrditsh\u00ebm, me arom\u00eb t\u00eb k\u00ebndshme frutash t\u00eb kuqe q\u00eb zgjat gjat\u00eb dhe freskon ambientin. Pastron n\u00eb m\u00ebnyr\u00eb efektive sip\u00ebrfaqet duke l\u00ebn\u00eb nj\u00eb ndjesi past\u00ebrtie dhe freskie n\u00eb \u00e7do hap\u00ebsir\u00eb.<\/p>\n<p data-start=\"237\" data-end=\"261\"><strong data-start=\"237\" data-end=\"261\">Mund t\u00eb p\u00ebrdoret n\u00eb:<\/strong><\/p>\n<ul data-start=\"263\" data-end=\"363\">\n<li data-section-id=\"xth4tt\" data-start=\"263\" data-end=\"285\">\n<p data-start=\"265\" data-end=\"285\">Dysheme dhe pllaka<\/p>\n<\/li>\n<li data-section-id=\"zkjkut\" data-start=\"286\" data-end=\"318\">\n<p data-start=\"288\" data-end=\"318\">Ambiente banjoje dhe kuzhine<\/p>\n<\/li>\n<li data-section-id=\"ygrc1w\" data-start=\"319\" data-end=\"363\">\n<p data-start=\"321\" data-end=\"363\">Sip\u00ebrfaqe t\u00eb ndryshme n\u00eb sht\u00ebpi dhe zyra<\/p>\n<\/li>\n<\/ul>\n<p data-start=\"365\" data-end=\"422\"><strong data-start=\"365\" data-end=\"422\">Siguron past\u00ebrti dhe arom\u00eb t\u00eb q\u00ebndrueshme n\u00eb ambient.<\/strong><\/p>\n<p data-start=\"424\" data-end=\"448\"><strong data-start=\"424\" data-end=\"448\">P\u00ebrfitimet kryesore:<\/strong><\/p>\n<ul data-start=\"450\" data-end=\"665\">\n<li data-section-id=\"1ulyb1g\" data-start=\"450\" data-end=\"493\">\n<p data-start=\"452\" data-end=\"493\">Arom\u00eb e fresk\u00ebt \u201cfrutti rossi\u201d q\u00eb zgjat<\/p>\n<\/li>\n<li data-section-id=\"167asht\" data-start=\"494\" data-end=\"540\">\n<p data-start=\"496\" data-end=\"540\">Pastrim efektiv p\u00ebr p\u00ebrdorim t\u00eb p\u00ebrditsh\u00ebm<\/p>\n<\/li>\n<li data-section-id=\"5q42pl\" data-start=\"541\" data-end=\"576\">\n<p data-start=\"543\" data-end=\"576\">Neutralizon er\u00ebrat e pak\u00ebndshme<\/p>\n<\/li>\n<li data-section-id=\"1ogrkku\" data-start=\"577\" data-end=\"615\">\n<p data-start=\"579\" data-end=\"615\">I p\u00ebrshtatsh\u00ebm p\u00ebr shum\u00eb sip\u00ebrfaqe<\/p>\n<\/li>\n<li data-section-id=\"15m598f\" data-start=\"616\" data-end=\"665\">\n<p data-start=\"618\" data-end=\"665\">Ideal p\u00ebr ambiente sht\u00ebpiake dhe profesionale<\/p>\n<\/li>\n<\/ul>\n<p data-start=\"667\" data-end=\"686\"><strong data-start=\"667\" data-end=\"686\">Si t\u00eb p\u00ebrdoret:<\/strong><\/p>\n<p data-start=\"688\" data-end=\"778\">Hollojeni n\u00eb uj\u00eb dhe aplikojeni me mop ose leck\u00eb. Nuk k\u00ebrkon shp\u00eblarje n\u00eb p\u00ebrdorim normal.<\/p>\n","protected":false},"excerpt":{"rendered":"<p>750 ML Detergjent aromatik profesional p\u00ebr pastrim t\u00eb p\u00ebrditsh\u00ebm, me arom\u00eb t\u00eb k\u00ebndshme frutash t\u00eb kuqe q\u00eb zgjat gjat\u00eb dhe freskon ambientin. Pastron n\u00eb m\u00ebnyr\u00eb efektive sip\u00ebrfaqet duke l\u00ebn\u00eb nj\u00eb ndjesi past\u00ebrtie dhe freskie n\u00eb \u00e7do hap\u00ebsir\u00eb. Mund t\u00eb p\u00ebrdoret n\u00eb: Dysheme dhe pllaka Ambiente banjoje dhe kuzhine Sip\u00ebrfaqe t\u00eb ndryshme n\u00eb sht\u00ebpi dhe zyra&hellip;<\/p>\n","protected":false},"featured_media":1404,"template":"","meta":[],"product_brand":[],"product_cat":[15],"product_tag":[37],"class_list":{"0":"post-1600","1":"product","2":"type-product","3":"status-publish","4":"has-post-thumbnail","6":"product_cat-uncategorized","7":"product_tag-aromatik-ambjenti","8":"description-off","10":"first","11":"instock","12":"shipping-taxable","13":"purchasable","14":"product-type-simple"},"yoast_head":"<!-- This site is optimized with the Yoast SEO plugin v26.7 - https:\/\/yoast.com\/wordpress\/plugins\/seo\/ -->\n<title>Allegrini SENSATIONAL FRESH FRUTTI - Italpack Albania<\/title>\n<meta name=\"description\" content=\"Zbuloni gam\u00ebn ton\u00eb t\u00eb plot\u00eb t\u00eb produkteve p\u00ebr hotele dhe biznese: amenities premium, detergjente profesionale dhe paketime\" \/>\n<meta name=\"robots\" content=\"index, follow, max-snippet:-1, max-image-preview:large, max-video-preview:-1\" \/>\n<link rel=\"canonical\" href=\"https:\/\/italpackalbania.com\/index.php\/product\/allegrini-sensational-fresh-frutti\/\" \/>\n<meta property=\"og:locale\" content=\"en_US\" \/>\n<meta property=\"og:type\" content=\"article\" \/>\n<meta property=\"og:title\" content=\"Allegrini SENSATIONAL FRESH FRUTTI - Italpack Albania\" \/>\n<meta property=\"og:description\" content=\"Zbuloni gam\u00ebn ton\u00eb t\u00eb plot\u00eb t\u00eb produkteve p\u00ebr hotele dhe biznese: amenities premium, detergjente profesionale dhe paketime\" \/>\n<meta property=\"og:url\" content=\"https:\/\/italpackalbania.com\/index.php\/product\/allegrini-sensational-fresh-frutti\/\" \/>\n<meta property=\"og:site_name\" content=\"Italpack Albania\" \/>\n<meta property=\"article:publisher\" content=\"https:\/\/www.facebook.com\/italpack.albania.37\/\" \/>\n<meta property=\"article:modified_time\" content=\"2026-03-17T14:38:42+00:00\" \/>\n<meta property=\"og:image\" content=\"https:\/\/italpackalbania.com\/wp-content\/uploads\/2026\/02\/detergjente-profesionale5-2.png\" \/>\n\t<meta property=\"og:image:width\" content=\"600\" \/>\n\t<meta property=\"og:image:height\" content=\"600\" \/>\n\t<meta property=\"og:image:type\" content=\"image\/png\" \/>\n<meta name=\"twitter:card\" content=\"summary_large_image\" \/>\n<meta name=\"twitter:label1\" content=\"Est. reading time\" \/>\n\t<meta name=\"twitter:data1\" content=\"1 minute\" \/>\n<script type=\"application\/ld+json\" class=\"yoast-schema-graph\">{\"@context\":\"https:\/\/schema.org\",\"@graph\":[{\"@type\":\"WebPage\",\"@id\":\"https:\/\/italpackalbania.com\/index.php\/product\/allegrini-sensational-fresh-frutti\/\",\"url\":\"https:\/\/italpackalbania.com\/index.php\/product\/allegrini-sensational-fresh-frutti\/\",\"name\":\"Allegrini SENSATIONAL FRESH FRUTTI - Italpack Albania\",\"isPartOf\":{\"@id\":\"https:\/\/italpackalbania.com\/#website\"},\"primaryImageOfPage\":{\"@id\":\"https:\/\/italpackalbania.com\/index.php\/product\/allegrini-sensational-fresh-frutti\/#primaryimage\"},\"image\":{\"@id\":\"https:\/\/italpackalbania.com\/index.php\/product\/allegrini-sensational-fresh-frutti\/#primaryimage\"},\"thumbnailUrl\":\"https:\/\/italpackalbania.com\/wp-content\/uploads\/2026\/02\/detergjente-profesionale5-2.png\",\"datePublished\":\"2026-03-17T14:37:40+00:00\",\"dateModified\":\"2026-03-17T14:38:42+00:00\",\"description\":\"Zbuloni gam\u00ebn ton\u00eb t\u00eb plot\u00eb t\u00eb produkteve p\u00ebr hotele dhe biznese: amenities premium, detergjente profesionale dhe paketime\",\"breadcrumb\":{\"@id\":\"https:\/\/italpackalbania.com\/index.php\/product\/allegrini-sensational-fresh-frutti\/#breadcrumb\"},\"inLanguage\":\"en-US\",\"potentialAction\":[{\"@type\":\"ReadAction\",\"target\":[\"https:\/\/italpackalbania.com\/index.php\/product\/allegrini-sensational-fresh-frutti\/\"]}]},{\"@type\":\"ImageObject\",\"inLanguage\":\"en-US\",\"@id\":\"https:\/\/italpackalbania.com\/index.php\/product\/allegrini-sensational-fresh-frutti\/#primaryimage\",\"url\":\"https:\/\/italpackalbania.com\/wp-content\/uploads\/2026\/02\/detergjente-profesionale5-2.png\",\"contentUrl\":\"https:\/\/italpackalbania.com\/wp-content\/uploads\/2026\/02\/detergjente-profesionale5-2.png\",\"width\":600,\"height\":600},{\"@type\":\"BreadcrumbList\",\"@id\":\"https:\/\/italpackalbania.com\/index.php\/product\/allegrini-sensational-fresh-frutti\/#breadcrumb\",\"itemListElement\":[{\"@type\":\"ListItem\",\"position\":1,\"name\":\"Home\",\"item\":\"https:\/\/italpackalbania.com\/\"},{\"@type\":\"ListItem\",\"position\":2,\"name\":\"Products\",\"item\":\"https:\/\/italpackalbania.com\/index.php\/shop\/\"},{\"@type\":\"ListItem\",\"position\":3,\"name\":\"Allegrini SENSATIONAL FRESH FRUTTI\"}]},{\"@type\":\"WebSite\",\"@id\":\"https:\/\/italpackalbania.com\/#website\",\"url\":\"https:\/\/italpackalbania.com\/\",\"name\":\"Italpack Albania\",\"description\":\"Aksesor\u00eb p\u00ebr hoteleri, detergjent\u00eb p\u00ebr sht\u00ebpi, hoteleri, restorante, paketime p\u00ebr delivery, ambalazhime p\u00ebr biznese\",\"publisher\":{\"@id\":\"https:\/\/italpackalbania.com\/#organization\"},\"potentialAction\":[{\"@type\":\"SearchAction\",\"target\":{\"@type\":\"EntryPoint\",\"urlTemplate\":\"https:\/\/italpackalbania.com\/?s={search_term_string}\"},\"query-input\":{\"@type\":\"PropertyValueSpecification\",\"valueRequired\":true,\"valueName\":\"search_term_string\"}}],\"inLanguage\":\"en-US\"},{\"@type\":\"Organization\",\"@id\":\"https:\/\/italpackalbania.com\/#organization\",\"name\":\"ItalPack Albania\",\"url\":\"https:\/\/italpackalbania.com\/\",\"logo\":{\"@type\":\"ImageObject\",\"inLanguage\":\"en-US\",\"@id\":\"https:\/\/italpackalbania.com\/#\/schema\/logo\/image\/\",\"url\":\"https:\/\/italpackalbania.com\/wp-content\/uploads\/2025\/12\/cropped-italpack-logo.png\",\"contentUrl\":\"https:\/\/italpackalbania.com\/wp-content\/uploads\/2025\/12\/cropped-italpack-logo.png\",\"width\":512,\"height\":512,\"caption\":\"ItalPack Albania\"},\"image\":{\"@id\":\"https:\/\/italpackalbania.com\/#\/schema\/logo\/image\/\"},\"sameAs\":[\"https:\/\/www.facebook.com\/italpack.albania.37\/\",\"https:\/\/www.instagram.com\/italpackalbania\/\"]}]}<\/script>\n<!-- \/ Yoast SEO plugin. -->","yoast_head_json":{"title":"Allegrini SENSATIONAL FRESH FRUTTI - Italpack Albania","description":"Zbuloni gam\u00ebn ton\u00eb t\u00eb plot\u00eb t\u00eb produkteve p\u00ebr hotele dhe biznese: amenities premium, detergjente profesionale dhe paketime","robots":{"index":"index","follow":"follow","max-snippet":"max-snippet:-1","max-image-preview":"max-image-preview:large","max-video-preview":"max-video-preview:-1"},"canonical":"https:\/\/italpackalbania.com\/index.php\/product\/allegrini-sensational-fresh-frutti\/","og_locale":"en_US","og_type":"article","og_title":"Allegrini SENSATIONAL FRESH FRUTTI - Italpack Albania","og_description":"Zbuloni gam\u00ebn ton\u00eb t\u00eb plot\u00eb t\u00eb produkteve p\u00ebr hotele dhe biznese: amenities premium, detergjente profesionale dhe paketime","og_url":"https:\/\/italpackalbania.com\/index.php\/product\/allegrini-sensational-fresh-frutti\/","og_site_name":"Italpack Albania","article_publisher":"https:\/\/www.facebook.com\/italpack.albania.37\/","article_modified_time":"2026-03-17T14:38:42+00:00","og_image":[{"width":600,"height":600,"url":"https:\/\/italpackalbania.com\/wp-content\/uploads\/2026\/02\/detergjente-profesionale5-2.png","type":"image\/png"}],"twitter_card":"summary_large_image","twitter_misc":{"Est. reading time":"1 minute"},"schema":{"@context":"https:\/\/schema.org","@graph":[{"@type":"WebPage","@id":"https:\/\/italpackalbania.com\/index.php\/product\/allegrini-sensational-fresh-frutti\/","url":"https:\/\/italpackalbania.com\/index.php\/product\/allegrini-sensational-fresh-frutti\/","name":"Allegrini SENSATIONAL FRESH FRUTTI - Italpack Albania","isPartOf":{"@id":"https:\/\/italpackalbania.com\/#website"},"primaryImageOfPage":{"@id":"https:\/\/italpackalbania.com\/index.php\/product\/allegrini-sensational-fresh-frutti\/#primaryimage"},"image":{"@id":"https:\/\/italpackalbania.com\/index.php\/product\/allegrini-sensational-fresh-frutti\/#primaryimage"},"thumbnailUrl":"https:\/\/italpackalbania.com\/wp-content\/uploads\/2026\/02\/detergjente-profesionale5-2.png","datePublished":"2026-03-17T14:37:40+00:00","dateModified":"2026-03-17T14:38:42+00:00","description":"Zbuloni gam\u00ebn ton\u00eb t\u00eb plot\u00eb t\u00eb produkteve p\u00ebr hotele dhe biznese: amenities premium, detergjente profesionale dhe paketime","breadcrumb":{"@id":"https:\/\/italpackalbania.com\/index.php\/product\/allegrini-sensational-fresh-frutti\/#breadcrumb"},"inLanguage":"en-US","potentialAction":[{"@type":"ReadAction","target":["https:\/\/italpackalbania.com\/index.php\/product\/allegrini-sensational-fresh-frutti\/"]}]},{"@type":"ImageObject","inLanguage":"en-US","@id":"https:\/\/italpackalbania.com\/index.php\/product\/allegrini-sensational-fresh-frutti\/#primaryimage","url":"https:\/\/italpackalbania.com\/wp-content\/uploads\/2026\/02\/detergjente-profesionale5-2.png","contentUrl":"https:\/\/italpackalbania.com\/wp-content\/uploads\/2026\/02\/detergjente-profesionale5-2.png","width":600,"height":600},{"@type":"BreadcrumbList","@id":"https:\/\/italpackalbania.com\/index.php\/product\/allegrini-sensational-fresh-frutti\/#breadcrumb","itemListElement":[{"@type":"ListItem","position":1,"name":"Home","item":"https:\/\/italpackalbania.com\/"},{"@type":"ListItem","position":2,"name":"Products","item":"https:\/\/italpackalbania.com\/index.php\/shop\/"},{"@type":"ListItem","position":3,"name":"Allegrini SENSATIONAL FRESH FRUTTI"}]},{"@type":"WebSite","@id":"https:\/\/italpackalbania.com\/#website","url":"https:\/\/italpackalbania.com\/","name":"Italpack Albania","description":"Aksesor\u00eb p\u00ebr hoteleri, detergjent\u00eb p\u00ebr sht\u00ebpi, hoteleri, restorante, paketime p\u00ebr delivery, ambalazhime p\u00ebr biznese","publisher":{"@id":"https:\/\/italpackalbania.com\/#organization"},"potentialAction":[{"@type":"SearchAction","target":{"@type":"EntryPoint","urlTemplate":"https:\/\/italpackalbania.com\/?s={search_term_string}"},"query-input":{"@type":"PropertyValueSpecification","valueRequired":true,"valueName":"search_term_string"}}],"inLanguage":"en-US"},{"@type":"Organization","@id":"https:\/\/italpackalbania.com\/#organization","name":"ItalPack Albania","url":"https:\/\/italpackalbania.com\/","logo":{"@type":"ImageObject","inLanguage":"en-US","@id":"https:\/\/italpackalbania.com\/#\/schema\/logo\/image\/","url":"https:\/\/italpackalbania.com\/wp-content\/uploads\/2025\/12\/cropped-italpack-logo.png","contentUrl":"https:\/\/italpackalbania.com\/wp-content\/uploads\/2025\/12\/cropped-italpack-logo.png","width":512,"height":512,"caption":"ItalPack Albania"},"image":{"@id":"https:\/\/italpackalbania.com\/#\/schema\/logo\/image\/"},"sameAs":["https:\/\/www.facebook.com\/italpack.albania.37\/","https:\/\/www.instagram.com\/italpackalbania\/"]}]}},"_links":{"self":[{"href":"https:\/\/italpackalbania.com\/index.php\/wp-json\/wp\/v2\/product\/1600","targetHints":{"allow":["GET"]}}],"collection":[{"href":"https:\/\/italpackalbania.com\/index.php\/wp-json\/wp\/v2\/product"}],"about":[{"href":"https:\/\/italpackalbania.com\/index.php\/wp-json\/wp\/v2\/types\/product"}],"wp:featuredmedia":[{"embeddable":true,"href":"https:\/\/italpackalbania.com\/index.php\/wp-json\/wp\/v2\/media\/1404"}],"wp:attachment":[{"href":"https:\/\/italpackalbania.com\/index.php\/wp-json\/wp\/v2\/media?parent=1600"}],"wp:term":[{"taxonomy":"product_brand","embeddable":true,"href":"https:\/\/italpackalbania.com\/index.php\/wp-json\/wp\/v2\/product_brand?post=1600"},{"taxonomy":"product_cat","embeddable":true,"href":"https:\/\/italpackalbania.com\/index.php\/wp-json\/wp\/v2\/product_cat?post=1600"},{"taxonomy":"product_tag","embeddable":true,"href":"https:\/\/italpackalbania.com\/index.php\/wp-json\/wp\/v2\/product_tag?post=1600"}],"curies":[{"name":"wp","href":"https:\/\/api.w.org\/{rel}","templated":true}]}}