{"id":338,"date":"2022-12-01T11:11:08","date_gmt":"2022-12-01T11:11:08","guid":{"rendered":"https:\/\/italpackalbania.com\/?post_type=product&#038;p=338"},"modified":"2026-03-05T09:36:49","modified_gmt":"2026-03-05T09:36:49","slug":"radikalin","status":"publish","type":"product","link":"https:\/\/italpackalbania.com\/index.php\/product\/radikalin\/","title":{"rendered":"Hagleitner Radikalin"},"content":{"rendered":"<p data-start=\"0\" data-end=\"341\">1 L<\/p>\n<p data-start=\"0\" data-end=\"341\">Nj\u00eb solucion i fuqish\u00ebm i l\u00ebngsh\u00ebm p\u00ebr heqjen e yndyrnave dhe papast\u00ebrtive t\u00eb r\u00ebnda, i projektuar kryesisht p\u00ebr p\u00ebrdorim profesional n\u00eb ambiente ku k\u00ebrkohet pastrim intensiv \u2014 p.sh. kuzhina, sip\u00ebrfaqet e forta, dyshemet\u00eb etj.<\/p>\n<p data-start=\"373\" data-end=\"872\">\u2022 Produkt pastrimi me koncentrim t\u00eb lart\u00eb q\u00eb shpejt heq yndyrnat dhe papast\u00ebrtit\u00eb.<br data-start=\"542\" data-end=\"545\" \/>\u2022 Formula e tij nuk shkum\u00ebzon, gj\u00eb q\u00eb e b\u00ebn t\u00eb p\u00ebrshtatsh\u00ebm edhe p\u00ebr p\u00ebrdorim me pajisje me presion t\u00eb lart\u00eb (si p.sh. shp\u00eblar\u00ebs me presion). <br data-start=\"732\" data-end=\"735\" \/>\u2022 \u00cbsht\u00eb alkalik me nj\u00eb pH t\u00eb lart\u00eb (~12.5), q\u00eb ndihmon n\u00eb shk\u00ebputjen e yndyrnave m\u00eb rezistente.<\/p>\n<h3 data-start=\"874\" data-end=\"903\">P\u00ebrdorimi dhe aplikimi<\/h3>\n<p data-start=\"904\" data-end=\"1336\">\u2022 Si pastrim i p\u00ebrditsh\u00ebm: P\u00ebrzieni 50 ml Radikalin me 10 L uj\u00eb p\u00ebr zonat me papast\u00ebrti normale. <br data-start=\"1046\" data-end=\"1049\" \/>\u2022 P\u00ebr papast\u00ebrti m\u00eb t\u00eb forta: Aplikojeni n\u00eb form\u00eb t\u00eb past\u00ebr direkt n\u00eb sip\u00ebrfaqe. <br data-start=\"1187\" data-end=\"1190\" \/>\u2022 Pasi t\u00eb jet\u00eb aplikuar, lani me uj\u00eb t\u00eb past\u00ebr sip\u00ebrfaqet e trajtuara p\u00ebr t\u00eb hequr mbetjet e pastruesit.<\/p>\n<h3 data-start=\"1338\" data-end=\"1369\">Karakteristikat kryesore<\/h3>\n<ul data-start=\"1370\" data-end=\"1775\">\n<li data-start=\"1370\" data-end=\"1473\">\n<p data-start=\"1372\" data-end=\"1473\">Heq yndyrnat dhe papast\u00ebrtit\u00eb e v\u00ebshtira pa shum\u00eb mundim.<\/p>\n<\/li>\n<li data-start=\"1474\" data-end=\"1609\">\n<p data-start=\"1476\" data-end=\"1609\">Pa shkum\u00eb \u2013 e p\u00ebrshtatshme edhe p\u00ebr makinat dhe pajisjet e pastrimit me presion t\u00eb lart\u00eb.<\/p>\n<\/li>\n<li data-start=\"1610\" data-end=\"1775\">\n<p data-start=\"1612\" data-end=\"1775\">Fuqia e lart\u00eb pastruese e b\u00ebn t\u00eb shk\u00eblqyer p\u00ebr p\u00ebrdorim profesional, sidomos n\u00eb kuzhina dhe zona ku grumbullohen yndyrna.<\/p>\n<\/li>\n<\/ul>\n","protected":false},"excerpt":{"rendered":"<p>1 L Nj\u00eb solucion i fuqish\u00ebm i l\u00ebngsh\u00ebm p\u00ebr heqjen e yndyrnave dhe papast\u00ebrtive t\u00eb r\u00ebnda, i projektuar kryesisht p\u00ebr p\u00ebrdorim profesional n\u00eb ambiente ku k\u00ebrkohet pastrim intensiv \u2014 p.sh. kuzhina, sip\u00ebrfaqet e forta, dyshemet\u00eb etj. \u2022 Produkt pastrimi me koncentrim t\u00eb lart\u00eb q\u00eb shpejt heq yndyrnat dhe papast\u00ebrtit\u00eb.\u2022 Formula e tij nuk shkum\u00ebzon, gj\u00eb&hellip;<\/p>\n","protected":false},"featured_media":339,"template":"","meta":[],"product_brand":[],"product_cat":[15],"product_tag":[97,98],"class_list":{"0":"post-338","1":"product","2":"type-product","3":"status-publish","4":"has-post-thumbnail","6":"product_cat-uncategorized","7":"product_tag-detergjent-kunder-yndyres","8":"product_tag-detergjent-pastrimi","9":"description-off","11":"first","12":"instock","13":"shipping-taxable","14":"purchasable","15":"product-type-simple"},"yoast_head":"<!-- This site is optimized with the Yoast SEO plugin v26.7 - https:\/\/yoast.com\/wordpress\/plugins\/seo\/ -->\n<title>Hagleitner Radikalin - Italpack Albania<\/title>\n<meta name=\"description\" content=\"Zbuloni gam\u00ebn ton\u00eb t\u00eb plot\u00eb t\u00eb produkteve p\u00ebr hotele dhe biznese: amenities premium, detergjente profesionale dhe paketime\" \/>\n<meta name=\"robots\" content=\"index, follow, max-snippet:-1, max-image-preview:large, max-video-preview:-1\" \/>\n<link rel=\"canonical\" href=\"https:\/\/italpackalbania.com\/index.php\/product\/radikalin\/\" \/>\n<meta property=\"og:locale\" content=\"en_US\" \/>\n<meta property=\"og:type\" content=\"article\" \/>\n<meta property=\"og:title\" content=\"Hagleitner Radikalin - Italpack Albania\" \/>\n<meta property=\"og:description\" content=\"Zbuloni gam\u00ebn ton\u00eb t\u00eb plot\u00eb t\u00eb produkteve p\u00ebr hotele dhe biznese: amenities premium, detergjente profesionale dhe paketime\" \/>\n<meta property=\"og:url\" content=\"https:\/\/italpackalbania.com\/index.php\/product\/radikalin\/\" \/>\n<meta property=\"og:site_name\" content=\"Italpack Albania\" \/>\n<meta property=\"article:publisher\" content=\"https:\/\/www.facebook.com\/italpack.albania.37\/\" \/>\n<meta property=\"article:modified_time\" content=\"2026-03-05T09:36:49+00:00\" \/>\n<meta property=\"og:image\" content=\"https:\/\/italpackalbania.com\/wp-content\/uploads\/2022\/12\/radikalin.jpg\" \/>\n\t<meta property=\"og:image:width\" content=\"600\" \/>\n\t<meta property=\"og:image:height\" content=\"600\" \/>\n\t<meta property=\"og:image:type\" content=\"image\/jpeg\" \/>\n<meta name=\"twitter:card\" content=\"summary_large_image\" \/>\n<meta name=\"twitter:label1\" content=\"Est. reading time\" \/>\n\t<meta name=\"twitter:data1\" content=\"2 minutes\" \/>\n<script type=\"application\/ld+json\" class=\"yoast-schema-graph\">{\"@context\":\"https:\/\/schema.org\",\"@graph\":[{\"@type\":\"WebPage\",\"@id\":\"https:\/\/italpackalbania.com\/index.php\/product\/radikalin\/\",\"url\":\"https:\/\/italpackalbania.com\/index.php\/product\/radikalin\/\",\"name\":\"Hagleitner Radikalin - Italpack Albania\",\"isPartOf\":{\"@id\":\"https:\/\/italpackalbania.com\/#website\"},\"primaryImageOfPage\":{\"@id\":\"https:\/\/italpackalbania.com\/index.php\/product\/radikalin\/#primaryimage\"},\"image\":{\"@id\":\"https:\/\/italpackalbania.com\/index.php\/product\/radikalin\/#primaryimage\"},\"thumbnailUrl\":\"https:\/\/italpackalbania.com\/wp-content\/uploads\/2022\/12\/radikalin.jpg\",\"datePublished\":\"2022-12-01T11:11:08+00:00\",\"dateModified\":\"2026-03-05T09:36:49+00:00\",\"description\":\"Zbuloni gam\u00ebn ton\u00eb t\u00eb plot\u00eb t\u00eb produkteve p\u00ebr hotele dhe biznese: amenities premium, detergjente profesionale dhe paketime\",\"breadcrumb\":{\"@id\":\"https:\/\/italpackalbania.com\/index.php\/product\/radikalin\/#breadcrumb\"},\"inLanguage\":\"en-US\",\"potentialAction\":[{\"@type\":\"ReadAction\",\"target\":[\"https:\/\/italpackalbania.com\/index.php\/product\/radikalin\/\"]}]},{\"@type\":\"ImageObject\",\"inLanguage\":\"en-US\",\"@id\":\"https:\/\/italpackalbania.com\/index.php\/product\/radikalin\/#primaryimage\",\"url\":\"https:\/\/italpackalbania.com\/wp-content\/uploads\/2022\/12\/radikalin.jpg\",\"contentUrl\":\"https:\/\/italpackalbania.com\/wp-content\/uploads\/2022\/12\/radikalin.jpg\",\"width\":600,\"height\":600,\"caption\":\"detergjente per pastrim\"},{\"@type\":\"BreadcrumbList\",\"@id\":\"https:\/\/italpackalbania.com\/index.php\/product\/radikalin\/#breadcrumb\",\"itemListElement\":[{\"@type\":\"ListItem\",\"position\":1,\"name\":\"Home\",\"item\":\"https:\/\/italpackalbania.com\/\"},{\"@type\":\"ListItem\",\"position\":2,\"name\":\"Products\",\"item\":\"https:\/\/italpackalbania.com\/index.php\/shop\/\"},{\"@type\":\"ListItem\",\"position\":3,\"name\":\"Hagleitner Radikalin\"}]},{\"@type\":\"WebSite\",\"@id\":\"https:\/\/italpackalbania.com\/#website\",\"url\":\"https:\/\/italpackalbania.com\/\",\"name\":\"Italpack Albania\",\"description\":\"Aksesor\u00eb p\u00ebr hoteleri, detergjent\u00eb p\u00ebr sht\u00ebpi, hoteleri, restorante, paketime p\u00ebr delivery, ambalazhime p\u00ebr biznese\",\"publisher\":{\"@id\":\"https:\/\/italpackalbania.com\/#organization\"},\"potentialAction\":[{\"@type\":\"SearchAction\",\"target\":{\"@type\":\"EntryPoint\",\"urlTemplate\":\"https:\/\/italpackalbania.com\/?s={search_term_string}\"},\"query-input\":{\"@type\":\"PropertyValueSpecification\",\"valueRequired\":true,\"valueName\":\"search_term_string\"}}],\"inLanguage\":\"en-US\"},{\"@type\":\"Organization\",\"@id\":\"https:\/\/italpackalbania.com\/#organization\",\"name\":\"ItalPack Albania\",\"url\":\"https:\/\/italpackalbania.com\/\",\"logo\":{\"@type\":\"ImageObject\",\"inLanguage\":\"en-US\",\"@id\":\"https:\/\/italpackalbania.com\/#\/schema\/logo\/image\/\",\"url\":\"https:\/\/italpackalbania.com\/wp-content\/uploads\/2025\/12\/cropped-italpack-logo.png\",\"contentUrl\":\"https:\/\/italpackalbania.com\/wp-content\/uploads\/2025\/12\/cropped-italpack-logo.png\",\"width\":512,\"height\":512,\"caption\":\"ItalPack Albania\"},\"image\":{\"@id\":\"https:\/\/italpackalbania.com\/#\/schema\/logo\/image\/\"},\"sameAs\":[\"https:\/\/www.facebook.com\/italpack.albania.37\/\",\"https:\/\/www.instagram.com\/italpackalbania\/\"]}]}<\/script>\n<!-- \/ Yoast SEO plugin. -->","yoast_head_json":{"title":"Hagleitner Radikalin - Italpack Albania","description":"Zbuloni gam\u00ebn ton\u00eb t\u00eb plot\u00eb t\u00eb produkteve p\u00ebr hotele dhe biznese: amenities premium, detergjente profesionale dhe paketime","robots":{"index":"index","follow":"follow","max-snippet":"max-snippet:-1","max-image-preview":"max-image-preview:large","max-video-preview":"max-video-preview:-1"},"canonical":"https:\/\/italpackalbania.com\/index.php\/product\/radikalin\/","og_locale":"en_US","og_type":"article","og_title":"Hagleitner Radikalin - Italpack Albania","og_description":"Zbuloni gam\u00ebn ton\u00eb t\u00eb plot\u00eb t\u00eb produkteve p\u00ebr hotele dhe biznese: amenities premium, detergjente profesionale dhe paketime","og_url":"https:\/\/italpackalbania.com\/index.php\/product\/radikalin\/","og_site_name":"Italpack Albania","article_publisher":"https:\/\/www.facebook.com\/italpack.albania.37\/","article_modified_time":"2026-03-05T09:36:49+00:00","og_image":[{"width":600,"height":600,"url":"https:\/\/italpackalbania.com\/wp-content\/uploads\/2022\/12\/radikalin.jpg","type":"image\/jpeg"}],"twitter_card":"summary_large_image","twitter_misc":{"Est. reading time":"2 minutes"},"schema":{"@context":"https:\/\/schema.org","@graph":[{"@type":"WebPage","@id":"https:\/\/italpackalbania.com\/index.php\/product\/radikalin\/","url":"https:\/\/italpackalbania.com\/index.php\/product\/radikalin\/","name":"Hagleitner Radikalin - Italpack Albania","isPartOf":{"@id":"https:\/\/italpackalbania.com\/#website"},"primaryImageOfPage":{"@id":"https:\/\/italpackalbania.com\/index.php\/product\/radikalin\/#primaryimage"},"image":{"@id":"https:\/\/italpackalbania.com\/index.php\/product\/radikalin\/#primaryimage"},"thumbnailUrl":"https:\/\/italpackalbania.com\/wp-content\/uploads\/2022\/12\/radikalin.jpg","datePublished":"2022-12-01T11:11:08+00:00","dateModified":"2026-03-05T09:36:49+00:00","description":"Zbuloni gam\u00ebn ton\u00eb t\u00eb plot\u00eb t\u00eb produkteve p\u00ebr hotele dhe biznese: amenities premium, detergjente profesionale dhe paketime","breadcrumb":{"@id":"https:\/\/italpackalbania.com\/index.php\/product\/radikalin\/#breadcrumb"},"inLanguage":"en-US","potentialAction":[{"@type":"ReadAction","target":["https:\/\/italpackalbania.com\/index.php\/product\/radikalin\/"]}]},{"@type":"ImageObject","inLanguage":"en-US","@id":"https:\/\/italpackalbania.com\/index.php\/product\/radikalin\/#primaryimage","url":"https:\/\/italpackalbania.com\/wp-content\/uploads\/2022\/12\/radikalin.jpg","contentUrl":"https:\/\/italpackalbania.com\/wp-content\/uploads\/2022\/12\/radikalin.jpg","width":600,"height":600,"caption":"detergjente per pastrim"},{"@type":"BreadcrumbList","@id":"https:\/\/italpackalbania.com\/index.php\/product\/radikalin\/#breadcrumb","itemListElement":[{"@type":"ListItem","position":1,"name":"Home","item":"https:\/\/italpackalbania.com\/"},{"@type":"ListItem","position":2,"name":"Products","item":"https:\/\/italpackalbania.com\/index.php\/shop\/"},{"@type":"ListItem","position":3,"name":"Hagleitner Radikalin"}]},{"@type":"WebSite","@id":"https:\/\/italpackalbania.com\/#website","url":"https:\/\/italpackalbania.com\/","name":"Italpack Albania","description":"Aksesor\u00eb p\u00ebr hoteleri, detergjent\u00eb p\u00ebr sht\u00ebpi, hoteleri, restorante, paketime p\u00ebr delivery, ambalazhime p\u00ebr biznese","publisher":{"@id":"https:\/\/italpackalbania.com\/#organization"},"potentialAction":[{"@type":"SearchAction","target":{"@type":"EntryPoint","urlTemplate":"https:\/\/italpackalbania.com\/?s={search_term_string}"},"query-input":{"@type":"PropertyValueSpecification","valueRequired":true,"valueName":"search_term_string"}}],"inLanguage":"en-US"},{"@type":"Organization","@id":"https:\/\/italpackalbania.com\/#organization","name":"ItalPack Albania","url":"https:\/\/italpackalbania.com\/","logo":{"@type":"ImageObject","inLanguage":"en-US","@id":"https:\/\/italpackalbania.com\/#\/schema\/logo\/image\/","url":"https:\/\/italpackalbania.com\/wp-content\/uploads\/2025\/12\/cropped-italpack-logo.png","contentUrl":"https:\/\/italpackalbania.com\/wp-content\/uploads\/2025\/12\/cropped-italpack-logo.png","width":512,"height":512,"caption":"ItalPack Albania"},"image":{"@id":"https:\/\/italpackalbania.com\/#\/schema\/logo\/image\/"},"sameAs":["https:\/\/www.facebook.com\/italpack.albania.37\/","https:\/\/www.instagram.com\/italpackalbania\/"]}]}},"_links":{"self":[{"href":"https:\/\/italpackalbania.com\/index.php\/wp-json\/wp\/v2\/product\/338","targetHints":{"allow":["GET"]}}],"collection":[{"href":"https:\/\/italpackalbania.com\/index.php\/wp-json\/wp\/v2\/product"}],"about":[{"href":"https:\/\/italpackalbania.com\/index.php\/wp-json\/wp\/v2\/types\/product"}],"wp:featuredmedia":[{"embeddable":true,"href":"https:\/\/italpackalbania.com\/index.php\/wp-json\/wp\/v2\/media\/339"}],"wp:attachment":[{"href":"https:\/\/italpackalbania.com\/index.php\/wp-json\/wp\/v2\/media?parent=338"}],"wp:term":[{"taxonomy":"product_brand","embeddable":true,"href":"https:\/\/italpackalbania.com\/index.php\/wp-json\/wp\/v2\/product_brand?post=338"},{"taxonomy":"product_cat","embeddable":true,"href":"https:\/\/italpackalbania.com\/index.php\/wp-json\/wp\/v2\/product_cat?post=338"},{"taxonomy":"product_tag","embeddable":true,"href":"https:\/\/italpackalbania.com\/index.php\/wp-json\/wp\/v2\/product_tag?post=338"}],"curies":[{"name":"wp","href":"https:\/\/api.w.org\/{rel}","templated":true}]}}