{"id":647,"date":"2025-11-24T13:29:50","date_gmt":"2025-11-24T13:29:50","guid":{"rendered":"https:\/\/italpackalbania.com\/?post_type=product&#038;p=647"},"modified":"2026-02-26T08:23:36","modified_gmt":"2026-02-26T08:23:36","slug":"hagleitner-toiletoil-fresh","status":"publish","type":"product","link":"https:\/\/italpackalbania.com\/index.php\/product\/hagleitner-toiletoil-fresh\/","title":{"rendered":"Hagleitner toiletOIL FRESH"},"content":{"rendered":"<p>1 L<\/p>\n<p>Freskia natyrale e detit p\u00ebr \u00e7do hap\u00ebsir\u00eb t\u00eb tualetit. Hagleitner toiletOIL FRESH \u2013 Arom\u00eb Deti p\u00ebrdoret p\u00ebr ajrosje dhe freskim t\u00eb ambientit, duke ofruar nj\u00eb arom\u00eb t\u00eb k\u00ebndshme dhe t\u00eb q\u00ebndrueshme q\u00eb e b\u00ebn tualetin t\u00eb ndihet gjithmon\u00eb i past\u00ebr.<\/p>\n<p>P\u00ebrve\u00e7 p\u00ebrdorimit p\u00ebr WC, mund t\u00eb p\u00ebrdoret gjithashtu n\u00eb:<\/p>\n<p>Pileta<\/p>\n<p>Pllaka\/Parkete<\/p>\n<p>K\u00ebndet e banj\u00ebs<\/p>\n<p>Kjo siguron freski n\u00eb t\u00eb gjith\u00eb ambientin.<\/p>\n<p><strong>P\u00ebrfitimet kryesore:<\/strong><\/p>\n<p>Freskim i ambientit me arom\u00eb natyrale deti<\/p>\n<p>Redukton er\u00ebrat e pak\u00ebndshme<\/p>\n<p>Siguron arom\u00eb t\u00eb k\u00ebndshme dhe t\u00eb q\u00ebndrueshme<\/p>\n<p>E leht\u00eb dhe e shpejt\u00eb p\u00ebr p\u00ebrdorim n\u00eb t\u00eb gjitha sip\u00ebrfaqet e tualetit<\/p>\n<p><strong>Si t\u00eb p\u00ebrdoret:<\/strong><\/p>\n<p>Aplikojeni direkt 2-3 pika n\u00eb WC, pileta, pllaka ose k\u00ebnde banjosh. L\u00ebreni t\u00eb shp\u00ebrndahet aroma dhe t\u00eb veproj\u00eb disa minuta p\u00ebr efekt maksimal.<\/p>\n<p>K\u00ebshill\u00eb: P\u00ebrdoreni rregullisht p\u00ebr t\u00eb ruajtur freskin\u00eb e detit dhe arom\u00ebn e k\u00ebndshme n\u00eb t\u00eb gjith\u00eb banjon.<\/p>\n","protected":false},"excerpt":{"rendered":"<p>1 L Freskia natyrale e detit p\u00ebr \u00e7do hap\u00ebsir\u00eb t\u00eb tualetit. Hagleitner toiletOIL FRESH \u2013 Arom\u00eb Deti p\u00ebrdoret p\u00ebr ajrosje dhe freskim t\u00eb ambientit, duke ofruar nj\u00eb arom\u00eb t\u00eb k\u00ebndshme dhe t\u00eb q\u00ebndrueshme q\u00eb e b\u00ebn tualetin t\u00eb ndihet gjithmon\u00eb i past\u00ebr. P\u00ebrve\u00e7 p\u00ebrdorimit p\u00ebr WC, mund t\u00eb p\u00ebrdoret gjithashtu n\u00eb: Pileta Pllaka\/Parkete K\u00ebndet e&hellip;<\/p>\n","protected":false},"featured_media":648,"template":"","meta":[],"product_brand":[],"product_cat":[24,29],"product_tag":[90,42,30,31,32],"class_list":{"0":"post-647","1":"product","2":"type-product","3":"status-publish","4":"has-post-thumbnail","6":"product_cat-kompani-pastrimi","7":"product_cat-produkte-pastrimi","8":"product_tag-aromatik-per-tualet","9":"product_tag-detergjente-per-pastrim","10":"product_tag-higjiene","11":"product_tag-pastrim","12":"product_tag-produkte-sanitare","13":"description-off","15":"first","16":"instock","17":"shipping-taxable","18":"purchasable","19":"product-type-simple"},"yoast_head":"<!-- This site is optimized with the Yoast SEO plugin v26.7 - https:\/\/yoast.com\/wordpress\/plugins\/seo\/ -->\n<title>Hagleitner toiletOIL FRESH - Italpack Albania<\/title>\n<meta name=\"description\" content=\"Zbuloni gam\u00ebn ton\u00eb t\u00eb plot\u00eb t\u00eb produkteve p\u00ebr hotele dhe biznese: amenities premium, detergjente profesionale dhe paketime\" \/>\n<meta name=\"robots\" content=\"index, follow, max-snippet:-1, max-image-preview:large, max-video-preview:-1\" \/>\n<link rel=\"canonical\" href=\"https:\/\/italpackalbania.com\/index.php\/product\/hagleitner-toiletoil-fresh\/\" \/>\n<meta property=\"og:locale\" content=\"en_US\" \/>\n<meta property=\"og:type\" content=\"article\" \/>\n<meta property=\"og:title\" content=\"Hagleitner toiletOIL FRESH - Italpack Albania\" \/>\n<meta property=\"og:description\" content=\"Zbuloni gam\u00ebn ton\u00eb t\u00eb plot\u00eb t\u00eb produkteve p\u00ebr hotele dhe biznese: amenities premium, detergjente profesionale dhe paketime\" \/>\n<meta property=\"og:url\" content=\"https:\/\/italpackalbania.com\/index.php\/product\/hagleitner-toiletoil-fresh\/\" \/>\n<meta property=\"og:site_name\" content=\"Italpack Albania\" \/>\n<meta property=\"article:publisher\" content=\"https:\/\/www.facebook.com\/italpack.albania.37\/\" \/>\n<meta property=\"article:modified_time\" content=\"2026-02-26T08:23:36+00:00\" \/>\n<meta property=\"og:image\" content=\"https:\/\/italpackalbania.com\/wp-content\/uploads\/2025\/11\/hagleitner-toiletoil-fresh.png\" \/>\n\t<meta property=\"og:image:width\" content=\"1654\" \/>\n\t<meta property=\"og:image:height\" content=\"1654\" \/>\n\t<meta property=\"og:image:type\" content=\"image\/png\" \/>\n<meta name=\"twitter:card\" content=\"summary_large_image\" \/>\n<meta name=\"twitter:label1\" content=\"Est. reading time\" \/>\n\t<meta name=\"twitter:data1\" content=\"1 minute\" \/>\n<script type=\"application\/ld+json\" class=\"yoast-schema-graph\">{\"@context\":\"https:\/\/schema.org\",\"@graph\":[{\"@type\":\"WebPage\",\"@id\":\"https:\/\/italpackalbania.com\/index.php\/product\/hagleitner-toiletoil-fresh\/\",\"url\":\"https:\/\/italpackalbania.com\/index.php\/product\/hagleitner-toiletoil-fresh\/\",\"name\":\"Hagleitner toiletOIL FRESH - Italpack Albania\",\"isPartOf\":{\"@id\":\"https:\/\/italpackalbania.com\/#website\"},\"primaryImageOfPage\":{\"@id\":\"https:\/\/italpackalbania.com\/index.php\/product\/hagleitner-toiletoil-fresh\/#primaryimage\"},\"image\":{\"@id\":\"https:\/\/italpackalbania.com\/index.php\/product\/hagleitner-toiletoil-fresh\/#primaryimage\"},\"thumbnailUrl\":\"https:\/\/italpackalbania.com\/wp-content\/uploads\/2025\/11\/hagleitner-toiletoil-fresh.png\",\"datePublished\":\"2025-11-24T13:29:50+00:00\",\"dateModified\":\"2026-02-26T08:23:36+00:00\",\"description\":\"Zbuloni gam\u00ebn ton\u00eb t\u00eb plot\u00eb t\u00eb produkteve p\u00ebr hotele dhe biznese: amenities premium, detergjente profesionale dhe paketime\",\"breadcrumb\":{\"@id\":\"https:\/\/italpackalbania.com\/index.php\/product\/hagleitner-toiletoil-fresh\/#breadcrumb\"},\"inLanguage\":\"en-US\",\"potentialAction\":[{\"@type\":\"ReadAction\",\"target\":[\"https:\/\/italpackalbania.com\/index.php\/product\/hagleitner-toiletoil-fresh\/\"]}]},{\"@type\":\"ImageObject\",\"inLanguage\":\"en-US\",\"@id\":\"https:\/\/italpackalbania.com\/index.php\/product\/hagleitner-toiletoil-fresh\/#primaryimage\",\"url\":\"https:\/\/italpackalbania.com\/wp-content\/uploads\/2025\/11\/hagleitner-toiletoil-fresh.png\",\"contentUrl\":\"https:\/\/italpackalbania.com\/wp-content\/uploads\/2025\/11\/hagleitner-toiletoil-fresh.png\",\"width\":1654,\"height\":1654,\"caption\":\"detergjente per pastrimin e tualetit\"},{\"@type\":\"BreadcrumbList\",\"@id\":\"https:\/\/italpackalbania.com\/index.php\/product\/hagleitner-toiletoil-fresh\/#breadcrumb\",\"itemListElement\":[{\"@type\":\"ListItem\",\"position\":1,\"name\":\"Home\",\"item\":\"https:\/\/italpackalbania.com\/\"},{\"@type\":\"ListItem\",\"position\":2,\"name\":\"Products\",\"item\":\"https:\/\/italpackalbania.com\/index.php\/shop\/\"},{\"@type\":\"ListItem\",\"position\":3,\"name\":\"Hagleitner toiletOIL FRESH\"}]},{\"@type\":\"WebSite\",\"@id\":\"https:\/\/italpackalbania.com\/#website\",\"url\":\"https:\/\/italpackalbania.com\/\",\"name\":\"Italpack Albania\",\"description\":\"Aksesor\u00eb p\u00ebr hoteleri, detergjent\u00eb p\u00ebr sht\u00ebpi, hoteleri, restorante, paketime p\u00ebr delivery, ambalazhime p\u00ebr biznese\",\"publisher\":{\"@id\":\"https:\/\/italpackalbania.com\/#organization\"},\"potentialAction\":[{\"@type\":\"SearchAction\",\"target\":{\"@type\":\"EntryPoint\",\"urlTemplate\":\"https:\/\/italpackalbania.com\/?s={search_term_string}\"},\"query-input\":{\"@type\":\"PropertyValueSpecification\",\"valueRequired\":true,\"valueName\":\"search_term_string\"}}],\"inLanguage\":\"en-US\"},{\"@type\":\"Organization\",\"@id\":\"https:\/\/italpackalbania.com\/#organization\",\"name\":\"ItalPack Albania\",\"url\":\"https:\/\/italpackalbania.com\/\",\"logo\":{\"@type\":\"ImageObject\",\"inLanguage\":\"en-US\",\"@id\":\"https:\/\/italpackalbania.com\/#\/schema\/logo\/image\/\",\"url\":\"https:\/\/italpackalbania.com\/wp-content\/uploads\/2025\/12\/cropped-italpack-logo.png\",\"contentUrl\":\"https:\/\/italpackalbania.com\/wp-content\/uploads\/2025\/12\/cropped-italpack-logo.png\",\"width\":512,\"height\":512,\"caption\":\"ItalPack Albania\"},\"image\":{\"@id\":\"https:\/\/italpackalbania.com\/#\/schema\/logo\/image\/\"},\"sameAs\":[\"https:\/\/www.facebook.com\/italpack.albania.37\/\",\"https:\/\/www.instagram.com\/italpackalbania\/\"]}]}<\/script>\n<!-- \/ Yoast SEO plugin. -->","yoast_head_json":{"title":"Hagleitner toiletOIL FRESH - Italpack Albania","description":"Zbuloni gam\u00ebn ton\u00eb t\u00eb plot\u00eb t\u00eb produkteve p\u00ebr hotele dhe biznese: amenities premium, detergjente profesionale dhe paketime","robots":{"index":"index","follow":"follow","max-snippet":"max-snippet:-1","max-image-preview":"max-image-preview:large","max-video-preview":"max-video-preview:-1"},"canonical":"https:\/\/italpackalbania.com\/index.php\/product\/hagleitner-toiletoil-fresh\/","og_locale":"en_US","og_type":"article","og_title":"Hagleitner toiletOIL FRESH - Italpack Albania","og_description":"Zbuloni gam\u00ebn ton\u00eb t\u00eb plot\u00eb t\u00eb produkteve p\u00ebr hotele dhe biznese: amenities premium, detergjente profesionale dhe paketime","og_url":"https:\/\/italpackalbania.com\/index.php\/product\/hagleitner-toiletoil-fresh\/","og_site_name":"Italpack Albania","article_publisher":"https:\/\/www.facebook.com\/italpack.albania.37\/","article_modified_time":"2026-02-26T08:23:36+00:00","og_image":[{"width":1654,"height":1654,"url":"https:\/\/italpackalbania.com\/wp-content\/uploads\/2025\/11\/hagleitner-toiletoil-fresh.png","type":"image\/png"}],"twitter_card":"summary_large_image","twitter_misc":{"Est. reading time":"1 minute"},"schema":{"@context":"https:\/\/schema.org","@graph":[{"@type":"WebPage","@id":"https:\/\/italpackalbania.com\/index.php\/product\/hagleitner-toiletoil-fresh\/","url":"https:\/\/italpackalbania.com\/index.php\/product\/hagleitner-toiletoil-fresh\/","name":"Hagleitner toiletOIL FRESH - Italpack Albania","isPartOf":{"@id":"https:\/\/italpackalbania.com\/#website"},"primaryImageOfPage":{"@id":"https:\/\/italpackalbania.com\/index.php\/product\/hagleitner-toiletoil-fresh\/#primaryimage"},"image":{"@id":"https:\/\/italpackalbania.com\/index.php\/product\/hagleitner-toiletoil-fresh\/#primaryimage"},"thumbnailUrl":"https:\/\/italpackalbania.com\/wp-content\/uploads\/2025\/11\/hagleitner-toiletoil-fresh.png","datePublished":"2025-11-24T13:29:50+00:00","dateModified":"2026-02-26T08:23:36+00:00","description":"Zbuloni gam\u00ebn ton\u00eb t\u00eb plot\u00eb t\u00eb produkteve p\u00ebr hotele dhe biznese: amenities premium, detergjente profesionale dhe paketime","breadcrumb":{"@id":"https:\/\/italpackalbania.com\/index.php\/product\/hagleitner-toiletoil-fresh\/#breadcrumb"},"inLanguage":"en-US","potentialAction":[{"@type":"ReadAction","target":["https:\/\/italpackalbania.com\/index.php\/product\/hagleitner-toiletoil-fresh\/"]}]},{"@type":"ImageObject","inLanguage":"en-US","@id":"https:\/\/italpackalbania.com\/index.php\/product\/hagleitner-toiletoil-fresh\/#primaryimage","url":"https:\/\/italpackalbania.com\/wp-content\/uploads\/2025\/11\/hagleitner-toiletoil-fresh.png","contentUrl":"https:\/\/italpackalbania.com\/wp-content\/uploads\/2025\/11\/hagleitner-toiletoil-fresh.png","width":1654,"height":1654,"caption":"detergjente per pastrimin e tualetit"},{"@type":"BreadcrumbList","@id":"https:\/\/italpackalbania.com\/index.php\/product\/hagleitner-toiletoil-fresh\/#breadcrumb","itemListElement":[{"@type":"ListItem","position":1,"name":"Home","item":"https:\/\/italpackalbania.com\/"},{"@type":"ListItem","position":2,"name":"Products","item":"https:\/\/italpackalbania.com\/index.php\/shop\/"},{"@type":"ListItem","position":3,"name":"Hagleitner toiletOIL FRESH"}]},{"@type":"WebSite","@id":"https:\/\/italpackalbania.com\/#website","url":"https:\/\/italpackalbania.com\/","name":"Italpack Albania","description":"Aksesor\u00eb p\u00ebr hoteleri, detergjent\u00eb p\u00ebr sht\u00ebpi, hoteleri, restorante, paketime p\u00ebr delivery, ambalazhime p\u00ebr biznese","publisher":{"@id":"https:\/\/italpackalbania.com\/#organization"},"potentialAction":[{"@type":"SearchAction","target":{"@type":"EntryPoint","urlTemplate":"https:\/\/italpackalbania.com\/?s={search_term_string}"},"query-input":{"@type":"PropertyValueSpecification","valueRequired":true,"valueName":"search_term_string"}}],"inLanguage":"en-US"},{"@type":"Organization","@id":"https:\/\/italpackalbania.com\/#organization","name":"ItalPack Albania","url":"https:\/\/italpackalbania.com\/","logo":{"@type":"ImageObject","inLanguage":"en-US","@id":"https:\/\/italpackalbania.com\/#\/schema\/logo\/image\/","url":"https:\/\/italpackalbania.com\/wp-content\/uploads\/2025\/12\/cropped-italpack-logo.png","contentUrl":"https:\/\/italpackalbania.com\/wp-content\/uploads\/2025\/12\/cropped-italpack-logo.png","width":512,"height":512,"caption":"ItalPack Albania"},"image":{"@id":"https:\/\/italpackalbania.com\/#\/schema\/logo\/image\/"},"sameAs":["https:\/\/www.facebook.com\/italpack.albania.37\/","https:\/\/www.instagram.com\/italpackalbania\/"]}]}},"_links":{"self":[{"href":"https:\/\/italpackalbania.com\/index.php\/wp-json\/wp\/v2\/product\/647","targetHints":{"allow":["GET"]}}],"collection":[{"href":"https:\/\/italpackalbania.com\/index.php\/wp-json\/wp\/v2\/product"}],"about":[{"href":"https:\/\/italpackalbania.com\/index.php\/wp-json\/wp\/v2\/types\/product"}],"wp:featuredmedia":[{"embeddable":true,"href":"https:\/\/italpackalbania.com\/index.php\/wp-json\/wp\/v2\/media\/648"}],"wp:attachment":[{"href":"https:\/\/italpackalbania.com\/index.php\/wp-json\/wp\/v2\/media?parent=647"}],"wp:term":[{"taxonomy":"product_brand","embeddable":true,"href":"https:\/\/italpackalbania.com\/index.php\/wp-json\/wp\/v2\/product_brand?post=647"},{"taxonomy":"product_cat","embeddable":true,"href":"https:\/\/italpackalbania.com\/index.php\/wp-json\/wp\/v2\/product_cat?post=647"},{"taxonomy":"product_tag","embeddable":true,"href":"https:\/\/italpackalbania.com\/index.php\/wp-json\/wp\/v2\/product_tag?post=647"}],"curies":[{"name":"wp","href":"https:\/\/api.w.org\/{rel}","templated":true}]}}