{"id":653,"date":"2025-11-25T08:31:53","date_gmt":"2025-11-25T08:31:53","guid":{"rendered":"https:\/\/italpackalbania.com\/?post_type=product&#038;p=653"},"modified":"2026-02-26T11:04:43","modified_gmt":"2026-02-26T11:04:43","slug":"hagleitner-havon-power","status":"publish","type":"product","link":"https:\/\/italpackalbania.com\/index.php\/product\/hagleitner-havon-power\/","title":{"rendered":"Hagleitner HAVON POWER"},"content":{"rendered":"<p data-start=\"151\" data-end=\"485\">1 L<\/p>\n<p data-start=\"135\" data-end=\"462\">Zbardhues me baz\u00eb oksigjeni i krijuar p\u00ebr t\u00eb hequr njolla t\u00eb v\u00ebshtira, p\u00ebr t\u00eb rikthyer bardh\u00ebsin\u00eb dhe p\u00ebr t\u00eb freskuar tekstilet pa i d\u00ebmtuar fibrat. Ideale p\u00ebr \u00e7do larje ku k\u00ebrkohet past\u00ebrti m\u00eb e thell\u00eb dhe rezultat higjienik.<\/p>\n<p data-start=\"464\" data-end=\"483\">I p\u00ebrshtatsh\u00ebm p\u00ebr:<\/p>\n<ul data-start=\"485\" data-end=\"634\">\n<li data-start=\"485\" data-end=\"504\">\n<p data-start=\"487\" data-end=\"504\">Rroba t\u00eb bardha<\/p>\n<\/li>\n<li data-start=\"505\" data-end=\"538\">\n<p data-start=\"507\" data-end=\"538\">Mbulesa, \u00e7ar\u00e7af\u00eb dhe peshqir\u00eb<\/p>\n<\/li>\n<li data-start=\"539\" data-end=\"584\">\n<p data-start=\"541\" data-end=\"584\">Rroba t\u00eb p\u00ebrditshme me njolla t\u00eb v\u00ebshtira<\/p>\n<\/li>\n<li data-start=\"585\" data-end=\"634\">\n<p data-start=\"587\" data-end=\"634\">Rroba sportive dhe tekstile me aroma t\u00eb forta<\/p>\n<\/li>\n<\/ul>\n<p data-start=\"636\" data-end=\"765\">Fal\u00eb oksigjenit aktiv, ky zbardhues dep\u00ebrton thell\u00eb n\u00eb fibra duke larguar njollat dhe bakteret q\u00eb shkaktojn\u00eb arom\u00eb t\u00eb pak\u00ebndshme.<\/p>\n<h3 data-start=\"772\" data-end=\"800\"><strong data-start=\"776\" data-end=\"800\">P\u00ebrfitimet kryesore:<\/strong><\/h3>\n<ul data-start=\"802\" data-end=\"1056\">\n<li data-start=\"802\" data-end=\"845\">\n<p data-start=\"804\" data-end=\"845\">Zbardhues i fuqish\u00ebm me veprim oksidues<\/p>\n<\/li>\n<li data-start=\"846\" data-end=\"904\">\n<p data-start=\"848\" data-end=\"904\">Heq njollat e v\u00ebshtira si kafe, ver\u00eb, \u00e7aj, djers\u00eb etj.<\/p>\n<\/li>\n<li data-start=\"905\" data-end=\"946\">\n<p data-start=\"907\" data-end=\"946\">Freskon rrobat dhe neutralizon aromat<\/p>\n<\/li>\n<li data-start=\"947\" data-end=\"990\">\n<p data-start=\"949\" data-end=\"990\">I but\u00eb p\u00ebr tekstilet, nuk d\u00ebmton fibrat<\/p>\n<\/li>\n<li data-start=\"991\" data-end=\"1056\">\n<p data-start=\"993\" data-end=\"1056\">I p\u00ebrshtatsh\u00ebm p\u00ebr larje n\u00eb temperatura t\u00eb ul\u00ebta dhe t\u00eb larta<\/p>\n<\/li>\n<\/ul>\n","protected":false},"excerpt":{"rendered":"<p>1 L Zbardhues me baz\u00eb oksigjeni i krijuar p\u00ebr t\u00eb hequr njolla t\u00eb v\u00ebshtira, p\u00ebr t\u00eb rikthyer bardh\u00ebsin\u00eb dhe p\u00ebr t\u00eb freskuar tekstilet pa i d\u00ebmtuar fibrat. Ideale p\u00ebr \u00e7do larje ku k\u00ebrkohet past\u00ebrti m\u00eb e thell\u00eb dhe rezultat higjienik. I p\u00ebrshtatsh\u00ebm p\u00ebr: Rroba t\u00eb bardha Mbulesa, \u00e7ar\u00e7af\u00eb dhe peshqir\u00eb Rroba t\u00eb p\u00ebrditshme me njolla&hellip;<\/p>\n","protected":false},"featured_media":655,"template":"","meta":[],"product_brand":[],"product_cat":[29],"product_tag":[34,41,33],"class_list":{"0":"post-653","1":"product","2":"type-product","3":"status-publish","4":"has-post-thumbnail","6":"product_cat-produkte-pastrimi","7":"product_tag-detergjente","8":"product_tag-detergjente-pastrimi","9":"product_tag-zbardhues-rrobash","10":"description-off","12":"first","13":"instock","14":"shipping-taxable","15":"purchasable","16":"product-type-simple"},"yoast_head":"<!-- This site is optimized with the Yoast SEO plugin v26.7 - https:\/\/yoast.com\/wordpress\/plugins\/seo\/ -->\n<title>Hagleitner HAVON POWER - Italpack Albania<\/title>\n<meta name=\"description\" content=\"Zbuloni gam\u00ebn ton\u00eb t\u00eb plot\u00eb t\u00eb produkteve p\u00ebr hotele dhe biznese: amenities premium, detergjente profesionale dhe paketime\" \/>\n<meta name=\"robots\" content=\"index, follow, max-snippet:-1, max-image-preview:large, max-video-preview:-1\" \/>\n<link rel=\"canonical\" href=\"https:\/\/italpackalbania.com\/index.php\/product\/hagleitner-havon-power\/\" \/>\n<meta property=\"og:locale\" content=\"en_US\" \/>\n<meta property=\"og:type\" content=\"article\" \/>\n<meta property=\"og:title\" content=\"Hagleitner HAVON POWER - Italpack Albania\" \/>\n<meta property=\"og:description\" content=\"Zbuloni gam\u00ebn ton\u00eb t\u00eb plot\u00eb t\u00eb produkteve p\u00ebr hotele dhe biznese: amenities premium, detergjente profesionale dhe paketime\" \/>\n<meta property=\"og:url\" content=\"https:\/\/italpackalbania.com\/index.php\/product\/hagleitner-havon-power\/\" \/>\n<meta property=\"og:site_name\" content=\"Italpack Albania\" \/>\n<meta property=\"article:publisher\" content=\"https:\/\/www.facebook.com\/italpack.albania.37\/\" \/>\n<meta property=\"article:modified_time\" content=\"2026-02-26T11:04:43+00:00\" \/>\n<meta property=\"og:image\" content=\"https:\/\/italpackalbania.com\/wp-content\/uploads\/2025\/11\/zbardhues-rrobash.jpg\" \/>\n\t<meta property=\"og:image:width\" content=\"1000\" \/>\n\t<meta property=\"og:image:height\" content=\"1000\" \/>\n\t<meta property=\"og:image:type\" content=\"image\/jpeg\" \/>\n<meta name=\"twitter:card\" content=\"summary_large_image\" \/>\n<meta name=\"twitter:label1\" content=\"Est. reading time\" \/>\n\t<meta name=\"twitter:data1\" content=\"1 minute\" \/>\n<script type=\"application\/ld+json\" class=\"yoast-schema-graph\">{\"@context\":\"https:\/\/schema.org\",\"@graph\":[{\"@type\":\"WebPage\",\"@id\":\"https:\/\/italpackalbania.com\/index.php\/product\/hagleitner-havon-power\/\",\"url\":\"https:\/\/italpackalbania.com\/index.php\/product\/hagleitner-havon-power\/\",\"name\":\"Hagleitner HAVON POWER - Italpack Albania\",\"isPartOf\":{\"@id\":\"https:\/\/italpackalbania.com\/#website\"},\"primaryImageOfPage\":{\"@id\":\"https:\/\/italpackalbania.com\/index.php\/product\/hagleitner-havon-power\/#primaryimage\"},\"image\":{\"@id\":\"https:\/\/italpackalbania.com\/index.php\/product\/hagleitner-havon-power\/#primaryimage\"},\"thumbnailUrl\":\"https:\/\/italpackalbania.com\/wp-content\/uploads\/2025\/11\/zbardhues-rrobash.jpg\",\"datePublished\":\"2025-11-25T08:31:53+00:00\",\"dateModified\":\"2026-02-26T11:04:43+00:00\",\"description\":\"Zbuloni gam\u00ebn ton\u00eb t\u00eb plot\u00eb t\u00eb produkteve p\u00ebr hotele dhe biznese: amenities premium, detergjente profesionale dhe paketime\",\"breadcrumb\":{\"@id\":\"https:\/\/italpackalbania.com\/index.php\/product\/hagleitner-havon-power\/#breadcrumb\"},\"inLanguage\":\"en-US\",\"potentialAction\":[{\"@type\":\"ReadAction\",\"target\":[\"https:\/\/italpackalbania.com\/index.php\/product\/hagleitner-havon-power\/\"]}]},{\"@type\":\"ImageObject\",\"inLanguage\":\"en-US\",\"@id\":\"https:\/\/italpackalbania.com\/index.php\/product\/hagleitner-havon-power\/#primaryimage\",\"url\":\"https:\/\/italpackalbania.com\/wp-content\/uploads\/2025\/11\/zbardhues-rrobash.jpg\",\"contentUrl\":\"https:\/\/italpackalbania.com\/wp-content\/uploads\/2025\/11\/zbardhues-rrobash.jpg\",\"width\":1000,\"height\":1000,\"caption\":\"detergjente per pastrim\"},{\"@type\":\"BreadcrumbList\",\"@id\":\"https:\/\/italpackalbania.com\/index.php\/product\/hagleitner-havon-power\/#breadcrumb\",\"itemListElement\":[{\"@type\":\"ListItem\",\"position\":1,\"name\":\"Home\",\"item\":\"https:\/\/italpackalbania.com\/\"},{\"@type\":\"ListItem\",\"position\":2,\"name\":\"Products\",\"item\":\"https:\/\/italpackalbania.com\/index.php\/shop\/\"},{\"@type\":\"ListItem\",\"position\":3,\"name\":\"Hagleitner HAVON POWER\"}]},{\"@type\":\"WebSite\",\"@id\":\"https:\/\/italpackalbania.com\/#website\",\"url\":\"https:\/\/italpackalbania.com\/\",\"name\":\"Italpack Albania\",\"description\":\"Aksesor\u00eb p\u00ebr hoteleri, detergjent\u00eb p\u00ebr sht\u00ebpi, hoteleri, restorante, paketime p\u00ebr delivery, ambalazhime p\u00ebr biznese\",\"publisher\":{\"@id\":\"https:\/\/italpackalbania.com\/#organization\"},\"potentialAction\":[{\"@type\":\"SearchAction\",\"target\":{\"@type\":\"EntryPoint\",\"urlTemplate\":\"https:\/\/italpackalbania.com\/?s={search_term_string}\"},\"query-input\":{\"@type\":\"PropertyValueSpecification\",\"valueRequired\":true,\"valueName\":\"search_term_string\"}}],\"inLanguage\":\"en-US\"},{\"@type\":\"Organization\",\"@id\":\"https:\/\/italpackalbania.com\/#organization\",\"name\":\"ItalPack Albania\",\"url\":\"https:\/\/italpackalbania.com\/\",\"logo\":{\"@type\":\"ImageObject\",\"inLanguage\":\"en-US\",\"@id\":\"https:\/\/italpackalbania.com\/#\/schema\/logo\/image\/\",\"url\":\"https:\/\/italpackalbania.com\/wp-content\/uploads\/2025\/12\/cropped-italpack-logo.png\",\"contentUrl\":\"https:\/\/italpackalbania.com\/wp-content\/uploads\/2025\/12\/cropped-italpack-logo.png\",\"width\":512,\"height\":512,\"caption\":\"ItalPack Albania\"},\"image\":{\"@id\":\"https:\/\/italpackalbania.com\/#\/schema\/logo\/image\/\"},\"sameAs\":[\"https:\/\/www.facebook.com\/italpack.albania.37\/\",\"https:\/\/www.instagram.com\/italpackalbania\/\"]}]}<\/script>\n<!-- \/ Yoast SEO plugin. -->","yoast_head_json":{"title":"Hagleitner HAVON POWER - Italpack Albania","description":"Zbuloni gam\u00ebn ton\u00eb t\u00eb plot\u00eb t\u00eb produkteve p\u00ebr hotele dhe biznese: amenities premium, detergjente profesionale dhe paketime","robots":{"index":"index","follow":"follow","max-snippet":"max-snippet:-1","max-image-preview":"max-image-preview:large","max-video-preview":"max-video-preview:-1"},"canonical":"https:\/\/italpackalbania.com\/index.php\/product\/hagleitner-havon-power\/","og_locale":"en_US","og_type":"article","og_title":"Hagleitner HAVON POWER - Italpack Albania","og_description":"Zbuloni gam\u00ebn ton\u00eb t\u00eb plot\u00eb t\u00eb produkteve p\u00ebr hotele dhe biznese: amenities premium, detergjente profesionale dhe paketime","og_url":"https:\/\/italpackalbania.com\/index.php\/product\/hagleitner-havon-power\/","og_site_name":"Italpack Albania","article_publisher":"https:\/\/www.facebook.com\/italpack.albania.37\/","article_modified_time":"2026-02-26T11:04:43+00:00","og_image":[{"width":1000,"height":1000,"url":"https:\/\/italpackalbania.com\/wp-content\/uploads\/2025\/11\/zbardhues-rrobash.jpg","type":"image\/jpeg"}],"twitter_card":"summary_large_image","twitter_misc":{"Est. reading time":"1 minute"},"schema":{"@context":"https:\/\/schema.org","@graph":[{"@type":"WebPage","@id":"https:\/\/italpackalbania.com\/index.php\/product\/hagleitner-havon-power\/","url":"https:\/\/italpackalbania.com\/index.php\/product\/hagleitner-havon-power\/","name":"Hagleitner HAVON POWER - Italpack Albania","isPartOf":{"@id":"https:\/\/italpackalbania.com\/#website"},"primaryImageOfPage":{"@id":"https:\/\/italpackalbania.com\/index.php\/product\/hagleitner-havon-power\/#primaryimage"},"image":{"@id":"https:\/\/italpackalbania.com\/index.php\/product\/hagleitner-havon-power\/#primaryimage"},"thumbnailUrl":"https:\/\/italpackalbania.com\/wp-content\/uploads\/2025\/11\/zbardhues-rrobash.jpg","datePublished":"2025-11-25T08:31:53+00:00","dateModified":"2026-02-26T11:04:43+00:00","description":"Zbuloni gam\u00ebn ton\u00eb t\u00eb plot\u00eb t\u00eb produkteve p\u00ebr hotele dhe biznese: amenities premium, detergjente profesionale dhe paketime","breadcrumb":{"@id":"https:\/\/italpackalbania.com\/index.php\/product\/hagleitner-havon-power\/#breadcrumb"},"inLanguage":"en-US","potentialAction":[{"@type":"ReadAction","target":["https:\/\/italpackalbania.com\/index.php\/product\/hagleitner-havon-power\/"]}]},{"@type":"ImageObject","inLanguage":"en-US","@id":"https:\/\/italpackalbania.com\/index.php\/product\/hagleitner-havon-power\/#primaryimage","url":"https:\/\/italpackalbania.com\/wp-content\/uploads\/2025\/11\/zbardhues-rrobash.jpg","contentUrl":"https:\/\/italpackalbania.com\/wp-content\/uploads\/2025\/11\/zbardhues-rrobash.jpg","width":1000,"height":1000,"caption":"detergjente per pastrim"},{"@type":"BreadcrumbList","@id":"https:\/\/italpackalbania.com\/index.php\/product\/hagleitner-havon-power\/#breadcrumb","itemListElement":[{"@type":"ListItem","position":1,"name":"Home","item":"https:\/\/italpackalbania.com\/"},{"@type":"ListItem","position":2,"name":"Products","item":"https:\/\/italpackalbania.com\/index.php\/shop\/"},{"@type":"ListItem","position":3,"name":"Hagleitner HAVON POWER"}]},{"@type":"WebSite","@id":"https:\/\/italpackalbania.com\/#website","url":"https:\/\/italpackalbania.com\/","name":"Italpack Albania","description":"Aksesor\u00eb p\u00ebr hoteleri, detergjent\u00eb p\u00ebr sht\u00ebpi, hoteleri, restorante, paketime p\u00ebr delivery, ambalazhime p\u00ebr biznese","publisher":{"@id":"https:\/\/italpackalbania.com\/#organization"},"potentialAction":[{"@type":"SearchAction","target":{"@type":"EntryPoint","urlTemplate":"https:\/\/italpackalbania.com\/?s={search_term_string}"},"query-input":{"@type":"PropertyValueSpecification","valueRequired":true,"valueName":"search_term_string"}}],"inLanguage":"en-US"},{"@type":"Organization","@id":"https:\/\/italpackalbania.com\/#organization","name":"ItalPack Albania","url":"https:\/\/italpackalbania.com\/","logo":{"@type":"ImageObject","inLanguage":"en-US","@id":"https:\/\/italpackalbania.com\/#\/schema\/logo\/image\/","url":"https:\/\/italpackalbania.com\/wp-content\/uploads\/2025\/12\/cropped-italpack-logo.png","contentUrl":"https:\/\/italpackalbania.com\/wp-content\/uploads\/2025\/12\/cropped-italpack-logo.png","width":512,"height":512,"caption":"ItalPack Albania"},"image":{"@id":"https:\/\/italpackalbania.com\/#\/schema\/logo\/image\/"},"sameAs":["https:\/\/www.facebook.com\/italpack.albania.37\/","https:\/\/www.instagram.com\/italpackalbania\/"]}]}},"_links":{"self":[{"href":"https:\/\/italpackalbania.com\/index.php\/wp-json\/wp\/v2\/product\/653","targetHints":{"allow":["GET"]}}],"collection":[{"href":"https:\/\/italpackalbania.com\/index.php\/wp-json\/wp\/v2\/product"}],"about":[{"href":"https:\/\/italpackalbania.com\/index.php\/wp-json\/wp\/v2\/types\/product"}],"wp:featuredmedia":[{"embeddable":true,"href":"https:\/\/italpackalbania.com\/index.php\/wp-json\/wp\/v2\/media\/655"}],"wp:attachment":[{"href":"https:\/\/italpackalbania.com\/index.php\/wp-json\/wp\/v2\/media?parent=653"}],"wp:term":[{"taxonomy":"product_brand","embeddable":true,"href":"https:\/\/italpackalbania.com\/index.php\/wp-json\/wp\/v2\/product_brand?post=653"},{"taxonomy":"product_cat","embeddable":true,"href":"https:\/\/italpackalbania.com\/index.php\/wp-json\/wp\/v2\/product_cat?post=653"},{"taxonomy":"product_tag","embeddable":true,"href":"https:\/\/italpackalbania.com\/index.php\/wp-json\/wp\/v2\/product_tag?post=653"}],"curies":[{"name":"wp","href":"https:\/\/api.w.org\/{rel}","templated":true}]}}