{"id":665,"date":"2025-11-25T09:56:38","date_gmt":"2025-11-25T09:56:38","guid":{"rendered":"https:\/\/italpackalbania.com\/?post_type=product&#038;p=665"},"modified":"2026-03-05T10:02:02","modified_gmt":"2026-03-05T10:02:02","slug":"hagleitner-perlglanz","status":"publish","type":"product","link":"https:\/\/italpackalbania.com\/index.php\/product\/hagleitner-perlglanz\/","title":{"rendered":"Hagleitner PERLGLANZ"},"content":{"rendered":"<p data-start=\"124\" data-end=\"470\"><strong>1 L<\/strong><\/p>\n<p data-start=\"124\" data-end=\"470\">Xhel pastrues i specializuar p\u00ebr WC, i krijuar p\u00ebr t\u00eb hequr papast\u00ebrtit\u00eb e forta dhe mbetjet q\u00eb krijohen n\u00eb brend\u00ebsi t\u00eb tualetit. Formula e tij e fuqishme ofron pastrim t\u00eb thell\u00eb, arom\u00eb t\u00eb fresk\u00ebt dhe shk\u00eblqim t\u00eb past\u00ebr n\u00eb \u00e7do p\u00ebrdorim.<\/p>\n<p data-start=\"472\" data-end=\"491\">I p\u00ebrshtatsh\u00ebm p\u00ebr:<\/p>\n<ul data-start=\"493\" data-end=\"657\">\n<li data-start=\"493\" data-end=\"514\">\n<p data-start=\"495\" data-end=\"514\">Tualete sht\u00ebpiake<\/p>\n<\/li>\n<li data-start=\"515\" data-end=\"551\">\n<p data-start=\"517\" data-end=\"551\">Tualete publike ose profesionale<\/p>\n<\/li>\n<li data-start=\"552\" data-end=\"597\">\n<p data-start=\"554\" data-end=\"597\">Mjedise hotelerie, biznesi dhe gastronomi<\/p>\n<\/li>\n<li data-start=\"598\" data-end=\"657\">\n<p data-start=\"600\" data-end=\"657\">Zona me uj\u00eb t\u00eb fort\u00eb (ku grumbullohet m\u00eb shum\u00eb g\u00eblqere)<\/p>\n<\/li>\n<\/ul>\n<p data-start=\"659\" data-end=\"803\">Me konsistenc\u00eb xheli q\u00eb ngjitet n\u00eb sip\u00ebrfaqe, <strong data-start=\"705\" data-end=\"718\">PERLGLANZ<\/strong> vepron n\u00eb m\u00ebnyr\u00eb t\u00eb drejtuar dhe t\u00eb q\u00ebndrueshme p\u00ebr t\u00eb siguruar nj\u00eb pastrim efektiv.<\/p>\n<h3 data-start=\"810\" data-end=\"838\"><strong data-start=\"814\" data-end=\"838\">P\u00ebrfitimet kryesore:<\/strong><\/h3>\n<ul data-start=\"840\" data-end=\"1069\">\n<li data-start=\"840\" data-end=\"905\">\n<p data-start=\"842\" data-end=\"905\">Pastrim i fuqish\u00ebm kund\u00ebr papast\u00ebrtive dhe mbetjeve t\u00eb forta<\/p>\n<\/li>\n<li data-start=\"906\" data-end=\"938\">\n<p data-start=\"908\" data-end=\"938\">Eliminon aromat e pak\u00ebndshme<\/p>\n<\/li>\n<li data-start=\"939\" data-end=\"985\">\n<p data-start=\"941\" data-end=\"985\">Jep shk\u00eblqim t\u00eb past\u00ebr dhe efekt higjienik<\/p>\n<\/li>\n<li data-start=\"986\" data-end=\"1036\">\n<p data-start=\"988\" data-end=\"1036\">Konsistenc\u00eb xheli p\u00ebr veprim m\u00eb t\u00eb gjat\u00eb n\u00eb WC<\/p>\n<\/li>\n<li data-start=\"1037\" data-end=\"1069\">\n<p data-start=\"1039\" data-end=\"1069\">Arom\u00eb e k\u00ebndshme dhe e fresk\u00ebt<\/p>\n<\/li>\n<\/ul>\n<h3 data-start=\"1076\" data-end=\"1099\"><strong data-start=\"1080\" data-end=\"1099\">Si t\u00eb p\u00ebrdoret:<\/strong><\/h3>\n<p data-start=\"1101\" data-end=\"1284\">Aplikoni <strong data-start=\"1110\" data-end=\"1123\">PERLGLANZ<\/strong> direkt n\u00ebn bordur\u00ebn e WC-s\u00eb.<br data-start=\"1152\" data-end=\"1155\" \/>L\u00ebreni t\u00eb veproj\u00eb 5\u201310 minuta p\u00ebr t\u00eb shp\u00ebrb\u00ebr\u00eb g\u00eblqeren dhe papast\u00ebrtit\u00eb.<br data-start=\"1228\" data-end=\"1231\" \/>F\u00ebrkojeni leht\u00eb me fur\u00e7\u00eb WC-je dhe shp\u00eblajeni me uj\u00eb.<\/p>\n<h3 data-start=\"1291\" data-end=\"1308\"><strong data-start=\"1295\" data-end=\"1308\">K\u00ebshill\u00eb:<\/strong><\/h3>\n<p data-start=\"1309\" data-end=\"1408\">P\u00ebrdoreni rregullisht p\u00ebr t\u00eb mbajtur tualetin t\u00eb past\u00ebr, me shk\u00eblqim dhe arom\u00eb t\u00eb fresk\u00ebt \u00e7do dit\u00eb.<\/p>\n","protected":false},"excerpt":{"rendered":"<p>1 L Xhel pastrues i specializuar p\u00ebr WC, i krijuar p\u00ebr t\u00eb hequr papast\u00ebrtit\u00eb e forta dhe mbetjet q\u00eb krijohen n\u00eb brend\u00ebsi t\u00eb tualetit. Formula e tij e fuqishme ofron pastrim t\u00eb thell\u00eb, arom\u00eb t\u00eb fresk\u00ebt dhe shk\u00eblqim t\u00eb past\u00ebr n\u00eb \u00e7do p\u00ebrdorim. I p\u00ebrshtatsh\u00ebm p\u00ebr: Tualete sht\u00ebpiake Tualete publike ose profesionale Mjedise hotelerie, biznesi&hellip;<\/p>\n","protected":false},"featured_media":666,"template":"","meta":[],"product_brand":[],"product_cat":[29],"product_tag":[101,30,32],"class_list":{"0":"post-665","1":"product","2":"type-product","3":"status-publish","4":"has-post-thumbnail","6":"product_cat-produkte-pastrimi","7":"product_tag-detergjent-tualeti","8":"product_tag-higjiene","9":"product_tag-produkte-sanitare","10":"description-off","12":"first","13":"instock","14":"shipping-taxable","15":"purchasable","16":"product-type-simple"},"yoast_head":"<!-- This site is optimized with the Yoast SEO plugin v26.7 - https:\/\/yoast.com\/wordpress\/plugins\/seo\/ -->\n<title>Hagleitner PERLGLANZ - Italpack Albania<\/title>\n<meta name=\"description\" content=\"Zbuloni gam\u00ebn ton\u00eb t\u00eb plot\u00eb t\u00eb produkteve p\u00ebr hotele dhe biznese: amenities premium, detergjente profesionale dhe paketime\" \/>\n<meta name=\"robots\" content=\"index, follow, max-snippet:-1, max-image-preview:large, max-video-preview:-1\" \/>\n<link rel=\"canonical\" href=\"https:\/\/italpackalbania.com\/index.php\/product\/hagleitner-perlglanz\/\" \/>\n<meta property=\"og:locale\" content=\"en_US\" \/>\n<meta property=\"og:type\" content=\"article\" \/>\n<meta property=\"og:title\" content=\"Hagleitner PERLGLANZ - Italpack Albania\" \/>\n<meta property=\"og:description\" content=\"Zbuloni gam\u00ebn ton\u00eb t\u00eb plot\u00eb t\u00eb produkteve p\u00ebr hotele dhe biznese: amenities premium, detergjente profesionale dhe paketime\" \/>\n<meta property=\"og:url\" content=\"https:\/\/italpackalbania.com\/index.php\/product\/hagleitner-perlglanz\/\" \/>\n<meta property=\"og:site_name\" content=\"Italpack Albania\" \/>\n<meta property=\"article:publisher\" content=\"https:\/\/www.facebook.com\/italpack.albania.37\/\" \/>\n<meta property=\"article:modified_time\" content=\"2026-03-05T10:02:02+00:00\" \/>\n<meta property=\"og:image\" content=\"https:\/\/italpackalbania.com\/wp-content\/uploads\/2025\/11\/produkt-pastrimi-per-tualet.png\" \/>\n\t<meta property=\"og:image:width\" content=\"1654\" \/>\n\t<meta property=\"og:image:height\" content=\"1654\" \/>\n\t<meta property=\"og:image:type\" content=\"image\/png\" \/>\n<meta name=\"twitter:card\" content=\"summary_large_image\" \/>\n<meta name=\"twitter:label1\" content=\"Est. reading time\" \/>\n\t<meta name=\"twitter:data1\" content=\"1 minute\" \/>\n<script type=\"application\/ld+json\" class=\"yoast-schema-graph\">{\"@context\":\"https:\/\/schema.org\",\"@graph\":[{\"@type\":\"WebPage\",\"@id\":\"https:\/\/italpackalbania.com\/index.php\/product\/hagleitner-perlglanz\/\",\"url\":\"https:\/\/italpackalbania.com\/index.php\/product\/hagleitner-perlglanz\/\",\"name\":\"Hagleitner PERLGLANZ - Italpack Albania\",\"isPartOf\":{\"@id\":\"https:\/\/italpackalbania.com\/#website\"},\"primaryImageOfPage\":{\"@id\":\"https:\/\/italpackalbania.com\/index.php\/product\/hagleitner-perlglanz\/#primaryimage\"},\"image\":{\"@id\":\"https:\/\/italpackalbania.com\/index.php\/product\/hagleitner-perlglanz\/#primaryimage\"},\"thumbnailUrl\":\"https:\/\/italpackalbania.com\/wp-content\/uploads\/2025\/11\/produkt-pastrimi-per-tualet.png\",\"datePublished\":\"2025-11-25T09:56:38+00:00\",\"dateModified\":\"2026-03-05T10:02:02+00:00\",\"description\":\"Zbuloni gam\u00ebn ton\u00eb t\u00eb plot\u00eb t\u00eb produkteve p\u00ebr hotele dhe biznese: amenities premium, detergjente profesionale dhe paketime\",\"breadcrumb\":{\"@id\":\"https:\/\/italpackalbania.com\/index.php\/product\/hagleitner-perlglanz\/#breadcrumb\"},\"inLanguage\":\"en-US\",\"potentialAction\":[{\"@type\":\"ReadAction\",\"target\":[\"https:\/\/italpackalbania.com\/index.php\/product\/hagleitner-perlglanz\/\"]}]},{\"@type\":\"ImageObject\",\"inLanguage\":\"en-US\",\"@id\":\"https:\/\/italpackalbania.com\/index.php\/product\/hagleitner-perlglanz\/#primaryimage\",\"url\":\"https:\/\/italpackalbania.com\/wp-content\/uploads\/2025\/11\/produkt-pastrimi-per-tualet.png\",\"contentUrl\":\"https:\/\/italpackalbania.com\/wp-content\/uploads\/2025\/11\/produkt-pastrimi-per-tualet.png\",\"width\":1654,\"height\":1654,\"caption\":\"detergjente per pastrim\"},{\"@type\":\"BreadcrumbList\",\"@id\":\"https:\/\/italpackalbania.com\/index.php\/product\/hagleitner-perlglanz\/#breadcrumb\",\"itemListElement\":[{\"@type\":\"ListItem\",\"position\":1,\"name\":\"Home\",\"item\":\"https:\/\/italpackalbania.com\/\"},{\"@type\":\"ListItem\",\"position\":2,\"name\":\"Products\",\"item\":\"https:\/\/italpackalbania.com\/index.php\/shop\/\"},{\"@type\":\"ListItem\",\"position\":3,\"name\":\"Hagleitner PERLGLANZ\"}]},{\"@type\":\"WebSite\",\"@id\":\"https:\/\/italpackalbania.com\/#website\",\"url\":\"https:\/\/italpackalbania.com\/\",\"name\":\"Italpack Albania\",\"description\":\"Aksesor\u00eb p\u00ebr hoteleri, detergjent\u00eb p\u00ebr sht\u00ebpi, hoteleri, restorante, paketime p\u00ebr delivery, ambalazhime p\u00ebr biznese\",\"publisher\":{\"@id\":\"https:\/\/italpackalbania.com\/#organization\"},\"potentialAction\":[{\"@type\":\"SearchAction\",\"target\":{\"@type\":\"EntryPoint\",\"urlTemplate\":\"https:\/\/italpackalbania.com\/?s={search_term_string}\"},\"query-input\":{\"@type\":\"PropertyValueSpecification\",\"valueRequired\":true,\"valueName\":\"search_term_string\"}}],\"inLanguage\":\"en-US\"},{\"@type\":\"Organization\",\"@id\":\"https:\/\/italpackalbania.com\/#organization\",\"name\":\"ItalPack Albania\",\"url\":\"https:\/\/italpackalbania.com\/\",\"logo\":{\"@type\":\"ImageObject\",\"inLanguage\":\"en-US\",\"@id\":\"https:\/\/italpackalbania.com\/#\/schema\/logo\/image\/\",\"url\":\"https:\/\/italpackalbania.com\/wp-content\/uploads\/2025\/12\/cropped-italpack-logo.png\",\"contentUrl\":\"https:\/\/italpackalbania.com\/wp-content\/uploads\/2025\/12\/cropped-italpack-logo.png\",\"width\":512,\"height\":512,\"caption\":\"ItalPack Albania\"},\"image\":{\"@id\":\"https:\/\/italpackalbania.com\/#\/schema\/logo\/image\/\"},\"sameAs\":[\"https:\/\/www.facebook.com\/italpack.albania.37\/\",\"https:\/\/www.instagram.com\/italpackalbania\/\"]}]}<\/script>\n<!-- \/ Yoast SEO plugin. -->","yoast_head_json":{"title":"Hagleitner PERLGLANZ - Italpack Albania","description":"Zbuloni gam\u00ebn ton\u00eb t\u00eb plot\u00eb t\u00eb produkteve p\u00ebr hotele dhe biznese: amenities premium, detergjente profesionale dhe paketime","robots":{"index":"index","follow":"follow","max-snippet":"max-snippet:-1","max-image-preview":"max-image-preview:large","max-video-preview":"max-video-preview:-1"},"canonical":"https:\/\/italpackalbania.com\/index.php\/product\/hagleitner-perlglanz\/","og_locale":"en_US","og_type":"article","og_title":"Hagleitner PERLGLANZ - Italpack Albania","og_description":"Zbuloni gam\u00ebn ton\u00eb t\u00eb plot\u00eb t\u00eb produkteve p\u00ebr hotele dhe biznese: amenities premium, detergjente profesionale dhe paketime","og_url":"https:\/\/italpackalbania.com\/index.php\/product\/hagleitner-perlglanz\/","og_site_name":"Italpack Albania","article_publisher":"https:\/\/www.facebook.com\/italpack.albania.37\/","article_modified_time":"2026-03-05T10:02:02+00:00","og_image":[{"width":1654,"height":1654,"url":"https:\/\/italpackalbania.com\/wp-content\/uploads\/2025\/11\/produkt-pastrimi-per-tualet.png","type":"image\/png"}],"twitter_card":"summary_large_image","twitter_misc":{"Est. reading time":"1 minute"},"schema":{"@context":"https:\/\/schema.org","@graph":[{"@type":"WebPage","@id":"https:\/\/italpackalbania.com\/index.php\/product\/hagleitner-perlglanz\/","url":"https:\/\/italpackalbania.com\/index.php\/product\/hagleitner-perlglanz\/","name":"Hagleitner PERLGLANZ - Italpack Albania","isPartOf":{"@id":"https:\/\/italpackalbania.com\/#website"},"primaryImageOfPage":{"@id":"https:\/\/italpackalbania.com\/index.php\/product\/hagleitner-perlglanz\/#primaryimage"},"image":{"@id":"https:\/\/italpackalbania.com\/index.php\/product\/hagleitner-perlglanz\/#primaryimage"},"thumbnailUrl":"https:\/\/italpackalbania.com\/wp-content\/uploads\/2025\/11\/produkt-pastrimi-per-tualet.png","datePublished":"2025-11-25T09:56:38+00:00","dateModified":"2026-03-05T10:02:02+00:00","description":"Zbuloni gam\u00ebn ton\u00eb t\u00eb plot\u00eb t\u00eb produkteve p\u00ebr hotele dhe biznese: amenities premium, detergjente profesionale dhe paketime","breadcrumb":{"@id":"https:\/\/italpackalbania.com\/index.php\/product\/hagleitner-perlglanz\/#breadcrumb"},"inLanguage":"en-US","potentialAction":[{"@type":"ReadAction","target":["https:\/\/italpackalbania.com\/index.php\/product\/hagleitner-perlglanz\/"]}]},{"@type":"ImageObject","inLanguage":"en-US","@id":"https:\/\/italpackalbania.com\/index.php\/product\/hagleitner-perlglanz\/#primaryimage","url":"https:\/\/italpackalbania.com\/wp-content\/uploads\/2025\/11\/produkt-pastrimi-per-tualet.png","contentUrl":"https:\/\/italpackalbania.com\/wp-content\/uploads\/2025\/11\/produkt-pastrimi-per-tualet.png","width":1654,"height":1654,"caption":"detergjente per pastrim"},{"@type":"BreadcrumbList","@id":"https:\/\/italpackalbania.com\/index.php\/product\/hagleitner-perlglanz\/#breadcrumb","itemListElement":[{"@type":"ListItem","position":1,"name":"Home","item":"https:\/\/italpackalbania.com\/"},{"@type":"ListItem","position":2,"name":"Products","item":"https:\/\/italpackalbania.com\/index.php\/shop\/"},{"@type":"ListItem","position":3,"name":"Hagleitner PERLGLANZ"}]},{"@type":"WebSite","@id":"https:\/\/italpackalbania.com\/#website","url":"https:\/\/italpackalbania.com\/","name":"Italpack Albania","description":"Aksesor\u00eb p\u00ebr hoteleri, detergjent\u00eb p\u00ebr sht\u00ebpi, hoteleri, restorante, paketime p\u00ebr delivery, ambalazhime p\u00ebr biznese","publisher":{"@id":"https:\/\/italpackalbania.com\/#organization"},"potentialAction":[{"@type":"SearchAction","target":{"@type":"EntryPoint","urlTemplate":"https:\/\/italpackalbania.com\/?s={search_term_string}"},"query-input":{"@type":"PropertyValueSpecification","valueRequired":true,"valueName":"search_term_string"}}],"inLanguage":"en-US"},{"@type":"Organization","@id":"https:\/\/italpackalbania.com\/#organization","name":"ItalPack Albania","url":"https:\/\/italpackalbania.com\/","logo":{"@type":"ImageObject","inLanguage":"en-US","@id":"https:\/\/italpackalbania.com\/#\/schema\/logo\/image\/","url":"https:\/\/italpackalbania.com\/wp-content\/uploads\/2025\/12\/cropped-italpack-logo.png","contentUrl":"https:\/\/italpackalbania.com\/wp-content\/uploads\/2025\/12\/cropped-italpack-logo.png","width":512,"height":512,"caption":"ItalPack Albania"},"image":{"@id":"https:\/\/italpackalbania.com\/#\/schema\/logo\/image\/"},"sameAs":["https:\/\/www.facebook.com\/italpack.albania.37\/","https:\/\/www.instagram.com\/italpackalbania\/"]}]}},"_links":{"self":[{"href":"https:\/\/italpackalbania.com\/index.php\/wp-json\/wp\/v2\/product\/665","targetHints":{"allow":["GET"]}}],"collection":[{"href":"https:\/\/italpackalbania.com\/index.php\/wp-json\/wp\/v2\/product"}],"about":[{"href":"https:\/\/italpackalbania.com\/index.php\/wp-json\/wp\/v2\/types\/product"}],"wp:featuredmedia":[{"embeddable":true,"href":"https:\/\/italpackalbania.com\/index.php\/wp-json\/wp\/v2\/media\/666"}],"wp:attachment":[{"href":"https:\/\/italpackalbania.com\/index.php\/wp-json\/wp\/v2\/media?parent=665"}],"wp:term":[{"taxonomy":"product_brand","embeddable":true,"href":"https:\/\/italpackalbania.com\/index.php\/wp-json\/wp\/v2\/product_brand?post=665"},{"taxonomy":"product_cat","embeddable":true,"href":"https:\/\/italpackalbania.com\/index.php\/wp-json\/wp\/v2\/product_cat?post=665"},{"taxonomy":"product_tag","embeddable":true,"href":"https:\/\/italpackalbania.com\/index.php\/wp-json\/wp\/v2\/product_tag?post=665"}],"curies":[{"name":"wp","href":"https:\/\/api.w.org\/{rel}","templated":true}]}}