{"id":672,"date":"2025-11-25T10:29:19","date_gmt":"2025-11-25T10:29:19","guid":{"rendered":"https:\/\/italpackalbania.com\/?post_type=product&#038;p=672"},"modified":"2026-02-26T08:35:57","modified_gmt":"2026-02-26T08:35:57","slug":"hagleitner-deo-fresh","status":"publish","type":"product","link":"https:\/\/italpackalbania.com\/index.php\/product\/hagleitner-deo-fresh\/","title":{"rendered":"Hagleitner Deo Fresh"},"content":{"rendered":"<p data-start=\"81\" data-end=\"410\">1 L<\/p>\n<p data-start=\"81\" data-end=\"410\">Hagleitner DEO FRESH \u2013 spraj deodorant dhe neutralizues aromash i formuluar p\u00ebr t\u00eb larguar menj\u00ebher\u00eb er\u00ebrat e pak\u00ebndshme dhe p\u00ebr t\u00eb l\u00ebn\u00eb pas nj\u00eb arom\u00eb t\u00eb k\u00ebndshme, t\u00eb past\u00ebr dhe afatgjat\u00eb. Ideale p\u00ebr \u00e7do hap\u00ebsir\u00eb q\u00eb ka nevoj\u00eb p\u00ebr freski t\u00eb shpejt\u00eb dhe efektive.<\/p>\n<p data-start=\"412\" data-end=\"443\">I p\u00ebrshtatsh\u00ebm p\u00ebr p\u00ebrdorim n\u00eb:<\/p>\n<ul data-start=\"445\" data-end=\"581\">\n<li data-start=\"467\" data-end=\"496\">\n<p data-start=\"469\" data-end=\"496\">Zyr\u00eb dhe ambiente biznesi<\/p>\n<\/li>\n<li data-start=\"497\" data-end=\"513\">\n<p data-start=\"499\" data-end=\"513\">Dhoma hoteli<\/p>\n<\/li>\n<li data-start=\"514\" data-end=\"536\">\n<p data-start=\"516\" data-end=\"536\">Hap\u00ebsira sht\u00ebpiake<\/p>\n<\/li>\n<li data-start=\"537\" data-end=\"581\">\n<p data-start=\"539\" data-end=\"581\">Hap\u00ebsira me qarkullim t\u00eb lart\u00eb njer\u00ebzish<\/p>\n<\/li>\n<li data-start=\"537\" data-end=\"581\">Tualete<\/li>\n<\/ul>\n<p data-start=\"583\" data-end=\"701\">Formula e tij vepron duke neutralizuar aromat, jo duke i mbuluar, duke siguruar nj\u00eb rezultat t\u00eb fresk\u00ebt dhe higjienik.<\/p>\n<h3 data-start=\"708\" data-end=\"736\"><strong data-start=\"712\" data-end=\"736\">P\u00ebrfitimet kryesore:<\/strong><\/h3>\n<ul data-start=\"738\" data-end=\"954\">\n<li data-start=\"738\" data-end=\"792\">\n<p data-start=\"740\" data-end=\"792\">Neutralizim i menj\u00ebhersh\u00ebm i aromave t\u00eb pak\u00ebndshme<\/p>\n<\/li>\n<li data-start=\"793\" data-end=\"831\">\n<p data-start=\"795\" data-end=\"831\">Arom\u00eb e k\u00ebndshme dhe e q\u00ebndrueshme<\/p>\n<\/li>\n<li data-start=\"832\" data-end=\"866\">\n<p data-start=\"834\" data-end=\"866\">I p\u00ebrshtatsh\u00ebm p\u00ebr \u00e7do ambient<\/p>\n<\/li>\n<li data-start=\"867\" data-end=\"904\">\n<p data-start=\"869\" data-end=\"904\">Leht\u00ebsi dhe shpejt\u00ebsi n\u00eb p\u00ebrdorim<\/p>\n<\/li>\n<li data-start=\"905\" data-end=\"954\">\n<p data-start=\"907\" data-end=\"954\">Ideal p\u00ebr ambiente profesionale dhe sht\u00ebpiake<\/p>\n<\/li>\n<\/ul>\n<h3 data-start=\"961\" data-end=\"984\"><strong data-start=\"965\" data-end=\"984\">Si t\u00eb p\u00ebrdoret:<\/strong><\/h3>\n<p data-start=\"986\" data-end=\"1151\">Sp\u00ebrkateni drejtp\u00ebrdrejt n\u00eb aj\u00ebr ose n\u00eb zonat ku shfaqen aromat.<br data-start=\"1064\" data-end=\"1067\" \/>P\u00ebrdoreni sipas nevoj\u00ebs p\u00ebr t\u00eb mbajtur ambientin gjithmon\u00eb t\u00eb fresk\u00ebt dhe t\u00eb past\u00ebr.<\/p>\n","protected":false},"excerpt":{"rendered":"<p>1 L Hagleitner DEO FRESH \u2013 spraj deodorant dhe neutralizues aromash i formuluar p\u00ebr t\u00eb larguar menj\u00ebher\u00eb er\u00ebrat e pak\u00ebndshme dhe p\u00ebr t\u00eb l\u00ebn\u00eb pas nj\u00eb arom\u00eb t\u00eb k\u00ebndshme, t\u00eb past\u00ebr dhe afatgjat\u00eb. Ideale p\u00ebr \u00e7do hap\u00ebsir\u00eb q\u00eb ka nevoj\u00eb p\u00ebr freski t\u00eb shpejt\u00eb dhe efektive. I p\u00ebrshtatsh\u00ebm p\u00ebr p\u00ebrdorim n\u00eb: Zyr\u00eb dhe ambiente biznesi&hellip;<\/p>\n","protected":false},"featured_media":673,"template":"","meta":[],"product_brand":[],"product_cat":[29],"product_tag":[37],"class_list":{"0":"post-672","1":"product","2":"type-product","3":"status-publish","4":"has-post-thumbnail","6":"product_cat-produkte-pastrimi","7":"product_tag-aromatik-ambjenti","8":"description-off","10":"first","11":"instock","12":"shipping-taxable","13":"purchasable","14":"product-type-simple"},"yoast_head":"<!-- This site is optimized with the Yoast SEO plugin v26.7 - https:\/\/yoast.com\/wordpress\/plugins\/seo\/ -->\n<title>Hagleitner Deo Fresh - Italpack Albania<\/title>\n<meta name=\"description\" content=\"Zbuloni gam\u00ebn ton\u00eb t\u00eb plot\u00eb t\u00eb produkteve p\u00ebr hotele dhe biznese: amenities premium, detergjente profesionale dhe paketime\" \/>\n<meta name=\"robots\" content=\"index, follow, max-snippet:-1, max-image-preview:large, max-video-preview:-1\" \/>\n<link rel=\"canonical\" href=\"https:\/\/italpackalbania.com\/index.php\/product\/hagleitner-deo-fresh\/\" \/>\n<meta property=\"og:locale\" content=\"en_US\" \/>\n<meta property=\"og:type\" content=\"article\" \/>\n<meta property=\"og:title\" content=\"Hagleitner Deo Fresh - Italpack Albania\" \/>\n<meta property=\"og:description\" content=\"Zbuloni gam\u00ebn ton\u00eb t\u00eb plot\u00eb t\u00eb produkteve p\u00ebr hotele dhe biznese: amenities premium, detergjente profesionale dhe paketime\" \/>\n<meta property=\"og:url\" content=\"https:\/\/italpackalbania.com\/index.php\/product\/hagleitner-deo-fresh\/\" \/>\n<meta property=\"og:site_name\" content=\"Italpack Albania\" \/>\n<meta property=\"article:publisher\" content=\"https:\/\/www.facebook.com\/italpack.albania.37\/\" \/>\n<meta property=\"article:modified_time\" content=\"2026-02-26T08:35:57+00:00\" \/>\n<meta property=\"og:image\" content=\"https:\/\/italpackalbania.com\/wp-content\/uploads\/2025\/11\/aromatizues.png\" \/>\n\t<meta property=\"og:image:width\" content=\"1654\" \/>\n\t<meta property=\"og:image:height\" content=\"1654\" \/>\n\t<meta property=\"og:image:type\" content=\"image\/png\" \/>\n<meta name=\"twitter:card\" content=\"summary_large_image\" \/>\n<meta name=\"twitter:label1\" content=\"Est. reading time\" \/>\n\t<meta name=\"twitter:data1\" content=\"1 minute\" \/>\n<script type=\"application\/ld+json\" class=\"yoast-schema-graph\">{\"@context\":\"https:\/\/schema.org\",\"@graph\":[{\"@type\":\"WebPage\",\"@id\":\"https:\/\/italpackalbania.com\/index.php\/product\/hagleitner-deo-fresh\/\",\"url\":\"https:\/\/italpackalbania.com\/index.php\/product\/hagleitner-deo-fresh\/\",\"name\":\"Hagleitner Deo Fresh - Italpack Albania\",\"isPartOf\":{\"@id\":\"https:\/\/italpackalbania.com\/#website\"},\"primaryImageOfPage\":{\"@id\":\"https:\/\/italpackalbania.com\/index.php\/product\/hagleitner-deo-fresh\/#primaryimage\"},\"image\":{\"@id\":\"https:\/\/italpackalbania.com\/index.php\/product\/hagleitner-deo-fresh\/#primaryimage\"},\"thumbnailUrl\":\"https:\/\/italpackalbania.com\/wp-content\/uploads\/2025\/11\/aromatizues.png\",\"datePublished\":\"2025-11-25T10:29:19+00:00\",\"dateModified\":\"2026-02-26T08:35:57+00:00\",\"description\":\"Zbuloni gam\u00ebn ton\u00eb t\u00eb plot\u00eb t\u00eb produkteve p\u00ebr hotele dhe biznese: amenities premium, detergjente profesionale dhe paketime\",\"breadcrumb\":{\"@id\":\"https:\/\/italpackalbania.com\/index.php\/product\/hagleitner-deo-fresh\/#breadcrumb\"},\"inLanguage\":\"en-US\",\"potentialAction\":[{\"@type\":\"ReadAction\",\"target\":[\"https:\/\/italpackalbania.com\/index.php\/product\/hagleitner-deo-fresh\/\"]}]},{\"@type\":\"ImageObject\",\"inLanguage\":\"en-US\",\"@id\":\"https:\/\/italpackalbania.com\/index.php\/product\/hagleitner-deo-fresh\/#primaryimage\",\"url\":\"https:\/\/italpackalbania.com\/wp-content\/uploads\/2025\/11\/aromatizues.png\",\"contentUrl\":\"https:\/\/italpackalbania.com\/wp-content\/uploads\/2025\/11\/aromatizues.png\",\"width\":1654,\"height\":1654,\"caption\":\"detergjente per pastrim\"},{\"@type\":\"BreadcrumbList\",\"@id\":\"https:\/\/italpackalbania.com\/index.php\/product\/hagleitner-deo-fresh\/#breadcrumb\",\"itemListElement\":[{\"@type\":\"ListItem\",\"position\":1,\"name\":\"Home\",\"item\":\"https:\/\/italpackalbania.com\/\"},{\"@type\":\"ListItem\",\"position\":2,\"name\":\"Products\",\"item\":\"https:\/\/italpackalbania.com\/index.php\/shop\/\"},{\"@type\":\"ListItem\",\"position\":3,\"name\":\"Hagleitner Deo Fresh\"}]},{\"@type\":\"WebSite\",\"@id\":\"https:\/\/italpackalbania.com\/#website\",\"url\":\"https:\/\/italpackalbania.com\/\",\"name\":\"Italpack Albania\",\"description\":\"Aksesor\u00eb p\u00ebr hoteleri, detergjent\u00eb p\u00ebr sht\u00ebpi, hoteleri, restorante, paketime p\u00ebr delivery, ambalazhime p\u00ebr biznese\",\"publisher\":{\"@id\":\"https:\/\/italpackalbania.com\/#organization\"},\"potentialAction\":[{\"@type\":\"SearchAction\",\"target\":{\"@type\":\"EntryPoint\",\"urlTemplate\":\"https:\/\/italpackalbania.com\/?s={search_term_string}\"},\"query-input\":{\"@type\":\"PropertyValueSpecification\",\"valueRequired\":true,\"valueName\":\"search_term_string\"}}],\"inLanguage\":\"en-US\"},{\"@type\":\"Organization\",\"@id\":\"https:\/\/italpackalbania.com\/#organization\",\"name\":\"ItalPack Albania\",\"url\":\"https:\/\/italpackalbania.com\/\",\"logo\":{\"@type\":\"ImageObject\",\"inLanguage\":\"en-US\",\"@id\":\"https:\/\/italpackalbania.com\/#\/schema\/logo\/image\/\",\"url\":\"https:\/\/italpackalbania.com\/wp-content\/uploads\/2025\/12\/cropped-italpack-logo.png\",\"contentUrl\":\"https:\/\/italpackalbania.com\/wp-content\/uploads\/2025\/12\/cropped-italpack-logo.png\",\"width\":512,\"height\":512,\"caption\":\"ItalPack Albania\"},\"image\":{\"@id\":\"https:\/\/italpackalbania.com\/#\/schema\/logo\/image\/\"},\"sameAs\":[\"https:\/\/www.facebook.com\/italpack.albania.37\/\",\"https:\/\/www.instagram.com\/italpackalbania\/\"]}]}<\/script>\n<!-- \/ Yoast SEO plugin. -->","yoast_head_json":{"title":"Hagleitner Deo Fresh - Italpack Albania","description":"Zbuloni gam\u00ebn ton\u00eb t\u00eb plot\u00eb t\u00eb produkteve p\u00ebr hotele dhe biznese: amenities premium, detergjente profesionale dhe paketime","robots":{"index":"index","follow":"follow","max-snippet":"max-snippet:-1","max-image-preview":"max-image-preview:large","max-video-preview":"max-video-preview:-1"},"canonical":"https:\/\/italpackalbania.com\/index.php\/product\/hagleitner-deo-fresh\/","og_locale":"en_US","og_type":"article","og_title":"Hagleitner Deo Fresh - Italpack Albania","og_description":"Zbuloni gam\u00ebn ton\u00eb t\u00eb plot\u00eb t\u00eb produkteve p\u00ebr hotele dhe biznese: amenities premium, detergjente profesionale dhe paketime","og_url":"https:\/\/italpackalbania.com\/index.php\/product\/hagleitner-deo-fresh\/","og_site_name":"Italpack Albania","article_publisher":"https:\/\/www.facebook.com\/italpack.albania.37\/","article_modified_time":"2026-02-26T08:35:57+00:00","og_image":[{"width":1654,"height":1654,"url":"https:\/\/italpackalbania.com\/wp-content\/uploads\/2025\/11\/aromatizues.png","type":"image\/png"}],"twitter_card":"summary_large_image","twitter_misc":{"Est. reading time":"1 minute"},"schema":{"@context":"https:\/\/schema.org","@graph":[{"@type":"WebPage","@id":"https:\/\/italpackalbania.com\/index.php\/product\/hagleitner-deo-fresh\/","url":"https:\/\/italpackalbania.com\/index.php\/product\/hagleitner-deo-fresh\/","name":"Hagleitner Deo Fresh - Italpack Albania","isPartOf":{"@id":"https:\/\/italpackalbania.com\/#website"},"primaryImageOfPage":{"@id":"https:\/\/italpackalbania.com\/index.php\/product\/hagleitner-deo-fresh\/#primaryimage"},"image":{"@id":"https:\/\/italpackalbania.com\/index.php\/product\/hagleitner-deo-fresh\/#primaryimage"},"thumbnailUrl":"https:\/\/italpackalbania.com\/wp-content\/uploads\/2025\/11\/aromatizues.png","datePublished":"2025-11-25T10:29:19+00:00","dateModified":"2026-02-26T08:35:57+00:00","description":"Zbuloni gam\u00ebn ton\u00eb t\u00eb plot\u00eb t\u00eb produkteve p\u00ebr hotele dhe biznese: amenities premium, detergjente profesionale dhe paketime","breadcrumb":{"@id":"https:\/\/italpackalbania.com\/index.php\/product\/hagleitner-deo-fresh\/#breadcrumb"},"inLanguage":"en-US","potentialAction":[{"@type":"ReadAction","target":["https:\/\/italpackalbania.com\/index.php\/product\/hagleitner-deo-fresh\/"]}]},{"@type":"ImageObject","inLanguage":"en-US","@id":"https:\/\/italpackalbania.com\/index.php\/product\/hagleitner-deo-fresh\/#primaryimage","url":"https:\/\/italpackalbania.com\/wp-content\/uploads\/2025\/11\/aromatizues.png","contentUrl":"https:\/\/italpackalbania.com\/wp-content\/uploads\/2025\/11\/aromatizues.png","width":1654,"height":1654,"caption":"detergjente per pastrim"},{"@type":"BreadcrumbList","@id":"https:\/\/italpackalbania.com\/index.php\/product\/hagleitner-deo-fresh\/#breadcrumb","itemListElement":[{"@type":"ListItem","position":1,"name":"Home","item":"https:\/\/italpackalbania.com\/"},{"@type":"ListItem","position":2,"name":"Products","item":"https:\/\/italpackalbania.com\/index.php\/shop\/"},{"@type":"ListItem","position":3,"name":"Hagleitner Deo Fresh"}]},{"@type":"WebSite","@id":"https:\/\/italpackalbania.com\/#website","url":"https:\/\/italpackalbania.com\/","name":"Italpack Albania","description":"Aksesor\u00eb p\u00ebr hoteleri, detergjent\u00eb p\u00ebr sht\u00ebpi, hoteleri, restorante, paketime p\u00ebr delivery, ambalazhime p\u00ebr biznese","publisher":{"@id":"https:\/\/italpackalbania.com\/#organization"},"potentialAction":[{"@type":"SearchAction","target":{"@type":"EntryPoint","urlTemplate":"https:\/\/italpackalbania.com\/?s={search_term_string}"},"query-input":{"@type":"PropertyValueSpecification","valueRequired":true,"valueName":"search_term_string"}}],"inLanguage":"en-US"},{"@type":"Organization","@id":"https:\/\/italpackalbania.com\/#organization","name":"ItalPack Albania","url":"https:\/\/italpackalbania.com\/","logo":{"@type":"ImageObject","inLanguage":"en-US","@id":"https:\/\/italpackalbania.com\/#\/schema\/logo\/image\/","url":"https:\/\/italpackalbania.com\/wp-content\/uploads\/2025\/12\/cropped-italpack-logo.png","contentUrl":"https:\/\/italpackalbania.com\/wp-content\/uploads\/2025\/12\/cropped-italpack-logo.png","width":512,"height":512,"caption":"ItalPack Albania"},"image":{"@id":"https:\/\/italpackalbania.com\/#\/schema\/logo\/image\/"},"sameAs":["https:\/\/www.facebook.com\/italpack.albania.37\/","https:\/\/www.instagram.com\/italpackalbania\/"]}]}},"_links":{"self":[{"href":"https:\/\/italpackalbania.com\/index.php\/wp-json\/wp\/v2\/product\/672","targetHints":{"allow":["GET"]}}],"collection":[{"href":"https:\/\/italpackalbania.com\/index.php\/wp-json\/wp\/v2\/product"}],"about":[{"href":"https:\/\/italpackalbania.com\/index.php\/wp-json\/wp\/v2\/types\/product"}],"wp:featuredmedia":[{"embeddable":true,"href":"https:\/\/italpackalbania.com\/index.php\/wp-json\/wp\/v2\/media\/673"}],"wp:attachment":[{"href":"https:\/\/italpackalbania.com\/index.php\/wp-json\/wp\/v2\/media?parent=672"}],"wp:term":[{"taxonomy":"product_brand","embeddable":true,"href":"https:\/\/italpackalbania.com\/index.php\/wp-json\/wp\/v2\/product_brand?post=672"},{"taxonomy":"product_cat","embeddable":true,"href":"https:\/\/italpackalbania.com\/index.php\/wp-json\/wp\/v2\/product_cat?post=672"},{"taxonomy":"product_tag","embeddable":true,"href":"https:\/\/italpackalbania.com\/index.php\/wp-json\/wp\/v2\/product_tag?post=672"}],"curies":[{"name":"wp","href":"https:\/\/api.w.org\/{rel}","templated":true}]}}